{"id":90684,"date":"2024-08-28T09:36:36","date_gmt":"2024-08-28T07:36:36","guid":{"rendered":"https:\/\/galicianparts.com\/shop\/producto\/7755744-junta-carter-motor-704cc-fiat-126-cinquecento-original\/"},"modified":"2024-08-28T09:47:51","modified_gmt":"2024-08-28T07:47:51","slug":"7755744-junta-carter-motor-704cc-fiat-126-cinquecento-original","status":"publish","type":"product","link":"https:\/\/galicianparts.com\/shop\/producto\/7755744-junta-carter-motor-704cc-fiat-126-cinquecento-original\/","title":{"rendered":"7755744 Junta c\u00e1rter motor 704cc Fiat 126 \/Cinquecento ORIGINAL"},"content":{"rendered":"<p>Junta de la tapa inferior del c\u00e1rter de:<br \/>\nFIAT Cinquecento (170)<br \/>\n0.7, A\u00f1o 12.1991 &#8211; 01.1996, 704 ccm, 31 cv<br \/>\n0.7 i, A\u00f1o 07.1994 &#8211; 01.1998, 704 ccm, 30 cv<br \/>\nFIAT 126 (126)<br \/>\n0.7, A\u00f1o 09.1987 &#8211; 06.1996, 704 ccm, 26 cv<\/p>\n<p>LA PIEZA ES NUEVA Y ORIGINAL.<\/p>\n","protected":false},"excerpt":{"rendered":"<p>Junta de la tapa inferior del c\u00e1rter de: FIAT Cinquecento (170) 0.7, A\u00f1o 12.1991 &#8211; 01.1996, 704 ccm, 31 cv 0.7 i, A\u00f1o 07.1994 &#8211; 01.1998, 704 ccm, 30 cv FIAT 126 (126) 0.7, A\u00f1o 09.1987 &#8211; 06.1996, 704 ccm, 26 cv LA PIEZA ES NUEVA Y ORIGINAL.<\/p>\n","protected":false},"featured_media":90686,"template":"","meta":{"_seopress_robots_primary_cat":"","_seopress_titles_title":"","_seopress_titles_desc":"","_seopress_robots_index":""},"product_cat":[67,84,20],"product_tag":[],"class_list":{"0":"post-90684","1":"product","2":"type-product","3":"status-publish","4":"has-post-thumbnail","6":"product_cat-recambios-fiat-126","7":"product_cat-recambios-fiat-cinquecento","8":"product_cat-recambios-fiat","10":"first","11":"instock","12":"taxable","13":"shipping-taxable","14":"purchasable","15":"product-type-simple"},"_links":{"self":[{"href":"https:\/\/galicianparts.com\/shop\/wp-json\/wp\/v2\/product\/90684"}],"collection":[{"href":"https:\/\/galicianparts.com\/shop\/wp-json\/wp\/v2\/product"}],"about":[{"href":"https:\/\/galicianparts.com\/shop\/wp-json\/wp\/v2\/types\/product"}],"wp:featuredmedia":[{"embeddable":true,"href":"https:\/\/galicianparts.com\/shop\/wp-json\/wp\/v2\/media\/90686"}],"wp:attachment":[{"href":"https:\/\/galicianparts.com\/shop\/wp-json\/wp\/v2\/media?parent=90684"}],"wp:term":[{"taxonomy":"product_cat","embeddable":true,"href":"https:\/\/galicianparts.com\/shop\/wp-json\/wp\/v2\/product_cat?post=90684"},{"taxonomy":"product_tag","embeddable":true,"href":"https:\/\/galicianparts.com\/shop\/wp-json\/wp\/v2\/product_tag?post=90684"}],"curies":[{"name":"wp","href":"https:\/\/api.w.org\/{rel}","templated":true}]}}