{"id":90807,"date":"2024-08-30T10:16:56","date_gmt":"2024-08-30T08:16:56","guid":{"rendered":"https:\/\/galicianparts.com\/shop\/producto\/9620571080-junta-central-colector-admision-m-1-9d-td-fiat-citroen-peugeot-original\/"},"modified":"2024-08-30T10:20:15","modified_gmt":"2024-08-30T08:20:15","slug":"9620571080-junta-central-colector-admision-m-1-9d-td-fiat-citroen-peugeot-original","status":"publish","type":"product","link":"https:\/\/galicianparts.com\/shop\/producto\/9620571080-junta-central-colector-admision-m-1-9d-td-fiat-citroen-peugeot-original\/","title":{"rendered":"9620571080 Junta central colector admisi\u00f3n M 1.9D-TD Fiat \/Citro\u00ebn \/Peugeot ORIGINAL"},"content":{"rendered":"<p>Junta interior del colector de admisi\u00f3n de:<br \/>\nFIAT &#8211; PG ULYSSE (1994-2002) 1905 T.D.EM.08 \/ 1905 T.D.USA 87 \/ 1905 T.D. CEE FASE 2<br \/>\nFIAT Ducato II Furg\u00f3n (230L)<br \/>\n1.9 D, A\u00f1o 04.1998 &#8211; 04.2002, 1905 ccm, 68 cv<br \/>\nFIAT Scudo I (220)<br \/>\n1.9 D, A\u00f1o 03.1996 &#8211; 04.1998, 1905 ccm, 69 cv<br \/>\nFIAT Ducato II (230)<br \/>\n1.9 D, A\u00f1o 04.1998 &#8211; 04.2002, 1905 ccm, 68 cv<br \/>\nFIAT Ducato II Furg\u00f3n (244)<br \/>\n2.0 JTD, A\u00f1o 12.2001 &#8211; 07.2006, 1997 ccm, 84 cv<\/p>\n<p>CITRO\u00cbN Jumper I Bus (230)<br \/>\n1.9 D, A\u00f1o 01.1999 &#8211; 04.2002, 1905 ccm, 69 cv<br \/>\nCITRO\u00cbN Xantia Hatchback (X1, X2)<br \/>\n1.9 D, A\u00f1o 06.1994 &#8211; 01.1998, 1905 ccm, 68 cv<br \/>\nCITRO\u00cbN ZX Hatchback (N2)<br \/>\n1.8 D, A\u00f1o 06.1993 &#8211; 06.1997, 1769 ccm, 60 cv<br \/>\n1.9 D, A\u00f1o 03.1991 &#8211; 06.1997, 1905 ccm, 64 cv<br \/>\n1.9 D, A\u00f1o 07.1993 &#8211; 06.1997, 1905 ccm, 68 cv<br \/>\n1.9 D, A\u00f1o 10.1993 &#8211; 07.1999, 1905 ccm, 71 cv<br \/>\n1.9 DT, A\u00f1o 07.1994 &#8211; 10.1997, 1905 ccm, 88 cv<br \/>\n1.9 DT, A\u00f1o 06.1992 &#8211; 06.1994, 1905 ccm, 92 cv<br \/>\n1.9 TD, A\u00f1o 07.1992 &#8211; 06.1997, 1905 ccm, 90 cv<br \/>\nCITRO\u00cbN Evasion Monovolumen (22, U6)<br \/>\n1.9 TD, A\u00f1o 11.1994 &#8211; 07.2002, 1905 ccm, 90 cv<br \/>\n1.9 TD, A\u00f1o 10.1995 &#8211; 12.1998, 1905 ccm, 92 cv<br \/>\nCITRO\u00cbN BX<br \/>\n1.8 D, A\u00f1o 10.1985 &#8211; 09.1993, 1769 ccm, 60 cv<br \/>\n1.9 19 D 4&#215;4, A\u00f1o 03.1987 &#8211; 03.1993, 1905 ccm, 69 cv<br \/>\n1.9 RD 4&#215;4, A\u00f1o 01.1987 &#8211; 01.1992, 1905 ccm, 71 cv<br \/>\n19 D, A\u00f1o 09.1983 &#8211; 09.1993, 1905 ccm, 64 cv<br \/>\n19 D, A\u00f1o 03.1987 &#8211; 03.1993, 1905 ccm, 69 cv<br \/>\nCITRO\u00cbN C15<br \/>\n1.8 D, A\u00f1o 07.1986 &#8211; 12.2000, 1769 ccm, 60 cv<br \/>\nCITRO\u00cbN C25<br \/>\n1.9 D, A\u00f1o 07.1987 &#8211; 03.1994, 1905 ccm, 69 cv<br \/>\n1.9 TD, A\u00f1o 04.1992 &#8211; 03.1994, 1930 ccm, 82 cv<br \/>\n1.9 D, A\u00f1o 07.1987 &#8211; 03.1994, 1905 ccm, 69 cv<br \/>\n1.9 TD, A\u00f1o 04.1992 &#8211; 03.1994, 1930 ccm, 82 cv<br \/>\nCITRO\u00cbN Jumpy I MPV<br \/>\n1.9 D, A\u00f1o 10.1995 &#8211; 08.1998, 1905 ccm, 69 cv<br \/>\nCITRO\u00cbN Berlingo \/ Berlingo First I Furgoneta (M)<br \/>\n1.8 D, A\u00f1o 07.1996 &#8211; 10.2002, 1769 ccm, 59 cv<br \/>\n1.9 D, A\u00f1o 07.1996 &#8211; 12.2003, 1905 ccm, 70 cv<br \/>\nCITRO\u00cbN Berlingo \/ Berlingo First I (MF, GJK, GFK)<br \/>\n1.8 D, A\u00f1o 07.1998 &#8211; 10.2002, 1769 ccm, 58 cv<br \/>\n1.9 D, A\u00f1o 07.1996 &#8211; 12.2003, 1905 ccm, 68 cv<br \/>\nCITRO\u00cbN Xsara (N1)<br \/>\n1.8 D, A\u00f1o 04.1997 &#8211; 09.2000, 1769 ccm, 58 cv<br \/>\n1.9 D, A\u00f1o 04.1997 &#8211; 09.2000, 1905 ccm, 68 cv<br \/>\n1.9 SD, A\u00f1o 01.1998 &#8211; 09.2000, 1905 ccm, 75 cv<br \/>\n1.9 TD, A\u00f1o 04.1997 &#8211; 09.2000, 1905 ccm, 90 cv<br \/>\nCITRO\u00cbN Jumper I Furgoneta (230)<br \/>\n1.9 D, A\u00f1o 03.1994 &#8211; 04.2002, 1905 ccm, 69 cv<br \/>\nCITRO\u00cbN ZX Familiar (N2)<br \/>\n1.8 D, A\u00f1o 10.1993 &#8211; 10.1997, 1769 ccm, 60 cv<br \/>\n1.9 D, A\u00f1o 10.1993 &#8211; 10.1997, 1905 ccm, 64 cv<br \/>\n1.9 D, A\u00f1o 06.1994 &#8211; 10.1997, 1905 ccm, 68 cv<br \/>\n1.9 D, A\u00f1o 10.1993 &#8211; 07.1999, 1905 ccm, 71 cv<br \/>\n1.9 TD, A\u00f1o 10.1993 &#8211; 10.1997, 1905 ccm, 90 cv<br \/>\nCITRO\u00cbN C25 Cami\u00f3n de plataforma\/Chasis<br \/>\n1.9 DT, A\u00f1o 10.1991 &#8211; 01.1994, 1929 ccm, 82 cv<br \/>\nCITRO\u00cbN Jumpy I Furgoneta<br \/>\n1.9 D, A\u00f1o 10.1995 &#8211; 08.1998, 1905 ccm, 69 cv<br \/>\nCITRO\u00cbN Xsara Furgoneta \/ Hatchback (N3)<br \/>\n1.8 D, A\u00f1o 05.1998 &#8211; 05.1999, 1769 ccm, 58 cv<\/p>\n<p>PEUGEOT 806 MPV<br \/>\n1.9 TD, A\u00f1o 07.1995 &#8211; 08.2002, 1905 ccm, 90 cv<br \/>\n1.9 TD, A\u00f1o 05.1997 &#8211; 08.2002, 1905 ccm, 92 cv<br \/>\nPEUGEOT 205 I Hatchback<br \/>\n1.7 Di\u00e9sel, A\u00f1o 08.1983 &#8211; 10.1987, 1769 ccm, 60 cv<br \/>\nPEUGEOT 205 II Hatchback<br \/>\n1.7 Di\u00e9sel, A\u00f1o 07.1987 &#8211; 09.1998, 1769 ccm, 60 cv<br \/>\n1.8 Diesel, A\u00f1o 07.1987 &#8211; 09.1998, 1769 ccm, 60 cv<br \/>\n1.9 Di\u00e9sel, A\u00f1o 10.1987 &#8211; 09.1998, 1905 ccm, 64 cv<br \/>\n1.9 Di\u00e9sel, A\u00f1o 08.1987 &#8211; 06.1994, 1905 ccm, 69 cv<br \/>\nPEUGEOT 305 II<br \/>\n1.8 D, A\u00f1o 11.1982 &#8211; 12.1988, 1769 ccm, 60 cv<br \/>\n1.9 Di\u00e9sel, A\u00f1o 10.1982 &#8211; 12.1988, 1905 ccm, 64 cv<br \/>\n1.9 Di\u00e9sel, A\u00f1o 10.1982 &#8211; 12.1988, 1905 ccm, 65 cv<br \/>\nPEUGEOT 306<br \/>\n1.8 D, A\u00f1o 05.1993 &#8211; 05.2001, 1769 ccm, 58 cv<br \/>\n1.8 D, A\u00f1o 04.1993 &#8211; 05.1999, 1769 ccm, 60 cv<br \/>\n1.9 D, A\u00f1o 05.1993 &#8211; 05.2001, 1905 ccm, 64 cv<br \/>\n1.9 D, A\u00f1o 06.1994 &#8211; 05.2001, 1905 ccm, 68 cv<br \/>\n1.9 D, A\u00f1o 04.1993 &#8211; 05.1999, 1905 ccm, 69 cv<br \/>\n1.9 D, A\u00f1o 03.1998 &#8211; 05.2001, 1905 ccm, 75 cv<br \/>\n1.9 DT, A\u00f1o 05.1993 &#8211; 05.2001, 1905 ccm, 90 cv<br \/>\n1.9 Td, A\u00f1o 07.1995 &#8211; 08.2000, 1905 ccm, 71 cv<br \/>\nPEUGEOT 309 I Hatchback<br \/>\n1.9 D, A\u00f1o 06.1986 &#8211; 07.1989, 1905 ccm, 64 cv<br \/>\nPEUGEOT 405 I (15E)<br \/>\n1.9 D, A\u00f1o 10.1988 &#8211; 08.1992, 1905 ccm, 64 cv<br \/>\n1.9 D, A\u00f1o 10.1988 &#8211; 08.1992, 1905 ccm, 69 cv<br \/>\nPEUGEOT 405 II Familiar (4E)<br \/>\n1.9 D, A\u00f1o 08.1992 &#8211; 10.1996, 1905 ccm, 64 cv<br \/>\n1.9 D, A\u00f1o 06.1994 &#8211; 10.1996, 1905 ccm, 68 cv<br \/>\n1.9 D, A\u00f1o 09.1993 &#8211; 12.1995, 1905 ccm, 69 cv<br \/>\n1.9 D, A\u00f1o 08.1992 &#8211; 10.1998, 1905 ccm, 71 cv<br \/>\nPEUGEOT 405 II Berlina (4B)<br \/>\n1.9 D, A\u00f1o 08.1992 &#8211; 10.1995, 1905 ccm, 64 cv<br \/>\n1.9 D, A\u00f1o 06.1994 &#8211; 10.1995, 1905 ccm, 68 cv<br \/>\n1.9 D, A\u00f1o 08.1992 &#8211; 08.1994, 1905 ccm, 69 cv<br \/>\n1.9 D, A\u00f1o 08.1997 &#8211; 11.1999, 1905 ccm, 71 cv<br \/>\n1.9 TD, A\u00f1o 08.1992 &#8211; 05.1997, 1905 ccm, 94 cv<br \/>\nPEUGEOT Boxer Bus (230)<br \/>\n1.9 D, A\u00f1o 03.1994 &#8211; 04.2002, 1905 ccm, 69 cv<br \/>\n1.9 TD, A\u00f1o 08.1994 &#8211; 04.2002, 1905 ccm, 90 cv<br \/>\n1.9 TD, A\u00f1o 03.1994 &#8211; 04.2002, 1905 ccm, 92 cv<br \/>\n1.9 TD 4&#215;4, A\u00f1o 07.1996 &#8211; 04.2002, 1905 ccm, 92 cv<br \/>\nPEUGEOT 406<br \/>\n1.9 D, A\u00f1o 10.1996 &#8211; 05.2004, 1905 ccm, 75 cv<br \/>\n1.9 TD, A\u00f1o 01.1996 &#8211; 05.2004, 1905 ccm, 90 cv<br \/>\n1.9 TD, A\u00f1o 01.1996 &#8211; 05.2004, 1905 ccm, 92 cv<br \/>\n1.9 TD, A\u00f1o 10.1995 &#8211; 10.1997, 1905 ccm, 94 cv<br \/>\nPEUGEOT Expert I (224)<br \/>\n1.9 D, A\u00f1o 03.1996 &#8211; 12.1998, 1905 ccm, 70 cv<br \/>\n1.9 D, A\u00f1o 12.2003 &#8211; 12.2006, 1868 ccm, 69 cv<br \/>\n1.9 TD, A\u00f1o 03.1996 &#8211; 09.2000, 1905 ccm, 90 cv<br \/>\n1.9 TD, A\u00f1o 03.1996 &#8211; 05.1998, 1905 ccm, 92 cv<br \/>\nPEUGEOT J5 Furg\u00f3n (280)<br \/>\n1.9 D, A\u00f1o 09.1987 &#8211; 08.1990, 1905 ccm, 69 cv<br \/>\nPEUGEOT J5 Cami\u00f3n de plataforma\/Chasis (290)<br \/>\n1.9 D, A\u00f1o 10.1990 &#8211; 03.1994, 1905 ccm, 70 cv<br \/>\nPEUGEOT Boxer Furg\u00f3n (230)<br \/>\n1.9 D, A\u00f1o 07.1999 &#8211; 04.2002, 1905 ccm, 68 cv<br \/>\n1.9 D, A\u00f1o 03.1994 &#8211; 04.2002, 1905 ccm, 69 cv<br \/>\n1.9 DT 4&#215;4, A\u00f1o 03.1996 &#8211; 09.1998, 1905 ccm, 90 cv<br \/>\n1.9 TD, A\u00f1o 07.1999 &#8211; 04.2002, 1905 ccm, 90 cv<br \/>\n1.9 TD, A\u00f1o 03.1994 &#8211; 04.2002, 1905 ccm, 92 cv<br \/>\nPEUGEOT Partner I Furgoneta<br \/>\n1.8 D, A\u00f1o 06.1996 &#8211; 12.2002, 1769 ccm, 58 cv<br \/>\n1.8 D, A\u00f1o 11.1996 &#8211; 03.1998, 1769 ccm, 60 cv<br \/>\n1.9 D, A\u00f1o 06.1996 &#8211; 12.1998, 1905 ccm, 68 cv<br \/>\n1.9 D, A\u00f1o 06.1996 &#8211; 12.2002, 1905 ccm, 69 cv<br \/>\n1.9 D 4&#215;4, A\u00f1o 04.2004 &#8211; 07.2011, 1868 ccm, 69 cv<br \/>\nPEUGEOT Partner I Combispace<br \/>\n1.9 D, A\u00f1o 06.1996 &#8211; 12.2002, 1905 ccm, 68 cv<br \/>\n1.9 D, A\u00f1o 05.1996 &#8211; 12.1998, 1905 ccm, 69 cv<br \/>\n1.9 D 4&#215;4, A\u00f1o 04.2004 &#8211; 08.2005, 1868 ccm, 69 cv<br \/>\nPEUGEOT Expert I<br \/>\n1.9 D, A\u00f1o 03.1996 &#8211; 12.1998, 1905 ccm, 70 cv<br \/>\n1.9 D, A\u00f1o 06.1998 &#8211; 09.2001, 1868 ccm, 69 cv<br \/>\n1.9 TD, A\u00f1o 03.1996 &#8211; 09.2000, 1905 ccm, 90 cv<br \/>\n1.9 TD, A\u00f1o 03.1996 &#8211; 05.1998, 1905 ccm, 92 cv<br \/>\nPEUGEOT J5 (290)<br \/>\n1.9 D, A\u00f1o 10.1990 &#8211; 03.1994, 1905 ccm, 70 cv<br \/>\nPEUGEOT 309 II Hatchback<br \/>\n1.8 D, A\u00f1o 10.1991 &#8211; 10.1993, 1769 ccm, 58 cv<br \/>\n1.8 Di\u00e9sel, A\u00f1o 07.1989 &#8211; 12.1993, 1769 ccm, 60 cv<br \/>\n1.9 D, A\u00f1o 09.1989 &#8211; 10.1993, 1905 ccm, 68 cv<br \/>\n1.9 Di\u00e9sel, A\u00f1o 07.1989 &#8211; 12.1993, 1905 ccm, 64 cv<br \/>\nPEUGEOT 306 Familiar<br \/>\n1.8 D, A\u00f1o 05.1997 &#8211; 06.2000, 1769 ccm, 60 cv<br \/>\n1.9 D, A\u00f1o 03.1997 &#8211; 04.2002, 1905 ccm, 68 cv<br \/>\n1.9 D, A\u00f1o 05.1997 &#8211; 05.1999, 1905 ccm, 69 cv<br \/>\n1.9 D, A\u00f1o 03.1998 &#8211; 04.2002, 1905 ccm, 75 cv<br \/>\n1.9 Td, A\u00f1o 07.1995 &#8211; 08.2000, 1905 ccm, 71 cv<br \/>\n1.9 TD, A\u00f1o 03.1997 &#8211; 04.2002, 1905 ccm, 90 cv<br \/>\nPEUGEOT Boxer Cami\u00f3n de plataforma\/Chasis (230)<br \/>\n1.9 D, A\u00f1o 03.1994 &#8211; 04.2002, 1905 ccm, 69 cv<br \/>\n1.9 TD, A\u00f1o 06.1994 &#8211; 04.2002, 1905 ccm, 90 cv<br \/>\n1.9 TD, A\u00f1o 07.1994 &#8211; 04.2002, 1905 ccm, 92 cv<br \/>\nPEUGEOT 205 F Furgoneta<br \/>\n1.7 Di\u00e9sel, A\u00f1o 03.1994 &#8211; 05.1997, 1769 ccm, 60 cv<br \/>\n1.9 D, A\u00f1o 08.1990 &#8211; 07.1992, 1905 ccm, 64 cv<br \/>\nPEUGEOT 205 XA\/XAD Furgoneta<br \/>\n1.8 D, A\u00f1o 03.1983 &#8211; 07.1990, 1769 ccm, 60 cv<br \/>\nPEUGEOT 306 Furg\u00f3n \/ Hatchback<br \/>\n1.8 D, A\u00f1o 04.1993 &#8211; 05.1999, 1769 ccm, 60 cv<br \/>\n1.9 D, A\u00f1o 05.1997 &#8211; 05.1999, 1905 ccm, 68 cv<br \/>\n1.9 STD, A\u00f1o 03.1994 &#8211; 10.1995, 1905 ccm, 69 cv<br \/>\nPEUGEOT 305 Furgoneta<br \/>\n1.9 D, A\u00f1o 11.1982 &#8211; 12.1988, 1905 ccm, 64 cv<br \/>\nPEUGEOT 405 II Furgoneta \/ Familiar (4E)<br \/>\n1.9 D, A\u00f1o 08.1992 &#8211; 12.1995, 1905 ccm, 69 cv<br \/>\nPEUGEOT 309 Furgoneta \/ Hatchback (10S, 3S)<br \/>\n1.9 D, A\u00f1o 10.1985 &#8211; 10.1993, 1905 ccm, 64 cv<\/p>\n<p>HYUNDAI Lantra II Familiar (J-2)<br \/>\n1.9 D, A\u00f1o 03.1998 &#8211; 10.2000, 1905 ccm, 68 cv<\/p>\n<p>LA PIEZA ES NUEVA Y ORIGINAL.<\/p>\n","protected":false},"excerpt":{"rendered":"<p>Junta interior del colector de admisi\u00f3n de: FIAT &#8211; PG ULYSSE (1994-2002) 1905 T.D.EM.08 \/ 1905 T.D.USA 87 \/ 1905 T.D. CEE FASE 2 FIAT Ducato II Furg\u00f3n (230L) 1.9 D, A\u00f1o 04.1998 &#8211; 04.2002, 1905 ccm, 68 cv FIAT Scudo I (220) 1.9 D, A\u00f1o 03.1996 &#8211; 04.1998, 1905 ccm, 69 cv FIAT Ducato [&hellip;]<\/p>\n","protected":false},"featured_media":90808,"template":"","meta":{"_seopress_robots_primary_cat":"","_seopress_titles_title":"","_seopress_titles_desc":"","_seopress_robots_index":""},"product_cat":[235,194,147,149,150,151,189,129,155,130,131,132,23,88,188,156,20,271,157,137,138,300,158,24,104,113,141,143,144],"product_tag":[],"class_list":{"0":"post-90807","1":"product","2":"type-product","3":"status-publish","4":"has-post-thumbnail","6":"product_cat-recambios-peugeot-205","7":"product_cat-recambios-peugeot-305","8":"product_cat-recambios-peugeot-306","9":"product_cat-recambios-peugeot-309","10":"product_cat-recambios-peugeot-405","11":"product_cat-recambios-peugeot-406","12":"product_cat-recambios-peugeot-806","13":"product_cat-recambios-citroen-berlingo","14":"product_cat-recambios-peugeot-boxer","15":"product_cat-recambios-citroen-bx","16":"product_cat-recambios-citroen-c15","17":"product_cat-recambios-citroen-c25","18":"product_cat-recambios-citroen","19":"product_cat-recambios-fiat-ducato","20":"product_cat-recambios-citroen-evasion","21":"product_cat-recambios-peugeot-expert","22":"product_cat-recambios-fiat","23":"product_cat-recambios-hyundai","24":"product_cat-recambios-peugeot-j5","25":"product_cat-recambios-citroen-jumper","26":"product_cat-recambios-citroen-jumpy","27":"product_cat-recambios-hyundai-lantra","28":"product_cat-recambios-peugeot-partner","29":"product_cat-recambios-peugeot","30":"product_cat-recambios-fiat-scudo","31":"product_cat-recambios-fiat-ulysse","32":"product_cat-recambios-citroen-xantia","33":"product_cat-recambios-citroen-xsara","34":"product_cat-recambios-citroen-zx","36":"first","37":"instock","38":"taxable","39":"shipping-taxable","40":"purchasable","41":"product-type-simple"},"_links":{"self":[{"href":"https:\/\/galicianparts.com\/shop\/wp-json\/wp\/v2\/product\/90807"}],"collection":[{"href":"https:\/\/galicianparts.com\/shop\/wp-json\/wp\/v2\/product"}],"about":[{"href":"https:\/\/galicianparts.com\/shop\/wp-json\/wp\/v2\/types\/product"}],"wp:featuredmedia":[{"embeddable":true,"href":"https:\/\/galicianparts.com\/shop\/wp-json\/wp\/v2\/media\/90808"}],"wp:attachment":[{"href":"https:\/\/galicianparts.com\/shop\/wp-json\/wp\/v2\/media?parent=90807"}],"wp:term":[{"taxonomy":"product_cat","embeddable":true,"href":"https:\/\/galicianparts.com\/shop\/wp-json\/wp\/v2\/product_cat?post=90807"},{"taxonomy":"product_tag","embeddable":true,"href":"https:\/\/galicianparts.com\/shop\/wp-json\/wp\/v2\/product_tag?post=90807"}],"curies":[{"name":"wp","href":"https:\/\/api.w.org\/{rel}","templated":true}]}}