{"id":90926,"date":"2024-09-03T09:14:02","date_gmt":"2024-09-03T07:14:02","guid":{"rendered":"https:\/\/galicianparts.com\/shop\/producto\/9946561-kit-zapatas-tambor-freno-trasero-fiat-ducato-92-94-citroen-peugeot-original\/"},"modified":"2024-10-01T15:02:44","modified_gmt":"2024-10-01T13:02:44","slug":"9946561-kit-zapatas-tambor-freno-trasero-fiat-ducato-92-94-citroen-peugeot-original","status":"publish","type":"product","link":"https:\/\/galicianparts.com\/shop\/producto\/9946561-kit-zapatas-tambor-freno-trasero-fiat-ducato-92-94-citroen-peugeot-original\/","title":{"rendered":"9946561 Kit zapatas tambor freno trasero Fiat Ducato (82-94) Citro\u00ebn \/Peugeot ORIGINAL"},"content":{"rendered":"<p>Juego, set de zapatas del tambor de freno posterior de:<br \/>\nFIAT Ducato I (290)<br \/>\n2.5 TD, A\u00f1o 07.1990 &#8211; 03.1994, 2500 ccm, 95 cv<br \/>\nFIAT Ducato I Panorama (290)<br \/>\n2.5 D, A\u00f1o 07.1990 &#8211; 03.1994, 2500 ccm, 75 cv<br \/>\nFIAT Ducato I (280)<br \/>\n1.9 TD, A\u00f1o 03.1989 &#8211; 08.1990, 1929 ccm, 82 cv<br \/>\n2.0, A\u00f1o 03.1989 &#8211; 08.1990, 1971 ccm, 84 cv<br \/>\n2.4 D, A\u00f1o 01.1982 &#8211; 08.1990, 2428 ccm, 72 cv<br \/>\n2.5 D, A\u00f1o 01.1982 &#8211; 08.1990, 2500 ccm, 75 cv<br \/>\n2.5 D 4&#215;4, A\u00f1o 09.1986 &#8211; 10.1987, 2445 ccm, 72 cv<br \/>\n2.5 D 4&#215;4, A\u00f1o 03.1989 &#8211; 08.1990, 2500 ccm, 75 cv<br \/>\n2.5 D 4&#215;4, A\u00f1o 09.1986 &#8211; 05.1990, 2445 ccm, 75 cv<br \/>\n2.5 TD, A\u00f1o 09.1986 &#8211; 05.1990, 2499 ccm, 92 cv<br \/>\n2.5 TD 4&#215;4, A\u00f1o 09.1986 &#8211; 09.1990, 2445 ccm, 92 cv<br \/>\n2.5 TD 4&#215;4, A\u00f1o 09.1986 &#8211; 05.1990, 2499 ccm, 95 cv<\/p>\n<p>CITRO\u00cbN C25<br \/>\n1.9 TD, A\u00f1o 04.1992 &#8211; 02.1994, 1930 ccm, 82 cv<br \/>\n2.0 E, A\u00f1o 09.1981 &#8211; 02.1994, 1971 ccm, 79 cv<br \/>\n2.5 D Turbo, A\u00f1o 08.1987 &#8211; 02.1994, 2500 ccm, 95 cv<br \/>\n2.5 D Turbo 4&#215;4, A\u00f1o 08.1987 &#8211; 02.1994, 2500 ccm, 95 cv<br \/>\nCITRO\u00cbN C35<br \/>\n2.0, A\u00f1o 11.1973 &#8211; 01.1994, 1985 ccm, 88 cv<br \/>\n2.5 D, A\u00f1o 02.1980 &#8211; 01.1994, 2498 ccm, 69 cv<\/p>\n<p>PEUGEOT J5 Furg\u00f3n (280)<br \/>\n2.5 D, A\u00f1o 09.1981 &#8211; 08.1990, 2498 ccm, 73 cv<br \/>\n2.5 DT, A\u00f1o 09.1981 &#8211; 08.1990, 2498 ccm, 95 cv<br \/>\n2.5 DT A las 4 ruedas, A\u00f1o 09.1981 &#8211; 08.1990, 2498 ccm, 95 cv<br \/>\nPEUGEOT J5 (290)<br \/>\n2.0, A\u00f1o 10.1990 &#8211; 02.1994, 1971 ccm, 84 cv<br \/>\n2.5 D, A\u00f1o 10.1990 &#8211; 02.1994, 2500 ccm, 73 cv<br \/>\n2.5 D 4&#215;4, A\u00f1o 10.1990 &#8211; 02.1994, 2500 ccm, 73 cv<br \/>\n2.5 TD, A\u00f1o 10.1990 &#8211; 02.1994, 2500 ccm, 95 cv<br \/>\n2.5 TD 4&#215;4, A\u00f1o 10.1990 &#8211; 02.1994, 2500 ccm, 95 cv<br \/>\nPEUGEOT J5 (280)<br \/>\n2.0, A\u00f1o 01.1986 &#8211; 11.1988, 1971 ccm, 75 cv<br \/>\n2.0, A\u00f1o 01.1983 &#8211; 11.1988, 1971 ccm, 79 cv<br \/>\n2.5 D, A\u00f1o 09.1981 &#8211; 09.1990, 2500 ccm, 73 cv<br \/>\n2.5 D 4&#215;4, A\u00f1o 09.1981 &#8211; 08.1990, 2498 ccm, 73 cv<br \/>\n2.5 DT, A\u00f1o 09.1981 &#8211; 08.1990, 2498 ccm, 95 cv<\/p>\n<p>LA PIEZA ES NUEVA Y ORIGINAL.<\/p>\n","protected":false},"excerpt":{"rendered":"<p>Juego, set de zapatas del tambor de freno posterior de: FIAT Ducato I (290) 2.5 TD, A\u00f1o 07.1990 &#8211; 03.1994, 2500 ccm, 95 cv FIAT Ducato I Panorama (290) 2.5 D, A\u00f1o 07.1990 &#8211; 03.1994, 2500 ccm, 75 cv FIAT Ducato I (280) 1.9 TD, A\u00f1o 03.1989 &#8211; 08.1990, 1929 ccm, 82 cv 2.0, A\u00f1o [&hellip;]<\/p>\n","protected":false},"featured_media":90930,"template":"","meta":{"_seopress_robots_primary_cat":"","_seopress_titles_title":"","_seopress_titles_desc":"","_seopress_robots_index":""},"product_cat":[132,133,23,88,20,157,24],"product_tag":[],"class_list":{"0":"post-90926","1":"product","2":"type-product","3":"status-publish","4":"has-post-thumbnail","6":"product_cat-recambios-citroen-c25","7":"product_cat-recambios-citroen-c35","8":"product_cat-recambios-citroen","9":"product_cat-recambios-fiat-ducato","10":"product_cat-recambios-fiat","11":"product_cat-recambios-peugeot-j5","12":"product_cat-recambios-peugeot","14":"first","15":"outofstock","16":"taxable","17":"shipping-taxable","18":"purchasable","19":"product-type-simple"},"_links":{"self":[{"href":"https:\/\/galicianparts.com\/shop\/wp-json\/wp\/v2\/product\/90926"}],"collection":[{"href":"https:\/\/galicianparts.com\/shop\/wp-json\/wp\/v2\/product"}],"about":[{"href":"https:\/\/galicianparts.com\/shop\/wp-json\/wp\/v2\/types\/product"}],"wp:featuredmedia":[{"embeddable":true,"href":"https:\/\/galicianparts.com\/shop\/wp-json\/wp\/v2\/media\/90930"}],"wp:attachment":[{"href":"https:\/\/galicianparts.com\/shop\/wp-json\/wp\/v2\/media?parent=90926"}],"wp:term":[{"taxonomy":"product_cat","embeddable":true,"href":"https:\/\/galicianparts.com\/shop\/wp-json\/wp\/v2\/product_cat?post=90926"},{"taxonomy":"product_tag","embeddable":true,"href":"https:\/\/galicianparts.com\/shop\/wp-json\/wp\/v2\/product_tag?post=90926"}],"curies":[{"name":"wp","href":"https:\/\/api.w.org\/{rel}","templated":true}]}}