{"id":91090,"date":"2024-09-04T12:50:46","date_gmt":"2024-09-04T10:50:46","guid":{"rendered":"https:\/\/galicianparts.com\/shop\/producto\/9150800380-cojinete-axial-ciguenal-00-fiat-ducato-94-02-scudo-lancia-citroen-peugeot-original\/"},"modified":"2024-09-04T12:53:25","modified_gmt":"2024-09-04T10:53:25","slug":"9150800380-cojinete-axial-ciguenal-00-fiat-ducato-94-02-scudo-lancia-citroen-peugeot-original","status":"publish","type":"product","link":"https:\/\/galicianparts.com\/shop\/producto\/9150800380-cojinete-axial-ciguenal-00-fiat-ducato-94-02-scudo-lancia-citroen-peugeot-original\/","title":{"rendered":"9150800380 Cojinete axial cig\u00fce\u00f1al 0,0 Fiat Ducato (94-02) Scudo \/Lancia \/Citro\u00ebn \/Peugeot ORIGINAL"},"content":{"rendered":"<p>9467601380 Kit cojinete axial del soporte del cig\u00fce\u00f1al de:<br \/>\nMedida: Est\u00e1ndar<\/p>\n<p>FIAT &#8211; 2F NUOVO ULYSSE (2001-2010) 2000 JTD 16V \/ 2000 JTD 16 V CON INSTALACION FAP \/ 2000\u00a0JTD\u00a016V\u00a0EURO\u00a04 \/ 2000\u00a0JTD\u00a016V\u00a0136\u00a0CV\/100KW\u00a0C.M.<br \/>\nFIAT &#8211; 2F NUOVO ULYSSE (2001-2010) 2200 JTD 16V<br \/>\nFIAT &#8211; 2F NUOVO ULYSSE (2001-2010) 2200 UNIJET TURBO DIESEL 16V EURO04 C.M. \/ 2200 UNIJET TURBO DIESEL 16V EUR04 AUTOM \/ 2200 JTD 16V EURO4 AUTOMATIC TRANSMISSIO<br \/>\nFIAT &#8211; PG ULYSSE (1994-2002) 1905 T.D.EM.08 \/ 1905 T.D.USA 87 \/ 1905 T.D. CEE FASE 2<br \/>\nFIAT &#8211; PG ULYSSE (1994-2002) 1750 I.E. CEE FASE 2<br \/>\nFIAT &#8211; PG ULYSSE (1994-2002) 2000 JTD 8V CF2<br \/>\nFIAT &#8211; PG ULYSSE (1994-2002) 2000 JTD 16V CF3<br \/>\nFIAT PROFESSIONAL &#8211; PE DUCATO&#8217;94 DIESEL (1994-2002) 1905 W3 \/ 1905 TD W3<br \/>\nFIAT PROFESSIONAL &#8211; 3H NUOVO SCUDO (2007-&#8230;.) 2000\u00a0JTD\u00a0120\u00a0CV\/88KW\u00a0E4 \/ 2000\u00a0JTD\u00a0140\u00a0CV\/103KW\u00a0E4 \/ 2000\u00a0JTD\u00a0120CV\u00a0\/\u00a088KW\u00a0FAP\u00a0E4<br \/>\nFIAT PROFESSIONAL &#8211; 3H NUOVO SCUDO (2007-&#8230;.) 2000\u00a0JTD\u00a0128CV\/94KW\u00a0FAP\u00a0E5 \/ 2000\u00a0JTD\u00a0165CV\/120KW\u00a0E5<br \/>\nFIAT PROFESSIONAL &#8211; PL SCUDO (1995-2004) 1905 DS \/ 1905 TURBO DS EM.09 \/ 1905 TURBO DS CEE FASE 2<br \/>\nFIAT PROFESSIONAL &#8211; PL SCUDO (1995-2004) 1867 DS CF2 \/ 1867 DS CF3<br \/>\nFIAT PROFESSIONAL &#8211; PL SCUDO (1995-2004) 2000 JTD 110CV 8V CF2 \/ 2000 JTD 95CV 8V CF2 \/ 2000 JTD 110CV 8V CF3 \/ 2000 JTD 95CV 8V CF3<br \/>\nFIAT PROFESSIONAL &#8211; PL SCUDO (1995-2004) 2000 JTD 110CV 16V CF3<br \/>\nFIAT PROFESSIONAL &#8211; 2X SCUDO FL.2004 (2004-2006) 2000 JTD 110CV 8V CF3 \/ 2000 JTD 95CV 8V CF3<br \/>\nFIAT PROFESSIONAL &#8211; 2X SCUDO FL.2004 (2004-2006) 2000 JTD 110CV 16V CF3<\/p>\n<p>LANCIA &#8211; SK \u00abZ\u00bb (1994-2002) 2000 JTD 8V CF2<br \/>\nLANCIA &#8211; SK \u00abZ\u00bb (1994-2002) 2000 JTD 16V CF3<br \/>\nLANCIA &#8211; TC PHEDRA (2001-2010) 2000 JTD 16V \/ 2000 JTD 16V CON INSTALACI\u00d3N FAP \/ 2000\u00a0JTD\u00a016V\u00a0EURO\u00a04 \/ 2000 JTD 16V 136 HP C.M.<br \/>\nLANCIA &#8211; TC PHEDRA (2001-2010) 2200 JTD 16V<br \/>\nLANCIA &#8211; TC PHEDRA (2001-2010) 2200 UNIJET TURBO DIESEL 16V EURO04 C.M. \/ 2200 UNIJET TURBO DIESEL 16V EUR04 AUTOM \/ 2200 JTD 16V EURO4 AUTOMATIC TRANSMISSIO<\/p>\n<p>CITRO\u00cbN C15<br \/>\n1.9 D, A\u00f1o 12.2000 &#8211; 12.2005, 1868 ccm, 60 cv<br \/>\n1.9 D, A\u00f1o 01.2000 &#8211; 07.2005, 1868 ccm, 69 cv<br \/>\nCITRO\u00cbN Jumpy I<br \/>\n1.9 D 70, A\u00f1o 04.1998 &#8211; 11.2003, 1868 ccm, 69 cv<br \/>\nCITRO\u00cbN Berlingo \/ Berlingo First I Furgoneta (M)<br \/>\n1.9 D 70, A\u00f1o 04.1999 &#8211; 12.2011, 1868 ccm, 69 cv<br \/>\n1.9 D 70 4WD, A\u00f1o 07.1998 &#8211; 03.2006, 1868 ccm, 69 cv<br \/>\nCITRO\u00cbN Berlingo \/ Berlingo First I (MF, GJK, GFK)<br \/>\n1.9 D, A\u00f1o 07.1998 &#8211; 10.2005, 1868 ccm, 70 cv<br \/>\n1.9 D 4WD, A\u00f1o 07.1998 &#8211; 10.2005, 1868 ccm, 69 cv<br \/>\nCITRO\u00cbN Xsara (N1)<br \/>\n1.9 D, A\u00f1o 07.1998 &#8211; 03.2005, 1868 ccm, 70 cv<br \/>\n1.9 D, A\u00f1o 04.2000 &#8211; 04.2005, 1868 ccm, 72 cv<br \/>\nCITRO\u00cbN Xsara<br \/>\n1.9 D, A\u00f1o 06.1999 &#8211; 08.2005, 1868 ccm, 69 cv<\/p>\n<p>PEUGEOT 306<br \/>\n1.9 D, A\u00f1o 09.1998 &#8211; 05.2001, 1868 ccm, 69 cv<br \/>\n1.9 D, A\u00f1o 01.1999 &#8211; 08.2003, 1868 ccm, 71 cv<br \/>\nPEUGEOT Expert I (224)<br \/>\n1.9 D, A\u00f1o 12.2003 &#8211; 12.2006, 1868 ccm, 69 cv<br \/>\nPEUGEOT Partner I<br \/>\n1.9 D, A\u00f1o 06.1996 &#8211; 12.2015, 1868 ccm, 69 cv<br \/>\n1.9 D 4&#215;4, A\u00f1o 04.2004 &#8211; 07.2011, 1868 ccm, 69 cv<br \/>\nPEUGEOT 206 (2A\/C)<br \/>\n1.9 D, A\u00f1o 09.1998 &#8211; 11.2001, 1868 ccm, 69 cv<br \/>\nPEUGEOT 306 Familiar<br \/>\n1.9 D, A\u00f1o 09.1998 &#8211; 04.2002, 1868 ccm, 69 cv<br \/>\nPEUGEOT 207<br \/>\n1.9 D, A\u00f1o 10.2008 &#8211; 12.2012, 1868 ccm, 69 cv<br \/>\nPEUGEOT Partner Origin Monovolumen (G)<br \/>\n1.9 D, A\u00f1o 08.2008 &#8211; 12.2013, 1868 ccm, 69 cv<\/p>\n<p>LA PIEZA ES NUEVA Y ORIGINAL.<\/p>\n","protected":false},"excerpt":{"rendered":"<p>9467601380 Kit cojinete axial del soporte del cig\u00fce\u00f1al de: Medida: Est\u00e1ndar FIAT &#8211; 2F NUOVO ULYSSE (2001-2010) 2000 JTD 16V \/ 2000 JTD 16 V CON INSTALACION FAP \/ 2000\u00a0JTD\u00a016V\u00a0EURO\u00a04 \/ 2000\u00a0JTD\u00a016V\u00a0136\u00a0CV\/100KW\u00a0C.M. FIAT &#8211; 2F NUOVO ULYSSE (2001-2010) 2200 JTD 16V FIAT &#8211; 2F NUOVO ULYSSE (2001-2010) 2200 UNIJET TURBO DIESEL 16V EURO04 C.M. \/ [&hellip;]<\/p>\n","protected":false},"featured_media":91092,"template":"","meta":{"_seopress_robots_primary_cat":"","_seopress_titles_title":"","_seopress_titles_desc":"","_seopress_robots_index":""},"product_cat":[146,328,147,129,131,23,88,156,20,138,21,158,24,122,104,113,143,128],"product_tag":[],"class_list":{"0":"post-91090","1":"product","2":"type-product","3":"status-publish","4":"has-post-thumbnail","6":"product_cat-recambios-peugeot-206","7":"product_cat-recambios-peugeot-207","8":"product_cat-recambios-peugeot-306","9":"product_cat-recambios-citroen-berlingo","10":"product_cat-recambios-citroen-c15","11":"product_cat-recambios-citroen","12":"product_cat-recambios-fiat-ducato","13":"product_cat-recambios-peugeot-expert","14":"product_cat-recambios-fiat","15":"product_cat-recambios-citroen-jumpy","16":"product_cat-recambios-lancia","17":"product_cat-recambios-peugeot-partner","18":"product_cat-recambios-peugeot","19":"product_cat-recambios-lancia-phedra","20":"product_cat-recambios-fiat-scudo","21":"product_cat-recambios-fiat-ulysse","22":"product_cat-recambios-citroen-xsara","23":"product_cat-recambios-lancia-z","25":"first","26":"instock","27":"taxable","28":"shipping-taxable","29":"purchasable","30":"product-type-simple"},"_links":{"self":[{"href":"https:\/\/galicianparts.com\/shop\/wp-json\/wp\/v2\/product\/91090"}],"collection":[{"href":"https:\/\/galicianparts.com\/shop\/wp-json\/wp\/v2\/product"}],"about":[{"href":"https:\/\/galicianparts.com\/shop\/wp-json\/wp\/v2\/types\/product"}],"wp:featuredmedia":[{"embeddable":true,"href":"https:\/\/galicianparts.com\/shop\/wp-json\/wp\/v2\/media\/91092"}],"wp:attachment":[{"href":"https:\/\/galicianparts.com\/shop\/wp-json\/wp\/v2\/media?parent=91090"}],"wp:term":[{"taxonomy":"product_cat","embeddable":true,"href":"https:\/\/galicianparts.com\/shop\/wp-json\/wp\/v2\/product_cat?post=91090"},{"taxonomy":"product_tag","embeddable":true,"href":"https:\/\/galicianparts.com\/shop\/wp-json\/wp\/v2\/product_tag?post=91090"}],"curies":[{"name":"wp","href":"https:\/\/api.w.org\/{rel}","templated":true}]}}