{"id":91183,"date":"2024-09-05T13:21:50","date_gmt":"2024-09-05T11:21:50","guid":{"rendered":"https:\/\/galicianparts.com\/shop\/producto\/4395851-cable-embrague-fiat-127-fiorino-lancia-a112-original\/"},"modified":"2024-09-21T10:08:01","modified_gmt":"2024-09-21T08:08:01","slug":"4395851-cable-embrague-fiat-127-fiorino-lancia-a112-original","status":"publish","type":"product","link":"https:\/\/galicianparts.com\/shop\/producto\/4395851-cable-embrague-fiat-127-fiorino-lancia-a112-original\/","title":{"rendered":"4395851 Cable embrague Fiat 127 \/Fiorino \/Lancia A112 ORIGINAL"},"content":{"rendered":"<p>Cable del embrague de:<br \/>\nLargo: 485 mm<\/p>\n<p>FIAT 127 Hatchback (127)<br \/>\n0.9, A\u00f1o 06.1971 &#8211; 05.1983, 903 ccm, 40 cv<br \/>\n0.9 (127A), A\u00f1o 09.1971 &#8211; 12.1984, 903 ccm, 45 cv<br \/>\n1.0, A\u00f1o 04.1977 &#8211; 12.1986, 1049 ccm, 50 cv<br \/>\n1.0 Sport, A\u00f1o 07.1978 &#8211; 02.1982, 1049 ccm, 70 cv<br \/>\n1.3 Di\u00e9sel, A\u00f1o 04.1981 &#8211; 12.1986, 1301 ccm, 45 cv<br \/>\n1.3 Sport, A\u00f1o 12.1981 &#8211; 05.1983, 1301 ccm, 75 cv<br \/>\nFIAT Fiorino Furg\u00f3n (127)<br \/>\n1.0, A\u00f1o 01.1980 &#8211; 12.1987, 1049 ccm, 50 cv<\/p>\n<p>LANCIA A 112 Hatchback<br \/>\n1.0 Abarth (A112B2\/5), A\u00f1o 03.1978 &#8211; 02.1984, 1050 ccm, 69 cv<\/p>\n<p>AUTOBIANCHI A 112 Hatchback<br \/>\n0.9 Junior, A\u00f1o 07.1975 &#8211; 12.1985, 903 ccm, 42 cv<br \/>\n1.0 Abarth, A\u00f1o 01.1974 &#8211; 12.1984, 1050 ccm, 70 cv<br \/>\n1.0 E,Elite,LX, A\u00f1o 11.1977 &#8211; 12.1985, 965 ccm, 48 cv<\/p>\n<p>LA PIEZA ES ORIGINAL.<\/p>\n","protected":false},"excerpt":{"rendered":"<p>Cable del embrague de: Largo: 485 mm FIAT 127 Hatchback (127) 0.9, A\u00f1o 06.1971 &#8211; 05.1983, 903 ccm, 40 cv 0.9 (127A), A\u00f1o 09.1971 &#8211; 12.1984, 903 ccm, 45 cv 1.0, A\u00f1o 04.1977 &#8211; 12.1986, 1049 ccm, 50 cv 1.0 Sport, A\u00f1o 07.1978 &#8211; 02.1982, 1049 ccm, 70 cv 1.3 Di\u00e9sel, A\u00f1o 04.1981 &#8211; 12.1986, [&hellip;]<\/p>\n","protected":false},"featured_media":91185,"template":"","meta":{"_seopress_robots_primary_cat":"","_seopress_titles_title":"","_seopress_titles_desc":"","_seopress_robots_index":""},"product_cat":[68,369,63,25,20,91,21],"product_tag":[],"class_list":{"0":"post-91183","1":"product","2":"type-product","3":"status-publish","4":"has-post-thumbnail","6":"product_cat-recambios-fiat-127","7":"product_cat-recambios-lancia-a112","8":"product_cat-recambios-autobianchi-a112","9":"product_cat-recambios-autobianchi","10":"product_cat-recambios-fiat","11":"product_cat-recambios-fiat-fiorino","12":"product_cat-recambios-lancia","14":"first","15":"outofstock","16":"taxable","17":"shipping-taxable","18":"purchasable","19":"product-type-simple"},"_links":{"self":[{"href":"https:\/\/galicianparts.com\/shop\/wp-json\/wp\/v2\/product\/91183"}],"collection":[{"href":"https:\/\/galicianparts.com\/shop\/wp-json\/wp\/v2\/product"}],"about":[{"href":"https:\/\/galicianparts.com\/shop\/wp-json\/wp\/v2\/types\/product"}],"wp:featuredmedia":[{"embeddable":true,"href":"https:\/\/galicianparts.com\/shop\/wp-json\/wp\/v2\/media\/91185"}],"wp:attachment":[{"href":"https:\/\/galicianparts.com\/shop\/wp-json\/wp\/v2\/media?parent=91183"}],"wp:term":[{"taxonomy":"product_cat","embeddable":true,"href":"https:\/\/galicianparts.com\/shop\/wp-json\/wp\/v2\/product_cat?post=91183"},{"taxonomy":"product_tag","embeddable":true,"href":"https:\/\/galicianparts.com\/shop\/wp-json\/wp\/v2\/product_tag?post=91183"}],"curies":[{"name":"wp","href":"https:\/\/api.w.org\/{rel}","templated":true}]}}