{"id":91204,"date":"2024-09-06T09:40:31","date_gmt":"2024-09-06T07:40:31","guid":{"rendered":"https:\/\/galicianparts.com\/shop\/producto\/1328053080-buje-rueda-delantera-fiat-ducato-94-06-citroen-peugeot-nuevo-original\/"},"modified":"2024-09-06T09:50:52","modified_gmt":"2024-09-06T07:50:52","slug":"1328053080-buje-rueda-delantera-fiat-ducato-94-06-citroen-peugeot-nuevo-original","status":"publish","type":"product","link":"https:\/\/galicianparts.com\/shop\/producto\/1328053080-buje-rueda-delantera-fiat-ducato-94-06-citroen-peugeot-nuevo-original\/","title":{"rendered":"1328053080 Buje rueda delantera Fiat Ducato (94-06) Citro\u00ebn \/Peugeot NUEVO ORIGINAL"},"content":{"rendered":"<p>Buje de las ruedas delanteras de:<br \/>\nN\u00famero de dientes: 35<br \/>\nLargo: 100 mm<br \/>\nDi\u00e1metro: 155,5 mm<br \/>\nDi\u00e1metro interior: 38 mm<br \/>\nDi\u00e1metro buje de rueda: 78 mm<br \/>\nDi\u00e1metro rodamiento rueda: 55 mm<\/p>\n<p>FIAT PROFESSIONAL &#8211; PD DUCATO &#8217;94 BENZINA (1994-2002) CON CAPACIDAD 18Q<br \/>\nFIAT PROFESSIONAL &#8211; 2E DUCATO RESTYL. (2001-2006) CON CAPACIDAD 18Q \/ 2000 BZ MPI CF3 \/ 2000 GASOLINA MPI CF3 DECAT.<br \/>\nFIAT PROFESSIONAL &#8211; 2E DUCATO RESTYL. (2001-2006) CON CAPACIDAD 18Q \/ (FURGON P.CORTO L.BAJA 4X2 \/ FURGON P.MEDIO L.BAJA 4X2 \/ FURGON P.MEDIO L.ALTA 4X2 \/ FURGON P.LARGO L.ALTA 4X2 \/ VIDRIADO P.CORTO L.BAJA 4X2) \/ 2300\u00a0JTD \/ 2300\u00a0JTD\u00a0EGR \/ 2800 JTD \/ 2800 JTD EGR \/ 2800\u00a0JTD\u00a0CGV \/ 2800 TD \/ 2800 TD EGR<br \/>\nFIAT PROFESSIONAL &#8211; 2E DUCATO RESTYL. (2001-2006) CON CAPACIDAD 18Q \/ (VIDRIADO P.MEDIO L.BAJA 4X2 \/ VIDRIADO P.MEDIO L.ALTA4X2 \/ VIDRIADO P.LARGO L.ALTA4X2) \/ 2300\u00a0JTD \/ 2300\u00a0JTD\u00a0EGR \/ 2800 JTD \/ 2800 JTD EGR \/ 2800\u00a0JTD\u00a0CGV \/ 2800 TD \/ 2800 TD EGR<br \/>\nFIAT PROFESSIONAL &#8211; 2E DUCATO RESTYL. (2001-2006) CON CAPACIDAD 18Q \/ (CABINADO P.CORTO L.BAJA 4X2 \/ CABINADO P.MEDIO L.BAJA 4X2 \/ CABINADO P.LARGO L.BAJA 4X2 \/ DOB. CAB. P.MEDIO L.BAJA 4X2 \/ DOB. CAB. P.LARGO L.BAJA 4X2) \/ 2300\u00a0JTD \/ 2300\u00a0JTD\u00a0EGR \/ 2800 JTD \/ 2800 JTD EGR \/ 2800\u00a0JTD\u00a0CGV \/ 2800 TD \/ 2800 TD EGR<br \/>\nFIAT PROFESSIONAL &#8211; 2E DUCATO RESTYL. BZ\/DS (2001-2006) CON CAPACIDAD 18Q \/ CAMBIO AUTOMATICO<br \/>\nFIAT PROFESSIONAL &#8211; 2E DUCATO RESTYL. (2001-2006) CON CAPACIDAD 18Q \/ 2200 JTD DW 12<br \/>\nFIAT PROFESSIONAL &#8211; PE DUCATO&#8217;94 DIESEL (1994-2002) CON CAPACIDAD 18Q<br \/>\nFIAT PROFESSIONAL &#8211; PE DUCATO&#8217;94 DIESEL (1994-2002) CON CAPACIDAD 18Q \/ CAMBIO AUTOMATICO<br \/>\nCITROEN &#8211; JUMPER (1994-2006)<br \/>\nPEUGEOT &#8211; BOXER (1994-2006)<\/p>\n<p>LA PIEZA ES NUEVA Y ORIGINAL.<\/p>\n","protected":false},"excerpt":{"rendered":"<p>Buje de las ruedas delanteras de: N\u00famero de dientes: 35 Largo: 100 mm Di\u00e1metro: 155,5 mm Di\u00e1metro interior: 38 mm Di\u00e1metro buje de rueda: 78 mm Di\u00e1metro rodamiento rueda: 55 mm FIAT PROFESSIONAL &#8211; PD DUCATO &#8217;94 BENZINA (1994-2002) CON CAPACIDAD 18Q FIAT PROFESSIONAL &#8211; 2E DUCATO RESTYL. (2001-2006) CON CAPACIDAD 18Q \/ 2000 BZ [&hellip;]<\/p>\n","protected":false},"featured_media":91208,"template":"","meta":{"_seopress_robots_primary_cat":"","_seopress_titles_title":"","_seopress_titles_desc":"","_seopress_robots_index":""},"product_cat":[155,23,88,20,137,24],"product_tag":[],"class_list":{"0":"post-91204","1":"product","2":"type-product","3":"status-publish","4":"has-post-thumbnail","6":"product_cat-recambios-peugeot-boxer","7":"product_cat-recambios-citroen","8":"product_cat-recambios-fiat-ducato","9":"product_cat-recambios-fiat","10":"product_cat-recambios-citroen-jumper","11":"product_cat-recambios-peugeot","13":"first","14":"instock","15":"taxable","16":"shipping-taxable","17":"purchasable","18":"product-type-simple"},"_links":{"self":[{"href":"https:\/\/galicianparts.com\/shop\/wp-json\/wp\/v2\/product\/91204"}],"collection":[{"href":"https:\/\/galicianparts.com\/shop\/wp-json\/wp\/v2\/product"}],"about":[{"href":"https:\/\/galicianparts.com\/shop\/wp-json\/wp\/v2\/types\/product"}],"wp:featuredmedia":[{"embeddable":true,"href":"https:\/\/galicianparts.com\/shop\/wp-json\/wp\/v2\/media\/91208"}],"wp:attachment":[{"href":"https:\/\/galicianparts.com\/shop\/wp-json\/wp\/v2\/media?parent=91204"}],"wp:term":[{"taxonomy":"product_cat","embeddable":true,"href":"https:\/\/galicianparts.com\/shop\/wp-json\/wp\/v2\/product_cat?post=91204"},{"taxonomy":"product_tag","embeddable":true,"href":"https:\/\/galicianparts.com\/shop\/wp-json\/wp\/v2\/product_tag?post=91204"}],"curies":[{"name":"wp","href":"https:\/\/api.w.org\/{rel}","templated":true}]}}