{"id":91293,"date":"2024-09-09T13:08:33","date_gmt":"2024-09-09T11:08:33","guid":{"rendered":"https:\/\/galicianparts.com\/shop\/producto\/60332593-microficha-catalogo-lancia-dedra-1-9-td-1994-1999-nueva-original\/"},"modified":"2024-09-09T13:10:49","modified_gmt":"2024-09-09T11:10:49","slug":"60332593-microficha-catalogo-lancia-dedra-1-9-td-1994-1999-nueva-original","status":"publish","type":"product","link":"https:\/\/galicianparts.com\/shop\/producto\/60332593-microficha-catalogo-lancia-dedra-1-9-td-1994-1999-nueva-original\/","title":{"rendered":"60332593 Microficha cat\u00e1logo Lancia Dedra 1.9 TD (1994-1999) NUEVA ORIGINAL"},"content":{"rendered":"<p>Microficha del cat\u00e1logo de mec\u00e1nica y carrocer\u00eda de:<br \/>\nLANCIA &#8211; DEDRA (1994-1999)<\/p>\n<p>LA PIEZA ES NUEVA Y ORIGINAL.<\/p>\n","protected":false},"excerpt":{"rendered":"<p>Microficha del cat\u00e1logo de mec\u00e1nica y carrocer\u00eda de: LANCIA &#8211; DEDRA (1994-1999) LA PIEZA ES NUEVA Y ORIGINAL.<\/p>\n","protected":false},"featured_media":91294,"template":"","meta":{"_seopress_robots_primary_cat":"","_seopress_titles_title":"","_seopress_titles_desc":"","_seopress_robots_index":""},"product_cat":[117,21],"product_tag":[],"class_list":{"0":"post-91293","1":"product","2":"type-product","3":"status-publish","4":"has-post-thumbnail","6":"product_cat-recambios-lancia-dedra","7":"product_cat-recambios-lancia","9":"first","10":"instock","11":"taxable","12":"shipping-taxable","13":"purchasable","14":"product-type-simple"},"_links":{"self":[{"href":"https:\/\/galicianparts.com\/shop\/wp-json\/wp\/v2\/product\/91293"}],"collection":[{"href":"https:\/\/galicianparts.com\/shop\/wp-json\/wp\/v2\/product"}],"about":[{"href":"https:\/\/galicianparts.com\/shop\/wp-json\/wp\/v2\/types\/product"}],"wp:featuredmedia":[{"embeddable":true,"href":"https:\/\/galicianparts.com\/shop\/wp-json\/wp\/v2\/media\/91294"}],"wp:attachment":[{"href":"https:\/\/galicianparts.com\/shop\/wp-json\/wp\/v2\/media?parent=91293"}],"wp:term":[{"taxonomy":"product_cat","embeddable":true,"href":"https:\/\/galicianparts.com\/shop\/wp-json\/wp\/v2\/product_cat?post=91293"},{"taxonomy":"product_tag","embeddable":true,"href":"https:\/\/galicianparts.com\/shop\/wp-json\/wp\/v2\/product_tag?post=91293"}],"curies":[{"name":"wp","href":"https:\/\/api.w.org\/{rel}","templated":true}]}}