{"id":91297,"date":"2024-09-09T13:18:00","date_gmt":"2024-09-09T11:18:00","guid":{"rendered":"https:\/\/galicianparts.com\/shop\/producto\/60332564-microficha-catalogo-fiat-fiorino-gasolina-1993-2000-nueva-original\/"},"modified":"2024-09-09T13:19:30","modified_gmt":"2024-09-09T11:19:30","slug":"60332564-microficha-catalogo-fiat-fiorino-gasolina-1993-2000-nueva-original","status":"publish","type":"product","link":"https:\/\/galicianparts.com\/shop\/producto\/60332564-microficha-catalogo-fiat-fiorino-gasolina-1993-2000-nueva-original\/","title":{"rendered":"60332564 Microficha cat\u00e1logo Fiat Fiorino gasolina (1993-2000) NUEVA ORIGINAL"},"content":{"rendered":"<p>Microficha del cat\u00e1logo de mec\u00e1nica y carrocer\u00eda de:<br \/>\nFIAT &#8211; FIORINO (1993-2000) 1.3 CARB. \/ 1.4 SPI \/ 1.6 SPI<\/p>\n<p>LA PIEZA ES NUEVA Y ORIGINAL.<\/p>\n","protected":false},"excerpt":{"rendered":"<p>Microficha del cat\u00e1logo de mec\u00e1nica y carrocer\u00eda de: FIAT &#8211; FIORINO (1993-2000) 1.3 CARB. \/ 1.4 SPI \/ 1.6 SPI LA PIEZA ES NUEVA Y ORIGINAL.<\/p>\n","protected":false},"featured_media":91299,"template":"","meta":{"_seopress_robots_primary_cat":"","_seopress_titles_title":"","_seopress_titles_desc":"","_seopress_robots_index":""},"product_cat":[20,91],"product_tag":[],"class_list":{"0":"post-91297","1":"product","2":"type-product","3":"status-publish","4":"has-post-thumbnail","6":"product_cat-recambios-fiat","7":"product_cat-recambios-fiat-fiorino","9":"first","10":"instock","11":"taxable","12":"shipping-taxable","13":"purchasable","14":"product-type-simple"},"_links":{"self":[{"href":"https:\/\/galicianparts.com\/shop\/wp-json\/wp\/v2\/product\/91297"}],"collection":[{"href":"https:\/\/galicianparts.com\/shop\/wp-json\/wp\/v2\/product"}],"about":[{"href":"https:\/\/galicianparts.com\/shop\/wp-json\/wp\/v2\/types\/product"}],"wp:featuredmedia":[{"embeddable":true,"href":"https:\/\/galicianparts.com\/shop\/wp-json\/wp\/v2\/media\/91299"}],"wp:attachment":[{"href":"https:\/\/galicianparts.com\/shop\/wp-json\/wp\/v2\/media?parent=91297"}],"wp:term":[{"taxonomy":"product_cat","embeddable":true,"href":"https:\/\/galicianparts.com\/shop\/wp-json\/wp\/v2\/product_cat?post=91297"},{"taxonomy":"product_tag","embeddable":true,"href":"https:\/\/galicianparts.com\/shop\/wp-json\/wp\/v2\/product_tag?post=91297"}],"curies":[{"name":"wp","href":"https:\/\/api.w.org\/{rel}","templated":true}]}}