{"id":91326,"date":"2024-09-10T09:59:52","date_gmt":"2024-09-10T07:59:52","guid":{"rendered":"https:\/\/galicianparts.com\/shop\/producto\/60332621-microficha-catalogo-fiat-marea-1-9-2-4-jtd-1999-2002-nueva-original\/"},"modified":"2025-09-08T13:44:48","modified_gmt":"2025-09-08T11:44:48","slug":"60332621-microficha-catalogo-fiat-marea-1-9-2-4-jtd-1999-2002-nueva-original","status":"publish","type":"product","link":"https:\/\/galicianparts.com\/shop\/producto\/60332621-microficha-catalogo-fiat-marea-1-9-2-4-jtd-1999-2002-nueva-original\/","title":{"rendered":"60332621 Microficha cat\u00e1logo Fiat Marea 1.9-2.4 JTD (1999-2002) NUEVA ORIGINAL"},"content":{"rendered":"<p>Microficha del cat\u00e1logo de mec\u00e1nica y carrocer\u00eda de:<br \/>\nFIAT &#8211; MAREA 1910 JTD CF2 105CV \/ 1910 JTD CF3 110CV \/ 1910 JTD CF3 100CV \/ 1910 TD 75CV \/ 2400 JTD CF2 136CV<\/p>\n<p>LA PIEZA ES NUEVA Y ORIGINAL.<\/p>\n","protected":false},"excerpt":{"rendered":"<p>Microficha del cat\u00e1logo de mec\u00e1nica y carrocer\u00eda de: FIAT &#8211; MAREA 1910 JTD CF2 105CV \/ 1910 JTD CF3 110CV \/ 1910 JTD CF3 100CV \/ 1910 TD 75CV \/ 2400 JTD CF2 136CV LA PIEZA ES NUEVA Y ORIGINAL.<\/p>\n","protected":false},"featured_media":91329,"template":"","meta":{"_seopress_robots_primary_cat":"","_seopress_titles_title":"","_seopress_titles_desc":"","_seopress_robots_index":""},"product_cat":[20,95],"product_tag":[],"class_list":{"0":"post-91326","1":"product","2":"type-product","3":"status-publish","4":"has-post-thumbnail","6":"product_cat-recambios-fiat","7":"product_cat-recambios-fiat-marea","9":"first","10":"outofstock","11":"taxable","12":"shipping-taxable","13":"purchasable","14":"product-type-simple"},"_links":{"self":[{"href":"https:\/\/galicianparts.com\/shop\/wp-json\/wp\/v2\/product\/91326"}],"collection":[{"href":"https:\/\/galicianparts.com\/shop\/wp-json\/wp\/v2\/product"}],"about":[{"href":"https:\/\/galicianparts.com\/shop\/wp-json\/wp\/v2\/types\/product"}],"wp:featuredmedia":[{"embeddable":true,"href":"https:\/\/galicianparts.com\/shop\/wp-json\/wp\/v2\/media\/91329"}],"wp:attachment":[{"href":"https:\/\/galicianparts.com\/shop\/wp-json\/wp\/v2\/media?parent=91326"}],"wp:term":[{"taxonomy":"product_cat","embeddable":true,"href":"https:\/\/galicianparts.com\/shop\/wp-json\/wp\/v2\/product_cat?post=91326"},{"taxonomy":"product_tag","embeddable":true,"href":"https:\/\/galicianparts.com\/shop\/wp-json\/wp\/v2\/product_tag?post=91326"}],"curies":[{"name":"wp","href":"https:\/\/api.w.org\/{rel}","templated":true}]}}