{"id":91631,"date":"2024-09-19T13:27:12","date_gmt":"2024-09-19T11:27:12","guid":{"rendered":"https:\/\/galicianparts.com\/shop\/producto\/4418305-sensor-temperatura-bomba-agua-fiat-uno-turbo-ie-1985-1991-nuevo-original\/"},"modified":"2024-10-06T20:30:16","modified_gmt":"2024-10-06T18:30:16","slug":"4418305-sensor-temperatura-bomba-agua-fiat-uno-turbo-ie-1985-1991-nuevo-original","status":"publish","type":"product","link":"https:\/\/galicianparts.com\/shop\/producto\/4418305-sensor-temperatura-bomba-agua-fiat-uno-turbo-ie-1985-1991-nuevo-original\/","title":{"rendered":"4418305 Sensor temperatura bomba agua Fiat Uno Turbo IE (1985-1991) NUEVO ORIGINAL"},"content":{"rendered":"<p>Electrov\u00e1lvula de temperatura del refrigerante de la bomba de agua de:<br \/>\nMedida de rosca: 14\u00d71,5<br \/>\nAncho de llave: 19<br \/>\nVoltaje: 12V<\/p>\n<p>FIAT Uno Hatchback (146)<br \/>\n1.3 Turbo i.e., A\u00f1o 09.1989 &#8211; 03.1991, 1301 ccm, 101 cv<br \/>\n1.3 Turbo i.e., A\u00f1o 04.1985 &#8211; 08.1989, 1301 ccm, 105 cv<br \/>\n75 i.e. 1.5, A\u00f1o 10.1985 &#8211; 12.1993, 1498 ccm, 75 cv<\/p>\n<p>LA PIEZA ES NUEVA Y ORIGINAL.<\/p>\n","protected":false},"excerpt":{"rendered":"<p>Electrov\u00e1lvula de temperatura del refrigerante de la bomba de agua de: Medida de rosca: 14\u00d71,5 Ancho de llave: 19 Voltaje: 12V FIAT Uno Hatchback (146) 1.3 Turbo i.e., A\u00f1o 09.1989 &#8211; 03.1991, 1301 ccm, 101 cv 1.3 Turbo i.e., A\u00f1o 04.1985 &#8211; 08.1989, 1301 ccm, 105 cv 75 i.e. 1.5, A\u00f1o 10.1985 &#8211; 12.1993, 1498 [&hellip;]<\/p>\n","protected":false},"featured_media":91635,"template":"","meta":{"_seopress_robots_primary_cat":"","_seopress_titles_title":"","_seopress_titles_desc":"","_seopress_robots_index":""},"product_cat":[20,114],"product_tag":[],"class_list":{"0":"post-91631","1":"product","2":"type-product","3":"status-publish","4":"has-post-thumbnail","6":"product_cat-recambios-fiat","7":"product_cat-recambios-fiat-uno","9":"first","10":"outofstock","11":"taxable","12":"shipping-taxable","13":"purchasable","14":"product-type-simple"},"_links":{"self":[{"href":"https:\/\/galicianparts.com\/shop\/wp-json\/wp\/v2\/product\/91631"}],"collection":[{"href":"https:\/\/galicianparts.com\/shop\/wp-json\/wp\/v2\/product"}],"about":[{"href":"https:\/\/galicianparts.com\/shop\/wp-json\/wp\/v2\/types\/product"}],"wp:featuredmedia":[{"embeddable":true,"href":"https:\/\/galicianparts.com\/shop\/wp-json\/wp\/v2\/media\/91635"}],"wp:attachment":[{"href":"https:\/\/galicianparts.com\/shop\/wp-json\/wp\/v2\/media?parent=91631"}],"wp:term":[{"taxonomy":"product_cat","embeddable":true,"href":"https:\/\/galicianparts.com\/shop\/wp-json\/wp\/v2\/product_cat?post=91631"},{"taxonomy":"product_tag","embeddable":true,"href":"https:\/\/galicianparts.com\/shop\/wp-json\/wp\/v2\/product_tag?post=91631"}],"curies":[{"name":"wp","href":"https:\/\/api.w.org\/{rel}","templated":true}]}}