{"id":9170,"date":"2020-11-25T21:41:59","date_gmt":"2020-11-25T19:41:59","guid":{"rendered":"https:\/\/galicianparts.com\/shop\/producto\/4182425-correa-distribucion-lancia-beta-delta-fiat-124-131-132-argenta-ritmo-original\/"},"modified":"2024-02-22T13:49:53","modified_gmt":"2024-02-22T11:49:53","slug":"4182425-correa-distribucion-lancia-beta-delta-fiat-124-131-132-argenta-ritmo-original","status":"publish","type":"product","link":"https:\/\/galicianparts.com\/shop\/producto\/4182425-correa-distribucion-lancia-beta-delta-fiat-124-131-132-argenta-ritmo-original\/","title":{"rendered":"4182425 Correa distribuci\u00f3n Lancia Beta \/Delta \/Fiat 124 \/131 \/Ritmo \/132 ORIGINAL"},"content":{"rendered":"<p>Correa dentada del motor de:<br \/>\nFIAT Ritmo I Cabrio<br \/>\n1.6 100, A\u00f1o 10.1985 &#8211; 12.1987, 1585 , 105<br \/>\nFIAT Ritmo I Hatchback (138)<br \/>\n1.6, A\u00f1o 12.1985 &#8211; 12.1987, 1585 , 90<br \/>\n1.6 100, A\u00f1o 01.1983 &#8211; 12.1987, 1585 , 100<br \/>\n1.6 Sport 105, A\u00f1o 05.1981 &#8211; 12.1987, 1585 , 105<br \/>\nFIAT 124 Sport Spider (124)<br \/>\n1.4 Sport, A\u00f1o 01.1966 &#8211; 12.1972, 1438 , 90<br \/>\nFIAT 131 (131)<br \/>\n1.3 Super Mirafiori, A\u00f1o 03.1978 &#8211; 12.1980, 1297 , 78<br \/>\n1.4 Mirafiori, A\u00f1o 11.1980 &#8211; 01.1984, 1367 , 70<br \/>\n1.6, A\u00f1o 11.1976 &#8211; 12.1984, 1585 , 85<br \/>\n1.6, A\u00f1o 10.1974 &#8211; 09.1981, 1585 , 75<br \/>\n1.6 Super, A\u00f1o 03.1978 &#8211; 01.1984, 1585 , 97<br \/>\n1.6 Super Mirafiori, A\u00f1o 03.1979 &#8211; 03.1982, 1585 , 98<br \/>\nFIAT Argenta (132)<br \/>\n1.6, A\u00f1o 04.1981 &#8211; 12.1985, 1585 , 98<br \/>\n1.6 i.e, A\u00f1o 04.1981 &#8211; 12.1985, 1585 , 90<br \/>\nFIAT 124 Berlina (124)<br \/>\n1.4, A\u00f1o 12.1968 &#8211; 12.1972, 1438 , 70<br \/>\nFIAT 124 Familiare (124)<br \/>\n1.4, A\u00f1o 09.1967 &#8211; 05.1971, 1438 , 69<br \/>\nFIAT 124 Coup\u00e9 (124)<br \/>\n1.4 Sport, A\u00f1o 06.1967 &#8211; 10.1972, 1438 , 90<br \/>\nFIAT 132 (132_)<br \/>\n1.6, A\u00f1o 05.1977 &#8211; 09.1982, 1585 , 88<br \/>\n1.6, A\u00f1o 03.1977 &#8211; 12.1981, 1585 , 90<br \/>\n1.6, A\u00f1o 01.1976 &#8211; 12.1982, 1585 , 98<br \/>\n1.6, A\u00f1o 04.1972 &#8211; 01.1976, 1592 , 98<\/p>\n<p>LANCIA Delta I (831)<br \/>\n1.6 GT, A\u00f1o 11.1982 &#8211; 04.1986, 1585 , 105<br \/>\nLANCIA Beta H.P.E. (828)<br \/>\n1.6, A\u00f1o 08.1980 &#8211; 09.1984, 1585 , 101<br \/>\nLANCIA Trevi (828)<br \/>\n1.6, A\u00f1o 05.1980 &#8211; 01.1987, 1585 , 100<br \/>\nLANCIA Prisma (831)<br \/>\n1.6, A\u00f1o 01.1983 &#8211; 04.1986, 1585 , 105<br \/>\nLANCIA Beta Coup\u00e9 (828)<br \/>\n1.4 1300, A\u00f1o 12.1981 &#8211; 12.1984, 1367 , 84<br \/>\n1.4 1300, A\u00f1o 07.1977 &#8211; 01.1981, 1279 , 82<br \/>\n1.6, A\u00f1o 04.1976 &#8211; 12.1984, 1585 , 101<br \/>\nLANCIA Beta Spider (828)<br \/>\n1.6, A\u00f1o 05.1976 &#8211; 10.1986, 1585 , 100<br \/>\nLANCIA Beta Hatchback (828)<br \/>\n1.3, A\u00f1o 04.1976 &#8211; 07.1982, 1297 , 83<br \/>\n1.6, A\u00f1o 08.1973 &#8211; 07.1982, 1585 , 101<br \/>\nLANCIA Beta Berlina (828_)<br \/>\n1.6, A\u00f1o 01.1981 &#8211; 10.1986, 1585 , 100<\/p>\n<p>LA PIEZA ES NUEVA Y ORIGINAL.<\/p>\n","protected":false},"excerpt":{"rendered":"<p>Correa dentada del motor de: FIAT Ritmo I Cabrio 1.6 100, A\u00f1o 10.1985 &#8211; 12.1987, 1585 , 105 FIAT Ritmo I Hatchback (138) 1.6, A\u00f1o 12.1985 &#8211; 12.1987, 1585 , 90 1.6 100, A\u00f1o 01.1983 &#8211; 12.1987, 1585 , 100 1.6 Sport 105, A\u00f1o 05.1981 &#8211; 12.1987, 1585 , 105 FIAT 124 Sport Spider (124) [&hellip;]<\/p>\n","protected":false},"featured_media":71048,"template":"","meta":{"_seopress_robots_primary_cat":"","_seopress_titles_title":"","_seopress_titles_desc":"","_seopress_robots_index":""},"product_cat":[65,70,71,79,116,118,20,21,123,103,225],"product_tag":[],"class_list":{"0":"post-9170","1":"product","2":"type-product","3":"status-publish","4":"has-post-thumbnail","6":"product_cat-recambios-fiat-124","7":"product_cat-recambios-fiat-131","8":"product_cat-recambios-fiat-132","9":"product_cat-recambios-fiat-argenta","10":"product_cat-recambios-lancia-beta","11":"product_cat-recambios-lancia-delta","12":"product_cat-recambios-fiat","13":"product_cat-recambios-lancia","14":"product_cat-recambios-lancia-prisma","15":"product_cat-recambios-fiat-ritmo","16":"product_cat-recambios-lancia-trevi","18":"first","19":"instock","20":"taxable","21":"shipping-taxable","22":"purchasable","23":"product-type-simple"},"_links":{"self":[{"href":"https:\/\/galicianparts.com\/shop\/wp-json\/wp\/v2\/product\/9170"}],"collection":[{"href":"https:\/\/galicianparts.com\/shop\/wp-json\/wp\/v2\/product"}],"about":[{"href":"https:\/\/galicianparts.com\/shop\/wp-json\/wp\/v2\/types\/product"}],"wp:featuredmedia":[{"embeddable":true,"href":"https:\/\/galicianparts.com\/shop\/wp-json\/wp\/v2\/media\/71048"}],"wp:attachment":[{"href":"https:\/\/galicianparts.com\/shop\/wp-json\/wp\/v2\/media?parent=9170"}],"wp:term":[{"taxonomy":"product_cat","embeddable":true,"href":"https:\/\/galicianparts.com\/shop\/wp-json\/wp\/v2\/product_cat?post=9170"},{"taxonomy":"product_tag","embeddable":true,"href":"https:\/\/galicianparts.com\/shop\/wp-json\/wp\/v2\/product_tag?post=9170"}],"curies":[{"name":"wp","href":"https:\/\/api.w.org\/{rel}","templated":true}]}}