{"id":91738,"date":"2024-09-24T09:24:10","date_gmt":"2024-09-24T07:24:10","guid":{"rendered":"https:\/\/galicianparts.com\/shop\/producto\/791475-regulador-freno-trasero-fiat-ritmo-regata-128-alfa-33-seat-original\/"},"modified":"2024-11-21T22:37:53","modified_gmt":"2024-11-21T20:37:53","slug":"791475-regulador-freno-trasero-fiat-ritmo-regata-128-alfa-33-seat-original","status":"publish","type":"product","link":"https:\/\/galicianparts.com\/shop\/producto\/791475-regulador-freno-trasero-fiat-ritmo-regata-128-alfa-33-seat-original\/","title":{"rendered":"791475 Regulador freno trasero Fiat Ritmo \/Regata \/128 \/Alfa 33 \/Seat ORIGINAL"},"content":{"rendered":"<p>Corrector, repartidor de frenada del eje posterior de:<br \/>\nFIAT Regata (138)<br \/>\n1.6 Super 100, A\u00f1o 10.1983 &#8211; 07.1989, 1585 ccm, 95 cv<br \/>\n1.6 Super 100, A\u00f1o 10.1983 &#8211; 12.1990, 1585 ccm, 101 cv<br \/>\n1.7 Di\u00e9sel 60, A\u00f1o 09.1983 &#8211; 12.1986, 1714 ccm, 58 cv<br \/>\n1.7 Di\u00e9sel 60, A\u00f1o 05.1985 &#8211; 03.1989, 1698 ccm, 60 cv<br \/>\n1.9 Di\u00e9sel 65, A\u00f1o 04.1984 &#8211; 07.1989, 1929 ccm, 65 cv<br \/>\n1.3 70, A\u00f1o 09.1983 &#8211; 07.1989, 1301 ccm, 65 cv<br \/>\n1.3 70, A\u00f1o 09.1983 &#8211; 07.1986, 1301 ccm, 68 cv<br \/>\n1.5 75, A\u00f1o 12.1983 &#8211; 07.1989, 1498 ccm, 75 cv<br \/>\n1.9 Turbodi\u00e9sel 80, A\u00f1o 05.1986 &#8211; 07.1989, 1929 ccm, 80 cv<br \/>\n1.5 85, A\u00f1o 05.1985 &#8211; 12.1987, 1498 ccm, 79 cv<br \/>\n1.6 85, A\u00f1o 10.1983 &#8211; 06.1990, 1585 ccm, 82 cv<br \/>\n1.5 Super 85, A\u00f1o 09.1983 &#8211; 04.1985, 1498 ccm, 82 cv<br \/>\n1.6 i.e. 90, A\u00f1o 01.1987 &#8211; 07.1989, 1595 ccm, 90 cv<br \/>\nFIAT Ritmo I Cabrio<br \/>\n1.6 100, A\u00f1o 10.1985 &#8211; 12.1987, 1585 ccm, 100 cv<br \/>\n1.6 100, A\u00f1o 10.1985 &#8211; 12.1987, 1585 ccm, 105 cv<br \/>\n50 1.3, A\u00f1o 10.1985 &#8211; 12.1987, 1302 ccm, 68 cv<br \/>\n1.5 80, A\u00f1o 03.1983 &#8211; 12.1986, 1498 ccm, 82 cv<br \/>\n1.5 80, A\u00f1o 01.1980 &#8211; 07.1989, 1498 ccm, 86 cv<br \/>\nFIAT Ritmo I Hatchback (138)<br \/>\n1.1, A\u00f1o 10.1982 &#8211; 12.1987, 1116 ccm, 55 cv<br \/>\n1.1, A\u00f1o 04.1985 &#8211; 12.1987, 1116 ccm, 58 cv<br \/>\n1.3, A\u00f1o 01.1983 &#8211; 04.1985, 1301 ccm, 68 cv<br \/>\n1.5, A\u00f1o 01.1978 &#8211; 12.1988, 1498 ccm, 75 cv<br \/>\n1.5, A\u00f1o 08.1985 &#8211; 05.1987, 1498 ccm, 79 cv<br \/>\n1.5, A\u00f1o 01.1983 &#8211; 12.1987, 1498 ccm, 82 cv<br \/>\n1.6, A\u00f1o 12.1985 &#8211; 12.1987, 1585 ccm, 90 cv<br \/>\n1.6, A\u00f1o 01.1983 &#8211; 12.1987, 1585 ccm, 100 cv<br \/>\n1.6, A\u00f1o 05.1981 &#8211; 12.1987, 1585 ccm, 105 cv<br \/>\n1.7 Diesel, A\u00f1o 05.1985 &#8211; 12.1987, 1698 ccm, 60 cv<br \/>\n1.9 TD, A\u00f1o 12.1985 &#8211; 12.1987, 1929 ccm, 80 cv<br \/>\nABARTH Ritmo (138A_)<br \/>\n125 TC 2.0 (138.A_), A\u00f1o 11.1981 &#8211; 12.1987, 1995 ccm, 125 cv<br \/>\n130 TC 2.0 (138.A_), A\u00f1o 04.1983 &#8211; 12.1987, 1995 ccm, 130 cv<br \/>\nFIAT 128 Coup\u00e9 (128)<br \/>\n1.1, A\u00f1o 03.1972 &#8211; 02.1981, 1116 ccm, 64 cv<br \/>\n1.1, A\u00f1o 08.1975 &#8211; 02.1981, 1116 ccm, 65 cv<br \/>\nFIAT 128 (128)<br \/>\n1.1, A\u00f1o 02.1975 &#8211; 09.1981, 1116 ccm, 45 cv<br \/>\n1.1 (128A), A\u00f1o 03.1969 &#8211; 12.1984, 1116 ccm, 55 cv<\/p>\n<p>ALFA ROMEO 33 Hatchback (905)<br \/>\n1.3, A\u00f1o 06.1983 &#8211; 12.1989, 1351 ccm, 75 cv<\/p>\n<p>SEAT Ronda (022A)<br \/>\n1.2, A\u00f1o 10.1984 &#8211; 12.1986, 1193 ccm, 60 cv<br \/>\n1.2, A\u00f1o 08.1983 &#8211; 05.1985, 1197 ccm, 64 cv<br \/>\n1.4, A\u00f1o 06.1982 &#8211; 11.1988, 1438 ccm, 73 cv<br \/>\n1.5, A\u00f1o 09.1984 &#8211; 12.1986, 1461 ccm, 85 cv<br \/>\n1.6, A\u00f1o 08.1983 &#8211; 09.1985, 1592 ccm, 92 cv<br \/>\n1.7 Di\u00e9sel, A\u00f1o 06.1982 &#8211; 12.1986, 1714 ccm, 54 cv<br \/>\n1.7 Di\u00e9sel, A\u00f1o 06.1982 &#8211; 12.1986, 1714 ccm, 56 cv<br \/>\nSEAT Malaga (023A)<br \/>\n1.2, A\u00f1o 05.1985 &#8211; 12.1993, 1193 ccm, 60 cv<br \/>\n1.2, A\u00f1o 11.1984 &#8211; 12.1993, 1193 ccm, 64 cv<br \/>\n1.2 i, A\u00f1o 12.1989 &#8211; 12.1993, 1193 ccm, 71 cv<br \/>\n1.5, A\u00f1o 05.1985 &#8211; 12.1993, 1461 ccm, 85 cv<br \/>\n1.5 i, A\u00f1o 01.1987 &#8211; 12.1993, 1461 ccm, 100 cv<br \/>\n1.5 i Cat, A\u00f1o 10.1986 &#8211; 12.1993, 1461 ccm, 90 cv<br \/>\n1.7 D, A\u00f1o 05.1985 &#8211; 12.1993, 1714 ccm, 54 cv<br \/>\n1.7 D, A\u00f1o 05.1990 &#8211; 12.1993, 1714 ccm, 57 cv<br \/>\nSEAT Ibiza I Hatchback (021A)<br \/>\n0.9, A\u00f1o 08.1990 &#8211; 05.1993, 903 ccm, 40 cv<br \/>\n0.9, A\u00f1o 08.1986 &#8211; 05.1993, 903 ccm, 44 cv<br \/>\n1.2, A\u00f1o 11.1984 &#8211; 12.1993, 1193 ccm, 60 cv<br \/>\n1.2, A\u00f1o 11.1984 &#8211; 12.1993, 1193 ccm, 63 cv<br \/>\n1.2 i, A\u00f1o 01.1989 &#8211; 05.1993, 1193 ccm, 71 cv<br \/>\n1.5, A\u00f1o 11.1984 &#8211; 05.1993, 1461 ccm, 85 cv<br \/>\n1.5 i, A\u00f1o 10.1986 &#8211; 05.1993, 1461 ccm, 89 cv<br \/>\n1.5 i, A\u00f1o 10.1986 &#8211; 05.1993, 1461 ccm, 100 cv<br \/>\n1.5 i Cat, A\u00f1o 10.1986 &#8211; 05.1993, 1461 ccm, 90 cv<br \/>\n1.7, A\u00f1o 01.1991 &#8211; 05.1993, 1675 ccm, 98 cv<br \/>\n1.7 D, A\u00f1o 06.1984 &#8211; 05.1993, 1714 ccm, 54 cv<br \/>\nSEAT Ritmo (138)<br \/>\n1.4, A\u00f1o 07.1978 &#8211; 09.1983, 1438 ccm, 78 cv<\/p>\n<p>LA PIEZA ES NUEVA Y ORIGINAL.<\/p>\n","protected":false},"excerpt":{"rendered":"<p>Corrector, repartidor de frenada del eje posterior de: FIAT Regata (138) 1.6 Super 100, A\u00f1o 10.1983 &#8211; 07.1989, 1585 ccm, 95 cv 1.6 Super 100, A\u00f1o 10.1983 &#8211; 12.1990, 1585 ccm, 101 cv 1.7 Di\u00e9sel 60, A\u00f1o 09.1983 &#8211; 12.1986, 1714 ccm, 58 cv 1.7 Di\u00e9sel 60, A\u00f1o 05.1985 &#8211; 03.1989, 1698 ccm, 60 cv [&hellip;]<\/p>\n","protected":false},"featured_media":91739,"template":"","meta":{"_seopress_robots_primary_cat":"","_seopress_titles_title":"","_seopress_titles_desc":"","_seopress_robots_index":""},"product_cat":[69,43,16,20,162,164,102,198,103,165,26],"product_tag":[],"class_list":{"0":"post-91738","1":"product","2":"type-product","3":"status-publish","4":"has-post-thumbnail","6":"product_cat-recambios-fiat-128","7":"product_cat-recambios-alfa-romeo-33","8":"product_cat-recambios-alfa-romeo","9":"product_cat-recambios-fiat","10":"product_cat-recambios-seat-ibiza","11":"product_cat-recambios-seat-malaga","12":"product_cat-recambios-fiat-regata","13":"product_cat-recambios-seat-ritmo","14":"product_cat-recambios-fiat-ritmo","15":"product_cat-recambios-seat-ronda","16":"product_cat-recambios-seat","18":"first","19":"outofstock","20":"taxable","21":"shipping-taxable","22":"purchasable","23":"product-type-simple"},"_links":{"self":[{"href":"https:\/\/galicianparts.com\/shop\/wp-json\/wp\/v2\/product\/91738"}],"collection":[{"href":"https:\/\/galicianparts.com\/shop\/wp-json\/wp\/v2\/product"}],"about":[{"href":"https:\/\/galicianparts.com\/shop\/wp-json\/wp\/v2\/types\/product"}],"wp:featuredmedia":[{"embeddable":true,"href":"https:\/\/galicianparts.com\/shop\/wp-json\/wp\/v2\/media\/91739"}],"wp:attachment":[{"href":"https:\/\/galicianparts.com\/shop\/wp-json\/wp\/v2\/media?parent=91738"}],"wp:term":[{"taxonomy":"product_cat","embeddable":true,"href":"https:\/\/galicianparts.com\/shop\/wp-json\/wp\/v2\/product_cat?post=91738"},{"taxonomy":"product_tag","embeddable":true,"href":"https:\/\/galicianparts.com\/shop\/wp-json\/wp\/v2\/product_tag?post=91738"}],"curies":[{"name":"wp","href":"https:\/\/api.w.org\/{rel}","templated":true}]}}