{"id":91797,"date":"2024-09-24T12:52:11","date_gmt":"2024-09-24T10:52:11","guid":{"rendered":"https:\/\/galicianparts.com\/shop\/producto\/7787313-tuerca-m20-buje-rueda-lancia-delta-integrale-fiat-uno-tb-seat-ritmo-original\/"},"modified":"2025-08-12T17:54:49","modified_gmt":"2025-08-12T15:54:49","slug":"7787313-tuerca-m20-buje-rueda-lancia-delta-integrale-fiat-uno-tb-seat-ritmo-original","status":"publish","type":"product","link":"https:\/\/galicianparts.com\/shop\/producto\/7787313-tuerca-m20-buje-rueda-lancia-delta-integrale-fiat-uno-tb-seat-ritmo-original\/","title":{"rendered":"7787313 Tuerca M20 buje rueda Lancia Delta Integrale \/Fiat Uno TB \/Seat Ritmo ORIGINAL"},"content":{"rendered":"<p>Tuerca de los bujes de las ruedas de:<br \/>\nM\u00e9trica: 20<br \/>\nAltura: 22 mm<\/p>\n<p>FIAT Regata (138)<br \/>\n1.6 Super 100, A\u00f1o 10.1983 &#8211; 12.1990, 1585 ccm, 101 cv<br \/>\n1.7 Di\u00e9sel 60, A\u00f1o 09.1983 &#8211; 12.1986, 1714 ccm, 58 cv<br \/>\n1.7 Di\u00e9sel 60, A\u00f1o 05.1985 &#8211; 03.1989, 1698 ccm, 60 cv<br \/>\n1.9 Di\u00e9sel 65, A\u00f1o 04.1984 &#8211; 07.1989, 1929 ccm, 65 cv<br \/>\n1.3 70, A\u00f1o 09.1983 &#8211; 07.1989, 1301 ccm, 65 cv<br \/>\n1.3 70, A\u00f1o 09.1983 &#8211; 07.1986, 1301 ccm, 68 cv<br \/>\n1.5 75, A\u00f1o 12.1983 &#8211; 07.1989, 1498 ccm, 75 cv<br \/>\n1.9 Turbodi\u00e9sel 80, A\u00f1o 05.1986 &#8211; 07.1989, 1929 ccm, 80 cv<br \/>\n1.5 85, A\u00f1o 05.1985 &#8211; 12.1987, 1498 ccm, 79 cv<br \/>\n1.6 85, A\u00f1o 10.1983 &#8211; 06.1990, 1585 ccm, 82 cv<br \/>\n1.5 Super 85, A\u00f1o 09.1983 &#8211; 04.1985, 1498 ccm, 82 cv<br \/>\n1.6 i.e. 90, A\u00f1o 01.1987 &#8211; 07.1989, 1595 ccm, 90 cv<br \/>\nFIAT X 1\/9 (128)<br \/>\n1.3, A\u00f1o 10.1975 &#8211; 06.1978, 1290 ccm, 73 cv<br \/>\n1.3, A\u00f1o 05.1973 &#8211; 12.1979, 1290 ccm, 75 cv<br \/>\n1.5, A\u00f1o 06.1985 &#8211; 12.1989, 1499 ccm, 76 cv<br \/>\n1.5 (128AS1_), A\u00f1o 11.1978 &#8211; 12.1989, 1498 ccm, 85 cv<br \/>\nFIAT Ritmo I Cabrio<br \/>\n1.6 100, A\u00f1o 10.1985 &#8211; 12.1987, 1585 ccm, 105 cv<br \/>\n50 1.3, A\u00f1o 10.1985 &#8211; 12.1987, 1302 ccm, 68 cv<br \/>\n1.5 80, A\u00f1o 01.1980 &#8211; 07.1989, 1498 ccm, 86 cv<br \/>\nFIAT Ritmo I Hatchback (138)<br \/>\n1.0, A\u00f1o 09.1978 &#8211; 09.1982, 1049 ccm, 60 cv<br \/>\n1.1, A\u00f1o 10.1982 &#8211; 12.1987, 1116 ccm, 55 cv<br \/>\n1.1, A\u00f1o 04.1985 &#8211; 12.1987, 1116 ccm, 58 cv<br \/>\n1.3, A\u00f1o 01.1978 &#8211; 08.1985, 1301 ccm, 65 cv<br \/>\n1.3, A\u00f1o 01.1981 &#8211; 09.1982, 1301 ccm, 75 cv<br \/>\n1.5, A\u00f1o 01.1978 &#8211; 12.1988, 1498 ccm, 75 cv<br \/>\n1.5, A\u00f1o 01.1981 &#8211; 05.1987, 1498 ccm, 85 cv<br \/>\n1.6, A\u00f1o 12.1985 &#8211; 12.1987, 1585 ccm, 90 cv<br \/>\n1.6, A\u00f1o 01.1983 &#8211; 12.1987, 1585 ccm, 100 cv<br \/>\n1.6, A\u00f1o 05.1981 &#8211; 12.1987, 1585 ccm, 105 cv<br \/>\n1.7 Diesel, A\u00f1o 10.1979 &#8211; 09.1982, 1714 ccm, 55 cv<br \/>\n1.7 Diesel, A\u00f1o 05.1985 &#8211; 12.1987, 1698 ccm, 60 cv<br \/>\n1.9 TD, A\u00f1o 12.1985 &#8211; 12.1987, 1929 ccm, 80 cv<br \/>\nABARTH Ritmo (138A_)<br \/>\n125 TC 2.0 (138.A_), A\u00f1o 11.1981 &#8211; 12.1987, 1995 ccm, 125 cv<br \/>\n130 TC 2.0 (138.A_), A\u00f1o 04.1983 &#8211; 12.1987, 1995 ccm, 130 cv<br \/>\nFIAT 127 Hatchback (127)<br \/>\n0.9, A\u00f1o 06.1971 &#8211; 05.1983, 903 ccm, 40 cv<br \/>\n0.9 (127A), A\u00f1o 09.1971 &#8211; 12.1984, 903 ccm, 45 cv<br \/>\nFIAT 128 Coup\u00e9 (128)<br \/>\n1.1, A\u00f1o 03.1972 &#8211; 02.1981, 1116 ccm, 64 cv<br \/>\n1.3, A\u00f1o 03.1972 &#8211; 12.1979, 1290 ccm, 75 cv<br \/>\n1.3 Berlinetta, A\u00f1o 06.1975 &#8211; 12.1979, 1290 ccm, 73 cv<br \/>\nFIAT 128 (128)<br \/>\n1.1, A\u00f1o 02.1975 &#8211; 09.1981, 1116 ccm, 45 cv<br \/>\n1.1 (128A), A\u00f1o 03.1969 &#8211; 12.1984, 1116 ccm, 55 cv<br \/>\n1.3 (128A), A\u00f1o 08.1974 &#8211; 12.1984, 1290 ccm, 60 cv<br \/>\n1.3 Rally (128A), A\u00f1o 07.1971 &#8211; 02.1976, 1290 ccm, 67 cv<br \/>\nFIAT Argenta (132)<br \/>\n1.6, A\u00f1o 04.1981 &#8211; 12.1985, 1585 ccm, 98 cv<br \/>\n1.6 i.e, A\u00f1o 04.1981 &#8211; 12.1985, 1585 ccm, 90 cv<br \/>\n2, A\u00f1o 06.1978 &#8211; 12.1985, 1995 ccm, 113 cv<br \/>\n2.0 i.e., A\u00f1o 06.1981 &#8211; 07.1986, 1995 ccm, 122 cv<br \/>\n2.0 Volumex, A\u00f1o 06.1984 &#8211; 07.1985, 1995 ccm, 135 cv<br \/>\n2.5 Di\u00e9sel, A\u00f1o 06.1981 &#8211; 11.1985, 2445 ccm, 72 cv<br \/>\nFIAT Panda I Hatchback (141)<br \/>\n0.9 Fire S A las 4 ruedas, A\u00f1o 10.1980 &#8211; 04.1986, 903 ccm, 45 cv<br \/>\n1.0, A\u00f1o 01.1986 &#8211; 04.1992, 999 ccm, 44 cv<br \/>\n1.0, A\u00f1o 01.1985 &#8211; 12.1992, 999 ccm, 50 cv<br \/>\n1.0 4&#215;4, A\u00f1o 01.1986 &#8211; 07.1989, 999 ccm, 44 cv<br \/>\n1.0 4&#215;4, A\u00f1o 05.1986 &#8211; 12.1994, 999 ccm, 45 cv<br \/>\n1000 4&#215;4, A\u00f1o 01.1986 &#8211; 12.1992, 999 ccm, 50 cv<br \/>\n1000 i.e. Cat, A\u00f1o 10.1987 &#8211; 08.1998, 999 ccm, 45 cv<br \/>\n1.1, A\u00f1o 05.1991 &#8211; 12.1999, 1108 ccm, 50 cv<br \/>\n1.1, A\u00f1o 02.1995 &#8211; 09.2003, 1108 ccm, 54 cv<br \/>\n1.1 4&#215;4, A\u00f1o 02.1995 &#8211; 07.2004, 1108 ccm, 54 cv<br \/>\n1.1 Trekking 4&#215;4, A\u00f1o 10.1991 &#8211; 07.2004, 1108 ccm, 50 cv<br \/>\n1.3 D, A\u00f1o 04.1986 &#8211; 12.1992, 1302 ccm, 37 cv<br \/>\n0.65 , A\u00f1o 01.1982 &#8211; 07.2004, 652 ccm, 30 cv<br \/>\n750, A\u00f1o 01.1986 &#8211; 10.2003, 770 ccm, 34 cv<br \/>\n800, A\u00f1o 02.1981 &#8211; 12.1985, 843 ccm, 34 cv<br \/>\n0.9, A\u00f1o 04.1992 &#8211; 12.1996, 899 ccm, 40 cv<br \/>\n0.9, A\u00f1o 10.1980 &#8211; 06.1994, 903 ccm, 45 cv<br \/>\n1.0, A\u00f1o 09.1982 &#8211; 08.1983, 965 ccm, 48 cv<br \/>\n1.0 4&#215;4, A\u00f1o 09.1983 &#8211; 12.1986, 965 ccm, 48 cv<br \/>\nFIAT Fiorino I (147)<br \/>\n1.3, A\u00f1o 12.1987 &#8211; 08.1993, 1301 ccm, 67 cv<br \/>\n1.3 D, A\u00f1o 03.1982 &#8211; 01.1988, 1288 ccm, 45 cv<br \/>\nFIAT Uno Hatchback (146)<br \/>\n1.1, A\u00f1o 04.1986 &#8211; 06.2006, 1108 ccm, 56 cv<br \/>\n1.1, A\u00f1o 10.1988 &#8211; 06.2006, 1108 ccm, 58 cv<br \/>\n1.3 Turbo i.e., A\u00f1o 01.1987 &#8211; 12.1987, 1301 ccm, 99 cv<br \/>\n1.3 Turbo i.e., A\u00f1o 09.1989 &#8211; 03.1991, 1301 ccm, 101 cv<br \/>\n1.3 Turbo i.e., A\u00f1o 04.1985 &#8211; 08.1989, 1301 ccm, 105 cv<br \/>\n1.4 Turbo i.e., A\u00f1o 09.1989 &#8211; 09.1993, 1372 ccm, 112 cv<br \/>\n1.4 Turbo i.e., A\u00f1o 12.1989 &#8211; 12.1996, 1372 ccm, 118 cv<br \/>\n1.9 D, A\u00f1o 09.1989 &#8211; 03.1994, 1929 ccm, 60 cv<br \/>\n1.1 60, A\u00f1o 05.1985 &#8211; 08.1989, 1116 ccm, 58 cv<br \/>\n1.7 Di\u00e9sel 60, A\u00f1o 07.1986 &#8211; 08.1989, 1698 ccm, 60 cv<br \/>\n60 Diesel 1.7 (146E), A\u00f1o 09.1989 &#8211; 12.1993, 1698 ccm, 57 cv<br \/>\nFIAT 1000-Serie Berlina<br \/>\n1500, A\u00f1o 11.1964 &#8211; 10.1968, 1471 ccm, 75 cv<br \/>\n1500 (116), A\u00f1o 11.1961 &#8211; 03.1969, 1471 ccm, 67 cv<br \/>\nFIAT 125 Berlina (125)<br \/>\n1.6, A\u00f1o 07.1967 &#8211; 03.1974, 1608 ccm, 90 cv<br \/>\n1.6 (TA), A\u00f1o 10.1968 &#8211; 10.1973, 1608 ccm, 100 cv<br \/>\nFIAT 1500<br \/>\n1.5, A\u00f1o 06.1964 &#8211; 10.1967, 1481 ccm, 67 cv<br \/>\n1.5, A\u00f1o 06.1964 &#8211; 10.1967, 1481 ccm, 75 cv<br \/>\nFIAT Duna Berlina (146)<br \/>\n1.7 DS, A\u00f1o 01.1987 &#8211; 12.1991, 1698 ccm, 60 cv<br \/>\n60 1.1, A\u00f1o 01.1987 &#8211; 12.1991, 1116 ccm, 58 cv<br \/>\n70 1.3, A\u00f1o 01.1987 &#8211; 12.1991, 1301 ccm, 67 cv<br \/>\nFIAT 132 (132_)<br \/>\n1.6, A\u00f1o 05.1977 &#8211; 09.1982, 1585 ccm, 88 cv<br \/>\n1.6, A\u00f1o 03.1977 &#8211; 12.1981, 1585 ccm, 90 cv<br \/>\n1.6, A\u00f1o 01.1976 &#8211; 12.1982, 1585 ccm, 98 cv<br \/>\n1.7 GLS, A\u00f1o 04.1974 &#8211; 12.1975, 1756 ccm, 107 cv<br \/>\n2.0, A\u00f1o 01.1976 &#8211; 06.1981, 1995 ccm, 113 cv<br \/>\n2.0 i.e., A\u00f1o 01.1980 &#8211; 12.1982, 1995 ccm, 122 cv<br \/>\n2.5 D, A\u00f1o 07.1978 &#8211; 07.1982, 2445 ccm, 72 cv<\/p>\n<p>LANCIA Delta I (831)<br \/>\n1.1, A\u00f1o 01.1986 &#8211; 12.1990, 1116 ccm, 64 cv<br \/>\n1.3, A\u00f1o 09.1979 &#8211; 08.1992, 1301 ccm, 75 cv<br \/>\n1.5, A\u00f1o 09.1979 &#8211; 12.1992, 1498 ccm, 86 cv<br \/>\n1.6 GT (831AB.06), A\u00f1o 11.1982 &#8211; 04.1986, 1585 ccm, 105 cv<br \/>\n1.6 GT i.e., A\u00f1o 05.1987 &#8211; 08.1992, 1585 ccm, 90 cv<br \/>\n1.6 GT i.e., A\u00f1o 08.1986 &#8211; 08.1988, 1585 ccm, 109 cv<br \/>\n1.6 HF Turbo, A\u00f1o 08.1986 &#8211; 08.1988, 1585 ccm, 140 cv<br \/>\n1.6 HF Turbo, A\u00f1o 04.1987 &#8211; 03.1989, 1585 ccm, 132 cv<br \/>\n1.9 Turbo DS, A\u00f1o 10.1986 &#8211; 12.1989, 1929 ccm, 80 cv<br \/>\n2.0 16V HF Integrale, A\u00f1o 03.1989 &#8211; 09.1991, 1995 ccm, 196 cv<br \/>\n2.0 HF Integrale, A\u00f1o 11.1986 &#8211; 08.1988, 1995 ccm, 166 cv<br \/>\n2.0 HF Integrale, A\u00f1o 10.1987 &#8211; 12.1991, 1995 ccm, 181 cv<br \/>\n2.0 HF Integrale, A\u00f1o 12.1986 &#8211; 12.1992, 1995 ccm, 177 cv<br \/>\nLANCIA Beta H.P.E. (828)<br \/>\n1.6, A\u00f1o 08.1980 &#8211; 09.1984, 1585 ccm, 101 cv<br \/>\n2000 (828.BF), A\u00f1o 04.1979 &#8211; 09.1984, 1995 ccm, 116 cv<br \/>\n2000 (828.BF), A\u00f1o 05.1976 &#8211; 05.1978, 1995 ccm, 120 cv<br \/>\n2000 i.e. (828BF), A\u00f1o 05.1981 &#8211; 09.1984, 1995 ccm, 122 cv<br \/>\n2000 Volumex (828.BF), A\u00f1o 07.1983 &#8211; 09.1984, 1995 ccm, 135 cv<br \/>\nLANCIA Trevi (828)<br \/>\n1.6, A\u00f1o 05.1980 &#8211; 01.1987, 1585 ccm, 100 cv<br \/>\n2000 i.e. (828DB13), A\u00f1o 05.1980 &#8211; 01.1987, 1995 ccm, 122 cv<br \/>\n2.0 Volumex, A\u00f1o 08.1983 &#8211; 05.1985, 1995 ccm, 135 cv<br \/>\nLANCIA Prisma (831)<br \/>\n1.3 (831AB), A\u00f1o 01.1983 &#8211; 12.1989, 1301 ccm, 79 cv<br \/>\n1.5 (831AB), A\u00f1o 09.1985 &#8211; 02.1992, 1498 ccm, 75 cv<br \/>\n1.5 (831AB), A\u00f1o 05.1986 &#8211; 07.1989, 1498 ccm, 80 cv<br \/>\n1.5 (831AB), A\u00f1o 01.1983 &#8211; 04.1986, 1498 ccm, 86 cv<br \/>\n1.6 (831AB), A\u00f1o 08.1986 &#8211; 02.1992, 1585 ccm, 99 cv<br \/>\n1.6 (831AB), A\u00f1o 01.1983 &#8211; 04.1986, 1585 ccm, 105 cv<br \/>\n1.6 i.e. (831AB), A\u00f1o 05.1986 &#8211; 12.1989, 1585 ccm, 109 cv<br \/>\n1.6 i.e. Super (831AB), A\u00f1o 05.1987 &#8211; 12.1989, 1585 ccm, 90 cv<br \/>\n1.9 Diesel (831AB), A\u00f1o 01.1983 &#8211; 02.1992, 1911 ccm, 65 cv<br \/>\n1.9 Turbo Diesel (831AB), A\u00f1o 05.1985 &#8211; 12.1989, 1928 ccm, 80 cv<br \/>\n2.0 i.e. A las 4 ruedas (831AB), A\u00f1o 04.1986 &#8211; 12.1989, 1995 ccm, 115 cv<br \/>\nLANCIA Beta Coup\u00e9 (828)<br \/>\n1.4 1300, A\u00f1o 12.1981 &#8211; 12.1984, 1367 ccm, 84 cv<br \/>\n1.6, A\u00f1o 04.1976 &#8211; 12.1984, 1585 ccm, 101 cv<br \/>\n2000 (828.BC), A\u00f1o 04.1976 &#8211; 12.1984, 1995 ccm, 120 cv<br \/>\n2000 (828BC_), A\u00f1o 01.1981 &#8211; 12.1984, 1991 ccm, 116 cv<br \/>\n2000 VX (828.BC), A\u00f1o 07.1983 &#8211; 12.1984, 1995 ccm, 135 cv<br \/>\nLANCIA Beta Spider (828)<br \/>\n1.6, A\u00f1o 05.1976 &#8211; 10.1986, 1585 ccm, 100 cv<br \/>\n2.0, A\u00f1o 04.1979 &#8211; 10.1986, 1995 ccm, 116 cv<br \/>\n2.0, A\u00f1o 05.1976 &#8211; 11.1979, 1995 ccm, 120 cv<br \/>\nLANCIA Gamma Coup\u00e9 (830)<br \/>\n2500 (830AC_), A\u00f1o 09.1977 &#8211; 10.1986, 2484 ccm, 140 cv<br \/>\nLANCIA Y10 (156)<br \/>\n1.0 (156C), A\u00f1o 03.1985 &#8211; 07.1989, 1049 ccm, 56 cv<br \/>\n1.0 Fire, A\u00f1o 03.1985 &#8211; 06.1989, 999 ccm, 45 cv<br \/>\n1.0 Fire (156AA, 156AD), A\u00f1o 03.1985 &#8211; 02.1990, 999 ccm, 50 cv<br \/>\n1.0 Fire, A\u00f1o 06.1985 &#8211; 06.1991, 999 ccm, 44 cv<br \/>\n1.0 Fire A las 4 ruedas (156AA), A\u00f1o 12.1987 &#8211; 02.1990, 999 ccm, 50 cv<br \/>\n1.0 Fire Allrad, A\u00f1o 12.1987 &#8211; 02.1992, 999 ccm, 45 cv<br \/>\n1.0 Fire Catalytic-Conv (156AE), A\u00f1o 10.1987 &#8211; 02.1992, 999 ccm, 45 cv<br \/>\n1.0 Turbo, A\u00f1o 03.1985 &#8211; 02.1989, 1049 ccm, 84 cv<br \/>\n1.1 Fire (156AG), A\u00f1o 01.1995 &#8211; 12.1995, 1108 ccm, 54 cv<br \/>\n1.1 Fire A las 4 ruedas (156AG), A\u00f1o 01.1995 &#8211; 12.1995, 1108 ccm, 54 cv<br \/>\n1.1 i.e Fire (156AC), A\u00f1o 08.1989 &#8211; 06.1992, 1108 ccm, 57 cv<br \/>\n1.1 i.e Fire A las 4 ruedas (156AC), A\u00f1o 08.1989 &#8211; 06.1992, 1108 ccm, 57 cv<br \/>\n1.1 i.e. Fire, A\u00f1o 07.1989 &#8211; 09.1995, 1108 ccm, 50 cv<br \/>\n1.1 i.e. Fire Allrad, A\u00f1o 09.1992 &#8211; 12.1995, 1108 ccm, 50 cv<br \/>\n1.3 i.e. (156AB), A\u00f1o 11.1987 &#8211; 05.1993, 1301 ccm, 76 cv<br \/>\n1.3 i.e. (156AF), A\u00f1o 02.1989 &#8211; 12.1995, 1297 ccm, 72 cv<br \/>\nLANCIA Beta Hatchback (828)<br \/>\n1.3, A\u00f1o 04.1976 &#8211; 07.1982, 1297 ccm, 83 cv<br \/>\n1.6, A\u00f1o 08.1973 &#8211; 07.1982, 1585 ccm, 101 cv<br \/>\n1.8, A\u00f1o 08.1973 &#8211; 07.1976, 1756 ccm, 110 cv<br \/>\n2.0, A\u00f1o 07.1978 &#8211; 07.1982, 1995 ccm, 115 cv<br \/>\n2.0, A\u00f1o 04.1976 &#8211; 07.1978, 1995 ccm, 120 cv<br \/>\nLANCIA Beta Berlina (828_) (A\u00f1o 09.1975 &#8211; 10.1986)<br \/>\n1600 (828DB1), A\u00f1o 03.1976 &#8211; 10.1986, 1585 ccm, 100 cv<br \/>\n2.0 (828DB1), A\u00f1o 06.1978 &#8211; 10.1982, 1995 ccm, 122 cv<\/p>\n<p>AUTOBIANCHI A111 Berlina<br \/>\n1.4, A\u00f1o 08.1969 &#8211; 11.1972, 1438 ccm, 70 cv<br \/>\nAUTOBIANCHI A 112 Hatchback<br \/>\n0.9, A\u00f1o 10.1969 &#8211; 12.1972, 903 ccm, 44 cv<br \/>\n0.9, A\u00f1o 01.1976 &#8211; 12.1978, 903 ccm, 45 cv<br \/>\n0.9 E, A\u00f1o 01.1973 &#8211; 12.1977, 903 ccm, 47 cv<br \/>\n0.9 Junior, A\u00f1o 07.1975 &#8211; 12.1985, 903 ccm, 42 cv<br \/>\nAUTOBIANCHI Y10 Hatchback<br \/>\n1.0, A\u00f1o 03.1985 &#8211; 10.1995, 999 ccm, 45 cv<br \/>\n1.0, A\u00f1o 03.1985 &#8211; 10.1995, 1049 ccm, 56 cv<br \/>\n1.0 4WD, A\u00f1o 12.1986 &#8211; 10.1995, 999 ccm, 50 cv<br \/>\n1.0 Cat, A\u00f1o 10.1987 &#8211; 10.1995, 999 ccm, 45 cv<br \/>\n1.0 Turbo, A\u00f1o 03.1985 &#8211; 10.1995, 1049 ccm, 85 cv<br \/>\n1.1, A\u00f1o 06.1989 &#8211; 10.1995, 1108 ccm, 57 cv<br \/>\n1.1 4WD, A\u00f1o 06.1989 &#8211; 10.1995, 1108 ccm, 57 cv<br \/>\n1.1 i.e. Cat, A\u00f1o 09.1990 &#8211; 10.1995, 1108 ccm, 57 cv<br \/>\n1.3 i.e. GT, A\u00f1o 06.1989 &#8211; 10.1995, 1301 ccm, 78 cv<\/p>\n<p>SEAT Ronda (022A)<br \/>\n1.2, A\u00f1o 08.1983 &#8211; 05.1985, 1197 ccm, 64 cv<br \/>\n1.4, A\u00f1o 06.1982 &#8211; 11.1988, 1438 ccm, 73 cv<br \/>\n1.5, A\u00f1o 09.1984 &#8211; 12.1986, 1461 ccm, 85 cv<br \/>\n1.6, A\u00f1o 08.1983 &#8211; 09.1985, 1592 ccm, 92 cv<br \/>\n1.7 Di\u00e9sel, A\u00f1o 06.1982 &#8211; 12.1986, 1714 ccm, 56 cv<br \/>\nSEAT Malaga (023A)<br \/>\n1.2, A\u00f1o 05.1985 &#8211; 12.1993, 1193 ccm, 60 cv<br \/>\n1.2, A\u00f1o 11.1984 &#8211; 12.1993, 1193 ccm, 64 cv<br \/>\n1.2 i, A\u00f1o 12.1989 &#8211; 12.1993, 1193 ccm, 71 cv<br \/>\n1.5 i, A\u00f1o 01.1987 &#8211; 12.1993, 1461 ccm, 100 cv<br \/>\n1.5 i Cat, A\u00f1o 10.1986 &#8211; 12.1993, 1461 ccm, 90 cv<br \/>\n1.7 D, A\u00f1o 05.1985 &#8211; 12.1993, 1714 ccm, 54 cv<br \/>\n1.7 D, A\u00f1o 05.1990 &#8211; 12.1993, 1714 ccm, 57 cv<br \/>\nSEAT Marbella (28)<br \/>\n0.8, A\u00f1o 08.1986 &#8211; 12.1993, 843 ccm, 34 cv<br \/>\n0.9, A\u00f1o 01.1987 &#8211; 12.1993, 903 ccm, 40 cv<br \/>\n0.9, A\u00f1o 07.1997 &#8211; 10.1998, 899 ccm, 44 cv<br \/>\n0.9 Cat, A\u00f1o 01.1990 &#8211; 11.1996, 903 ccm, 40 cv<br \/>\n0.9 Cat, A\u00f1o 11.1996 &#8211; 10.1998, 899 ccm, 41 cv<br \/>\nSEAT Terra Furgoneta (024A)<br \/>\n0.9, A\u00f1o 01.1987 &#8211; 12.1995, 903 ccm, 40 cv<br \/>\n0.9 Cat, A\u00f1o 01.1990 &#8211; 12.1995, 903 ccm, 40 cv<br \/>\n1.3 D, A\u00f1o 03.1990 &#8211; 02.1992, 1272 ccm, 45 cv<br \/>\n1.4 D, A\u00f1o 10.1990 &#8211; 02.1992, 1398 ccm, 48 cv<br \/>\nSEAT Fura (025A)<br \/>\n0.9, A\u00f1o 03.1984 &#8211; 12.1986, 903 ccm, 40 cv<br \/>\n0.9, A\u00f1o 01.1982 &#8211; 06.1986, 903 ccm, 45 cv<br \/>\n1.4 Crono, A\u00f1o 01.1982 &#8211; 06.1986, 1438 ccm, 75 cv<br \/>\nSEAT Ibiza I Hatchback (021A)<br \/>\n0.9, A\u00f1o 08.1990 &#8211; 05.1993, 903 ccm, 40 cv<br \/>\n0.9, A\u00f1o 08.1986 &#8211; 05.1993, 903 ccm, 44 cv<br \/>\n1.2, A\u00f1o 11.1984 &#8211; 12.1993, 1193 ccm, 60 cv<br \/>\n1.2, A\u00f1o 11.1984 &#8211; 12.1993, 1193 ccm, 63 cv<br \/>\n1.2 i, A\u00f1o 01.1989 &#8211; 05.1993, 1193 ccm, 71 cv<br \/>\n1.5 i, A\u00f1o 10.1986 &#8211; 05.1993, 1461 ccm, 100 cv<br \/>\n1.5 i Cat, A\u00f1o 10.1986 &#8211; 05.1993, 1461 ccm, 90 cv<br \/>\n1.7 D, A\u00f1o 06.1984 &#8211; 05.1993, 1714 ccm, 54 cv<br \/>\n1.7 D, A\u00f1o 08.1990 &#8211; 05.1993, 1714 ccm, 57 cv<br \/>\nSEAT Panda (141A)<br \/>\n0.9, A\u00f1o 10.1980 &#8211; 12.1986, 903 ccm, 42 cv<br \/>\nSEAT Ritmo (138)<br \/>\n1.4, A\u00f1o 07.1978 &#8211; 09.1983, 1438 ccm, 78 cv<br \/>\n1.7 D, A\u00f1o 10.1979 &#8211; 09.1983, 1714 ccm, 56 cv<br \/>\nSEAT 127 Hatchback<br \/>\n0.9, A\u00f1o 04.1972 &#8211; 12.1982, 903 ccm, 45 cv<br \/>\n1.0, A\u00f1o 04.1972 &#8211; 12.1982, 1010 ccm, 52 cv<\/p>\n<p>LA PIEZA ES NUEVA Y ORIGINAL.<\/p>\n","protected":false},"excerpt":{"rendered":"<p>Tuerca de los bujes de las ruedas de: M\u00e9trica: 20 Altura: 22 mm FIAT Regata (138) 1.6 Super 100, A\u00f1o 10.1983 &#8211; 12.1990, 1585 ccm, 101 cv 1.7 Di\u00e9sel 60, A\u00f1o 09.1983 &#8211; 12.1986, 1714 ccm, 58 cv 1.7 Di\u00e9sel 60, A\u00f1o 05.1985 &#8211; 03.1989, 1698 ccm, 60 cv 1.9 Di\u00e9sel 65, A\u00f1o 04.1984 &#8211; [&hellip;]<\/p>\n","protected":false},"featured_media":91798,"template":"","meta":{"_seopress_robots_primary_cat":"","_seopress_titles_title":"","_seopress_titles_desc":"","_seopress_robots_index":""},"product_cat":[353,66,179,68,69,71,78,62,63,79,25,116,118,88,20,91,208,231,162,21,164,207,99,237,123,102,103,198,165,26,233,225,114,206,64,126],"product_tag":[],"class_list":{"0":"post-91797","1":"product","2":"type-product","3":"status-publish","4":"has-post-thumbnail","6":"product_cat-recambios-fiat-1000","7":"product_cat-recambios-fiat-125","8":"product_cat-recambios-seat-127","9":"product_cat-recambios-fiat-127","10":"product_cat-recambios-fiat-128","11":"product_cat-recambios-fiat-132","12":"product_cat-recambios-fiat-1500","13":"product_cat-recambios-autobianchi-a111","14":"product_cat-recambios-autobianchi-a112","15":"product_cat-recambios-fiat-argenta","16":"product_cat-recambios-autobianchi","17":"product_cat-recambios-lancia-beta","18":"product_cat-recambios-lancia-delta","19":"product_cat-recambios-fiat-ducato","20":"product_cat-recambios-fiat","21":"product_cat-recambios-fiat-fiorino","22":"product_cat-recambios-seat-fura","23":"product_cat-recambios-lancia-gamma","24":"product_cat-recambios-seat-ibiza","25":"product_cat-recambios-lancia","26":"product_cat-recambios-seat-malaga","27":"product_cat-recambios-seat-marbella","28":"product_cat-recambios-fiat-panda","29":"product_cat-recambios-seat-panda","30":"product_cat-recambios-lancia-prisma","31":"product_cat-recambios-fiat-regata","32":"product_cat-recambios-fiat-ritmo","33":"product_cat-recambios-seat-ritmo","34":"product_cat-recambios-seat-ronda","35":"product_cat-recambios-seat","36":"product_cat-recambios-seat-terra","37":"product_cat-recambios-lancia-trevi","38":"product_cat-recambios-fiat-uno","39":"product_cat-recambios-fiat-x1-9","40":"product_cat-recambios-autobianchi-y10","41":"product_cat-recambios-lancia-y10","43":"first","44":"outofstock","45":"taxable","46":"shipping-taxable","47":"purchasable","48":"product-type-simple"},"_links":{"self":[{"href":"https:\/\/galicianparts.com\/shop\/wp-json\/wp\/v2\/product\/91797"}],"collection":[{"href":"https:\/\/galicianparts.com\/shop\/wp-json\/wp\/v2\/product"}],"about":[{"href":"https:\/\/galicianparts.com\/shop\/wp-json\/wp\/v2\/types\/product"}],"wp:featuredmedia":[{"embeddable":true,"href":"https:\/\/galicianparts.com\/shop\/wp-json\/wp\/v2\/media\/91798"}],"wp:attachment":[{"href":"https:\/\/galicianparts.com\/shop\/wp-json\/wp\/v2\/media?parent=91797"}],"wp:term":[{"taxonomy":"product_cat","embeddable":true,"href":"https:\/\/galicianparts.com\/shop\/wp-json\/wp\/v2\/product_cat?post=91797"},{"taxonomy":"product_tag","embeddable":true,"href":"https:\/\/galicianparts.com\/shop\/wp-json\/wp\/v2\/product_tag?post=91797"}],"curies":[{"name":"wp","href":"https:\/\/api.w.org\/{rel}","templated":true}]}}