{"id":91824,"date":"2024-09-25T09:32:06","date_gmt":"2024-09-25T07:32:06","guid":{"rendered":"https:\/\/galicianparts.com\/shop\/producto\/7563850-latiguillo-pinza-freno-delantero-fiat-ritmo-lancia-delta-ii-alfa-155-seat-original\/"},"modified":"2024-09-25T10:04:25","modified_gmt":"2024-09-25T08:04:25","slug":"7563850-latiguillo-pinza-freno-delantero-fiat-ritmo-lancia-delta-ii-alfa-155-seat-original","status":"publish","type":"product","link":"https:\/\/galicianparts.com\/shop\/producto\/7563850-latiguillo-pinza-freno-delantero-fiat-ritmo-lancia-delta-ii-alfa-155-seat-original\/","title":{"rendered":"7563850 Latiguillo pinza freno delantero Fiat Ritmo \/Punto GT \/Lancia \/Alfa \/Seat ORIGINAL"},"content":{"rendered":"<p>Tubo de freno de la ruedas delanteras de:<br \/>\nM\u00e9trica macho: 10&#215;1<br \/>\nM\u00e9trica hembra: 10&#215;1<br \/>\nLargo: 436 mm<\/p>\n<p>FIAT Regata (138)<br \/>\n1.6 Super 100, A\u00f1o 10.1983 &#8211; 07.1989, 1585 ccm, 95 cv<br \/>\n1.6 Super 100, A\u00f1o 10.1983 &#8211; 12.1990, 1585 ccm, 101 cv<br \/>\n1.7 Di\u00e9sel 60, A\u00f1o 09.1983 &#8211; 12.1986, 1714 ccm, 58 cv<br \/>\n1.7 Di\u00e9sel 60, A\u00f1o 05.1985 &#8211; 03.1989, 1698 ccm, 60 cv<br \/>\n1.9 Di\u00e9sel 65, A\u00f1o 04.1984 &#8211; 07.1989, 1929 ccm, 65 cv<br \/>\n1.3 70, A\u00f1o 09.1983 &#8211; 07.1989, 1301 ccm, 65 cv<br \/>\n1.3 70, A\u00f1o 09.1983 &#8211; 07.1986, 1301 ccm, 68 cv<br \/>\n1.5 75, A\u00f1o 12.1983 &#8211; 07.1989, 1498 ccm, 75 cv<br \/>\n1.9 Turbodi\u00e9sel 80, A\u00f1o 05.1986 &#8211; 07.1989, 1929 ccm, 80 cv<br \/>\n1.5 85, A\u00f1o 05.1985 &#8211; 12.1987, 1498 ccm, 79 cv<br \/>\n1.6 85, A\u00f1o 10.1983 &#8211; 06.1990, 1585 ccm, 82 cv<br \/>\n1.5 Super 85, A\u00f1o 09.1983 &#8211; 04.1985, 1498 ccm, 82 cv<br \/>\n1.6 i.e. 90, A\u00f1o 01.1987 &#8211; 07.1989, 1595 ccm, 90 cv<br \/>\nFIAT Ritmo I Cabrio<br \/>\n50 1.3, A\u00f1o 10.1985 &#8211; 12.1987, 1302 ccm, 68 cv<br \/>\nFIAT Ritmo I Hatchback (138)<br \/>\n1.1, A\u00f1o 10.1982 &#8211; 12.1987, 1116 ccm, 55 cv<br \/>\n1.1, A\u00f1o 04.1985 &#8211; 12.1987, 1116 ccm, 58 cv<br \/>\n1.5, A\u00f1o 01.1978 &#8211; 12.1988, 1498 ccm, 75 cv<br \/>\n1.5, A\u00f1o 01.1981 &#8211; 05.1987, 1498 ccm, 85 cv<br \/>\n1.6, A\u00f1o 12.1985 &#8211; 12.1987, 1585 ccm, 90 cv<br \/>\n1.6, A\u00f1o 05.1981 &#8211; 12.1987, 1585 ccm, 105 cv<br \/>\n1.7 Diesel, A\u00f1o 05.1985 &#8211; 12.1987, 1698 ccm, 60 cv<br \/>\n1.9 TD, A\u00f1o 12.1985 &#8211; 12.1987, 1929 ccm, 80 cv<br \/>\nABARTH Ritmo (138A_)<br \/>\n125 TC 2.0 (138.A_), A\u00f1o 11.1981 &#8211; 12.1987, 1995 ccm, 125 cv<br \/>\n130 TC 2.0 (138.A_), A\u00f1o 04.1983 &#8211; 12.1987, 1995 ccm, 130 cv<br \/>\nFIAT Punto I Hatchback (176)<br \/>\n1.4 GT Turbo (176AD_), A\u00f1o 10.1993 &#8211; 03.1997, 1372 ccm, 133 cv<br \/>\n1.4 GT Turbo (176AS_), A\u00f1o 09.1996 &#8211; 07.1999, 1372 ccm, 131 cv<br \/>\n1.7 TD, A\u00f1o 01.1994 &#8211; 09.1999, 1698 ccm, 69 cv<br \/>\n1.7 TD, A\u00f1o 01.1994 &#8211; 09.1999, 1698 ccm, 71 cv<br \/>\nFIAT Punto I Cabrio (176)<br \/>\n1.6 90, A\u00f1o 04.1994 &#8211; 04.1997, 1581 ccm, 88 cv<br \/>\nFIAT Uno Hatchback (146)<br \/>\n1.1 55, A\u00f1o 01.1983 &#8211; 08.1989, 1116 ccm, 54 cv<br \/>\n1.1 60, A\u00f1o 04.1989 &#8211; 12.1992, 1108 ccm, 57 cv<br \/>\n1.3 70, A\u00f1o 05.1985 &#8211; 08.1989, 1302 ccm, 65 cv<br \/>\nFIAT Barchetta (183)<br \/>\n1.8 16V, A\u00f1o 04.1995 &#8211; 05.2005, 1747 ccm, 130 cv<br \/>\nFIAT Marea (185)<br \/>\n1.6 100 16V Bipower, A\u00f1o 04.1999 &#8211; 05.2002, 1581 ccm, 103 cv<br \/>\n2.4 JTD 130, A\u00f1o 04.1999 &#8211; 05.2002, 2387 ccm, 130 cv<br \/>\n2.4 TD 125, A\u00f1o 09.1996 &#8211; 04.1999, 2387 ccm, 125 cv<br \/>\nFIAT Palio I Hatchback (178)<br \/>\n1.7 D, A\u00f1o 04.1996 &#8211; 09.2002, 1698 ccm, 57 cv<br \/>\nFIAT Coupe (175)<br \/>\n1.8 16V, A\u00f1o 03.1996 &#8211; 08.2000, 1747 ccm, 131 cv<br \/>\n2.0 16V, A\u00f1o 11.1993 &#8211; 08.1996, 1995 ccm, 139 cv<br \/>\n2.0 16V Turbo, A\u00f1o 11.1993 &#8211; 08.1996, 1995 ccm, 190 cv<br \/>\n2.0 20V, A\u00f1o 04.1998 &#8211; 08.2000, 1998 ccm, 154 cv<br \/>\n2.0 20V (175AXC1A), A\u00f1o 08.1996 &#8211; 09.1998, 1998 ccm, 147 cv<\/p>\n<p>LANCIA Dedra (835)<br \/>\n1.6 16V, A\u00f1o 01.1996 &#8211; 07.1999, 1581 ccm, 103 cv<br \/>\n1.9 TDS, A\u00f1o 04.1989 &#8211; 07.1999, 1929 ccm, 90 cv<br \/>\n2.0 16V, A\u00f1o 07.1994 &#8211; 07.1999, 1995 ccm, 139 cv<br \/>\nLANCIA Delta II (836)<br \/>\n1.8 i.e. 16V GT, A\u00f1o 03.1996 &#8211; 08.1999, 1747 ccm, 131 cv<br \/>\n1.9 TD, A\u00f1o 10.1994 &#8211; 08.1999, 1929 ccm, 90 cv<br \/>\n2.0 16V, A\u00f1o 06.1993 &#8211; 08.1999, 1995 ccm, 139 cv<br \/>\n2.0 16V Turbo, A\u00f1o 06.1993 &#8211; 08.1999, 1995 ccm, 186 cv<br \/>\n2.0 16V Turbo, A\u00f1o 07.1996 &#8211; 08.1999, 1995 ccm, 193 cv<br \/>\nLANCIA Y (840)<br \/>\n1.1, A\u00f1o 11.1995 &#8211; 09.2003, 1108 ccm, 54 cv<br \/>\n1.2, A\u00f1o 03.1996 &#8211; 09.2003, 1242 ccm, 60 cv<br \/>\n1.2 16V, A\u00f1o 04.1997 &#8211; 09.2003, 1242 ccm, 86 cv<br \/>\n1.2 16V, A\u00f1o 10.2000 &#8211; 09.2003, 1242 ccm, 80 cv<br \/>\n1.4 12V, A\u00f1o 10.1996 &#8211; 09.2003, 1370 ccm, 80 cv<br \/>\n1.4 12V, A\u00f1o 03.1996 &#8211; 09.2003, 1370 ccm, 75 cv<\/p>\n<p>ALFA ROMEO 145 (930)<br \/>\n1.4 i.e. (930.A3), A\u00f1o 07.1994 &#8211; 12.1996, 1351 ccm, 90 cv<br \/>\n1.4 i.e. 16V T.S. (930.A3A), A\u00f1o 12.1996 &#8211; 01.2001, 1370 ccm, 103 cv<br \/>\n1.6 i.e. (930.A2), A\u00f1o 10.1994 &#8211; 12.1996, 1596 ccm, 103 cv<br \/>\n1.6 i.e. 16V T.S. (930.A2), A\u00f1o 12.1996 &#8211; 01.2001, 1598 ccm, 120 cv<br \/>\n1.7 i.e. 16V (930.A1), A\u00f1o 10.1994 &#8211; 12.1996, 1712 ccm, 129 cv<br \/>\n1.9 TD (930.A4), A\u00f1o 10.1994 &#8211; 02.1999, 1929 ccm, 90 cv<br \/>\n2.0 16V T.S. (930.A5), A\u00f1o 10.1995 &#8211; 01.2001, 1970 ccm, 150 cv<br \/>\nALFA ROMEO 155 (167)<br \/>\n1.6 16V T.S. (167.A6A), A\u00f1o 05.1996 &#8211; 12.1997, 1598 ccm, 120 cv<br \/>\n1.7 T.S., A\u00f1o 04.1993 &#8211; 04.1996, 1748 ccm, 115 cv<br \/>\n1.7 T.S. (167.A4G), A\u00f1o 04.1993 &#8211; 04.1996, 1748 ccm, 113 cv<br \/>\n1.7 T.S. 16V (167.A4N), A\u00f1o 05.1996 &#8211; 12.1997, 1747 ccm, 140 cv<br \/>\n1.8 T.S. (167.A4C, 167.A), A\u00f1o 02.1992 &#8211; 12.1997, 1756 ccm, 105 cv<br \/>\n1.8 T.S. (167A4), A\u00f1o 02.1992 &#8211; 05.1994, 1773 ccm, 129 cv<br \/>\n1.8 T.S. Sport (167.A4A, 167.A4C, 167.A4E), A\u00f1o 03.1992 &#8211; 12.1996, 1773 ccm, 127 cv<br \/>\n1.9 TD (167.A3B, 167.A3), A\u00f1o 04.1993 &#8211; 12.1997, 1929 ccm, 90 cv<br \/>\n2.0 16V Turbo Q4, A\u00f1o 01.1992 &#8211; 12.1997, 1995 ccm, 186 cv<br \/>\n2.0 16V Turbo Q4 (167.A2B, 167.A2C, 167.A2E), A\u00f1o 03.1992 &#8211; 12.1997, 1995 ccm, 190 cv<br \/>\n2.0 T.S. (167.A2A, 167.A2D), A\u00f1o 02.1992 &#8211; 05.1995, 1995 ccm, 141 cv<br \/>\n2.0 T.S. (167.A2D), A\u00f1o 02.1992 &#8211; 01.1995, 1995 ccm, 144 cv<br \/>\n2.0 T.S. 16V, A\u00f1o 03.1995 &#8211; 12.1997, 1970 ccm, 150 cv<br \/>\n2.5 TD (167.A1A, 167.A1G), A\u00f1o 04.1993 &#8211; 12.1997, 2499 ccm, 125 cv<br \/>\n2.5 V6 (167.A1C, 167.A1), A\u00f1o 03.1992 &#8211; 05.1995, 2492 ccm, 165 cv<br \/>\n2.5 V6 (167.A1C, 167.A1E), A\u00f1o 09.1992 &#8211; 12.1997, 2492 ccm, 163 cv<br \/>\nALFA ROMEO 164 (164)<br \/>\n3.0 V6, A\u00f1o 09.1992 &#8211; 09.1998, 2959 ccm, 180 cv<br \/>\nALFA ROMEO Spider (115) (A\u00f1o 01.1971 &#8211; 12.1993)<br \/>\n1600 (11535), A\u00f1o 03.1976 &#8211; 12.1990, 1570 ccm, 103 cv<br \/>\n1600 (115620, 115621), A\u00f1o 01.1980 &#8211; 12.1989, 1570 ccm, 102 cv<br \/>\nALFA ROMEO 146 (930) (A\u00f1o 12.1994 &#8211; 01.2001)<br \/>\n1.4 i.e. (930.B3), A\u00f1o 12.1994 &#8211; 12.1996, 1351 ccm, 90 cv<br \/>\n1.4 i.e. 16V T.S. (930.B3A), A\u00f1o 11.1996 &#8211; 01.2001, 1370 ccm, 103 cv<br \/>\n1.6 i.e. (930.B2), A\u00f1o 12.1994 &#8211; 12.1996, 1596 ccm, 103 cv<br \/>\n1.7 i.e. 16V (930.B1), A\u00f1o 12.1994 &#8211; 12.1996, 1712 ccm, 129 cv<br \/>\n1.9 JTD (930.B4B), A\u00f1o 02.1999 &#8211; 01.2001, 1910 ccm, 105 cv<br \/>\n1.9 TD (930.B4A), A\u00f1o 12.1994 &#8211; 02.1999, 1929 ccm, 90 cv<br \/>\n2.0 16V (930.B5), A\u00f1o 03.1997 &#8211; 10.2001, 1970 ccm, 155 cv<br \/>\n2.0 16V T.S. (930.B5), A\u00f1o 10.1995 &#8211; 01.2001, 1970 ccm, 150 cv<br \/>\nALFA ROMEO GTV (916, 916C)<br \/>\n2.0 T.SPARK 16V, A\u00f1o 06.1995 &#8211; 10.2005, 1970 ccm, 150 cv<br \/>\n2.0 V6 Turbo, A\u00f1o 06.1995 &#8211; 09.1998, 1996 ccm, 202 cv<br \/>\nALFA ROMEO Spider (916, 916S)<br \/>\n2.0 T.SPARK 16V, A\u00f1o 06.1995 &#8211; 04.2005, 1970 ccm, 150 cv<br \/>\n3.0 V6, A\u00f1o 06.1995 &#8211; 04.2005, 2959 ccm, 192 cv<br \/>\n3.0 V6 (916S1), A\u00f1o 04.1995 &#8211; 04.1998, 2959 ccm, 192 cv<\/p>\n<p>SEAT Ronda (022A)<br \/>\n1.2, A\u00f1o 08.1983 &#8211; 05.1985, 1197 ccm, 64 cv<br \/>\n1.4, A\u00f1o 06.1982 &#8211; 11.1988, 1438 ccm, 73 cv<br \/>\n1.5, A\u00f1o 09.1984 &#8211; 12.1986, 1461 ccm, 85 cv<br \/>\n1.6, A\u00f1o 08.1983 &#8211; 09.1985, 1592 ccm, 92 cv<br \/>\n1.7 Di\u00e9sel, A\u00f1o 06.1982 &#8211; 12.1986, 1714 ccm, 56 cv<br \/>\nSEAT Malaga (023A)<br \/>\n1.2, A\u00f1o 05.1985 &#8211; 12.1993, 1193 ccm, 60 cv<br \/>\n1.2, A\u00f1o 11.1984 &#8211; 12.1993, 1193 ccm, 64 cv<br \/>\n1.2 i, A\u00f1o 12.1989 &#8211; 12.1993, 1193 ccm, 71 cv<br \/>\n1.5, A\u00f1o 05.1985 &#8211; 12.1993, 1461 ccm, 85 cv<br \/>\n1.5 i, A\u00f1o 01.1987 &#8211; 12.1993, 1461 ccm, 100 cv<br \/>\n1.5 i Cat, A\u00f1o 10.1986 &#8211; 12.1993, 1461 ccm, 90 cv<br \/>\n1.7 D, A\u00f1o 05.1985 &#8211; 12.1993, 1714 ccm, 54 cv<br \/>\n1.7 D, A\u00f1o 05.1990 &#8211; 12.1993, 1714 ccm, 57 cv<br \/>\nSEAT Ibiza I Hatchback (021A)<br \/>\n0.9, A\u00f1o 08.1990 &#8211; 05.1993, 903 ccm, 40 cv<br \/>\n0.9, A\u00f1o 08.1986 &#8211; 05.1993, 903 ccm, 44 cv<br \/>\n1.2, A\u00f1o 11.1984 &#8211; 12.1993, 1193 ccm, 60 cv<br \/>\n1.2, A\u00f1o 11.1984 &#8211; 12.1993, 1193 ccm, 63 cv<br \/>\n1.2 i, A\u00f1o 01.1989 &#8211; 05.1993, 1193 ccm, 71 cv<br \/>\n1.5, A\u00f1o 11.1984 &#8211; 05.1993, 1461 ccm, 85 cv<br \/>\n1.5, A\u00f1o 10.1986 &#8211; 05.1993, 1461 ccm, 87 cv<br \/>\n1.5 i, A\u00f1o 10.1986 &#8211; 05.1993, 1461 ccm, 100 cv<br \/>\n1.5 i Cat, A\u00f1o 10.1986 &#8211; 05.1993, 1461 ccm, 90 cv<br \/>\n1.7, A\u00f1o 01.1991 &#8211; 05.1993, 1675 ccm, 98 cv<br \/>\n1.7 D, A\u00f1o 06.1984 &#8211; 05.1993, 1714 ccm, 54 cv<br \/>\n1.7 D, A\u00f1o 08.1990 &#8211; 05.1993, 1714 ccm, 57 cv<\/p>\n<p>LA PIEZA ES NUEVA Y ORIGINAL.<\/p>\n","protected":false},"excerpt":{"rendered":"<p>Tubo de freno de la ruedas delanteras de: M\u00e9trica macho: 10&#215;1 M\u00e9trica hembra: 10&#215;1 Largo: 436 mm FIAT Regata (138) 1.6 Super 100, A\u00f1o 10.1983 &#8211; 07.1989, 1585 ccm, 95 cv 1.6 Super 100, A\u00f1o 10.1983 &#8211; 12.1990, 1585 ccm, 101 cv 1.7 Di\u00e9sel 60, A\u00f1o 09.1983 &#8211; 12.1986, 1714 ccm, 58 cv 1.7 Di\u00e9sel [&hellip;]<\/p>\n","protected":false},"featured_media":91826,"template":"","meta":{"_seopress_robots_primary_cat":"","_seopress_titles_title":"","_seopress_titles_desc":"","_seopress_robots_index":""},"product_cat":[45,48,54,16,80,85,117,118,20,55,162,21,164,95,98,101,102,103,165,26,56,114,127],"product_tag":[],"class_list":{"0":"post-91824","1":"product","2":"type-product","3":"status-publish","4":"has-post-thumbnail","6":"product_cat-recambios-alfa-romeo-145","7":"product_cat-recambios-alfa-romeo-155","8":"product_cat-recambios-alfa-romeo-164","9":"product_cat-recambios-alfa-romeo","10":"product_cat-recambios-fiat-barchetta","11":"product_cat-recambios-fiat-coupe","12":"product_cat-recambios-lancia-dedra","13":"product_cat-recambios-lancia-delta","14":"product_cat-recambios-fiat","15":"product_cat-recambios-alfa-romeo-gtv","16":"product_cat-recambios-seat-ibiza","17":"product_cat-recambios-lancia","18":"product_cat-recambios-seat-malaga","19":"product_cat-recambios-fiat-marea","20":"product_cat-recambios-fiat-palio","21":"product_cat-recambios-fiat-punto","22":"product_cat-recambios-fiat-regata","23":"product_cat-recambios-fiat-ritmo","24":"product_cat-recambios-seat-ronda","25":"product_cat-recambios-seat","26":"product_cat-recambios-alfa-romeo-spider","27":"product_cat-recambios-fiat-uno","28":"product_cat-recambios-lancia-ypsilon","30":"first","31":"instock","32":"taxable","33":"shipping-taxable","34":"purchasable","35":"product-type-simple"},"_links":{"self":[{"href":"https:\/\/galicianparts.com\/shop\/wp-json\/wp\/v2\/product\/91824"}],"collection":[{"href":"https:\/\/galicianparts.com\/shop\/wp-json\/wp\/v2\/product"}],"about":[{"href":"https:\/\/galicianparts.com\/shop\/wp-json\/wp\/v2\/types\/product"}],"wp:featuredmedia":[{"embeddable":true,"href":"https:\/\/galicianparts.com\/shop\/wp-json\/wp\/v2\/media\/91826"}],"wp:attachment":[{"href":"https:\/\/galicianparts.com\/shop\/wp-json\/wp\/v2\/media?parent=91824"}],"wp:term":[{"taxonomy":"product_cat","embeddable":true,"href":"https:\/\/galicianparts.com\/shop\/wp-json\/wp\/v2\/product_cat?post=91824"},{"taxonomy":"product_tag","embeddable":true,"href":"https:\/\/galicianparts.com\/shop\/wp-json\/wp\/v2\/product_tag?post=91824"}],"curies":[{"name":"wp","href":"https:\/\/api.w.org\/{rel}","templated":true}]}}