{"id":91909,"date":"2024-09-25T13:27:37","date_gmt":"2024-09-25T11:27:37","guid":{"rendered":"https:\/\/galicianparts.com\/shop\/producto\/9634959880-tornillo-culata-m12x15-fiat-ducato-scudo-lancia-citroen-peugeot-original\/"},"modified":"2024-09-25T13:29:16","modified_gmt":"2024-09-25T11:29:16","slug":"9634959880-tornillo-culata-m12x15-fiat-ducato-scudo-lancia-citroen-peugeot-original","status":"publish","type":"product","link":"https:\/\/galicianparts.com\/shop\/producto\/9634959880-tornillo-culata-m12x15-fiat-ducato-scudo-lancia-citroen-peugeot-original\/","title":{"rendered":"9634959880 Tornillo culata M12x1,5 Fiat Ducato \/Scudo \/Lancia \/Citro\u00ebn \/Peugeot ORIGINAL"},"content":{"rendered":"<p>Tornillo de la culata del motor de:<br \/>\nM\u00e9trica: 12&#215;1,5<br \/>\nLargo total: 140 mm<\/p>\n<p>FIAT Ducato II Furg\u00f3n (230L)<br \/>\n2.0 JTD, A\u00f1o 10.2001 &#8211; 04.2002, 1997 ccm, 84 cv<br \/>\nFIAT Scudo I (220)<br \/>\n2.0 JTD, A\u00f1o 01.2004 &#8211; 12.2006, 1997 ccm, 94 cv<br \/>\n2.0 JTD, A\u00f1o 12.1999 &#8211; 12.2006, 1997 ccm, 109 cv<br \/>\n2.0 JTD 16V, A\u00f1o 05.1999 &#8211; 12.2006, 1997 ccm, 109 cv<br \/>\nFIAT Ducato II Bus (230)<br \/>\n2.0 JTD, A\u00f1o 10.2001 &#8211; 04.2002, 1997 ccm, 84 cv<br \/>\nFIAT Ulysse II (179)<br \/>\n2.0 JTD, A\u00f1o 05.2003 &#8211; 08.2006, 1997 ccm, 107 cv<br \/>\n2.0 JTD, A\u00f1o 08.2002 &#8211; 08.2006, 1997 ccm, 109 cv<br \/>\n2.2 D Multijet, A\u00f1o 03.2008 &#8211; 06.2011, 2179 ccm, 170 cv<br \/>\n2.2 JTD, A\u00f1o 08.2002 &#8211; 08.2006, 2179 ccm, 128 cv<br \/>\nFIAT Scudo II (270, 272)<br \/>\n2.0 D Multijet, A\u00f1o 01.2007 &#8211; &#8230;, 1997 ccm, 120 cv<br \/>\n2.0 D Multijet, A\u00f1o 04.2011 &#8211; &#8230;, 1997 ccm, 128 cv<br \/>\n2.0 D Multijet, A\u00f1o 01.2007 &#8211; &#8230;, 1997 ccm, 136 cv<br \/>\n2.0 D Multijet, A\u00f1o 07.2010 &#8211; &#8230;, 1997 ccm, 163 cv<br \/>\nFIAT Scudo III Furg\u00f3n<br \/>\n2.0 Multijet 145 (506), A\u00f1o 01.2022 &#8211; &#8230;, 1997 ccm, 144 cv<br \/>\n2.0 Multijet 180 (506), A\u00f1o 01.2022 &#8211; &#8230;, 1997 ccm, 177 cv<\/p>\n<p>LANCIA Phedra (179)<br \/>\n2.0 JTD (179.AXE1A), A\u00f1o 07.2003 &#8211; 11.2010, 1997 ccm, 107 cv<br \/>\n2.0 JTD, A\u00f1o 09.2002 &#8211; 11.2010, 1997 ccm, 109 cv<br \/>\n2.2 D Multijet (179.AXM1B, 179.AXP11, 179.BXM1B,&#8230;, A\u00f1o 03.2008 &#8211; 11.2010, 2179 ccm, 170 cv<br \/>\n2.2 JTD, A\u00f1o 09.2002 &#8211; 11.2010, 2179 ccm, 128 cv<\/p>\n<p>CITRO\u00cbN Berlingo \/ Berlingo First I (M)<br \/>\n2.0 HDI 90, A\u00f1o 12.1999 &#8211; 12.2011, 1997 ccm, 90 cv<br \/>\nCITRO\u00cbN Jumper I (230)<br \/>\n2.0 HDI, A\u00f1o 11.2001 &#8211; 04.2002, 1997 ccm, 84 cv<br \/>\nCITRO\u00cbN Xsara Picasso (N68)<br \/>\n2.0 HDi, A\u00f1o 12.1999 &#8211; 12.2011, 1997 ccm, 90 cv<br \/>\nCITRO\u00cbN Jumpy I Furgoneta<br \/>\n2.0 HDi 95, A\u00f1o 10.1999 &#8211; 10.2006, 1997 ccm, 94 cv<br \/>\nCITRO\u00cbN C5 I Familiar<br \/>\n2.0 HDi, A\u00f1o 06.2001 &#8211; 08.2004, 1997 ccm, 90 cv<br \/>\nCITRO\u00cbN C8 II<br \/>\n2.0 HDi, A\u00f1o 07.2006 &#8211; &#8230;, 1997 ccm, 120 cv<br \/>\n2.0 HDi 135, A\u00f1o 03.2006 &#8211; &#8230;, 1997 ccm, 136 cv<br \/>\n2.2 HDi, A\u00f1o 06.2006 &#8211; &#8230;, 2179 ccm, 170 cv<br \/>\nCITRO\u00cbN C4 I Hatchback<br \/>\n2.0 HDi, A\u00f1o 04.2007 &#8211; 07.2008, 1997 ccm, 110 cv<br \/>\nCITRO\u00cbN Jumper II (250)<br \/>\n2.0 BlueHDi 110, A\u00f1o 07.2015 &#8211; 09.2019, 1997 ccm, 110 cv<br \/>\n2.0 BlueHDi 130, A\u00f1o 07.2015 &#8211; 09.2019, 1997 ccm, 130 cv<br \/>\n2.0 BlueHDi 160, A\u00f1o 07.2015 &#8211; 09.2019, 1997 ccm, 163 cv<br \/>\n2.2 BlueHDi 120, A\u00f1o 08.2019 &#8211; &#8230;, 2179 ccm, 120 cv<br \/>\n2.2 BlueHDi 140, A\u00f1o 08.2019 &#8211; &#8230;, 2179 ccm, 140 cv<br \/>\n2.2 BlueHDi 165, A\u00f1o 08.2019 &#8211; &#8230;, 2179 ccm, 165 cv<br \/>\nCITRO\u00cbN Jumpy II (VF7)<br \/>\n2.0 HDi 120, A\u00f1o 01.2007 &#8211; &#8230;, 1997 ccm, 120 cv<br \/>\n2.0 HDi 125, A\u00f1o 07.2011 &#8211; &#8230;, 1997 ccm, 128 cv<br \/>\n2.0 HDi 140, A\u00f1o 01.2007 &#8211; &#8230;, 1997 ccm, 136 cv<br \/>\n2.0 HDi 165, A\u00f1o 07.2010 &#8211; &#8230;, 1997 ccm, 163 cv<br \/>\n2.0 HDi 95, A\u00f1o 07.2011 &#8211; &#8230;, 1997 ccm, 98 cv<br \/>\nCITRO\u00cbN C4 I Grand Picasso<br \/>\n2.0 HDi 138, A\u00f1o 10.2006 &#8211; 12.2013, 1997 ccm, 136 cv<br \/>\nCITRO\u00cbN C5 III<br \/>\n2.0 HDi 140, A\u00f1o 11.2008 &#8211; &#8230;, 1997 ccm, 140 cv<br \/>\n2.0 HDi 150 \/ BlueHDi 150 (RDRHEA, RDRHE8), A\u00f1o 04.2009 &#8211; 02.2015, 1997 ccm, 150 cv<br \/>\n2.0 HDi 165, A\u00f1o 04.2009 &#8211; &#8230;, 1997 ccm, 163 cv<br \/>\n2.0 HDi 180, A\u00f1o 03.2015 &#8211; &#8230;, 1997 ccm, 181 cv<br \/>\nCITRO\u00cbN C4 II Hatchback<br \/>\n2.0 HDi \/ BlueHDi 150, A\u00f1o 11.2009 &#8211; &#8230;, 1997 ccm, 150 cv<br \/>\nCITRO\u00cbN DS4 Hatchback<br \/>\n2.0 HDi \/ BlueHDi 135, A\u00f1o 09.2011 &#8211; 07.2015, 1997 ccm, 136 cv<br \/>\n2.0 HDi 165, A\u00f1o 04.2011 &#8211; 07.2015, 1997 ccm, 163 cv<br \/>\nCITRO\u00cbN DS5 Hatchback<br \/>\n2.0 BlueHDi 150, A\u00f1o 07.2014 &#8211; 07.2015, 1997 ccm, 150 cv<br \/>\n2.0 BlueHDi 180, A\u00f1o 08.2013 &#8211; 07.2015, 1997 ccm, 180 cv<br \/>\n2.0 HDi 135, A\u00f1o 11.2011 &#8211; 07.2015, 1997 ccm, 136 cv<br \/>\n2.0 HDi 165, A\u00f1o 11.2011 &#8211; 07.2015, 1997 ccm, 163 cv<br \/>\nCITRO\u00cbN C4 II<br \/>\n2.0 BlueHDi 150, A\u00f1o 09.2013 &#8211; &#8230;, 1997 ccm, 150 cv<br \/>\nCITRO\u00cbN Spacetourer Bus (V)<br \/>\n2.0 BlueHDi 120, A\u00f1o 12.2019 &#8211; &#8230;, 1997 ccm, 122 cv<br \/>\n2.0 BlueHDi 145, A\u00f1o 09.2020 &#8211; &#8230;, 1997 ccm, 144 cv<br \/>\n2.0 BlueHDi 150, A\u00f1o 04.2016 &#8211; &#8230;, 1997 ccm, 150 cv<br \/>\n2.0 BlueHDi 150 4&#215;4, A\u00f1o 04.2016 &#8211; &#8230;, 1997 ccm, 150 cv<br \/>\n2.0 BlueHDi 180, A\u00f1o 04.2016 &#8211; &#8230;, 1997 ccm, 178 cv<br \/>\nCITRO\u00cbN Jumpy III (V)<br \/>\n2.0 BlueHDi 120, A\u00f1o 04.2016 &#8211; &#8230;, 1997 ccm, 122 cv<br \/>\n2.0 BlueHDi 145, A\u00f1o 08.2021 &#8211; &#8230;, 1997 ccm, 144 cv<br \/>\n2.0 BlueHDi 150, A\u00f1o 04.2016 &#8211; &#8230;, 1997 ccm, 150 cv<br \/>\n2.0 BlueHDi 180, A\u00f1o 04.2016 &#8211; &#8230;, 1997 ccm, 177 cv<br \/>\nCITRO\u00cbN C4 Spacetourer (3D_)<br \/>\n2.0 BlueHDi 150, A\u00f1o 04.2018 &#8211; &#8230;, 1997 ccm, 150 cv<br \/>\n2.0 BlueHDi 160, A\u00f1o 04.2018 &#8211; &#8230;, 1997 ccm, 163 cv<br \/>\nCITRO\u00cbN Grand C4 Spacetourer (3A_, 3E_)<br \/>\n2.0 BlueHDi 150, A\u00f1o 04.2018 &#8211; &#8230;, 1997 ccm, 150 cv<br \/>\n2.0 BlueHDi 160, A\u00f1o 04.2018 &#8211; &#8230;, 1997 ccm, 163 cv<br \/>\nCITRO\u00cbN C5 Aircross<br \/>\n2.0 BlueHDi 180 (AJEHZR), A\u00f1o 11.2018 &#8211; &#8230;, 1997 ccm, 177 cv<\/p>\n<p>PEUGEOT 406<br \/>\n2.0 HDI 110, A\u00f1o 06.1998 &#8211; 08.2001, 1997 ccm, 109 cv<br \/>\nPEUGEOT Boxer Furg\u00f3n (230)<br \/>\n2.0 HDI, A\u00f1o 08.2001 &#8211; 04.2002, 1997 ccm, 84 cv<br \/>\nPEUGEOT Expert I Furg\u00f3n<br \/>\n2.0 HDI, A\u00f1o 07.2000 &#8211; 12.2006, 1997 ccm, 94 cv<br \/>\nPEUGEOT 206 Hatchback (2A\/C)<br \/>\n2.0 HDI 90, A\u00f1o 12.1999 &#8211; 09.2009, 1997 ccm, 90 cv<br \/>\nPEUGEOT 307 (3A\/C))<br \/>\n2.0 HDi 135, A\u00f1o 10.2003 &#8211; 11.2007, 1997 ccm, 136 cv<br \/>\n2.0 HDi 90, A\u00f1o 08.2000 &#8211; 03.2007, 1997 ccm, 90 cv<br \/>\nPEUGEOT 807 MPV<br \/>\n2.0 HDi, A\u00f1o 02.2006 &#8211; &#8230;, 1997 ccm, 120 cv<br \/>\n2.0 HDI, A\u00f1o 06.2006 &#8211; &#8230;, 1997 ccm, 136 cv<br \/>\n2.0 HDi, A\u00f1o 06.2009 &#8211; &#8230;, 1997 ccm, 163 cv<br \/>\n2.2 HDi, A\u00f1o 06.2006 &#8211; &#8230;, 2179 ccm, 170 cv<br \/>\nPEUGEOT 206 SW (2E\/K)<br \/>\n2.0 HDi, A\u00f1o 07.2002 &#8211; &#8230;, 1997 ccm, 90 cv<br \/>\nPEUGEOT 407<br \/>\n2.0 HDi (6DRHRH), A\u00f1o 06.2009 &#8211; 12.2010, 1997 ccm, 140 cv<br \/>\nPEUGEOT 307 Familiar (3E)<br \/>\n2.0 HDI 90, A\u00f1o 03.2002 &#8211; 04.2008, 1997 ccm, 90 cv<br \/>\nPEUGEOT Boxer (250)<br \/>\n2.0 BlueHDi 110, A\u00f1o 07.2015 &#8211; 09.2019, 1997 ccm, 110 cv<br \/>\n2.0 BlueHDi 130, A\u00f1o 07.2015 &#8211; 09.2019, 1997 ccm, 130 cv<br \/>\n2.0 BlueHDi 160, A\u00f1o 07.2015 &#8211; 09.2019, 1997 ccm, 163 cv<br \/>\n2.2 BlueHDi 120, A\u00f1o 07.2019 &#8211; &#8230;, 2179 ccm, 120 cv<br \/>\n2.2 BlueHDi 140, A\u00f1o 07.2019 &#8211; &#8230;, 2179 ccm, 140 cv<br \/>\n2.2 BlueHDi 165, A\u00f1o 08.2019 &#8211; &#8230;, 2179 ccm, 165 cv<br \/>\nPEUGEOT Expert II (VF3X)<br \/>\n2.0 HDi 100, A\u00f1o 03.2011 &#8211; 03.2016, 1997 ccm, 98 cv<br \/>\n2.0 HDi 120, A\u00f1o 01.2007 &#8211; 03.2016, 1997 ccm, 120 cv<br \/>\n2.0 HDi 130, A\u00f1o 03.2011 &#8211; &#8230;, 1997 ccm, 128 cv<br \/>\n2.0 HDi 140, A\u00f1o 01.2007 &#8211; &#8230;, 1997 ccm, 136 cv<br \/>\n2.0 HDi 165, A\u00f1o 09.2009 &#8211; &#8230;, 1997 ccm, 163 cv<br \/>\nPEUGEOT 4007 (VU, VV)<br \/>\n2.2 HDi, A\u00f1o 02.2007 &#8211; 03.2013, 2179 ccm, 156 cv<br \/>\nPEUGEOT 308 I Hatchback (4A, 4C)<br \/>\n2.0 HDi, A\u00f1o 09.2007 &#8211; 10.2014, 1997 ccm, 136 cv<br \/>\n2.0 HDi, A\u00f1o 07.2010 &#8211; 12.2012, 1997 ccm, 140 cv<br \/>\n2.0 HDi, A\u00f1o 10.2011 &#8211; 10.2014, 1997 ccm, 150 cv<br \/>\n2.0 HDi, A\u00f1o 04.2012 &#8211; 10.2014, 1997 ccm, 163 cv<br \/>\nPEUGEOT 3008 I (0U)<br \/>\n2.0 HDi, A\u00f1o 09.2011 &#8211; 08.2016, 1997 ccm, 136 cv<br \/>\n2.0 HDi, A\u00f1o 06.2009 &#8211; 08.2016, 1997 ccm, 163 cv<br \/>\n2.0 HDi 150 \/ BlueHDi 150, A\u00f1o 06.2009 &#8211; 08.2016, 1997 ccm, 150 cv<br \/>\n2.0 HDi Hybrid4 (0URHCA), A\u00f1o 02.2011 &#8211; 08.2016, 1997 ccm, 200 cv<br \/>\nPEUGEOT 5008 I (0U_, 0E_)<br \/>\n2.0 HDi, A\u00f1o 09.2009 &#8211; 03.2017, 1997 ccm, 163 cv<br \/>\n2.0 HDi 136 \/ BlueHDi 136, A\u00f1o 02.2012 &#8211; 03.2017, 1997 ccm, 136 cv<br \/>\n2.0 HDi 150 \/ BlueHDi 150, A\u00f1o 06.2009 &#8211; 03.2017, 1997 ccm, 150 cv<br \/>\nPEUGEOT RCZ Coup\u00e9 (A\u00f1o 03.2010 &#8211; 12.2015)<br \/>\n2.0 HDi, A\u00f1o 03.2010 &#8211; 12.2015, 1997 ccm, 163 cv<br \/>\nPEUGEOT 508 I (8D)<br \/>\n2.0 BlueHDi 150, A\u00f1o 04.2014 &#8211; 12.2018, 1997 ccm, 150 cv<br \/>\n2.0 BlueHDi 180, A\u00f1o 04.2014 &#8211; 12.2018, 1997 ccm, 180 cv<br \/>\n2.0 HDi, A\u00f1o 11.2010 &#8211; 12.2018, 1997 ccm, 140 cv<br \/>\n2.0 HDi, A\u00f1o 11.2010 &#8211; 12.2018, 1997 ccm, 163 cv<br \/>\n2.0 HDi Hybrid4 AWC, A\u00f1o 11.2010 &#8211; 12.2018, 1997 ccm, 200 cv<br \/>\n2.2 HDi, A\u00f1o 11.2010 &#8211; 12.2018, 2179 ccm, 204 cv<br \/>\nPEUGEOT 308 II<br \/>\n2.0 BlueHDi 150, A\u00f1o 11.2013 &#8211; &#8230;, 1997 ccm, 150 cv<br \/>\n2.0 GT BlueHDi 180, A\u00f1o 06.2017 &#8211; &#8230;, 1997 ccm, 177 cv<br \/>\n2.0 GT BlueHDi 180, A\u00f1o 06.2014 &#8211; 06.2021, 1997 ccm, 181 cv<br \/>\nPEUGEOT Traveller Monovolumen (V))<br \/>\n2.0 BlueHDi 150 \/ HDi 150, A\u00f1o 04.2016 &#8211; &#8230;, 1997 ccm, 150 cv<br \/>\n2.0 BlueHDi 180, A\u00f1o 04.2016 &#8211; &#8230;, 1997 ccm, 178 cv<br \/>\nPEUGEOT Expert III Furg\u00f3n (V)<br \/>\n2.0 BlueHDi 120, A\u00f1o 04.2016 &#8211; &#8230;, 1997 ccm, 122 cv<br \/>\n2.0 BlueHDi 145, A\u00f1o 08.2021 &#8211; &#8230;, 1997 ccm, 144 cv<br \/>\n2.0 BlueHDi 150, A\u00f1o 04.2016 &#8211; &#8230;, 1997 ccm, 150 cv<br \/>\n2.0 BlueHDi 180, A\u00f1o 04.2016 &#8211; &#8230;, 1997 ccm, 178 cv<br \/>\nPEUGEOT 3008 II SUV (M)<br \/>\n2.0 BlueHDi 150 (MJAHXH, MJAHXV, MJAHXG, MJAHSH, MJAHRH,&#8230;, A\u00f1o 05.2016 &#8211; 09.2020, 1997 ccm, 150 cv<br \/>\n2.0 BlueHDi 180, A\u00f1o 01.2018 &#8211; &#8230;, 1997 ccm, 177 cv<br \/>\n2.0 BlueHDi 180, A\u00f1o 05.2016 &#8211; &#8230;, 1997 ccm, 181 cv<br \/>\nPEUGEOT 5008 II<br \/>\n2.0 BlueHDi 136, A\u00f1o 12.2016 &#8211; &#8230;, 1997 ccm, 136 cv<br \/>\n2.0 BlueHDi 150, A\u00f1o 12.2016 &#8211; &#8230;, 1997 ccm, 150 cv<br \/>\n2.0 BlueHDi 180, A\u00f1o 01.2018 &#8211; &#8230;, 1997 ccm, 177 cv<br \/>\n2.0 BlueHDi 180, A\u00f1o 12.2016 &#8211; &#8230;, 1997 ccm, 181 cv<br \/>\nPEUGEOT Expert III Caja \/ Chasis (V)<br \/>\n2.0 BlueHDi 120, A\u00f1o 09.2016 &#8211; &#8230;, 1997 ccm, 122 cv<br \/>\n2.0 BlueHDi 150, A\u00f1o 09.2016 &#8211; &#8230;, 1997 ccm, 150 cv<br \/>\nPEUGEOT Expert III Bus (V)<br \/>\n2.0 BlueHDi 145, A\u00f1o 07.2021 &#8211; &#8230;, 1997 ccm, 144 cv<br \/>\n2.0 BlueHDi 150, A\u00f1o 04.2016 &#8211; &#8230;, 1997 ccm, 150 cv<br \/>\n2.0 BlueHDi 180, A\u00f1o 04.2016 &#8211; &#8230;, 1997 ccm, 178 cv<br \/>\nPEUGEOT 508 II (FB, F3)<br \/>\n2.0 BlueHDI 160 (FHEHYR), A\u00f1o 10.2018 &#8211; &#8230;, 1997 ccm, 163 cv<br \/>\n2.0 BlueHDI 180 (FHEHZR, FHEHZN), A\u00f1o 10.2018 &#8211; &#8230;, 1997 ccm, 177 cv<\/p>\n<p>LA PIEZA ES NUEVA Y ORIGINAL.<\/p>\n","protected":false},"excerpt":{"rendered":"<p>Tornillo de la culata del motor de: M\u00e9trica: 12&#215;1,5 Largo total: 140 mm FIAT Ducato II Furg\u00f3n (230L) 2.0 JTD, A\u00f1o 10.2001 &#8211; 04.2002, 1997 ccm, 84 cv FIAT Scudo I (220) 2.0 JTD, A\u00f1o 01.2004 &#8211; 12.2006, 1997 ccm, 94 cv 2.0 JTD, A\u00f1o 12.1999 &#8211; 12.2006, 1997 ccm, 109 cv 2.0 JTD 16V, [&hellip;]<\/p>\n","protected":false},"featured_media":91911,"template":"","meta":{"_seopress_robots_primary_cat":"","_seopress_titles_title":"","_seopress_titles_desc":"","_seopress_robots_index":""},"product_cat":[146,336,148,251,348,151,152,337,338,182,129,155,134,135,181,23,331,332,88,156,20,137,138,21,24,122,104,248,340,113,143],"product_tag":[],"class_list":{"0":"post-91909","1":"product","2":"type-product","3":"status-publish","4":"has-post-thumbnail","6":"product_cat-recambios-peugeot-206","7":"product_cat-recambios-peugeot-3008","8":"product_cat-recambios-peugeot-307","9":"product_cat-recambios-peugeot-308","10":"product_cat-recambios-peugeot-4007","11":"product_cat-recambios-peugeot-406","12":"product_cat-recambios-peugeot-407","13":"product_cat-recambios-peugeot-5008","14":"product_cat-recambios-peugeot-508","15":"product_cat-recambios-peugeot-807","16":"product_cat-recambios-citroen-berlingo","17":"product_cat-recambios-peugeot-boxer","18":"product_cat-recambios-citroen-c4","19":"product_cat-recambios-citroen-c5","20":"product_cat-recambios-citroen-c8","21":"product_cat-recambios-citroen","22":"product_cat-recambios-citroen-ds4","23":"product_cat-recambios-citroen-ds5","24":"product_cat-recambios-fiat-ducato","25":"product_cat-recambios-peugeot-expert","26":"product_cat-recambios-fiat","27":"product_cat-recambios-citroen-jumper","28":"product_cat-recambios-citroen-jumpy","29":"product_cat-recambios-lancia","30":"product_cat-recambios-peugeot","31":"product_cat-recambios-lancia-phedra","32":"product_cat-recambios-fiat-scudo","33":"product_cat-recambios-citroen-space-tourer","34":"product_cat-recambios-peugeot-traveller","35":"product_cat-recambios-fiat-ulysse","36":"product_cat-recambios-citroen-xsara","38":"first","39":"instock","40":"taxable","41":"shipping-taxable","42":"purchasable","43":"product-type-simple"},"_links":{"self":[{"href":"https:\/\/galicianparts.com\/shop\/wp-json\/wp\/v2\/product\/91909"}],"collection":[{"href":"https:\/\/galicianparts.com\/shop\/wp-json\/wp\/v2\/product"}],"about":[{"href":"https:\/\/galicianparts.com\/shop\/wp-json\/wp\/v2\/types\/product"}],"wp:featuredmedia":[{"embeddable":true,"href":"https:\/\/galicianparts.com\/shop\/wp-json\/wp\/v2\/media\/91911"}],"wp:attachment":[{"href":"https:\/\/galicianparts.com\/shop\/wp-json\/wp\/v2\/media?parent=91909"}],"wp:term":[{"taxonomy":"product_cat","embeddable":true,"href":"https:\/\/galicianparts.com\/shop\/wp-json\/wp\/v2\/product_cat?post=91909"},{"taxonomy":"product_tag","embeddable":true,"href":"https:\/\/galicianparts.com\/shop\/wp-json\/wp\/v2\/product_tag?post=91909"}],"curies":[{"name":"wp","href":"https:\/\/api.w.org\/{rel}","templated":true}]}}