{"id":91916,"date":"2024-09-26T08:57:23","date_gmt":"2024-09-26T06:57:23","guid":{"rendered":"https:\/\/galicianparts.com\/shop\/producto\/4431399-deposito-radiador-fiat-ducato-90-94-citroen-c25-peugeot-j5-original\/"},"modified":"2025-03-09T21:24:44","modified_gmt":"2025-03-09T19:24:44","slug":"4431399-deposito-radiador-fiat-ducato-90-94-citroen-c25-peugeot-j5-original","status":"publish","type":"product","link":"https:\/\/galicianparts.com\/shop\/producto\/4431399-deposito-radiador-fiat-ducato-90-94-citroen-c25-peugeot-j5-original\/","title":{"rendered":"4431399 Dep\u00f3sito refrigerante Fiat Ducato (90-94) Citro\u00ebn C25 \/Peugeot J5 ORIGINAL"},"content":{"rendered":"<p>Vaso de expansi\u00f3n, dep\u00f3sito de recuperaci\u00f3n del refrigerante del motor de:<br \/>\nFIAT PROFESSIONAL &#8211; ND DUCATO 4X4 R.90 (1990-1994) 2500 DIESEL \/ 2500 TURBO DIESEL<br \/>\nFIAT PROFESSIONAL &#8211; ND DUCATO 4X4 R.90 (1990-1994) 2000 BENZINA<br \/>\nFIAT PROFESSIONAL &#8211; NB NUOVO DUCATO BZ R.90 (1990-1994)<br \/>\nFIAT PROFESSIONAL &#8211; NA NUOVO DUCATO DS.R.90 (1990-1994) 2500 \/ 2500 TURBO<br \/>\nFIAT PROFESSIONAL &#8211; NA NUOVO DUCATO DS.R.90 (1990-1994) 1930 \/ 1930 TURBO<br \/>\nFIAT PROFESSIONAL &#8211; NC TALENTO R.90 (1990-1994) DI\u00c9SEL<br \/>\nFIAT PROFESSIONAL &#8211; NC TALENTO R.90 (1990-1994) GASOLINA<br \/>\nCITROEN &#8211; C25 (1990-1994)<br \/>\nPEUGEOT &#8211; J5 (1990-1994)<\/p>\n<p>LA PIEZA ES NUEVA Y ORIGINAL.<\/p>\n","protected":false},"excerpt":{"rendered":"<p>Vaso de expansi\u00f3n, dep\u00f3sito de recuperaci\u00f3n del refrigerante del motor de: FIAT PROFESSIONAL &#8211; ND DUCATO 4X4 R.90 (1990-1994) 2500 DIESEL \/ 2500 TURBO DIESEL FIAT PROFESSIONAL &#8211; ND DUCATO 4X4 R.90 (1990-1994) 2000 BENZINA FIAT PROFESSIONAL &#8211; NB NUOVO DUCATO BZ R.90 (1990-1994) FIAT PROFESSIONAL &#8211; NA NUOVO DUCATO DS.R.90 (1990-1994) 2500 \/ 2500 [&hellip;]<\/p>\n","protected":false},"featured_media":91920,"template":"","meta":{"_seopress_robots_primary_cat":"","_seopress_titles_title":"","_seopress_titles_desc":"","_seopress_robots_index":""},"product_cat":[132,23,88,20,157,24,110],"product_tag":[],"class_list":{"0":"post-91916","1":"product","2":"type-product","3":"status-publish","4":"has-post-thumbnail","6":"product_cat-recambios-citroen-c25","7":"product_cat-recambios-citroen","8":"product_cat-recambios-fiat-ducato","9":"product_cat-recambios-fiat","10":"product_cat-recambios-peugeot-j5","11":"product_cat-recambios-peugeot","12":"product_cat-recambios-fiat-talento","14":"first","15":"outofstock","16":"taxable","17":"shipping-taxable","18":"purchasable","19":"product-type-simple"},"_links":{"self":[{"href":"https:\/\/galicianparts.com\/shop\/wp-json\/wp\/v2\/product\/91916"}],"collection":[{"href":"https:\/\/galicianparts.com\/shop\/wp-json\/wp\/v2\/product"}],"about":[{"href":"https:\/\/galicianparts.com\/shop\/wp-json\/wp\/v2\/types\/product"}],"wp:featuredmedia":[{"embeddable":true,"href":"https:\/\/galicianparts.com\/shop\/wp-json\/wp\/v2\/media\/91920"}],"wp:attachment":[{"href":"https:\/\/galicianparts.com\/shop\/wp-json\/wp\/v2\/media?parent=91916"}],"wp:term":[{"taxonomy":"product_cat","embeddable":true,"href":"https:\/\/galicianparts.com\/shop\/wp-json\/wp\/v2\/product_cat?post=91916"},{"taxonomy":"product_tag","embeddable":true,"href":"https:\/\/galicianparts.com\/shop\/wp-json\/wp\/v2\/product_tag?post=91916"}],"curies":[{"name":"wp","href":"https:\/\/api.w.org\/{rel}","templated":true}]}}