{"id":91930,"date":"2024-09-26T09:35:04","date_gmt":"2024-09-26T07:35:04","guid":{"rendered":"https:\/\/galicianparts.com\/shop\/producto\/9613736080-valvula-escape-fiat-ducato-ulysse-scudo-citroen-peugeot-original\/"},"modified":"2025-08-22T12:44:23","modified_gmt":"2025-08-22T10:44:23","slug":"9613736080-valvula-escape-fiat-ducato-ulysse-scudo-citroen-peugeot-original","status":"publish","type":"product","link":"https:\/\/galicianparts.com\/shop\/producto\/9613736080-valvula-escape-fiat-ducato-ulysse-scudo-citroen-peugeot-original\/","title":{"rendered":"9613736080 V\u00e1lvula escape M 1.9 D-TD Fiat Ducato (98-02) Scudo \/Citro\u00ebn \/Peugeot ORIGINAL"},"content":{"rendered":"<p>V\u00e1lvula de escape del motor de:<br \/>\nDi\u00e1metro plato v\u00e1lvula: 33 mm<br \/>\nDi\u00e1metro v\u00e1stago v\u00e1lvula: 8 mm<br \/>\nLongitud: 112 mm<\/p>\n<p>FIAT Ulysse I (220)<br \/>\n1.9 TD, A\u00f1o 02.1995 &#8211; 08.2002, 1905 ccm, 90 cv<br \/>\nFIAT Scudo I (220)<br \/>\n1.9 D, A\u00f1o 02.1996 &#8211; 04.1998, 1905 ccm, 69 cv<br \/>\n1.9 D, A\u00f1o 04.1998 &#8211; 12.2006, 1868 ccm, 69 cv<br \/>\n1.9 TD, A\u00f1o 02.1996 &#8211; 12.2006, 1905 ccm, 92 cv<br \/>\n1.9 TD Eco, A\u00f1o 02.1996 &#8211; 12.2006, 1905 ccm, 90 cv<br \/>\nFIAT Ducato II (230)<br \/>\n1.9 D, A\u00f1o 04.1998 &#8211; 04.2002, 1905 ccm, 68 cv<br \/>\n1.9 TD, A\u00f1o 05.1998 &#8211; 11.2001, 1905 ccm, 80 cv<br \/>\n1.9 TD, A\u00f1o 04.1998 &#8211; 04.2002, 1905 ccm, 90 cv<\/p>\n<p>CITRO\u00cbN Xantia (X1, X2)<br \/>\n1.9 SD, A\u00f1o 02.1996 &#8211; 04.2003, 1905 ccm, 75 cv<br \/>\n1.9 Turbo D, A\u00f1o 05.1993 &#8211; 04.2003, 1905 ccm, 90 cv<br \/>\nCITRO\u00cbN ZX Hatchback (N2)<br \/>\n1.8 D, A\u00f1o 06.1993 &#8211; 06.1997, 1769 ccm, 60 cv<br \/>\n1.9 DT, A\u00f1o 07.1994 &#8211; 10.1997, 1905 ccm, 88 cv<br \/>\n1.9 DT, A\u00f1o 06.1992 &#8211; 06.1994, 1905 ccm, 92 cv<br \/>\n1.9 TD, A\u00f1o 07.1992 &#8211; 06.1997, 1905 ccm, 90 cv<br \/>\nCITRO\u00cbN BX<br \/>\n1.8 D, A\u00f1o 10.1985 &#8211; 09.1993, 1769 ccm, 60 cv<br \/>\nCITRO\u00cbN C15<br \/>\n1.8 D, A\u00f1o 07.1986 &#8211; 12.2000, 1769 ccm, 60 cv<br \/>\n1.9 D, A\u00f1o 12.2000 &#8211; 12.2005, 1868 ccm, 60 cv<br \/>\n1.9 D, A\u00f1o 01.2000 &#8211; 07.2005, 1868 ccm, 69 cv<br \/>\nCITRO\u00cbN C25 Bus<br \/>\n1.9 D, A\u00f1o 07.1987 &#8211; 02.1994, 1905 ccm, 69 cv<br \/>\nCITRO\u00cbN Jumpy I MPV<br \/>\n1.9 D, A\u00f1o 10.1995 &#8211; 08.1998, 1905 ccm, 69 cv<br \/>\nCITRO\u00cbN Berlingo \/ Berlingo First I Furgoneta (M)<br \/>\n1.8 D, A\u00f1o 07.1996 &#8211; 10.2002, 1769 ccm, 59 cv<br \/>\n1.9 D, A\u00f1o 07.1996 &#8211; 12.2003, 1905 ccm, 70 cv<br \/>\n1.9 D 70, A\u00f1o 04.1999 &#8211; 12.2011, 1868 ccm, 69 cv<br \/>\n1.9 D 70 4WD, A\u00f1o 07.1998 &#8211; 03.2006, 1868 ccm, 69 cv<br \/>\nCITRO\u00cbN Berlingo \/ Berlingo First I (MF, GJK, GFK)<br \/>\n1.8 D, A\u00f1o 07.1998 &#8211; 10.2002, 1769 ccm, 58 cv<br \/>\n1.9 D, A\u00f1o 07.1996 &#8211; 12.2003, 1905 ccm, 68 cv<br \/>\n1.9 D, A\u00f1o 07.1996 &#8211; 10.1999, 1905 ccm, 69 cv<br \/>\n1.9 D, A\u00f1o 07.1998 &#8211; 10.2005, 1868 ccm, 70 cv<br \/>\n1.9 D 4WD, A\u00f1o 07.1998 &#8211; 10.2005, 1868 ccm, 69 cv<br \/>\nCITRO\u00cbN Xsara (N1)<br \/>\n1.9 D, A\u00f1o 07.1998 &#8211; 03.2005, 1868 ccm, 70 cv<br \/>\n1.9 D, A\u00f1o 04.2000 &#8211; 04.2005, 1868 ccm, 72 cv<br \/>\nCITRO\u00cbN ZX Familiar (N2)<br \/>\n1.8 D, A\u00f1o 10.1993 &#8211; 10.1997, 1769 ccm, 60 cv<br \/>\n1.9 TD, A\u00f1o 10.1993 &#8211; 10.1997, 1905 ccm, 90 cv<br \/>\nCITRO\u00cbN C25 Furg\u00f3n<br \/>\n1.9 D 1400, A\u00f1o 01.1988 &#8211; 01.1994, 1905 ccm, 69 cv<br \/>\nCITRO\u00cbN Jumpy I Furgoneta<br \/>\n1.9 D, A\u00f1o 10.1995 &#8211; 08.1998, 1905 ccm, 69 cv<br \/>\n1.9 DT, A\u00f1o 10.1995 &#8211; 08.2000, 1905 ccm, 88 cv<br \/>\nCITRO\u00cbN Jumpy I Caja \/ Chasis<br \/>\n1.9 TD, A\u00f1o 10.1999 &#8211; 10.2006, 1905 ccm, 92 cv<br \/>\nCITRO\u00cbN ZX Furgoneta \/ Hatchback (N2)<br \/>\n1.8, A\u00f1o 07.1993 &#8211; 05.1998, 1769 ccm, 60 cv<br \/>\n1.9 D, A\u00f1o 07.1994 &#8211; 06.1997, 1905 ccm, 68 cv<\/p>\n<p>PEUGEOT 806 MPV<br \/>\n1.9 TD, A\u00f1o 07.1995 &#8211; 08.2002, 1905 ccm, 90 cv<br \/>\n1.9 TD, A\u00f1o 05.1997 &#8211; 08.2002, 1905 ccm, 92 cv<br \/>\nPEUGEOT 205 I Hatchback<br \/>\n1.7 Di\u00e9sel, A\u00f1o 08.1983 &#8211; 10.1987, 1769 ccm, 60 cv<br \/>\nPEUGEOT 205 II Hatchback<br \/>\n1.7 Di\u00e9sel, A\u00f1o 07.1987 &#8211; 09.1998, 1769 ccm, 60 cv<br \/>\n1.8 Diesel, A\u00f1o 07.1987 &#8211; 09.1998, 1769 ccm, 60 cv<br \/>\n1.9 Di\u00e9sel, A\u00f1o 08.1987 &#8211; 06.1994, 1905 ccm, 69 cv<br \/>\nPEUGEOT 306<br \/>\n1.8 D, A\u00f1o 05.1993 &#8211; 05.2001, 1769 ccm, 58 cv<br \/>\n1.8 D, A\u00f1o 04.1993 &#8211; 05.1999, 1769 ccm, 60 cv<br \/>\n1.9 D, A\u00f1o 09.1998 &#8211; 05.2001, 1868 ccm, 69 cv<br \/>\n1.9 D, A\u00f1o 04.1993 &#8211; 05.1999, 1905 ccm, 69 cv<br \/>\n1.9 D, A\u00f1o 01.1999 &#8211; 08.2003, 1868 ccm, 71 cv<br \/>\n1.9 D, A\u00f1o 01.1993 &#8211; 12.1997, 1905 ccm, 92 cv<br \/>\n1.9 DT, A\u00f1o 05.1993 &#8211; 05.2001, 1905 ccm, 90 cv<br \/>\n1.9 Td, A\u00f1o 07.1995 &#8211; 08.2000, 1905 ccm, 71 cv<br \/>\nPEUGEOT 309 I Hatchback<br \/>\n1.9 D, A\u00f1o 06.1986 &#8211; 07.1989, 1905 ccm, 64 cv<br \/>\nPEUGEOT 405 I (15E)<br \/>\n1.8 GLD, A\u00f1o 04.1990 &#8211; 07.1992, 1769 ccm, 60 cv<br \/>\n1.9 D, A\u00f1o 10.1988 &#8211; 08.1992, 1905 ccm, 69 cv<br \/>\nPEUGEOT 405 II Familiar (4E)<br \/>\n1.9 D, A\u00f1o 06.1994 &#8211; 10.1996, 1905 ccm, 68 cv<br \/>\n1.9 D, A\u00f1o 09.1993 &#8211; 12.1995, 1905 ccm, 69 cv<br \/>\n1.9 TD, A\u00f1o 08.1992 &#8211; 10.1996, 1905 ccm, 90 cv<br \/>\n1.9 TD, A\u00f1o 08.1992 &#8211; 10.1996, 1905 ccm, 93 cv<br \/>\nPEUGEOT 405 II Berlina (4B)<br \/>\n1.9 D, A\u00f1o 08.1992 &#8211; 10.1995, 1905 ccm, 64 cv<br \/>\n1.9 D, A\u00f1o 06.1994 &#8211; 10.1995, 1905 ccm, 68 cv<br \/>\n1.9 D, A\u00f1o 08.1992 &#8211; 08.1994, 1905 ccm, 69 cv<br \/>\n1.9 D, A\u00f1o 08.1997 &#8211; 11.1999, 1905 ccm, 71 cv<br \/>\n1.9 TD, A\u00f1o 08.1992 &#8211; 10.1995, 1905 ccm, 90 cv<br \/>\n1.9 TD, A\u00f1o 08.1992 &#8211; 05.1997, 1905 ccm, 94 cv<br \/>\nPEUGEOT 406<br \/>\n1.9 D, A\u00f1o 10.1996 &#8211; 05.2004, 1905 ccm, 75 cv<br \/>\n1.9 TD, A\u00f1o 01.1996 &#8211; 05.2004, 1905 ccm, 90 cv<br \/>\n1.9 TD, A\u00f1o 01.1996 &#8211; 05.2004, 1905 ccm, 92 cv<br \/>\n1.9 TD, A\u00f1o 10.1995 &#8211; 10.1997, 1905 ccm, 94 cv<br \/>\nPEUGEOT Expert I (224)<br \/>\n1.9 D, A\u00f1o 12.2003 &#8211; 12.2006, 1868 ccm, 69 cv<br \/>\n1.9 D, A\u00f1o 10.1995 &#8211; 05.1998, 1905 ccm, 94 cv<br \/>\n1.9 TD, A\u00f1o 02.1996 &#8211; 09.2000, 1905 ccm, 90 cv<br \/>\n1.9 TD, A\u00f1o 02.1996 &#8211; 05.1998, 1905 ccm, 92 cv<br \/>\nPEUGEOT Boxer (230)<br \/>\n1.9 D, A\u00f1o 07.1999 &#8211; 04.2002, 1905 ccm, 68 cv<br \/>\n1.9 D, A\u00f1o 03.1994 &#8211; 04.2002, 1905 ccm, 69 cv<br \/>\n1.9 DT 4&#215;4, A\u00f1o 03.1996 &#8211; 09.1998, 1905 ccm, 90 cv<br \/>\n1.9 TD, A\u00f1o 07.1999 &#8211; 04.2002, 1905 ccm, 90 cv<br \/>\nPEUGEOT Partner I<br \/>\n1.8 D, A\u00f1o 06.1996 &#8211; 12.2002, 1769 ccm, 58 cv<br \/>\n1.8 D, A\u00f1o 11.1996 &#8211; 02.1998, 1769 ccm, 60 cv<br \/>\n1.9 D, A\u00f1o 06.1996 &#8211; 12.2002, 1905 ccm, 69 cv<br \/>\n1.9 D, A\u00f1o 06.1996 &#8211; 12.2015, 1868 ccm, 69 cv<br \/>\n1.9 D 4&#215;4, A\u00f1o 04.2004 &#8211; 07.2011, 1868 ccm, 69 cv<br \/>\nPEUGEOT Expert I<br \/>\n1.9 D, A\u00f1o 02.1996 &#8211; 12.1998, 1905 ccm, 70 cv<br \/>\n1.9 D 70, A\u00f1o 12.1998 &#8211; 12.2006, 1868 ccm, 69 cv<br \/>\n1.9 TD, A\u00f1o 02.1996 &#8211; 09.2000, 1905 ccm, 90 cv<br \/>\n1.9 TD, A\u00f1o 02.1996 &#8211; 05.1998, 1905 ccm, 92 cv<br \/>\nPEUGEOT J5 Bus (290)<br \/>\n1.9 D, A\u00f1o 10.1990 &#8211; 02.1994, 1905 ccm, 70 cv<br \/>\nPEUGEOT 309 II Hatchback<br \/>\n1.8 Di\u00e9sel, A\u00f1o 07.1989 &#8211; 12.1993, 1769 ccm, 60 cv<br \/>\n1.9 Di\u00e9sel, A\u00f1o 07.1989 &#8211; 12.1993, 1905 ccm, 64 cv<br \/>\nPEUGEOT 206 (2A\/C)<br \/>\n1.9 D, A\u00f1o 09.1998 &#8211; 11.2001, 1868 ccm, 69 cv<br \/>\nPEUGEOT 306 Familiar<br \/>\n1.8 D, A\u00f1o 05.1997 &#8211; 06.2000, 1769 ccm, 60 cv<br \/>\n1.9 D, A\u00f1o 09.1998 &#8211; 04.2002, 1868 ccm, 69 cv<br \/>\n1.9 D, A\u00f1o 05.1997 &#8211; 05.1999, 1905 ccm, 69 cv<br \/>\n1.9 Td, A\u00f1o 07.1995 &#8211; 08.2000, 1905 ccm, 71 cv<br \/>\n1.9 TD, A\u00f1o 02.1997 &#8211; 04.2002, 1905 ccm, 90 cv<br \/>\n1.9 TD, A\u00f1o 01.1999 &#8211; 04.2002, 1905 ccm, 92 cv<br \/>\nPEUGEOT 205 F Furgoneta<br \/>\n1.7 Di\u00e9sel, A\u00f1o 03.1994 &#8211; 05.1997, 1769 ccm, 60 cv<br \/>\nPEUGEOT 306 Furg\u00f3n \/ Hatchback<br \/>\n1.9 D, A\u00f1o 05.1997 &#8211; 05.1999, 1905 ccm, 68 cv<br \/>\n1.9 D, A\u00f1o 02.1999 &#8211; 08.2001, 1868 ccm, 69 cv<br \/>\n1.9 STD, A\u00f1o 02.1994 &#8211; 10.1995, 1905 ccm, 69 cv<\/p>\n<p>LA PIEZA ES NUEVA Y ORIGINAL.<\/p>\n","protected":false},"excerpt":{"rendered":"<p>V\u00e1lvula de escape del motor de: Di\u00e1metro plato v\u00e1lvula: 33 mm Di\u00e1metro v\u00e1stago v\u00e1lvula: 8 mm Longitud: 112 mm FIAT Ulysse I (220) 1.9 TD, A\u00f1o 02.1995 &#8211; 08.2002, 1905 ccm, 90 cv FIAT Scudo I (220) 1.9 D, A\u00f1o 02.1996 &#8211; 04.1998, 1905 ccm, 69 cv 1.9 D, A\u00f1o 04.1998 &#8211; 12.2006, 1868 ccm, [&hellip;]<\/p>\n","protected":false},"featured_media":91934,"template":"","meta":{"_seopress_robots_primary_cat":"","_seopress_titles_title":"","_seopress_titles_desc":"","_seopress_robots_index":""},"product_cat":[235,146,147,149,150,151,189,129,155,130,131,132,23,88,156,20,157,138,158,24,104,113,141,143,144],"product_tag":[],"class_list":{"0":"post-91930","1":"product","2":"type-product","3":"status-publish","4":"has-post-thumbnail","6":"product_cat-recambios-peugeot-205","7":"product_cat-recambios-peugeot-206","8":"product_cat-recambios-peugeot-306","9":"product_cat-recambios-peugeot-309","10":"product_cat-recambios-peugeot-405","11":"product_cat-recambios-peugeot-406","12":"product_cat-recambios-peugeot-806","13":"product_cat-recambios-citroen-berlingo","14":"product_cat-recambios-peugeot-boxer","15":"product_cat-recambios-citroen-bx","16":"product_cat-recambios-citroen-c15","17":"product_cat-recambios-citroen-c25","18":"product_cat-recambios-citroen","19":"product_cat-recambios-fiat-ducato","20":"product_cat-recambios-peugeot-expert","21":"product_cat-recambios-fiat","22":"product_cat-recambios-peugeot-j5","23":"product_cat-recambios-citroen-jumpy","24":"product_cat-recambios-peugeot-partner","25":"product_cat-recambios-peugeot","26":"product_cat-recambios-fiat-scudo","27":"product_cat-recambios-fiat-ulysse","28":"product_cat-recambios-citroen-xantia","29":"product_cat-recambios-citroen-xsara","30":"product_cat-recambios-citroen-zx","32":"first","33":"instock","34":"taxable","35":"shipping-taxable","36":"purchasable","37":"product-type-simple"},"_links":{"self":[{"href":"https:\/\/galicianparts.com\/shop\/wp-json\/wp\/v2\/product\/91930"}],"collection":[{"href":"https:\/\/galicianparts.com\/shop\/wp-json\/wp\/v2\/product"}],"about":[{"href":"https:\/\/galicianparts.com\/shop\/wp-json\/wp\/v2\/types\/product"}],"wp:featuredmedia":[{"embeddable":true,"href":"https:\/\/galicianparts.com\/shop\/wp-json\/wp\/v2\/media\/91934"}],"wp:attachment":[{"href":"https:\/\/galicianparts.com\/shop\/wp-json\/wp\/v2\/media?parent=91930"}],"wp:term":[{"taxonomy":"product_cat","embeddable":true,"href":"https:\/\/galicianparts.com\/shop\/wp-json\/wp\/v2\/product_cat?post=91930"},{"taxonomy":"product_tag","embeddable":true,"href":"https:\/\/galicianparts.com\/shop\/wp-json\/wp\/v2\/product_tag?post=91930"}],"curies":[{"name":"wp","href":"https:\/\/api.w.org\/{rel}","templated":true}]}}