{"id":92207,"date":"2024-10-02T12:04:09","date_gmt":"2024-10-02T10:04:09","guid":{"rendered":"https:\/\/galicianparts.com\/shop\/producto\/7553242-sensor-admision-lancia-y10-1-3-mpi-1988-1992-nuevo-original\/"},"modified":"2024-10-24T20:41:56","modified_gmt":"2024-10-24T18:41:56","slug":"7553242-sensor-admision-lancia-y10-1-3-mpi-1988-1992-nuevo-original","status":"publish","type":"product","link":"https:\/\/galicianparts.com\/shop\/producto\/7553242-sensor-admision-lancia-y10-1-3-mpi-1988-1992-nuevo-original\/","title":{"rendered":"7553242 Sensor admisi\u00f3n Lancia Y10 1.3 MPI (1988-1992) NUEVO ORIGINAL"},"content":{"rendered":"<p>Electrov\u00e1lvula de la inyecci\u00f3n de:<br \/>\nLANCIA &#8211; ZL Y10 FL.89 (1988-1992) 1300 MPI USA&#8217;83<br \/>\nAUTOBIANCHI &#8211; Y10 (1988-1992) 1300 MPI<\/p>\n<p>LA PIEZA ES NUEVA Y ORIGINAL.<\/p>\n","protected":false},"excerpt":{"rendered":"<p>Electrov\u00e1lvula de la inyecci\u00f3n de: LANCIA &#8211; ZL Y10 FL.89 (1988-1992) 1300 MPI USA&#8217;83 AUTOBIANCHI &#8211; Y10 (1988-1992) 1300 MPI LA PIEZA ES NUEVA Y ORIGINAL.<\/p>\n","protected":false},"featured_media":92209,"template":"","meta":{"_seopress_robots_primary_cat":"","_seopress_titles_title":"","_seopress_titles_desc":"","_seopress_robots_index":""},"product_cat":[25,21,64,126],"product_tag":[],"class_list":{"0":"post-92207","1":"product","2":"type-product","3":"status-publish","4":"has-post-thumbnail","6":"product_cat-recambios-autobianchi","7":"product_cat-recambios-lancia","8":"product_cat-recambios-autobianchi-y10","9":"product_cat-recambios-lancia-y10","11":"first","12":"outofstock","13":"taxable","14":"shipping-taxable","15":"purchasable","16":"product-type-simple"},"_links":{"self":[{"href":"https:\/\/galicianparts.com\/shop\/wp-json\/wp\/v2\/product\/92207"}],"collection":[{"href":"https:\/\/galicianparts.com\/shop\/wp-json\/wp\/v2\/product"}],"about":[{"href":"https:\/\/galicianparts.com\/shop\/wp-json\/wp\/v2\/types\/product"}],"wp:featuredmedia":[{"embeddable":true,"href":"https:\/\/galicianparts.com\/shop\/wp-json\/wp\/v2\/media\/92209"}],"wp:attachment":[{"href":"https:\/\/galicianparts.com\/shop\/wp-json\/wp\/v2\/media?parent=92207"}],"wp:term":[{"taxonomy":"product_cat","embeddable":true,"href":"https:\/\/galicianparts.com\/shop\/wp-json\/wp\/v2\/product_cat?post=92207"},{"taxonomy":"product_tag","embeddable":true,"href":"https:\/\/galicianparts.com\/shop\/wp-json\/wp\/v2\/product_tag?post=92207"}],"curies":[{"name":"wp","href":"https:\/\/api.w.org\/{rel}","templated":true}]}}