{"id":92248,"date":"2024-10-03T09:25:23","date_gmt":"2024-10-03T07:25:23","guid":{"rendered":"https:\/\/galicianparts.com\/shop\/producto\/7593353-latiguillo-freno-trasero-fiat-panda-lancia-dedra-y10-alfa-155-original\/"},"modified":"2025-05-12T12:51:41","modified_gmt":"2025-05-12T10:51:41","slug":"7593353-latiguillo-freno-trasero-fiat-panda-lancia-dedra-y10-alfa-155-original","status":"publish","type":"product","link":"https:\/\/galicianparts.com\/shop\/producto\/7593353-latiguillo-freno-trasero-fiat-panda-lancia-dedra-y10-alfa-155-original\/","title":{"rendered":"7593353 Latiguillo freno trasero Fiat Panda \/Lancia Dedra \/Y10 \/Alfa 155 ORIGINAL"},"content":{"rendered":"<p>Tubo central o de las pinzas de freno de la ruedas traseras de:<br \/>\nLargo: 210 mm<br \/>\nM\u00e9trica macho: 10&#215;1<br \/>\nM\u00e9trica hembra: 10&#215;1<\/p>\n<p>FIAT Tempra (159)<br \/>\n2.0, A\u00f1o 04.1991 &#8211; 06.1993, 1995 ccm, 109 cv<br \/>\n2.0 i.e., A\u00f1o 01.1991 &#8211; 03.1995, 1995 ccm, 113 cv<br \/>\n2.0 i.e. 4&#215;4, A\u00f1o 03.1992 &#8211; 03.1995, 1995 ccm, 113 cv<br \/>\nFIAT Panda I Hatchback (141)<br \/>\n0.9 Fire S A las 4 ruedas, A\u00f1o 10.1980 &#8211; 04.1986, 903 ccm, 45 cv<br \/>\n1.0, A\u00f1o 01.1986 &#8211; 04.1992, 999 ccm, 44 cv<br \/>\n1000 i.e. Cat, A\u00f1o 10.1987 &#8211; 08.1998, 999 ccm, 45 cv<br \/>\n1.1, A\u00f1o 05.1991 &#8211; 12.1999, 1108 ccm, 50 cv<br \/>\n1.1, A\u00f1o 02.1995 &#8211; 09.2003, 1108 ccm, 54 cv<br \/>\n1.1 Trekking 4&#215;4, A\u00f1o 10.1991 &#8211; 07.2004, 1108 ccm, 50 cv<br \/>\n1.3 D, A\u00f1o 04.1986 &#8211; 12.1992, 1302 ccm, 37 cv<br \/>\n750, A\u00f1o 01.1986 &#8211; 10.2003, 770 ccm, 34 cv<br \/>\n0.9, A\u00f1o 04.1992 &#8211; 12.1996, 899 ccm, 40 cv<br \/>\n0.9, A\u00f1o 10.1980 &#8211; 06.1994, 903 ccm, 45 cv<br \/>\nFIAT Stilo Hatchback (192)<br \/>\n1.2 16V, A\u00f1o 02.2002 &#8211; 11.2006, 1242 ccm, 80 cv<br \/>\n1.4 16V, A\u00f1o 03.2005 &#8211; 11.2006, 1368 ccm, 90 cv<br \/>\n1.4 16V (192AXH1B, 192BXH1B), A\u00f1o 10.2003 &#8211; 12.2006, 1368 ccm, 95 cv<br \/>\n1.6 16V, A\u00f1o 05.2005 &#8211; 11.2006, 1598 ccm, 105 cv<br \/>\n1.6 16V, A\u00f1o 10.2001 &#8211; 11.2006, 1596 ccm, 103 cv<br \/>\n1.8 16V, A\u00f1o 06.2002 &#8211; 12.2007, 1747 ccm, 122 cv<br \/>\n1.8 16V (192AXC1A, 192BXC1A), A\u00f1o 10.2001 &#8211; 04.2007, 1747 ccm, 133 cv<br \/>\n1.8 8V, A\u00f1o 01.2004 &#8211; 11.2006, 1796 ccm, 103 cv<br \/>\n1.9 D Multijet, A\u00f1o 09.2005 &#8211; 11.2006, 1910 ccm, 100 cv<br \/>\n1.9 D Multijet, A\u00f1o 09.2005 &#8211; 11.2006, 1910 ccm, 120 cv<br \/>\n1.9 D Multijet, A\u00f1o 09.2005 &#8211; 11.2006, 1910 ccm, 150 cv<br \/>\n1.9 JTD, A\u00f1o 09.2003 &#8211; 11.2006, 1910 ccm, 126 cv<br \/>\n1.9 JTD, A\u00f1o 04.2004 &#8211; 11.2006, 1910 ccm, 136 cv<br \/>\n1.9 JTD, A\u00f1o 01.2004 &#8211; 11.2006, 1910 ccm, 140 cv<br \/>\n1.9 JTD, A\u00f1o 09.2004 &#8211; 11.2006, 1910 ccm, 90 cv<br \/>\n1.9 JTD, A\u00f1o 10.2001 &#8211; 11.2006, 1910 ccm, 115 cv<br \/>\n1.9 JTD, A\u00f1o 02.2002 &#8211; 11.2006, 1910 ccm, 80 cv<br \/>\n2.4 20V, A\u00f1o 01.2004 &#8211; 11.2006, 2446 ccm, 167 cv<br \/>\n2.4 20V (192_XD1A, 192AXD12), A\u00f1o 10.2001 &#8211; 04.2007, 2446 ccm, 170 cv<br \/>\nFIAT Stilo Multi Wagon (192)<br \/>\n1.4 16V, A\u00f1o 03.2005 &#8211; 08.2008, 1368 ccm, 90 cv<br \/>\n1.4 16V, A\u00f1o 01.2004 &#8211; 08.2008, 1368 ccm, 95 cv<br \/>\n1.6 16V, A\u00f1o 01.2003 &#8211; 08.2008, 1596 ccm, 103 cv<br \/>\n1.6 16V, A\u00f1o 03.2005 &#8211; 12.2007, 1598 ccm, 105 cv<br \/>\n1.8 16V, A\u00f1o 01.2003 &#8211; 08.2008, 1747 ccm, 133 cv<br \/>\n1.9 D, A\u00f1o 09.2004 &#8211; 08.2008, 1910 ccm, 90 cv<br \/>\n1.9 D Multijet, A\u00f1o 09.2005 &#8211; 08.2008, 1910 ccm, 100 cv<br \/>\n1.9 D Multijet, A\u00f1o 09.2005 &#8211; 08.2008, 1910 ccm, 120 cv<br \/>\n1.9 D Multijet (192DXT1B), A\u00f1o 09.2005 &#8211; 08.2008, 1910 ccm, 150 cv<br \/>\n1.9 JTD, A\u00f1o 01.2003 &#8211; 08.2008, 1910 ccm, 80 cv<br \/>\n1.9 JTD, A\u00f1o 01.2003 &#8211; 08.2008, 1910 ccm, 115 cv<br \/>\n1.9 JTD, A\u00f1o 09.2003 &#8211; 08.2008, 1910 ccm, 126 cv<br \/>\n1.9 JTD, A\u00f1o 04.2004 &#8211; 08.2008, 1910 ccm, 136 cv<br \/>\n1.9 JTD, A\u00f1o 01.2004 &#8211; 08.2008, 1910 ccm, 140 cv<br \/>\n2.4 20V (19245ZO), A\u00f1o 01.2004 &#8211; 08.2008, 2446 ccm, 167 cv<br \/>\nFIAT Stilo Furg\u00f3n \/ Familiar (192)<br \/>\n1.4 (192DXH1B), A\u00f1o 01.2004 &#8211; 08.2008, 1368 ccm, 95 cv<br \/>\n1.6 (192DXR1A), A\u00f1o 04.2005 &#8211; 08.2008, 1598 ccm, 105 cv<br \/>\n1.9 JTD (192DXE1A), A\u00f1o 10.2001 &#8211; 08.2005, 1910 ccm, 116 cv<br \/>\n1.9 JTD (192DXF1A), A\u00f1o 10.2001 &#8211; 08.2005, 1910 ccm, 80 cv<br \/>\n1.9 JTD (192DXG1B), A\u00f1o 09.2003 &#8211; 08.2005, 1910 ccm, 126 cv<br \/>\n1.9 JTD (192DXG1B), A\u00f1o 02.2004 &#8211; 08.2008, 1910 ccm, 136 cv<br \/>\n1.9 JTD (192DXG1B), A\u00f1o 09.2003 &#8211; 08.2005, 1910 ccm, 140 cv<br \/>\n1.9 JTD (192DXS1A), A\u00f1o 09.2005 &#8211; 08.2008, 1910 ccm, 120 cv<br \/>\n1.9 JTD (192DXT1B), A\u00f1o 09.2005 &#8211; 08.2008, 1910 ccm, 150 cv<\/p>\n<p>LANCIA Dedra Berlina (835)<br \/>\n1.8 i.e., A\u00f1o 09.1989 &#8211; 06.1994, 1756 ccm, 109 cv<br \/>\n1.8 i.e., A\u00f1o 09.1989 &#8211; 07.1999, 1756 ccm, 105 cv<br \/>\n1.9 TDS, A\u00f1o 04.1989 &#8211; 07.1999, 1929 ccm, 90 cv<br \/>\n2.0 i.e., A\u00f1o 09.1989 &#8211; 07.1992, 1995 ccm, 117 cv<br \/>\n2.0 i.e., A\u00f1o 09.1989 &#8211; 07.1999, 1995 ccm, 113 cv<br \/>\nLANCIA Y10 (156)<br \/>\n1.0 (156C), A\u00f1o 03.1985 &#8211; 07.1989, 1049 ccm, 56 cv<br \/>\n1.0 Fire, A\u00f1o 03.1985 &#8211; 06.1989, 999 ccm, 45 cv<br \/>\n1.0 Fire (156AA, 156AD), A\u00f1o 03.1985 &#8211; 02.1990, 999 ccm, 50 cv<br \/>\n1.0 Fire, A\u00f1o 06.1985 &#8211; 06.1991, 999 ccm, 44 cv<br \/>\n1.0 Fire A las 4 ruedas (156.AD), A\u00f1o 12.1986 &#8211; 02.1989, 999 ccm, 44 cv<br \/>\n1.0 Fire Allrad, A\u00f1o 12.1987 &#8211; 02.1992, 999 ccm, 45 cv<br \/>\n1.0 Fire Catalytic-Conv (156AE), A\u00f1o 10.1987 &#8211; 02.1992, 999 ccm, 45 cv<br \/>\n1.0 Turbo, A\u00f1o 03.1985 &#8211; 02.1989, 1049 ccm, 84 cv<br \/>\n1.1 Fire (156AG), A\u00f1o 01.1995 &#8211; 12.1995, 1108 ccm, 54 cv<br \/>\n1.1 Fire A las 4 ruedas (156AG), A\u00f1o 01.1995 &#8211; 12.1995, 1108 ccm, 54 cv<br \/>\n1.1 i.e Fire (156AC), A\u00f1o 08.1989 &#8211; 06.1992, 1108 ccm, 57 cv<br \/>\n1.1 i.e Fire A las 4 ruedas (156AC), A\u00f1o 08.1989 &#8211; 06.1992, 1108 ccm, 57 cv<br \/>\n1.1 i.e. Fire, A\u00f1o 07.1989 &#8211; 09.1995, 1108 ccm, 50 cv<br \/>\n1.1 i.e. Fire Allrad, A\u00f1o 09.1992 &#8211; 12.1995, 1108 ccm, 50 cv<br \/>\n1.3 i.e. (156AB), A\u00f1o 11.1987 &#8211; 05.1993, 1301 ccm, 76 cv<br \/>\n1.3 i.e. (156AF), A\u00f1o 02.1989 &#8211; 12.1995, 1297 ccm, 72 cv<\/p>\n<p>ALFA ROMEO 155 (167)<br \/>\n1.7 T.S. (167.A4G), A\u00f1o 04.1993 &#8211; 04.1996, 1748 ccm, 113 cv<br \/>\n1.8 T.S. (167A4), A\u00f1o 02.1992 &#8211; 05.1994, 1773 ccm, 129 cv<br \/>\n1.8 T.S. Sport (167.A4A, 167.A4C, 167.A4E), A\u00f1o 03.1992 &#8211; 12.1996, 1773 ccm, 127 cv<br \/>\n2.0 T.S. (167.A2A, 167.A2D), A\u00f1o 02.1992 &#8211; 05.1995, 1995 ccm, 141 cv<br \/>\n2.0 T.S. (167.A2D), A\u00f1o 02.1992 &#8211; 01.1995, 1995 ccm, 144 cv<\/p>\n<p>AUTOBIANCHI Y10 Hatchback<br \/>\n1.0, A\u00f1o 03.1985 &#8211; 10.1995, 999 ccm, 45 cv<br \/>\n1.0, A\u00f1o 03.1985 &#8211; 10.1995, 1049 ccm, 56 cv<br \/>\n1.0 4WD, A\u00f1o 12.1986 &#8211; 10.1995, 999 ccm, 50 cv<br \/>\n1.0 Cat, A\u00f1o 10.1987 &#8211; 10.1995, 999 ccm, 45 cv<br \/>\n1.0 Turbo, A\u00f1o 03.1985 &#8211; 10.1995, 1049 ccm, 85 cv<br \/>\n1.1, A\u00f1o 02.1990 &#8211; 09.1992, 1108 ccm, 50 cv<br \/>\n1.1, A\u00f1o 06.1989 &#8211; 10.1995, 1108 ccm, 57 cv<br \/>\n1.1 4WD, A\u00f1o 06.1989 &#8211; 10.1995, 1108 ccm, 57 cv<br \/>\n1.1 i.e. Cat, A\u00f1o 09.1990 &#8211; 10.1995, 1108 ccm, 57 cv<\/p>\n<p>LA PIEZA ES NUEVA Y ORIGINAL.<\/p>\n","protected":false},"excerpt":{"rendered":"<p>Tubo central o de las pinzas de freno de la ruedas traseras de: Largo: 210 mm M\u00e9trica macho: 10&#215;1 M\u00e9trica hembra: 10&#215;1 FIAT Tempra (159) 2.0, A\u00f1o 04.1991 &#8211; 06.1993, 1995 ccm, 109 cv 2.0 i.e., A\u00f1o 01.1991 &#8211; 03.1995, 1995 ccm, 113 cv 2.0 i.e. 4&#215;4, A\u00f1o 03.1992 &#8211; 03.1995, 1995 ccm, 113 cv [&hellip;]<\/p>\n","protected":false},"featured_media":92252,"template":"","meta":{"_seopress_robots_primary_cat":"","_seopress_titles_title":"","_seopress_titles_desc":"","_seopress_robots_index":""},"product_cat":[48,16,25,117,20,21,99,108,111,64,126],"product_tag":[],"class_list":{"0":"post-92248","1":"product","2":"type-product","3":"status-publish","4":"has-post-thumbnail","6":"product_cat-recambios-alfa-romeo-155","7":"product_cat-recambios-alfa-romeo","8":"product_cat-recambios-autobianchi","9":"product_cat-recambios-lancia-dedra","10":"product_cat-recambios-fiat","11":"product_cat-recambios-lancia","12":"product_cat-recambios-fiat-panda","13":"product_cat-recambios-fiat-stilo","14":"product_cat-recambios-fiat-tempra","15":"product_cat-recambios-autobianchi-y10","16":"product_cat-recambios-lancia-y10","18":"first","19":"instock","20":"taxable","21":"shipping-taxable","22":"purchasable","23":"product-type-simple"},"_links":{"self":[{"href":"https:\/\/galicianparts.com\/shop\/wp-json\/wp\/v2\/product\/92248"}],"collection":[{"href":"https:\/\/galicianparts.com\/shop\/wp-json\/wp\/v2\/product"}],"about":[{"href":"https:\/\/galicianparts.com\/shop\/wp-json\/wp\/v2\/types\/product"}],"wp:featuredmedia":[{"embeddable":true,"href":"https:\/\/galicianparts.com\/shop\/wp-json\/wp\/v2\/media\/92252"}],"wp:attachment":[{"href":"https:\/\/galicianparts.com\/shop\/wp-json\/wp\/v2\/media?parent=92248"}],"wp:term":[{"taxonomy":"product_cat","embeddable":true,"href":"https:\/\/galicianparts.com\/shop\/wp-json\/wp\/v2\/product_cat?post=92248"},{"taxonomy":"product_tag","embeddable":true,"href":"https:\/\/galicianparts.com\/shop\/wp-json\/wp\/v2\/product_tag?post=92248"}],"curies":[{"name":"wp","href":"https:\/\/api.w.org\/{rel}","templated":true}]}}