{"id":92254,"date":"2024-10-03T09:45:08","date_gmt":"2024-10-03T07:45:08","guid":{"rendered":"https:\/\/galicianparts.com\/shop\/producto\/5944390-sensor-ciguenal-fiat-uno-tb-ritmo-ducato-lancia-thema-alfa-citroen-peugeot-original\/"},"modified":"2024-10-03T10:55:29","modified_gmt":"2024-10-03T08:55:29","slug":"5944390-sensor-ciguenal-fiat-uno-tb-ritmo-ducato-lancia-thema-alfa-citroen-peugeot-original","status":"publish","type":"product","link":"https:\/\/galicianparts.com\/shop\/producto\/5944390-sensor-ciguenal-fiat-uno-tb-ritmo-ducato-lancia-thema-alfa-citroen-peugeot-original\/","title":{"rendered":"5944390 Sensor cig\u00fce\u00f1al Fiat Uno TB \/Ritmo \/Ducato \/Lancia Thema \/Alfa \/Citro\u00ebn \/Peugeot ORIGINAL"},"content":{"rendered":"<p>Sensor EPS, captador de impulsos del volante de motor de:<br \/>\nFIAT Regata (138)<br \/>\n1.5 75, A\u00f1o 12.1983 &#8211; 07.1989, 1498 ccm, 75 cv<br \/>\n1.5 85, A\u00f1o 05.1985 &#8211; 12.1987, 1498 ccm, 79 cv<br \/>\n1.5 Super 85, A\u00f1o 09.1983 &#8211; 04.1985, 1498 ccm, 82 cv<br \/>\nFIAT Ritmo I Cabrio<br \/>\n1.5 80, A\u00f1o 01.1980 &#8211; 07.1989, 1498 ccm, 86 cv<br \/>\nFIAT Ritmo I Hatchback (138)<br \/>\n1.5, A\u00f1o 01.1978 &#8211; 12.1988, 1498 ccm, 75 cv<br \/>\nFIAT Croma I Hatchback (154)<br \/>\n1.6, A\u00f1o 12.1985 &#8211; 12.1990, 1585 ccm, 83 cv<br \/>\n2.0 16V, A\u00f1o 08.1992 &#8211; 08.1996, 1995 ccm, 137 cv<br \/>\n2.0 CHT, A\u00f1o 01.1991 &#8211; 09.1992, 1995 ccm, 100 cv<br \/>\n2.0 CHT, A\u00f1o 12.1985 &#8211; 02.1989, 1995 ccm, 90 cv<br \/>\n2.0 i.e., A\u00f1o 03.1987 &#8211; 09.1992, 1995 ccm, 120 cv<br \/>\n2.0 i.e., A\u00f1o 03.1986 &#8211; 09.1990, 1995 ccm, 113 cv<br \/>\n2.0 i.e., A\u00f1o 10.1987 &#8211; 08.1996, 1995 ccm, 116 cv<br \/>\n2.0 i.e. Turbo, A\u00f1o 11.1986 &#8211; 11.1988, 1995 ccm, 151 cv<br \/>\n2.0 i.e. Turbo, A\u00f1o 12.1985 &#8211; 06.1990, 1995 ccm, 155 cv<br \/>\n2.0 i.e. Turbo, A\u00f1o 06.1987 &#8211; 08.1996, 1995 ccm, 150 cv<br \/>\nFIAT Ducato II Furg\u00f3n (230L)<br \/>\n2.5 D, A\u00f1o 03.1994 &#8211; 04.2002, 2500 ccm, 84 cv<br \/>\n2.5 TD, A\u00f1o 06.1994 &#8211; 08.1998, 2499 ccm, 109 cv<br \/>\n2.5 TD 4&#215;4, A\u00f1o 11.1994 &#8211; 04.1998, 2499 ccm, 109 cv<br \/>\n2.5 TD 4&#215;4, A\u00f1o 11.1994 &#8211; 04.1998, 2499 ccm, 116 cv<br \/>\n2.5 TDI, A\u00f1o 03.1994 &#8211; 04.2002, 2500 ccm, 109 cv<br \/>\n2.5 TDI, A\u00f1o 03.1994 &#8211; 04.2002, 2500 ccm, 116 cv<br \/>\n2.5 TDI 4&#215;4, A\u00f1o 05.1998 &#8211; 04.2002, 2500 ccm, 116 cv<br \/>\n2.8 JTD, A\u00f1o 11.2000 &#8211; 04.2002, 2798 ccm, 128 cv<br \/>\n2.8 JTD 4&#215;4, A\u00f1o 11.2000 &#8211; 04.2002, 2798 ccm, 128 cv<br \/>\n2.8 TD 4&#215;4, A\u00f1o 05.1998 &#8211; 09.2001, 2799 ccm, 122 cv<br \/>\n2.8 TDI, A\u00f1o 10.1997 &#8211; 04.2002, 2800 ccm, 122 cv<br \/>\n2.8 TDI 4&#215;4, A\u00f1o 06.1999 &#8211; 04.2002, 2800 ccm, 122 cv<br \/>\nFIAT Tempra (159)<br \/>\n1.9 D, A\u00f1o 07.1991 &#8211; 08.1996, 1929 ccm, 65 cv<br \/>\n1.9 TD, A\u00f1o 07.1992 &#8211; 08.1996, 1929 ccm, 80 cv<br \/>\n1.9 TD, A\u00f1o 05.1990 &#8211; 08.1996, 1929 ccm, 90 cv<br \/>\nFIAT Tipo Hatchback (160)<br \/>\n1.7 D, A\u00f1o 01.1988 &#8211; 10.1994, 1697 ccm, 58 cv<br \/>\n1.7 D, A\u00f1o 01.1988 &#8211; 10.1995, 1697 ccm, 61 cv<br \/>\n1.9 D, A\u00f1o 07.1991 &#8211; 08.1995, 1929 ccm, 65 cv<br \/>\n1.9 TD, A\u00f1o 03.1992 &#8211; 06.1993, 1929 ccm, 80 cv<br \/>\n1.9 TD, A\u00f1o 09.1990 &#8211; 04.1995, 1929 ccm, 90 cv<br \/>\nFIAT Uno Hatchback (146)<br \/>\n1.3 Turbo i.e., A\u00f1o 01.1987 &#8211; 12.1987, 1301 ccm, 99 cv<br \/>\n1.3 Turbo i.e., A\u00f1o 09.1989 &#8211; 03.1991, 1301 ccm, 101 cv<br \/>\n1.3 Turbo i.e., A\u00f1o 04.1985 &#8211; 08.1989, 1301 ccm, 105 cv<br \/>\n1.4 Turbo i.e., A\u00f1o 09.1989 &#8211; 09.1993, 1372 ccm, 112 cv<br \/>\n1.4 Turbo i.e., A\u00f1o 12.1989 &#8211; 12.1996, 1372 ccm, 118 cv<br \/>\n1.9 D, A\u00f1o 09.1989 &#8211; 03.1994, 1929 ccm, 60 cv<br \/>\nFIAT Ducato I (290)<br \/>\n2.5 TD, A\u00f1o 06.1990 &#8211; 05.1994, 2499 ccm, 95 cv<br \/>\n2.5 TD 4&#215;4, A\u00f1o 01.1991 &#8211; 03.1994, 2500 ccm, 95 cv<br \/>\n2.5 TD 4&#215;4, A\u00f1o 06.1990 &#8211; 05.1994, 2499 ccm, 95 cv<br \/>\nFIAT Ducato II (230)<br \/>\n2.5 D, A\u00f1o 03.1994 &#8211; 04.2002, 2500 ccm, 84 cv<br \/>\n2.5 D 4&#215;4, A\u00f1o 03.1994 &#8211; 04.2002, 2500 ccm, 84 cv<br \/>\n2.5 TD, A\u00f1o 06.1994 &#8211; 08.1998, 2499 ccm, 109 cv<br \/>\n2.5 TD, A\u00f1o 06.1994 &#8211; 04.1998, 2499 ccm, 116 cv<br \/>\n2.5 TD 4&#215;4, A\u00f1o 11.1994 &#8211; 04.1998, 2499 ccm, 109 cv<br \/>\n2.5 TD 4&#215;4, A\u00f1o 11.1994 &#8211; 04.1998, 2499 ccm, 116 cv<br \/>\n2.5 TDI, A\u00f1o 03.1994 &#8211; 04.2002, 2500 ccm, 109 cv<br \/>\n2.5 TDI 4&#215;4, A\u00f1o 06.1998 &#8211; 04.2002, 2500 ccm, 116 cv<br \/>\n2.8 iDTD 4&#215;4, A\u00f1o 05.1998 &#8211; 09.2001, 2799 ccm, 122 cv<br \/>\n2.8 JTD, A\u00f1o 11.2000 &#8211; 04.2002, 2798 ccm, 128 cv<br \/>\n2.8 JTD 4&#215;4, A\u00f1o 10.2001 &#8211; 04.2002, 2798 ccm, 128 cv<br \/>\n2.8 TDI, A\u00f1o 12.1998 &#8211; 04.2002, 2800 ccm, 122 cv<br \/>\nFIAT Ducato II Furg\u00f3n (244)<br \/>\n2.8 JTD, A\u00f1o 12.2001 &#8211; 12.2011, 2798 ccm, 128 cv<br \/>\n2.8 JTD 4&#215;4, A\u00f1o 12.2001 &#8211; 07.2006, 2798 ccm, 128 cv<br \/>\n2.8 JTD Power, A\u00f1o 04.2004 &#8211; 07.2006, 2800 ccm, 146 cv<br \/>\n2.8 TD, A\u00f1o 12.2001 &#8211; 07.2006, 2799 ccm, 122 cv<\/p>\n<p>LANCIA Thema (834)<br \/>\n2.0 16V, A\u00f1o 08.1992 &#8211; 12.1993, 1995 ccm, 152 cv<br \/>\n2.0 16V Turbo, A\u00f1o 12.1988 &#8211; 06.1990, 1995 ccm, 181 cv<br \/>\n2.0 16V Turbo, A\u00f1o 10.1992 &#8211; 07.1994, 1995 ccm, 201 cv<br \/>\n2.0 i.e, A\u00f1o 09.1988 &#8211; 05.1992, 1995 ccm, 117 cv<br \/>\n2.0 i.e., A\u00f1o 11.1984 &#8211; 09.1988, 1995 ccm, 120 cv<br \/>\n2.0 i.e., A\u00f1o 09.1987 &#8211; 05.1992, 1995 ccm, 115 cv<br \/>\n2.0 i.e. 16V, A\u00f1o 05.1988 &#8211; 08.1992, 1995 ccm, 147 cv<br \/>\n2.0 i.e. 16V, A\u00f1o 02.1989 &#8211; 05.1992, 1995 ccm, 141 cv<br \/>\n2.0 i.e. 16V Turbo, A\u00f1o 04.1989 &#8211; 05.1992, 1995 ccm, 177 cv<br \/>\n2.0 i.e. Turbo, A\u00f1o 11.1984 &#8211; 12.1989, 1995 ccm, 166 cv<br \/>\n2.0 i.e.Turbo, A\u00f1o 07.1986 &#8211; 05.1990, 1995 ccm, 150 cv<br \/>\n2.8 2850 V6 i.e., A\u00f1o 06.1988 &#8211; 05.1992, 2849 ccm, 147 cv<br \/>\n2.8 2850 V6 i.e., A\u00f1o 11.1984 &#8211; 09.1988, 2849 ccm, 150 cv<br \/>\n3.0 V6, A\u00f1o 08.1992 &#8211; 07.1994, 2959 ccm, 171 cv<br \/>\n8.32, A\u00f1o 09.1987 &#8211; 05.1989, 2927 ccm, 215 cv<br \/>\n8.32, A\u00f1o 10.1987 &#8211; 05.1992, 2927 ccm, 205 cv<br \/>\nLANCIA Prisma (831)<br \/>\n1.6 (831AB), A\u00f1o 08.1986 &#8211; 02.1992, 1585 ccm, 99 cv<br \/>\n1.6 i.e. (831AB), A\u00f1o 05.1986 &#8211; 12.1989, 1585 ccm, 109 cv<br \/>\n2.0 i.e. A las 4 ruedas (831AB), A\u00f1o 04.1986 &#8211; 12.1989, 1995 ccm, 115 cv<\/p>\n<p>ALFA ROMEO 164 (164)<br \/>\n2.0 V6 Turbo, A\u00f1o 03.1991 &#8211; 09.1992, 1996 ccm, 204 cv<br \/>\n2.0 V6 Turbo, A\u00f1o 09.1992 &#8211; 09.1998, 1996 ccm, 201 cv<br \/>\n2.5 TD, A\u00f1o 06.1987 &#8211; 09.1992, 2499 ccm, 114 cv<br \/>\nALFA ROMEO 33 Hatchback (905)<br \/>\n1.3, A\u00f1o 10.1984 &#8211; 12.1989, 1351 ccm, 86 cv<br \/>\nALFA ROMEO 33 Hatchback (907A)<br \/>\n1.4 i.e., A\u00f1o 06.1991 &#8211; 09.1994, 1351 ccm, 88 cv<br \/>\n1.4 i.e., A\u00f1o 06.1991 &#8211; 09.1994, 1351 ccm, 90 cv<br \/>\nALFA ROMEO 33 Sportwagon (905A)<br \/>\n1.4 (905A1H), A\u00f1o 01.1984 &#8211; 12.1988, 1351 ccm, 90 cv<br \/>\nALFA ROMEO 33 Sportwagon (907B)<br \/>\n1.4 i.e. (907B3B), A\u00f1o 06.1991 &#8211; 09.1994, 1351 ccm, 88 cv<br \/>\n1.4 i.e. (907B3B), A\u00f1o 06.1991 &#8211; 09.1994, 1351 ccm, 90 cv<br \/>\n1.4 i.e. 4&#215;4 (907B3), A\u00f1o 07.1990 &#8211; 09.1994, 1351 ccm, 90 cv<\/p>\n<p>CITRO\u00cbN Jumper I (230)<br \/>\n2.8 HDi, A\u00f1o 09.2000 &#8211; 04.2002, 2798 ccm, 128 cv<br \/>\n2.8 HDi 4&#215;4, A\u00f1o 09.2000 &#8211; 04.2002, 2798 ccm, 128 cv<br \/>\n2.8 HDi, A\u00f1o 09.2000 &#8211; 04.2002, 2798 ccm, 128 cv<br \/>\n2.8 HDi 4&#215;4, A\u00f1o 09.2000 &#8211; 04.2002, 2798 ccm, 128 cv<br \/>\n2.8 HDi, A\u00f1o 09.2000 &#8211; 04.2002, 2798 ccm, 128 cv<br \/>\n2.8 HDi 4&#215;4, A\u00f1o 09.2000 &#8211; 04.2002, 2798 ccm, 128 cv<br \/>\nCITRO\u00cbN Jumper I Furgoneta (244)<br \/>\n2.8 HDi 4&#215;4, A\u00f1o 04.2002 &#8211; &#8230;, 2798 ccm, 128 cv<\/p>\n<p>PEUGEOT Boxer (230)<br \/>\n2.8 HDi, A\u00f1o 10.2000 &#8211; 11.2001, 2798 ccm, 126 cv<br \/>\n2.8 HDI, A\u00f1o 11.2000 &#8211; 04.2002, 2798 ccm, 128 cv<br \/>\n2.8 HDi 4&#215;4, A\u00f1o 10.2000 &#8211; 11.2001, 2798 ccm, 126 cv<br \/>\n2.8 HDi 4&#215;4, A\u00f1o 10.2000 &#8211; 04.2002, 2798 ccm, 128 cv<br \/>\nPEUGEOT Boxer (244)<br \/>\n2.8 HDi, A\u00f1o 12.2001 &#8211; 06.2006, 2798 ccm, 128 cv<br \/>\n2.8 HDi 4&#215;4, A\u00f1o 12.2001 &#8211; 06.2006, 2798 ccm, 128 cv<\/p>\n<p>LA PIEZA ES NUEVA Y ORIGINAL.<\/p>\n","protected":false},"excerpt":{"rendered":"<p>Sensor EPS, captador de impulsos del volante de motor de: FIAT Regata (138) 1.5 75, A\u00f1o 12.1983 &#8211; 07.1989, 1498 ccm, 75 cv 1.5 85, A\u00f1o 05.1985 &#8211; 12.1987, 1498 ccm, 79 cv 1.5 Super 85, A\u00f1o 09.1983 &#8211; 04.1985, 1498 ccm, 82 cv FIAT Ritmo I Cabrio 1.5 80, A\u00f1o 01.1980 &#8211; 07.1989, 1498 [&hellip;]<\/p>\n","protected":false},"featured_media":92256,"template":"","meta":{"_seopress_robots_primary_cat":"","_seopress_titles_title":"","_seopress_titles_desc":"","_seopress_robots_index":""},"product_cat":[54,43,16,155,23,86,88,20,137,21,24,123,102,103,111,124,112,114],"product_tag":[],"class_list":{"0":"post-92254","1":"product","2":"type-product","3":"status-publish","4":"has-post-thumbnail","6":"product_cat-recambios-alfa-romeo-164","7":"product_cat-recambios-alfa-romeo-33","8":"product_cat-recambios-alfa-romeo","9":"product_cat-recambios-peugeot-boxer","10":"product_cat-recambios-citroen","11":"product_cat-recambios-fiat-croma","12":"product_cat-recambios-fiat-ducato","13":"product_cat-recambios-fiat","14":"product_cat-recambios-citroen-jumper","15":"product_cat-recambios-lancia","16":"product_cat-recambios-peugeot","17":"product_cat-recambios-lancia-prisma","18":"product_cat-recambios-fiat-regata","19":"product_cat-recambios-fiat-ritmo","20":"product_cat-recambios-fiat-tempra","21":"product_cat-recambios-lancia-thema","22":"product_cat-recambios-fiat-tipo","23":"product_cat-recambios-fiat-uno","25":"first","26":"outofstock","27":"taxable","28":"shipping-taxable","29":"purchasable","30":"product-type-simple"},"_links":{"self":[{"href":"https:\/\/galicianparts.com\/shop\/wp-json\/wp\/v2\/product\/92254"}],"collection":[{"href":"https:\/\/galicianparts.com\/shop\/wp-json\/wp\/v2\/product"}],"about":[{"href":"https:\/\/galicianparts.com\/shop\/wp-json\/wp\/v2\/types\/product"}],"wp:featuredmedia":[{"embeddable":true,"href":"https:\/\/galicianparts.com\/shop\/wp-json\/wp\/v2\/media\/92256"}],"wp:attachment":[{"href":"https:\/\/galicianparts.com\/shop\/wp-json\/wp\/v2\/media?parent=92254"}],"wp:term":[{"taxonomy":"product_cat","embeddable":true,"href":"https:\/\/galicianparts.com\/shop\/wp-json\/wp\/v2\/product_cat?post=92254"},{"taxonomy":"product_tag","embeddable":true,"href":"https:\/\/galicianparts.com\/shop\/wp-json\/wp\/v2\/product_tag?post=92254"}],"curies":[{"name":"wp","href":"https:\/\/api.w.org\/{rel}","templated":true}]}}