{"id":92283,"date":"2024-10-03T11:28:16","date_gmt":"2024-10-03T09:28:16","guid":{"rendered":"https:\/\/galicianparts.com\/shop\/producto\/5940630-arbol-levas-m-0-9-fiat-panda-uno-autobianchi-a112-seat-marbella-original\/"},"modified":"2025-02-28T18:58:49","modified_gmt":"2025-02-28T16:58:49","slug":"5940630-arbol-levas-m-0-9-fiat-panda-uno-autobianchi-a112-seat-marbella-original","status":"publish","type":"product","link":"https:\/\/galicianparts.com\/shop\/producto\/5940630-arbol-levas-m-0-9-fiat-panda-uno-autobianchi-a112-seat-marbella-original\/","title":{"rendered":"5940630 \u00c1rbol levas M 0.9 Fiat Panda \/Uno \/Autobianchi A112 \/Seat Marbella ORIGINAL"},"content":{"rendered":"<p>\u00c1rbol de levas de:<br \/>\nFIAT Panda I Hatchback (141)<br \/>\n0.9 Fire S A las 4 ruedas, A\u00f1o 10.1980 &#8211; 04.1986, 903 ccm, 45 cv<br \/>\n0.9, A\u00f1o 10.1980 &#8211; 06.1994, 903 ccm, 45 cv<br \/>\nFIAT Uno (146)<br \/>\n45 0.9, A\u00f1o 03.1983 &#8211; 09.1992, 903 ccm, 45 cv<br \/>\n0.9 45, A\u00f1o 02.1984 &#8211; 12.1988, 903 ccm, 46 cv<\/p>\n<p>AUTOBIANCHI A 112 Hatchback<br \/>\n0.9 Junior, A\u00f1o 07.1975 &#8211; 12.1985, 903 ccm, 42 cv<\/p>\n<p>SEAT Marbella Hatchback (28)<br \/>\n0.9, A\u00f1o 07.1997 &#8211; 10.1998, 899 ccm, 44 cv<br \/>\n0.9 Cat, A\u00f1o 11.1996 &#8211; 10.1998, 899 ccm, 41 cv<\/p>\n<p>LA PIEZA ES NUEVA Y ORIGINAL.<\/p>\n","protected":false},"excerpt":{"rendered":"<p>\u00c1rbol de levas de: FIAT Panda I Hatchback (141) 0.9 Fire S A las 4 ruedas, A\u00f1o 10.1980 &#8211; 04.1986, 903 ccm, 45 cv 0.9, A\u00f1o 10.1980 &#8211; 06.1994, 903 ccm, 45 cv FIAT Uno (146) 45 0.9, A\u00f1o 03.1983 &#8211; 09.1992, 903 ccm, 45 cv 0.9 45, A\u00f1o 02.1984 &#8211; 12.1988, 903 ccm, 46 [&hellip;]<\/p>\n","protected":false},"featured_media":92284,"template":"","meta":{"_seopress_robots_primary_cat":"","_seopress_titles_title":"","_seopress_titles_desc":"","_seopress_robots_index":""},"product_cat":[63,25,20,207,99,26,114],"product_tag":[],"class_list":{"0":"post-92283","1":"product","2":"type-product","3":"status-publish","4":"has-post-thumbnail","6":"product_cat-recambios-autobianchi-a112","7":"product_cat-recambios-autobianchi","8":"product_cat-recambios-fiat","9":"product_cat-recambios-seat-marbella","10":"product_cat-recambios-fiat-panda","11":"product_cat-recambios-seat","12":"product_cat-recambios-fiat-uno","14":"first","15":"outofstock","16":"taxable","17":"shipping-taxable","18":"purchasable","19":"product-type-simple"},"_links":{"self":[{"href":"https:\/\/galicianparts.com\/shop\/wp-json\/wp\/v2\/product\/92283"}],"collection":[{"href":"https:\/\/galicianparts.com\/shop\/wp-json\/wp\/v2\/product"}],"about":[{"href":"https:\/\/galicianparts.com\/shop\/wp-json\/wp\/v2\/types\/product"}],"wp:featuredmedia":[{"embeddable":true,"href":"https:\/\/galicianparts.com\/shop\/wp-json\/wp\/v2\/media\/92284"}],"wp:attachment":[{"href":"https:\/\/galicianparts.com\/shop\/wp-json\/wp\/v2\/media?parent=92283"}],"wp:term":[{"taxonomy":"product_cat","embeddable":true,"href":"https:\/\/galicianparts.com\/shop\/wp-json\/wp\/v2\/product_cat?post=92283"},{"taxonomy":"product_tag","embeddable":true,"href":"https:\/\/galicianparts.com\/shop\/wp-json\/wp\/v2\/product_tag?post=92283"}],"curies":[{"name":"wp","href":"https:\/\/api.w.org\/{rel}","templated":true}]}}