{"id":92311,"date":"2024-10-03T12:51:28","date_gmt":"2024-10-03T10:51:28","guid":{"rendered":"https:\/\/galicianparts.com\/shop\/producto\/7522385-buje-rueda-delantera-fiat-doblo-fiorino-strada-nuevo-original\/"},"modified":"2024-10-03T12:54:08","modified_gmt":"2024-10-03T10:54:08","slug":"7522385-buje-rueda-delantera-fiat-doblo-fiorino-strada-nuevo-original","status":"publish","type":"product","link":"https:\/\/galicianparts.com\/shop\/producto\/7522385-buje-rueda-delantera-fiat-doblo-fiorino-strada-nuevo-original\/","title":{"rendered":"7522385 Buje rueda delantera Fiat Doblo \/Fiorino \/Strada NUEVO ORIGINAL"},"content":{"rendered":"<p>Buje de las ruedas delanteras de:<br \/>\nN\u00famero de dientes: 22<br \/>\nLargo: 79 mm<br \/>\nDi\u00e1metro: 116 mm<br \/>\nDi\u00e1metro interior: 26,5 mm<br \/>\nDi\u00e1metro buje de rueda: 58 mm<br \/>\nDi\u00e1metro rodamiento rueda: 37 mm<\/p>\n<p>FIAT Strada Pick-up (178)<br \/>\n1.2, A\u00f1o 04.2003 &#8211; &#8230;, 1242 ccm, 60 cv<br \/>\n1.2, A\u00f1o 06.1999 &#8211; 12.2006, 1242 ccm, 73 cv<br \/>\n1.7 TD, A\u00f1o 06.1999 &#8211; 12.2006, 1698 ccm, 69 cv<br \/>\n1.9 D, A\u00f1o 12.2000 &#8211; &#8230;, 1910 ccm, 63 cv<br \/>\nFIAT Fiorino II (146)<br \/>\n1.4, A\u00f1o 05.1994 &#8211; 05.2001, 1372 ccm, 67 cv<br \/>\n1.6, A\u00f1o 01.1994 &#8211; 05.2001, 1581 ccm, 75 cv<br \/>\n1.7 D, A\u00f1o 10.1993 &#8211; 10.1999, 1697 ccm, 57 cv<br \/>\n1.7 D, A\u00f1o 05.1988 &#8211; 10.1999, 1698 ccm, 60 cv<br \/>\n1.7 TD, A\u00f1o 01.1997 &#8211; 05.2001, 1698 ccm, 63 cv<br \/>\nFIAT Doblo I (119, 223)<br \/>\n1.2, A\u00f1o 03.2001 &#8211; &#8230;, 1242 ccm, 65 cv<br \/>\n1.6 16V, A\u00f1o 10.2001 &#8211; &#8230;, 1596 ccm, 103 cv<br \/>\n1.9 D, A\u00f1o 03.2001 &#8211; &#8230;, 1910 ccm, 63 cv<\/p>\n<p>LA PIEZA ES NUEVA Y ORIGINAL.<\/p>\n","protected":false},"excerpt":{"rendered":"<p>Buje de las ruedas delanteras de: N\u00famero de dientes: 22 Largo: 79 mm Di\u00e1metro: 116 mm Di\u00e1metro interior: 26,5 mm Di\u00e1metro buje de rueda: 58 mm Di\u00e1metro rodamiento rueda: 37 mm FIAT Strada Pick-up (178) 1.2, A\u00f1o 04.2003 &#8211; &#8230;, 1242 ccm, 60 cv 1.2, A\u00f1o 06.1999 &#8211; 12.2006, 1242 ccm, 73 cv 1.7 TD, [&hellip;]<\/p>\n","protected":false},"featured_media":92312,"template":"","meta":{"_seopress_robots_primary_cat":"","_seopress_titles_title":"","_seopress_titles_desc":"","_seopress_robots_index":""},"product_cat":[87,20,91,109],"product_tag":[],"class_list":{"0":"post-92311","1":"product","2":"type-product","3":"status-publish","4":"has-post-thumbnail","6":"product_cat-recambios-fiat-doblo","7":"product_cat-recambios-fiat","8":"product_cat-recambios-fiat-fiorino","9":"product_cat-recambios-fiat-strada","11":"first","12":"instock","13":"taxable","14":"shipping-taxable","15":"purchasable","16":"product-type-simple"},"_links":{"self":[{"href":"https:\/\/galicianparts.com\/shop\/wp-json\/wp\/v2\/product\/92311"}],"collection":[{"href":"https:\/\/galicianparts.com\/shop\/wp-json\/wp\/v2\/product"}],"about":[{"href":"https:\/\/galicianparts.com\/shop\/wp-json\/wp\/v2\/types\/product"}],"wp:featuredmedia":[{"embeddable":true,"href":"https:\/\/galicianparts.com\/shop\/wp-json\/wp\/v2\/media\/92312"}],"wp:attachment":[{"href":"https:\/\/galicianparts.com\/shop\/wp-json\/wp\/v2\/media?parent=92311"}],"wp:term":[{"taxonomy":"product_cat","embeddable":true,"href":"https:\/\/galicianparts.com\/shop\/wp-json\/wp\/v2\/product_cat?post=92311"},{"taxonomy":"product_tag","embeddable":true,"href":"https:\/\/galicianparts.com\/shop\/wp-json\/wp\/v2\/product_tag?post=92311"}],"curies":[{"name":"wp","href":"https:\/\/api.w.org\/{rel}","templated":true}]}}