{"id":92388,"date":"2024-10-04T11:39:19","date_gmt":"2024-10-04T09:39:19","guid":{"rendered":"https:\/\/galicianparts.com\/shop\/producto\/7599275-casquillo-sp-2165-palier-izq-fiat-ducato-90-02-citroen-peugeot-original\/"},"modified":"2024-10-04T11:41:24","modified_gmt":"2024-10-04T09:41:24","slug":"7599275-casquillo-sp-2165-palier-izq-fiat-ducato-90-02-citroen-peugeot-original","status":"publish","type":"product","link":"https:\/\/galicianparts.com\/shop\/producto\/7599275-casquillo-sp-2165-palier-izq-fiat-ducato-90-02-citroen-peugeot-original\/","title":{"rendered":"7599275 Casquillo SP 21,65 palier izq. Fiat Ducato (90-02) Citro\u00ebn \/Peugeot ORIGINAL"},"content":{"rendered":"<p>Casquillo del eje de transmisi\u00f3n izquierdo de:<br \/>\nAltura: 21,65<br \/>\nDi\u00e1metro exterior: 57 mm<br \/>\nDi\u00e1metro interior: 50 mm<\/p>\n<p>FIAT PROFESSIONAL &#8211; PD DUCATO &#8217;94 BENZINA (1994-2002) CON CAPACIDAD 10Q \/ CON CAPACIDAD 14Q<br \/>\nFIAT PROFESSIONAL &#8211; PD DUCATO &#8217;94 BENZINA (1994-2002) FURGON 4X4 \/ PANORAMA 4X4 \/ COMBINATO 4X4 \/ AMBULANCIA 4X4 \/ COCHE VITRINA 4 X 4<br \/>\nFIAT PROFESSIONAL &#8211; ND DUCATO 4X4 R.90 (1990-1994)<br \/>\nFIAT PROFESSIONAL &#8211; PE DUCATO&#8217;94 DIESEL (1994-2002) CON CAPACIDAD 10Q \/ CON CAPACIDAD 14Q<br \/>\nFIAT PROFESSIONAL &#8211; PE DUCATO&#8217;94 DIESEL (1994-2002) CAMBIO AUTOMATICO<br \/>\nFIAT PROFESSIONAL &#8211; PE DUCATO&#8217;94 DIESEL (1994-2002) FURGON 4X4 \/ CHASIS-CABINA 4X4 \/ COCHE VITRINA 4 X 4<br \/>\nFIAT PROFESSIONAL &#8211; NB NUOVO DUCATO BZ R.90 (1990-1994)<br \/>\nFIAT PROFESSIONAL &#8211; NA NUOVO DUCATO DS.R.90 (1990-1994)<br \/>\nFIAT PROFESSIONAL &#8211; NC TALENTO R.90 (1990-1994)<br \/>\nCITROEN &#8211; JUMPER (1994-2002)<br \/>\nCITROEN &#8211; C25 (1990-1994)<br \/>\nPEUGEOT &#8211; BOXER (1994-2002)<br \/>\nPEUGEOT- J5  (1990-1994)<\/p>\n<p>LA PIEZA ES NUEVA Y ORIGINAL.<\/p>\n","protected":false},"excerpt":{"rendered":"<p>Casquillo del eje de transmisi\u00f3n izquierdo de: Altura: 21,65 Di\u00e1metro exterior: 57 mm Di\u00e1metro interior: 50 mm FIAT PROFESSIONAL &#8211; PD DUCATO &#8217;94 BENZINA (1994-2002) CON CAPACIDAD 10Q \/ CON CAPACIDAD 14Q FIAT PROFESSIONAL &#8211; PD DUCATO &#8217;94 BENZINA (1994-2002) FURGON 4X4 \/ PANORAMA 4X4 \/ COMBINATO 4X4 \/ AMBULANCIA 4X4 \/ COCHE VITRINA 4 [&hellip;]<\/p>\n","protected":false},"featured_media":92393,"template":"","meta":{"_seopress_robots_primary_cat":"","_seopress_titles_title":"","_seopress_titles_desc":"","_seopress_robots_index":""},"product_cat":[155,132,23,88,20,157,137,24,110],"product_tag":[],"class_list":{"0":"post-92388","1":"product","2":"type-product","3":"status-publish","4":"has-post-thumbnail","6":"product_cat-recambios-peugeot-boxer","7":"product_cat-recambios-citroen-c25","8":"product_cat-recambios-citroen","9":"product_cat-recambios-fiat-ducato","10":"product_cat-recambios-fiat","11":"product_cat-recambios-peugeot-j5","12":"product_cat-recambios-citroen-jumper","13":"product_cat-recambios-peugeot","14":"product_cat-recambios-fiat-talento","16":"first","17":"instock","18":"taxable","19":"shipping-taxable","20":"purchasable","21":"product-type-simple"},"_links":{"self":[{"href":"https:\/\/galicianparts.com\/shop\/wp-json\/wp\/v2\/product\/92388"}],"collection":[{"href":"https:\/\/galicianparts.com\/shop\/wp-json\/wp\/v2\/product"}],"about":[{"href":"https:\/\/galicianparts.com\/shop\/wp-json\/wp\/v2\/types\/product"}],"wp:featuredmedia":[{"embeddable":true,"href":"https:\/\/galicianparts.com\/shop\/wp-json\/wp\/v2\/media\/92393"}],"wp:attachment":[{"href":"https:\/\/galicianparts.com\/shop\/wp-json\/wp\/v2\/media?parent=92388"}],"wp:term":[{"taxonomy":"product_cat","embeddable":true,"href":"https:\/\/galicianparts.com\/shop\/wp-json\/wp\/v2\/product_cat?post=92388"},{"taxonomy":"product_tag","embeddable":true,"href":"https:\/\/galicianparts.com\/shop\/wp-json\/wp\/v2\/product_tag?post=92388"}],"curies":[{"name":"wp","href":"https:\/\/api.w.org\/{rel}","templated":true}]}}