{"id":92473,"date":"2024-10-08T12:51:14","date_gmt":"2024-10-08T10:51:14","guid":{"rendered":"https:\/\/galicianparts.com\/shop\/producto\/5960036-rotula-direccion-fiat-ritmo-regata-seicento-lancia-y10-seat-original\/"},"modified":"2025-10-18T16:31:29","modified_gmt":"2025-10-18T14:31:29","slug":"5960036-rotula-direccion-fiat-ritmo-regata-seicento-lancia-y10-seat-original","status":"publish","type":"product","link":"https:\/\/galicianparts.com\/shop\/producto\/5960036-rotula-direccion-fiat-ritmo-regata-seicento-lancia-y10-seat-original\/","title":{"rendered":"5960036 R\u00f3tula direcci\u00f3n Fiat Ritmo \/Regata \/Seicento \/Lancia Y10 \/Seat ORIGINAL"},"content":{"rendered":"<p>R\u00f3tula de los tirantes de la cremallera de direcci\u00f3n de:<br \/>\nM\u00e9trica r\u00f3tula: 10<br \/>\nM\u00e9trica interior: 12X1,5<br \/>\nMedida c\u00f3nica: 12 mm<br \/>\nLargo: 136 mm<\/p>\n<p>FIAT Cinquecento (170)<br \/>\n0.7, A\u00f1o 12.1991 &#8211; 01.1996, 704 ccm, 31 cv<br \/>\n0.7 i, A\u00f1o 07.1994 &#8211; 01.1998, 704 ccm, 30 cv<br \/>\n0.9, A\u00f1o 07.1991 &#8211; 12.1993, 903 ccm, 41 cv<br \/>\n0.9 i.e. (170AC), A\u00f1o 07.1991 &#8211; 09.1994, 903 ccm, 41 cv<br \/>\n0.9 i.e. S, A\u00f1o 07.1991 &#8211; 07.1999, 899 ccm, 40 cv<br \/>\n1.1 Sporting, A\u00f1o 10.1994 &#8211; 01.1998, 1108 ccm, 54 cv<br \/>\nFIAT Cinquecento Furg\u00f3n \/ Hatchback (170)<br \/>\n0.9 iE (170CF), A\u00f1o 07.1991 &#8211; 02.1998, 899 ccm, 39 cv<br \/>\n1.1 iE (170AH), A\u00f1o 10.1994 &#8211; 02.1998, 1108 ccm, 54 cv<br \/>\nFIAT Regata (138)<br \/>\n1.6 Super 100, A\u00f1o 10.1983 &#8211; 07.1989, 1585 ccm, 95 cv<br \/>\n1.6 Super 100, A\u00f1o 10.1983 &#8211; 12.1990, 1585 ccm, 101 cv<br \/>\n1.7 Di\u00e9sel 60, A\u00f1o 09.1983 &#8211; 12.1986, 1714 ccm, 58 cv<br \/>\n1.7 Di\u00e9sel 60, A\u00f1o 05.1985 &#8211; 03.1989, 1698 ccm, 60 cv<br \/>\n1.9 Di\u00e9sel 65, A\u00f1o 04.1984 &#8211; 07.1989, 1929 ccm, 65 cv<br \/>\n1.3 70, A\u00f1o 09.1983 &#8211; 07.1989, 1301 ccm, 65 cv<br \/>\n1.3 70, A\u00f1o 09.1983 &#8211; 07.1986, 1301 ccm, 68 cv<br \/>\n1.9 Turbodi\u00e9sel 80, A\u00f1o 05.1986 &#8211; 07.1989, 1929 ccm, 80 cv<br \/>\n1.5 85, A\u00f1o 05.1985 &#8211; 12.1987, 1498 ccm, 79 cv<br \/>\n1.6 85, A\u00f1o 10.1983 &#8211; 06.1990, 1585 ccm, 82 cv<br \/>\n1.5 Super 85, A\u00f1o 09.1983 &#8211; 04.1985, 1498 ccm, 82 cv<br \/>\n1.6 i.e. 90, A\u00f1o 01.1987 &#8211; 07.1989, 1595 ccm, 90 cv<br \/>\nFIAT Ritmo I Hatchback (138)<br \/>\n1.1, A\u00f1o 10.1982 &#8211; 12.1987, 1116 ccm, 55 cv<br \/>\n1.1, A\u00f1o 04.1985 &#8211; 12.1987, 1116 ccm, 58 cv<br \/>\n1.3, A\u00f1o 01.1983 &#8211; 04.1985, 1301 ccm, 68 cv<br \/>\n1.5, A\u00f1o 08.1985 &#8211; 05.1987, 1498 ccm, 79 cv<br \/>\n1.5, A\u00f1o 01.1983 &#8211; 12.1987, 1498 ccm, 82 cv<br \/>\n1.6, A\u00f1o 12.1985 &#8211; 12.1987, 1585 ccm, 90 cv<br \/>\n1.6, A\u00f1o 01.1983 &#8211; 12.1987, 1585 ccm, 100 cv<br \/>\n1.7 Diesel, A\u00f1o 05.1985 &#8211; 12.1987, 1698 ccm, 60 cv<br \/>\n1.9 TD, A\u00f1o 12.1985 &#8211; 12.1987, 1929 ccm, 80 cv<br \/>\nFIAT Seicento \/ 600 Hatchback (187)<br \/>\n0.9 (187AXA, 187AXA1A), A\u00f1o 11.1997 &#8211; 12.2008, 899 ccm, 39 cv<br \/>\n1.1 (187AXB, 187AXB1A, 187AXC1A02), A\u00f1o 01.1998 &#8211; 01.2010, 1108 ccm, 54 cv<br \/>\nEl\u00e9ctrico, A\u00f1o 01.1999 &#8211; 01.2005, ccm, 41 cv<br \/>\nEl\u00e9ctrico, A\u00f1o 06.1998 &#8211; 02.2000, 0 ccm, 29 cv<br \/>\nElettrica (187BEA1A), A\u00f1o 03.2000 &#8211; 04.2004, ccm, 30 cv<\/p>\n<p>LANCIA Y10 (156)<br \/>\n1.1 i.e Fire A las 4 ruedas (156AC), A\u00f1o 08.1989 &#8211; 06.1992, 1108 ccm, 57 cv<br \/>\n1.1 i.e. Fire Allrad, A\u00f1o 09.1992 &#8211; 12.1995, 1108 ccm, 50 cv<\/p>\n<p>AUTOBIANCHI Y10 Hatchback<br \/>\n1.1 4WD, A\u00f1o 06.1989 &#8211; 10.1995, 1108 ccm, 57 cv<\/p>\n<p>SEAT Malaga (023A)<br \/>\n1.2, A\u00f1o 05.1985 &#8211; 12.1993, 1193 ccm, 60 cv<br \/>\n1.2, A\u00f1o 11.1984 &#8211; 12.1993, 1193 ccm, 64 cv<br \/>\n1.2 i, A\u00f1o 12.1989 &#8211; 12.1993, 1193 ccm, 71 cv<br \/>\n1.5, A\u00f1o 05.1985 &#8211; 12.1993, 1461 ccm, 85 cv<br \/>\n1.5 i, A\u00f1o 01.1987 &#8211; 12.1993, 1461 ccm, 100 cv<br \/>\n1.5 i Cat, A\u00f1o 10.1986 &#8211; 12.1993, 1461 ccm, 90 cv<br \/>\n1.7 D, A\u00f1o 05.1985 &#8211; 12.1993, 1714 ccm, 54 cv<br \/>\n1.7 D, A\u00f1o 05.1990 &#8211; 12.1993, 1714 ccm, 57 cv<br \/>\nSEAT Ibiza I Hatchback (021A)<br \/>\n0.9, A\u00f1o 08.1990 &#8211; 05.1993, 903 ccm, 40 cv<br \/>\n0.9, A\u00f1o 08.1986 &#8211; 05.1993, 903 ccm, 44 cv<br \/>\n1.2, A\u00f1o 11.1984 &#8211; 12.1993, 1193 ccm, 60 cv<br \/>\n1.2, A\u00f1o 11.1984 &#8211; 12.1993, 1193 ccm, 63 cv<br \/>\n1.2 i, A\u00f1o 01.1989 &#8211; 05.1993, 1193 ccm, 71 cv<br \/>\n1.5, A\u00f1o 11.1984 &#8211; 05.1993, 1461 ccm, 85 cv<br \/>\n1.5, A\u00f1o 10.1986 &#8211; 05.1993, 1461 ccm, 87 cv<br \/>\n1.5 i, A\u00f1o 10.1986 &#8211; 05.1993, 1461 ccm, 89 cv<br \/>\n1.5 i, A\u00f1o 10.1986 &#8211; 05.1993, 1461 ccm, 100 cv<br \/>\n1.5 i Cat, A\u00f1o 10.1986 &#8211; 05.1993, 1461 ccm, 90 cv<br \/>\n1.7, A\u00f1o 01.1991 &#8211; 05.1993, 1675 ccm, 98 cv<br \/>\n1.7 D, A\u00f1o 06.1984 &#8211; 05.1993, 1714 ccm, 54 cv<br \/>\n1.7 D, A\u00f1o 08.1990 &#8211; 05.1993, 1714 ccm, 57 cv<\/p>\n<p>LA PIEZA ES NUEVA Y ORIGINAL.<\/p>\n","protected":false},"excerpt":{"rendered":"<p>R\u00f3tula de los tirantes de la cremallera de direcci\u00f3n de: M\u00e9trica r\u00f3tula: 10 M\u00e9trica interior: 12X1,5 Medida c\u00f3nica: 12 mm Largo: 136 mm FIAT Cinquecento (170) 0.7, A\u00f1o 12.1991 &#8211; 01.1996, 704 ccm, 31 cv 0.7 i, A\u00f1o 07.1994 &#8211; 01.1998, 704 ccm, 30 cv 0.9, A\u00f1o 07.1991 &#8211; 12.1993, 903 ccm, 41 cv 0.9 [&hellip;]<\/p>\n","protected":false},"featured_media":92476,"template":"","meta":{"_seopress_robots_primary_cat":"","_seopress_titles_title":"","_seopress_titles_desc":"","_seopress_robots_index":""},"product_cat":[25,84,20,162,21,164,102,103,26,106,126,64],"product_tag":[],"class_list":{"0":"post-92473","1":"product","2":"type-product","3":"status-publish","4":"has-post-thumbnail","6":"product_cat-recambios-autobianchi","7":"product_cat-recambios-fiat-cinquecento","8":"product_cat-recambios-fiat","9":"product_cat-recambios-seat-ibiza","10":"product_cat-recambios-lancia","11":"product_cat-recambios-seat-malaga","12":"product_cat-recambios-fiat-regata","13":"product_cat-recambios-fiat-ritmo","14":"product_cat-recambios-seat","15":"product_cat-recambios-fiat-seicento","16":"product_cat-recambios-lancia-y10","17":"product_cat-recambios-autobianchi-y10","19":"first","20":"outofstock","21":"taxable","22":"shipping-taxable","23":"purchasable","24":"product-type-simple"},"_links":{"self":[{"href":"https:\/\/galicianparts.com\/shop\/wp-json\/wp\/v2\/product\/92473"}],"collection":[{"href":"https:\/\/galicianparts.com\/shop\/wp-json\/wp\/v2\/product"}],"about":[{"href":"https:\/\/galicianparts.com\/shop\/wp-json\/wp\/v2\/types\/product"}],"wp:featuredmedia":[{"embeddable":true,"href":"https:\/\/galicianparts.com\/shop\/wp-json\/wp\/v2\/media\/92476"}],"wp:attachment":[{"href":"https:\/\/galicianparts.com\/shop\/wp-json\/wp\/v2\/media?parent=92473"}],"wp:term":[{"taxonomy":"product_cat","embeddable":true,"href":"https:\/\/galicianparts.com\/shop\/wp-json\/wp\/v2\/product_cat?post=92473"},{"taxonomy":"product_tag","embeddable":true,"href":"https:\/\/galicianparts.com\/shop\/wp-json\/wp\/v2\/product_tag?post=92473"}],"curies":[{"name":"wp","href":"https:\/\/api.w.org\/{rel}","templated":true}]}}