{"id":92490,"date":"2024-10-09T09:10:56","date_gmt":"2024-10-09T07:10:56","guid":{"rendered":"https:\/\/galicianparts.com\/shop\/producto\/46528612-valvula-admision-fiat-croma-1-9-diesel-1990-1996-nueva-original\/"},"modified":"2025-12-17T19:48:17","modified_gmt":"2025-12-17T17:48:17","slug":"46528612-valvula-admision-fiat-croma-1-9-diesel-1990-1996-nueva-original","status":"publish","type":"product","link":"https:\/\/galicianparts.com\/shop\/producto\/46528612-valvula-admision-fiat-croma-1-9-diesel-1990-1996-nueva-original\/","title":{"rendered":"46528612 V\u00e1lvula admisi\u00f3n Fiat Croma 1.9 TD (1990-1996) NUEVA ORIGINAL"},"content":{"rendered":"<p>V\u00e1lvula de admisi\u00f3n del motor de:<br \/>\nDi\u00e1metro plato v\u00e1lvula: 36 mm<br \/>\nDi\u00e1metro v\u00e1stago v\u00e1lvula: 8 mm<br \/>\nLongitud: 115 mm<\/p>\n<p>FIAT &#8211; MJ CROMA TURBO DIESEL FL.90 (1990-1996) 1930 (154C6.000) \/ 1930 (154D1.000)<\/p>\n<p>LA PIEZA ES NUEVA Y ORIGINAL.<\/p>\n","protected":false},"excerpt":{"rendered":"<p>V\u00e1lvula de admisi\u00f3n del motor de: Di\u00e1metro plato v\u00e1lvula: 36 mm Di\u00e1metro v\u00e1stago v\u00e1lvula: 8 mm Longitud: 115 mm FIAT &#8211; MJ CROMA TURBO DIESEL FL.90 (1990-1996) 1930 (154C6.000) \/ 1930 (154D1.000) LA PIEZA ES NUEVA Y ORIGINAL.<\/p>\n","protected":false},"featured_media":92492,"template":"","meta":{"_seopress_robots_primary_cat":"","_seopress_titles_title":"","_seopress_titles_desc":"","_seopress_robots_index":""},"product_cat":[86,20],"product_tag":[],"class_list":{"0":"post-92490","1":"product","2":"type-product","3":"status-publish","4":"has-post-thumbnail","6":"product_cat-recambios-fiat-croma","7":"product_cat-recambios-fiat","9":"first","10":"outofstock","11":"taxable","12":"shipping-taxable","13":"purchasable","14":"product-type-simple"},"_links":{"self":[{"href":"https:\/\/galicianparts.com\/shop\/wp-json\/wp\/v2\/product\/92490"}],"collection":[{"href":"https:\/\/galicianparts.com\/shop\/wp-json\/wp\/v2\/product"}],"about":[{"href":"https:\/\/galicianparts.com\/shop\/wp-json\/wp\/v2\/types\/product"}],"wp:featuredmedia":[{"embeddable":true,"href":"https:\/\/galicianparts.com\/shop\/wp-json\/wp\/v2\/media\/92492"}],"wp:attachment":[{"href":"https:\/\/galicianparts.com\/shop\/wp-json\/wp\/v2\/media?parent=92490"}],"wp:term":[{"taxonomy":"product_cat","embeddable":true,"href":"https:\/\/galicianparts.com\/shop\/wp-json\/wp\/v2\/product_cat?post=92490"},{"taxonomy":"product_tag","embeddable":true,"href":"https:\/\/galicianparts.com\/shop\/wp-json\/wp\/v2\/product_tag?post=92490"}],"curies":[{"name":"wp","href":"https:\/\/api.w.org\/{rel}","templated":true}]}}