{"id":92533,"date":"2024-10-09T11:48:27","date_gmt":"2024-10-09T09:48:27","guid":{"rendered":"https:\/\/galicianparts.com\/shop\/producto\/7689505-capuchon-lado-cambio-palier-fiat-fiorino-uno-elba-nuevo-original\/"},"modified":"2025-11-24T15:28:51","modified_gmt":"2025-11-24T13:28:51","slug":"7689505-capuchon-lado-cambio-palier-fiat-fiorino-uno-elba-nuevo-original","status":"publish","type":"product","link":"https:\/\/galicianparts.com\/shop\/producto\/7689505-capuchon-lado-cambio-palier-fiat-fiorino-uno-elba-nuevo-original\/","title":{"rendered":"7689505 Capuch\u00f3n lado cambio palier Fiat Fiorino \/Uno \/Elba NUEVO ORIGINAL"},"content":{"rendered":"<p>Fuelle del lado de la caja de cambios de los ejes de transmisi\u00f3n de:<br \/>\nDi\u00e1metro barra: 30 mm<br \/>\nDi\u00e1metro: 64 mm<br \/>\nLargo: 106 mm<\/p>\n<p>FIAT &#8211; XP ELBA CSL (1991-1996) 1300 CARB. \/ 1500 SPI USA&#8217;83 \/ 1697 DS<br \/>\nFIAT &#8211; ML UNO CS (1988-1990)<br \/>\nFIAT PROFESSIONAL &#8211; 2M FIORINO (1991-1993)<br \/>\nFIAT PROFESSIONAL &#8211; 2N FIORINO RL (1993-2000) 1372 SPI C.F.2 \/ CONDUCCION\u00a0A DERECHA<br \/>\nFIAT PROFESSIONAL &#8211; 2N FIORINO RL (1993-2000) 1697 DS \/ 1697 TB\/DS<\/p>\n<p>LA PIEZA ES NUEVA Y ORIGINAL.<\/p>\n","protected":false},"excerpt":{"rendered":"<p>Fuelle del lado de la caja de cambios de los ejes de transmisi\u00f3n de: Di\u00e1metro barra: 30 mm Di\u00e1metro: 64 mm Largo: 106 mm FIAT &#8211; XP ELBA CSL (1991-1996) 1300 CARB. \/ 1500 SPI USA&#8217;83 \/ 1697 DS FIAT &#8211; ML UNO CS (1988-1990) FIAT PROFESSIONAL &#8211; 2M FIORINO (1991-1993) FIAT PROFESSIONAL &#8211; 2N [&hellip;]<\/p>\n","protected":false},"featured_media":92537,"template":"","meta":{"_seopress_robots_primary_cat":"","_seopress_titles_title":"","_seopress_titles_desc":"","_seopress_robots_index":""},"product_cat":[90,20,91,114],"product_tag":[],"class_list":{"0":"post-92533","1":"product","2":"type-product","3":"status-publish","4":"has-post-thumbnail","6":"product_cat-recambios-fiat-elba","7":"product_cat-recambios-fiat","8":"product_cat-recambios-fiat-fiorino","9":"product_cat-recambios-fiat-uno","11":"first","12":"outofstock","13":"taxable","14":"shipping-taxable","15":"purchasable","16":"product-type-simple"},"_links":{"self":[{"href":"https:\/\/galicianparts.com\/shop\/wp-json\/wp\/v2\/product\/92533"}],"collection":[{"href":"https:\/\/galicianparts.com\/shop\/wp-json\/wp\/v2\/product"}],"about":[{"href":"https:\/\/galicianparts.com\/shop\/wp-json\/wp\/v2\/types\/product"}],"wp:featuredmedia":[{"embeddable":true,"href":"https:\/\/galicianparts.com\/shop\/wp-json\/wp\/v2\/media\/92537"}],"wp:attachment":[{"href":"https:\/\/galicianparts.com\/shop\/wp-json\/wp\/v2\/media?parent=92533"}],"wp:term":[{"taxonomy":"product_cat","embeddable":true,"href":"https:\/\/galicianparts.com\/shop\/wp-json\/wp\/v2\/product_cat?post=92533"},{"taxonomy":"product_tag","embeddable":true,"href":"https:\/\/galicianparts.com\/shop\/wp-json\/wp\/v2\/product_tag?post=92533"}],"curies":[{"name":"wp","href":"https:\/\/api.w.org\/{rel}","templated":true}]}}