{"id":92577,"date":"2024-10-10T09:23:10","date_gmt":"2024-10-10T07:23:10","guid":{"rendered":"https:\/\/galicianparts.com\/shop\/producto\/7699515-satelite-diferencial-lancia-delta-evo-fiat-uno-tb-panda-4x4-alfa-original\/"},"modified":"2026-02-14T18:02:39","modified_gmt":"2026-02-14T16:02:39","slug":"7699515-satelite-diferencial-lancia-delta-evo-fiat-uno-tb-panda-4x4-alfa-original","status":"publish","type":"product","link":"https:\/\/galicianparts.com\/shop\/producto\/7699515-satelite-diferencial-lancia-delta-evo-fiat-uno-tb-panda-4x4-alfa-original\/","title":{"rendered":"7699515 Sat\u00e9lite diferencial Lancia Delta Evo \/Fiat Uno TB \/Panda 4&#215;4 \/Alfa ORIGINAL"},"content":{"rendered":"<p>Sat\u00e9lite del diferencial del cambio de:<br \/>\nDi\u00e1metro interior: 16 mm<br \/>\nDi\u00e1metro exterior: 45 mm<br \/>\nAltura: 17 mm<\/p>\n<p>FIAT &#8211; PK BARCHETTA (1995-2004)<br \/>\nFIAT &#8211; 1V BRAVA (1995-1998) 1800 MPI 16V \/ 1910 TB\/DS 100CV \/ 1910 TB\/DS 75CV<br \/>\nFIAT &#8211; 1M BRAVA G.98 (1998-2001) 1800 16V<br \/>\nFIAT &#8211; 1M BRAVA G.98 (1998-2001) 1910 TD (75 CV) \/ 1910 TD (100 CV)<br \/>\nFIAT &#8211; 1U BRAVO (1995-1998) 1800 16V \/ 1910 TB\/DS 100CV \/ 1910 TB\/DS 75CV<br \/>\nFIAT &#8211; 1L BRAVO G.98 (1998-2001) 1800 16V<br \/>\nFIAT &#8211; 1L BRAVO G.98 (1998-2001) 1910 TD (75 CV) \/ 1910 TD (100 CV)<br \/>\nFIAT &#8211; PC COUPE&#8217; (1994-1996) 1750 16V CEE F2<br \/>\nFIAT &#8211; PX COUPE&#8217; GAMMA&#8217;96 (1996-2000) 1750 16V \/ 1750 MY 99<br \/>\nFIAT &#8211; PT MAREA BENZINA (1996-1999) 1800<br \/>\nFIAT &#8211; 1Q MAREA BZ GAMMA&#8217;99 (1999-2002) 1800 16V<br \/>\nFIAT &#8211; PU MAREA DIESEL (1996-1999) 1910 TD (100CV) \/ 1910 TD SOFT (75CV)<br \/>\nFIAT &#8211; 1R MAREA DS GAMMA&#8217;99 (1999-2002) 1910 TD 75CV<br \/>\nFIAT &#8211; 1T PANDA 4X4 MAQ 91 (1991-2003)<br \/>\nFIAT &#8211; 2R PANDA 4X4 R\/86 (1985-1991)<br \/>\nFIAT &#8211; 1N PUNTO BZ (1999-2003) 1.8 16V CF2 \/ 1.8 16V CF3<br \/>\nFIAT &#8211; NX PUNTO D-TD (1993-1997) 1697 T.DS EM.08 (70 CV) \/ 1697 T.DS USA&#8217;87-CEE FASE 2 (70 CV)<br \/>\nFIAT &#8211; 1B PUNTO TB.DS. GAMMA&#8217;97 (1997-1999) 1697 T.DS EM.08 (72CV) \/ 1697 T.DS CF2 (69CV)<br \/>\nFIAT &#8211; MW TEMPRA 1750-2000 (1989-1993) SEDAN SX-SLX \/ S.W.SX-SLX \/ SEDAN BASICAS \/ S.W.BASICAS<br \/>\nFIAT &#8211; MW TEMPRA 1750-2000 (1989-1993) S.W. 4X4<br \/>\nFIAT &#8211; MX TEMPRA DIESEL-TURBO D. (1989-1993) 1930 TURBO \/ 1930 TURBO USA&#8217;87 (82CV) \/ 1930 TURBO USA&#8217;87 (92CV)<br \/>\nFIAT &#8211; NZ TEMPRA MAQ.93 1750-2000 (&#8217;93-&#8217;96) SEDAN \u00abSX\u00bb \/ SEDAN \u00abSLX\u00bb \/ S.W. 4X2 \u00abSX\u00bb \/ S.W. 4X2 \u00abSLX\u00bb<br \/>\nFIAT &#8211; NZ TEMPRA MAQ.93 1750-2000 (&#8217;93-&#8217;96) S.W. 4X4 SX \/ S.W. 4X4 SLX<br \/>\nFIAT &#8211; NJ TEMPRA MQ.93 D-TD (1993-1996) 1930 TURBO \/ 1930 TURBO USA&#8217;87-CF2<br \/>\nFIAT &#8211; NG TIPO 1750-2000 (1990-1993)<br \/>\nFIAT &#8211; MF TIPO DIESEL-T.DS. (1987-1993) 1930 TURBO \/ 1930 TURBO USA&#8217;87 (82CV) \/ 1930 TURBO USA&#8217;87 (92CV)<br \/>\nFIAT &#8211; NT TIPO MAQ.93 D-TD (1993-1995) 1930 TURBO \/ 1930 TURBO USA&#8217;87-CF2<br \/>\nFIAT &#8211; NU TIPO MQ.93 (1993-1995) 1750 105CV (77KW) \/ 2000 8V \/ 1750 USA&#8217;83 90CV (66KW) \/ 2000 8V (BRASIL) \/ 1750 CEE F2 97CV (71KW) \/ 1750 CEE F2 90CV (66KW)<br \/>\nFIAT &#8211; MP TIPO SPORT 16V IE. (1988-1993)<br \/>\nFIAT &#8211; MT UNO TURBO R\/89 (1989-1993)<br \/>\nALFA ROMEO &#8211; U1 145 (1994-1996) 1930 TB\/DS EM.08 \/ 1930 TB\/DS CEE FASE 2<br \/>\nALFA ROMEO &#8211; T5 145 GAMMA 97 (1997-1999) 1600 TS \/ 1800 TS (AR67106) \/ 1800 TS 16V BRASIL \/ 1800 TS (AR32201) STEP.A \/ 1400 TS \/ 1930 TDS CF2 \/ 1930 TDS EM08ARGENTINA<br \/>\nALFA ROMEO &#8211; W3 145 M.Y. &#8217;99 (1999-2000) 1600 TS 16V (AR67601) \/ 1600 TS 16V (AR32102)<br \/>\nALFA ROMEO &#8211; U2 146 (1995-1996) 1930 TDS EM08 \/ 1930 TDS CF2<br \/>\nALFA ROMEO &#8211; T6 146 GAMMA 97 (1997-1999) 1600 TS 16V \/ 1800 TS 16V \/ 1800 TS 16V STEP.A \/ 1400 TS 16V \/ 1930 TDS CF2 \/ 1930 TDS EM08 ARGENTINA<br \/>\nALFA ROMEO &#8211; W4 146 M.Y. &#8217;99 (1999-2000) 1600 TS 16V (AR67601) \/ 1600 TS 16V (AR32102) \/ 1800 TS 16V \/ 2000 TS 16V<br \/>\nALFA ROMEO &#8211; U5 155 ASPIRATO (1992-1996)1.7 TS \/ 1.8 TS<br \/>\nALFA ROMEO &#8211; T3 155 GAMMA 96 BZ (1996-1997) 1600 TS 16V \/ 1800 TS 16V \/ SUPER \/ DEPORTIVA<br \/>\nALFA ROMEO &#8211; T4 155 GAMMA 96 DS (1996-1997) 1930 TD<br \/>\nALFA ROMEO &#8211; U6 155 TURBO (1992-1996) 1930 TD \/ 2000 TB\/BZ 4X4<br \/>\nALFA ROMEO &#8211; T7 156 BENZINA (1997-2002) 1600 TS (AR67601) \/ 1600 TS (AR32102) \/ 1600 TS (AR32104) \/ 1600 TS (AR32103)<br \/>\nLANCIA &#8211; SL DEDRA FL.94 (1994-1999) 1750 MPI \/ 1750 16V CF2 115CV<br \/>\nLANCIA &#8211; SM DEDRA FL.94 1750-2.0 (1994-1999) SW LS 4X4<br \/>\nLANCIA &#8211; SN DEDRA FL.94 T.DS (1994-1999)<br \/>\nLANCIA &#8211; SA DELTA EVOLUZIONE (1991-1994)<br \/>\nLANCIA &#8211; TB DELTA R.86 (1986-1992) CAMBI AUTOMATICO \/ MAQUILLAGE 91 (VET626853) \/ 1600 MPI \/ 1600 SPI USA\u00b483 \/ 1930 TB\/DS<br \/>\nLANCIA &#8211; TB DELTA R.86 HF TURBO (1986-1992) 1600 MPI TB \/ 1600 MPI TB USA\u00b483 \/<br \/>\nLANCIA &#8211; SX LYBRA BZ (1999-2005) 1.8 16V CF2<br \/>\nLANCIA &#8211; ZL Y10 FL.89 (1988-1992) 4WD<br \/>\nLANCIA &#8211; ZM Y10 R.92 (1992-1995) 4WD<br \/>\nAUTOBIANCHI &#8211; Y10 (1988-1995)<\/p>\n<p>LA PIEZA ES NUEVA Y ORIGINAL.<\/p>\n","protected":false},"excerpt":{"rendered":"<p>Sat\u00e9lite del diferencial del cambio de: Di\u00e1metro interior: 16 mm Di\u00e1metro exterior: 45 mm Altura: 17 mm FIAT &#8211; PK BARCHETTA (1995-2004) FIAT &#8211; 1V BRAVA (1995-1998) 1800 MPI 16V \/ 1910 TB\/DS 100CV \/ 1910 TB\/DS 75CV FIAT &#8211; 1M BRAVA G.98 (1998-2001) 1800 16V FIAT &#8211; 1M BRAVA G.98 (1998-2001) 1910 TD (75 [&hellip;]<\/p>\n","protected":false},"featured_media":92578,"template":"","meta":{"_seopress_robots_primary_cat":"","_seopress_titles_title":"","_seopress_titles_desc":"","_seopress_robots_index":""},"product_cat":[45,46,48,49,16,25,80,81,82,85,117,118,20,21,120,95,99,101,111,112,114,64,126],"product_tag":[],"class_list":{"0":"post-92577","1":"product","2":"type-product","3":"status-publish","4":"has-post-thumbnail","6":"product_cat-recambios-alfa-romeo-145","7":"product_cat-recambios-alfa-romeo-146","8":"product_cat-recambios-alfa-romeo-155","9":"product_cat-recambios-alfa-romeo-156","10":"product_cat-recambios-alfa-romeo","11":"product_cat-recambios-autobianchi","12":"product_cat-recambios-fiat-barchetta","13":"product_cat-recambios-fiat-brava","14":"product_cat-recambios-fiat-bravo","15":"product_cat-recambios-fiat-coupe","16":"product_cat-recambios-lancia-dedra","17":"product_cat-recambios-lancia-delta","18":"product_cat-recambios-fiat","19":"product_cat-recambios-lancia","20":"product_cat-recambios-lancia-lybra","21":"product_cat-recambios-fiat-marea","22":"product_cat-recambios-fiat-panda","23":"product_cat-recambios-fiat-punto","24":"product_cat-recambios-fiat-tempra","25":"product_cat-recambios-fiat-tipo","26":"product_cat-recambios-fiat-uno","27":"product_cat-recambios-autobianchi-y10","28":"product_cat-recambios-lancia-y10","30":"first","31":"outofstock","32":"taxable","33":"shipping-taxable","34":"purchasable","35":"product-type-simple"},"_links":{"self":[{"href":"https:\/\/galicianparts.com\/shop\/wp-json\/wp\/v2\/product\/92577"}],"collection":[{"href":"https:\/\/galicianparts.com\/shop\/wp-json\/wp\/v2\/product"}],"about":[{"href":"https:\/\/galicianparts.com\/shop\/wp-json\/wp\/v2\/types\/product"}],"wp:featuredmedia":[{"embeddable":true,"href":"https:\/\/galicianparts.com\/shop\/wp-json\/wp\/v2\/media\/92578"}],"wp:attachment":[{"href":"https:\/\/galicianparts.com\/shop\/wp-json\/wp\/v2\/media?parent=92577"}],"wp:term":[{"taxonomy":"product_cat","embeddable":true,"href":"https:\/\/galicianparts.com\/shop\/wp-json\/wp\/v2\/product_cat?post=92577"},{"taxonomy":"product_tag","embeddable":true,"href":"https:\/\/galicianparts.com\/shop\/wp-json\/wp\/v2\/product_tag?post=92577"}],"curies":[{"name":"wp","href":"https:\/\/api.w.org\/{rel}","templated":true}]}}