{"id":92585,"date":"2024-10-10T10:00:00","date_gmt":"2024-10-10T08:00:00","guid":{"rendered":"https:\/\/galicianparts.com\/shop\/producto\/46406169-valvula-admision-lancia-delta-integrale-hf-turbo-fiat-alfa-original\/"},"modified":"2025-05-02T11:56:46","modified_gmt":"2025-05-02T09:56:46","slug":"46406169-valvula-admision-lancia-delta-integrale-hf-turbo-fiat-alfa-original","status":"publish","type":"product","link":"https:\/\/galicianparts.com\/shop\/producto\/46406169-valvula-admision-lancia-delta-integrale-hf-turbo-fiat-alfa-original\/","title":{"rendered":"46406169 V\u00e1lvula admisi\u00f3n Lancia Delta Integrale \/HF Turbo \/Fiat \/Alfa ORIGINAL"},"content":{"rendered":"<p>V\u00e1lvula de admisi\u00f3n del motor de:<br \/>\nLargo: 106 mm<br \/>\nDi\u00e1metro v\u00e1stago: 8 mm<br \/>\nDi\u00e1metro plato: 43,5 mm<\/p>\n<p>FIAT &#8211; MZ CROMA CHT FL.90 (1990-1992)<br \/>\nFIAT &#8211; MY CROMA IE-IE TB. FL.90 (1990-1996) 2000 8V EM.04 IE WEBER \/ 2000 8V USA&#8217;83 (MOT.154C3) \/ 2000 8V TURBO EM.04 \/ 2000 8V TURBO USA&#8217;83 \/ 2000 8V USA&#8217;83 (MOT.834B) \/ 2000 8V EM.04 IE BOSCH (SA) \/ 2000 8V EM.04 IE BOSCH (CSI-DZ)<br \/>\nFIAT &#8211; MW TEMPRA 1750-2000 (1989-1993)<br \/>\nFIAT &#8211; NZ TEMPRA MAQ.93 1750-2000 (&#8217;93-&#8217;96)<br \/>\nFIAT &#8211; NG TIPO 1750-2000 (1990-1993)<br \/>\nFIAT &#8211; NU TIPO MQ.93 (1993-1995) 1750 105CV (77KW) \/ 2000 8V \/ 1750 USA&#8217;83 90CV (66KW) \/ 2000 8V (BRASIL) \/ 1750 CEE F2 97CV (71KW) \/ 1750 CEE F2 90CV (66KW)<br \/>\nALFA ROMEO &#8211; K2 164 TURBO BZ. (1987-1992) 2.0 4 CIL.<br \/>\nLANCIA &#8211; RY DEDRA BENZINA (1989-1994) 1800 \/ 1800 USA&#8217;83 105CV (77KW) \/ 2000 \/ 2000 USA&#8217;83 \/ 1800 CC.(USA 83) 90CV (66KW)<br \/>\nLANCIA &#8211; SL DEDRA FL.94 (1994-1999) 1750 MPI \/ 2000 MPI C. AUT.<br \/>\nLANCIA &#8211; RJ DEDRA IE.TB.INTEGRALE (1990-1994)<br \/>\nLANCIA &#8211; RT DELTA 4WD (1986-1991) 2000 8V USA 83<br \/>\nLANCIA &#8211; SA DELTA INTEGRALE (1991-1994) 2000 8V USA83<br \/>\nLANCIA &#8211; TB DELTA R.86 (1986-1992) 1600 MPI<br \/>\nLANCIA &#8211; TB DELTA R.86 HF TURBO (1986-1992) 1600 MPI TB \/ 1600 MPI TB USA 83<br \/>\nLANCIA &#8211; SZ THEMA R.88 (1988-1992) 2000 8V EM.04 \/ 2000 8V USA\/83 \/ 2000 TB 8V USA\/83<br \/>\nLANCIA &#8211; SE THEMA I.E. 8V FL.92 (1992-1994)<\/p>\n<p>LA PIEZA ES NUEVA Y ORIGINAL.<\/p>\n","protected":false},"excerpt":{"rendered":"<p>V\u00e1lvula de admisi\u00f3n del motor de: Largo: 106 mm Di\u00e1metro v\u00e1stago: 8 mm Di\u00e1metro plato: 43,5 mm FIAT &#8211; MZ CROMA CHT FL.90 (1990-1992) FIAT &#8211; MY CROMA IE-IE TB. FL.90 (1990-1996) 2000 8V EM.04 IE WEBER \/ 2000 8V USA&#8217;83 (MOT.154C3) \/ 2000 8V TURBO EM.04 \/ 2000 8V TURBO USA&#8217;83 \/ 2000 8V [&hellip;]<\/p>\n","protected":false},"featured_media":92586,"template":"","meta":{"_seopress_robots_primary_cat":"","_seopress_titles_title":"","_seopress_titles_desc":"","_seopress_robots_index":""},"product_cat":[54,16,86,117,118,20,21,111,124,112],"product_tag":[],"class_list":{"0":"post-92585","1":"product","2":"type-product","3":"status-publish","4":"has-post-thumbnail","6":"product_cat-recambios-alfa-romeo-164","7":"product_cat-recambios-alfa-romeo","8":"product_cat-recambios-fiat-croma","9":"product_cat-recambios-lancia-dedra","10":"product_cat-recambios-lancia-delta","11":"product_cat-recambios-fiat","12":"product_cat-recambios-lancia","13":"product_cat-recambios-fiat-tempra","14":"product_cat-recambios-lancia-thema","15":"product_cat-recambios-fiat-tipo","17":"first","18":"instock","19":"taxable","20":"shipping-taxable","21":"purchasable","22":"product-type-simple"},"_links":{"self":[{"href":"https:\/\/galicianparts.com\/shop\/wp-json\/wp\/v2\/product\/92585"}],"collection":[{"href":"https:\/\/galicianparts.com\/shop\/wp-json\/wp\/v2\/product"}],"about":[{"href":"https:\/\/galicianparts.com\/shop\/wp-json\/wp\/v2\/types\/product"}],"wp:featuredmedia":[{"embeddable":true,"href":"https:\/\/galicianparts.com\/shop\/wp-json\/wp\/v2\/media\/92586"}],"wp:attachment":[{"href":"https:\/\/galicianparts.com\/shop\/wp-json\/wp\/v2\/media?parent=92585"}],"wp:term":[{"taxonomy":"product_cat","embeddable":true,"href":"https:\/\/galicianparts.com\/shop\/wp-json\/wp\/v2\/product_cat?post=92585"},{"taxonomy":"product_tag","embeddable":true,"href":"https:\/\/galicianparts.com\/shop\/wp-json\/wp\/v2\/product_tag?post=92585"}],"curies":[{"name":"wp","href":"https:\/\/api.w.org\/{rel}","templated":true}]}}