{"id":92598,"date":"2024-10-10T10:35:40","date_gmt":"2024-10-10T08:35:40","guid":{"rendered":"https:\/\/galicianparts.com\/shop\/producto\/5940903-ventilador-calefaccion-fiat-duna-penny-cityvan-1986-1990-original\/"},"modified":"2025-08-22T10:31:50","modified_gmt":"2025-08-22T08:31:50","slug":"5940903-ventilador-calefaccion-fiat-duna-penny-cityvan-1986-1990-original","status":"publish","type":"product","link":"https:\/\/galicianparts.com\/shop\/producto\/5940903-ventilador-calefaccion-fiat-duna-penny-cityvan-1986-1990-original\/","title":{"rendered":"5940903 Ventilador calefacci\u00f3n Fiat Duna Penny \/Cityvan (1986-1990) ORIGINAL"},"content":{"rendered":"<p>Ventilador el\u00e9ctrico de la calefacci\u00f3n de:<br \/>\nDi\u00e1metro ventilador: 185mm<br \/>\nDi\u00e1metro motor: 61mm<br \/>\nLargo: 100mm<\/p>\n<p>FIAT &#8211; 2B DUNA BENZINA\/DIESEL (1986-1990) PENNY\/CITYVAN<\/p>\n<p>LA PIEZA ES NUEVA Y ORIGINAL.<\/p>\n","protected":false},"excerpt":{"rendered":"<p>Ventilador el\u00e9ctrico de la calefacci\u00f3n de: Di\u00e1metro ventilador: 185mm Di\u00e1metro motor: 61mm Largo: 100mm FIAT &#8211; 2B DUNA BENZINA\/DIESEL (1986-1990) PENNY\/CITYVAN LA PIEZA ES NUEVA Y ORIGINAL.<\/p>\n","protected":false},"featured_media":92604,"template":"","meta":{"_seopress_robots_primary_cat":"","_seopress_titles_title":"","_seopress_titles_desc":"","_seopress_robots_index":""},"product_cat":[89,20],"product_tag":[],"class_list":{"0":"post-92598","1":"product","2":"type-product","3":"status-publish","4":"has-post-thumbnail","6":"product_cat-recambios-fiat-duna","7":"product_cat-recambios-fiat","9":"first","10":"instock","11":"taxable","12":"shipping-taxable","13":"purchasable","14":"product-type-simple"},"_links":{"self":[{"href":"https:\/\/galicianparts.com\/shop\/wp-json\/wp\/v2\/product\/92598"}],"collection":[{"href":"https:\/\/galicianparts.com\/shop\/wp-json\/wp\/v2\/product"}],"about":[{"href":"https:\/\/galicianparts.com\/shop\/wp-json\/wp\/v2\/types\/product"}],"wp:featuredmedia":[{"embeddable":true,"href":"https:\/\/galicianparts.com\/shop\/wp-json\/wp\/v2\/media\/92604"}],"wp:attachment":[{"href":"https:\/\/galicianparts.com\/shop\/wp-json\/wp\/v2\/media?parent=92598"}],"wp:term":[{"taxonomy":"product_cat","embeddable":true,"href":"https:\/\/galicianparts.com\/shop\/wp-json\/wp\/v2\/product_cat?post=92598"},{"taxonomy":"product_tag","embeddable":true,"href":"https:\/\/galicianparts.com\/shop\/wp-json\/wp\/v2\/product_tag?post=92598"}],"curies":[{"name":"wp","href":"https:\/\/api.w.org\/{rel}","templated":true}]}}