{"id":92616,"date":"2024-10-10T11:47:52","date_gmt":"2024-10-10T09:47:52","guid":{"rendered":"https:\/\/galicianparts.com\/shop\/producto\/176780670-boton-marron-elevalunas-puerta-der-fiat-croma-1990-1996-original\/"},"modified":"2024-10-10T11:49:50","modified_gmt":"2024-10-10T09:49:50","slug":"176780670-boton-marron-elevalunas-puerta-der-fiat-croma-1990-1996-original","status":"publish","type":"product","link":"https:\/\/galicianparts.com\/shop\/producto\/176780670-boton-marron-elevalunas-puerta-der-fiat-croma-1990-1996-original\/","title":{"rendered":"176780670 Bot\u00f3n marr\u00f3n elevalunas puerta der. Fiat Croma (1990-1996) ORIGINAL"},"content":{"rendered":"<p>Interruptor de color marr\u00f3n del alzacristales delantero derecho de:<br \/>\nFIAT &#8211; MZ CROMA CHT FL.90 (1990-1992)<br \/>\nFIAT &#8211; MY CROMA IE-IE TB. FL.90 (1990-1996)<br \/>\nFIAT &#8211; MJ CROMA TURBO DS FL.90 (1990-1996)<\/p>\n<p>LA PIEZA ES NUEVA Y ORIGINAL.<\/p>\n","protected":false},"excerpt":{"rendered":"<p>Interruptor de color marr\u00f3n del alzacristales delantero derecho de: FIAT &#8211; MZ CROMA CHT FL.90 (1990-1992) FIAT &#8211; MY CROMA IE-IE TB. FL.90 (1990-1996) FIAT &#8211; MJ CROMA TURBO DS FL.90 (1990-1996) LA PIEZA ES NUEVA Y ORIGINAL.<\/p>\n","protected":false},"featured_media":92617,"template":"","meta":{"_seopress_robots_primary_cat":"","_seopress_titles_title":"","_seopress_titles_desc":"","_seopress_robots_index":""},"product_cat":[86,20],"product_tag":[],"class_list":{"0":"post-92616","1":"product","2":"type-product","3":"status-publish","4":"has-post-thumbnail","6":"product_cat-recambios-fiat-croma","7":"product_cat-recambios-fiat","9":"first","10":"instock","11":"taxable","12":"shipping-taxable","13":"purchasable","14":"product-type-simple"},"_links":{"self":[{"href":"https:\/\/galicianparts.com\/shop\/wp-json\/wp\/v2\/product\/92616"}],"collection":[{"href":"https:\/\/galicianparts.com\/shop\/wp-json\/wp\/v2\/product"}],"about":[{"href":"https:\/\/galicianparts.com\/shop\/wp-json\/wp\/v2\/types\/product"}],"wp:featuredmedia":[{"embeddable":true,"href":"https:\/\/galicianparts.com\/shop\/wp-json\/wp\/v2\/media\/92617"}],"wp:attachment":[{"href":"https:\/\/galicianparts.com\/shop\/wp-json\/wp\/v2\/media?parent=92616"}],"wp:term":[{"taxonomy":"product_cat","embeddable":true,"href":"https:\/\/galicianparts.com\/shop\/wp-json\/wp\/v2\/product_cat?post=92616"},{"taxonomy":"product_tag","embeddable":true,"href":"https:\/\/galicianparts.com\/shop\/wp-json\/wp\/v2\/product_tag?post=92616"}],"curies":[{"name":"wp","href":"https:\/\/api.w.org\/{rel}","templated":true}]}}