{"id":92639,"date":"2024-10-10T13:23:07","date_gmt":"2024-10-10T11:23:07","guid":{"rendered":"https:\/\/galicianparts.com\/shop\/producto\/4435024-amortiguador-aceite-delantero-fiat-argenta-132-125-seat-132-original\/"},"modified":"2025-02-07T12:29:29","modified_gmt":"2025-02-07T10:29:29","slug":"4435024-amortiguador-aceite-delantero-fiat-argenta-132-125-seat-132-original","status":"publish","type":"product","link":"https:\/\/galicianparts.com\/shop\/producto\/4435024-amortiguador-aceite-delantero-fiat-argenta-132-125-seat-132-original\/","title":{"rendered":"4435024 Amortiguador aceite delantero Fiat Argenta \/132 \/125 \/Seat 132 ORIGINAL"},"content":{"rendered":"<p>Amortiguador de presi\u00f3n de aceite de la suspensi\u00f3n delantera de:<br \/>\nFIAT Argenta (132)<br \/>\n1.6, A\u00f1o 04.1981 &#8211; 12.1985, 1585 ccm, 98 cv<br \/>\n1.6 i.e, A\u00f1o 04.1981 &#8211; 12.1985, 1585 ccm, 90 cv<br \/>\n2, A\u00f1o 06.1978 &#8211; 12.1985, 1995 ccm, 113 cv<br \/>\n2.0 i.e., A\u00f1o 06.1981 &#8211; 07.1986, 1995 ccm, 122 cv<br \/>\n2.0 Volumex, A\u00f1o 06.1984 &#8211; 07.1985, 1995 ccm, 135 cv<br \/>\n2.5 Di\u00e9sel, A\u00f1o 06.1981 &#8211; 11.1985, 2445 ccm, 72 cv<br \/>\nFIAT 125 Berlina (125)<br \/>\n1.6, A\u00f1o 07.1967 &#8211; 03.1974, 1608 ccm, 90 cv<br \/>\n1.6 (TA), A\u00f1o 10.1968 &#8211; 10.1973, 1608 ccm, 100 cv<br \/>\nFIAT 132 (132_)<br \/>\n1.6, A\u00f1o 05.1977 &#8211; 09.1982, 1585 ccm, 88 cv<br \/>\n1.6, A\u00f1o 03.1977 &#8211; 12.1981, 1585 ccm, 90 cv<br \/>\n1.6, A\u00f1o 01.1976 &#8211; 12.1982, 1585 ccm, 98 cv<br \/>\n1.6, A\u00f1o 04.1972 &#8211; 01.1976, 1592 ccm, 98 cv<br \/>\n1.7 GLS, A\u00f1o 04.1974 &#8211; 12.1975, 1756 ccm, 107 cv<br \/>\n1.7 GLS, A\u00f1o 11.1975 &#8211; 01.1977, 1756 ccm, 112 cv<br \/>\n2.0, A\u00f1o 01.1976 &#8211; 06.1981, 1995 ccm, 113 cv<br \/>\n2.0 i.e., A\u00f1o 01.1980 &#8211; 12.1982, 1995 ccm, 122 cv<br \/>\n2.5 D, A\u00f1o 07.1978 &#8211; 07.1982, 2445 ccm, 72 cv<\/p>\n<p>SEAT 132 Sed\u00e1n (132A)<br \/>\n1.6, A\u00f1o 05.1973 &#8211; 12.1980, 1592 ccm, 98 cv<br \/>\n1.8, A\u00f1o 05.1973 &#8211; 12.1980, 1756 ccm, 105 cv<br \/>\n2.2 D, A\u00f1o 05.1979 &#8211; 12.1982, 2197 ccm, 60 cv<\/p>\n<p>LA PIEZA ES NUEVA Y ORIGINAL.<\/p>\n","protected":false},"excerpt":{"rendered":"<p>Amortiguador de presi\u00f3n de aceite de la suspensi\u00f3n delantera de: FIAT Argenta (132) 1.6, A\u00f1o 04.1981 &#8211; 12.1985, 1585 ccm, 98 cv 1.6 i.e, A\u00f1o 04.1981 &#8211; 12.1985, 1585 ccm, 90 cv 2, A\u00f1o 06.1978 &#8211; 12.1985, 1995 ccm, 113 cv 2.0 i.e., A\u00f1o 06.1981 &#8211; 07.1986, 1995 ccm, 122 cv 2.0 Volumex, A\u00f1o 06.1984 [&hellip;]<\/p>\n","protected":false},"featured_media":92643,"template":"","meta":{"_seopress_robots_primary_cat":"","_seopress_titles_title":"","_seopress_titles_desc":"","_seopress_robots_index":""},"product_cat":[66,232,71,79,20,26],"product_tag":[],"class_list":{"0":"post-92639","1":"product","2":"type-product","3":"status-publish","4":"has-post-thumbnail","6":"product_cat-recambios-fiat-125","7":"product_cat-recambios-seat-132","8":"product_cat-recambios-fiat-132","9":"product_cat-recambios-fiat-argenta","10":"product_cat-recambios-fiat","11":"product_cat-recambios-seat","13":"first","14":"instock","15":"taxable","16":"shipping-taxable","17":"purchasable","18":"product-type-simple"},"_links":{"self":[{"href":"https:\/\/galicianparts.com\/shop\/wp-json\/wp\/v2\/product\/92639"}],"collection":[{"href":"https:\/\/galicianparts.com\/shop\/wp-json\/wp\/v2\/product"}],"about":[{"href":"https:\/\/galicianparts.com\/shop\/wp-json\/wp\/v2\/types\/product"}],"wp:featuredmedia":[{"embeddable":true,"href":"https:\/\/galicianparts.com\/shop\/wp-json\/wp\/v2\/media\/92643"}],"wp:attachment":[{"href":"https:\/\/galicianparts.com\/shop\/wp-json\/wp\/v2\/media?parent=92639"}],"wp:term":[{"taxonomy":"product_cat","embeddable":true,"href":"https:\/\/galicianparts.com\/shop\/wp-json\/wp\/v2\/product_cat?post=92639"},{"taxonomy":"product_tag","embeddable":true,"href":"https:\/\/galicianparts.com\/shop\/wp-json\/wp\/v2\/product_tag?post=92639"}],"curies":[{"name":"wp","href":"https:\/\/api.w.org\/{rel}","templated":true}]}}