{"id":92661,"date":"2024-10-11T09:42:05","date_gmt":"2024-10-11T07:42:05","guid":{"rendered":"https:\/\/galicianparts.com\/shop\/producto\/7563852-latiguillo-pinza-freno-fiat-uno-turbo-barchetta-grande-punto-lancia-y10-original-2\/"},"modified":"2024-10-11T10:49:08","modified_gmt":"2024-10-11T08:49:08","slug":"7563852-latiguillo-pinza-freno-fiat-uno-turbo-barchetta-grande-punto-lancia-y10-original-2","status":"publish","type":"product","link":"https:\/\/galicianparts.com\/shop\/producto\/7563852-latiguillo-pinza-freno-fiat-uno-turbo-barchetta-grande-punto-lancia-y10-original-2\/","title":{"rendered":"7563852 Latiguillo freno Fiat Uno Turbo \/Barchetta \/Punto GT \/Lancia Y10 ORIGINAL"},"content":{"rendered":"<p>Tubo de freno trasero de:<br \/>\nM\u00e9trica macho: 10&#215;1<br \/>\nM\u00e9trica hembra: 10&#215;1<br \/>\nLargo: 220 mm<\/p>\n<p>FIAT Punto I (176)<br \/>\n1.2 16V, A\u00f1o 04.1997 &#8211; 09.1999, 1242 ccm, 86 cv<br \/>\n1.4 GT Turbo (176AD_), A\u00f1o 10.1993 &#8211; 03.1997, 1372 ccm, 133 cv<br \/>\n1.4 GT Turbo (176AS_), A\u00f1o 09.1996 &#8211; 07.1999, 1372 ccm, 131 cv<br \/>\n1.6, A\u00f1o 01.1994 &#8211; 04.1997, 1581 ccm, 88 cv<br \/>\n1.7 D, A\u00f1o 04.1994 &#8211; 09.1997, 1698 ccm, 57 cv<br \/>\n1.7 TD, A\u00f1o 01.1994 &#8211; 09.1999, 1698 ccm, 69 cv<br \/>\n1.7 TD, A\u00f1o 01.1994 &#8211; 09.1999, 1698 ccm, 71 cv<br \/>\n1.7 TD (176AT), A\u00f1o 09.1996 &#8211; 09.1999, 1698 ccm, 63 cv<br \/>\n1.1 55, A\u00f1o 09.1993 &#8211; 09.1999, 1108 ccm, 54 cv<br \/>\n1.2 60, A\u00f1o 01.1994 &#8211; 09.1999, 1242 ccm, 58 cv<br \/>\n60 1.2 (176AP, 176AR, 176AQ, 176BB), A\u00f1o 09.1993 &#8211; 09.1999, 1242 ccm, 60 cv<br \/>\n1.2 75, A\u00f1o 10.1993 &#8211; 09.1999, 1242 ccm, 73 cv<br \/>\nFIAT Uno Hatchback (146)<br \/>\n1.0 (146E), A\u00f1o 05.1993 &#8211; 08.2000, 994 ccm, 56 cv<br \/>\n1.3 Super di\u00e9sel, A\u00f1o 06.1983 &#8211; 03.1992, 1302 ccm, 45 cv<br \/>\n1.3 Turbo i.e., A\u00f1o 01.1987 &#8211; 12.1987, 1301 ccm, 99 cv<br \/>\n1.3 Turbo i.e., A\u00f1o 09.1989 &#8211; 03.1991, 1301 ccm, 101 cv<br \/>\n1.3 Turbo i.e., A\u00f1o 04.1985 &#8211; 08.1989, 1301 ccm, 105 cv<br \/>\n1.4 Turbo i.e., A\u00f1o 09.1989 &#8211; 09.1993, 1372 ccm, 112 cv<br \/>\n1.4 Turbo i.e., A\u00f1o 12.1989 &#8211; 12.1996, 1372 ccm, 118 cv<br \/>\n1.9 D, A\u00f1o 09.1989 &#8211; 03.1994, 1929 ccm, 60 cv<br \/>\n45 0.9, A\u00f1o 03.1983 &#8211; 09.1992, 903 ccm, 45 cv<br \/>\n1.0 45, A\u00f1o 06.1986 &#8211; 12.1993, 999 ccm, 44 cv<br \/>\n45 i.e. 1.0 (146E, 146A), A\u00f1o 10.1984 &#8211; 10.1995, 999 ccm, 45 cv<br \/>\n1.1 50, A\u00f1o 01.1986 &#8211; 12.1989, 1116 ccm, 50 cv<br \/>\n1.1 50, A\u00f1o 01.1990 &#8211; 12.1993, 1108 ccm, 50 cv<br \/>\n1.1 i.e. 50, A\u00f1o 06.1992 &#8211; 12.1993, 1116 ccm, 49 cv<br \/>\n1.1 55, A\u00f1o 01.1983 &#8211; 08.1989, 1116 ccm, 54 cv<br \/>\n1.1 60, A\u00f1o 04.1989 &#8211; 12.1992, 1108 ccm, 57 cv<br \/>\n1.1 60, A\u00f1o 05.1985 &#8211; 08.1989, 1116 ccm, 58 cv<br \/>\n1.7 Di\u00e9sel 60, A\u00f1o 07.1986 &#8211; 08.1989, 1698 ccm, 60 cv<br \/>\n60 Diesel 1.7 (146E), A\u00f1o 09.1989 &#8211; 12.1993, 1698 ccm, 57 cv<br \/>\n1.3 70, A\u00f1o 05.1985 &#8211; 08.1989, 1302 ccm, 65 cv<br \/>\n1.3 70, A\u00f1o 01.1983 &#8211; 04.1985, 1302 ccm, 68 cv<br \/>\n1.4 i.e. 70, A\u00f1o 09.1989 &#8211; 07.1996, 1372 ccm, 70 cv<br \/>\n1.4 i.e. 70, A\u00f1o 09.1989 &#8211; 12.1993, 1372 ccm, 72 cv<br \/>\n1.4 TD 70, A\u00f1o 10.1986 &#8211; 10.1990, 1367 ccm, 71 cv<br \/>\n75 i.e. 1.5, A\u00f1o 10.1985 &#8211; 12.1993, 1498 ccm, 75 cv<br \/>\nFIAT Barchetta (183)<br \/>\n1.8 16V, A\u00f1o 04.1995 &#8211; 05.2005, 1747 ccm, 130 cv<br \/>\nFIAT Multipla (186)<br \/>\n1.6 (186AXC1A, 186BMC1A, 186BXC1A), A\u00f1o 09.2000 &#8211; 06.2010, 1596 ccm, 103 cv<br \/>\n1.6 100 16V, A\u00f1o 04.1999 &#8211; 06.2010, 1581 ccm, 103 cv<br \/>\n1.6 16V Bipower, A\u00f1o 04.1999 &#8211; 06.2010, 1581 ccm, 103 cv<br \/>\n1.6 16V Bipower, A\u00f1o 10.2001 &#8211; 06.2010, 1596 ccm, 103 cv<br \/>\n1.6 16V Blupower, A\u00f1o 04.1999 &#8211; 06.2010, 1581 ccm, 95 cv<br \/>\n1.9 JTD, A\u00f1o 04.2002 &#8211; 06.2010, 1910 ccm, 120 cv<br \/>\n1.9 JTD 105 (186AXB1A), A\u00f1o 04.1999 &#8211; 06.2010, 1910 ccm, 105 cv<br \/>\n1.9 JTD 110, A\u00f1o 03.2001 &#8211; 07.2002, 1910 ccm, 110 cv<br \/>\n1.9 JTD 115, A\u00f1o 07.2002 &#8211; 06.2010, 1910 ccm, 115 cv<br \/>\nFIAT Grande Punto Hatchback (199)<br \/>\n1.2, A\u00f1o 10.2005 &#8211; &#8230;, 1242 ccm, 65 cv<br \/>\nFIAT Uno Furg\u00f3n (146)<br \/>\n0.9 45, A\u00f1o 02.1988 &#8211; 07.1996, 903 ccm, 45 cv<\/p>\n<p>LANCIA Y10 (156)<br \/>\n1.1 Fire (156AG), A\u00f1o 01.1995 &#8211; 12.1995, 1108 ccm, 54 cv<br \/>\n1.1 Fire A las 4 ruedas (156AG), A\u00f1o 01.1995 &#8211; 12.1995, 1108 ccm, 54 cv<br \/>\nLANCIA Y (840)<br \/>\n1.1, A\u00f1o 11.1995 &#8211; 09.2003, 1108 ccm, 54 cv<br \/>\n1.2, A\u00f1o 03.1996 &#8211; 09.2003, 1242 ccm, 60 cv<br \/>\n1.2 16V, A\u00f1o 04.1997 &#8211; 09.2003, 1242 ccm, 86 cv<br \/>\n1.2 16V, A\u00f1o 10.2000 &#8211; 09.2003, 1242 ccm, 80 cv<br \/>\n1.4 12V, A\u00f1o 10.1996 &#8211; 09.2003, 1370 ccm, 80 cv<br \/>\n1.4 12V, A\u00f1o 03.1996 &#8211; 09.2003, 1370 ccm, 75 cv<\/p>\n<p>LA PIEZA ES NUEVA Y ORIGINAL.<\/p>\n","protected":false},"excerpt":{"rendered":"<p>Tubo de freno trasero de: M\u00e9trica macho: 10&#215;1 M\u00e9trica hembra: 10&#215;1 Largo: 220 mm FIAT Punto I (176) 1.2 16V, A\u00f1o 04.1997 &#8211; 09.1999, 1242 ccm, 86 cv 1.4 GT Turbo (176AD_), A\u00f1o 10.1993 &#8211; 03.1997, 1372 ccm, 133 cv 1.4 GT Turbo (176AS_), A\u00f1o 09.1996 &#8211; 07.1999, 1372 ccm, 131 cv 1.6, A\u00f1o 01.1994 [&hellip;]<\/p>\n","protected":false},"featured_media":92664,"template":"","meta":{"_seopress_robots_primary_cat":"","_seopress_titles_title":"","_seopress_titles_desc":"","_seopress_robots_index":""},"product_cat":[80,20,92,21,96,101,114,126,127],"product_tag":[],"class_list":{"0":"post-92661","1":"product","2":"type-product","3":"status-publish","4":"has-post-thumbnail","6":"product_cat-recambios-fiat-barchetta","7":"product_cat-recambios-fiat","8":"product_cat-recambios-fiat-grande-punto","9":"product_cat-recambios-lancia","10":"product_cat-recambios-fiat-multipla","11":"product_cat-recambios-fiat-punto","12":"product_cat-recambios-fiat-uno","13":"product_cat-recambios-lancia-y10","14":"product_cat-recambios-lancia-ypsilon","16":"first","17":"instock","18":"taxable","19":"shipping-taxable","20":"purchasable","21":"product-type-simple"},"_links":{"self":[{"href":"https:\/\/galicianparts.com\/shop\/wp-json\/wp\/v2\/product\/92661"}],"collection":[{"href":"https:\/\/galicianparts.com\/shop\/wp-json\/wp\/v2\/product"}],"about":[{"href":"https:\/\/galicianparts.com\/shop\/wp-json\/wp\/v2\/types\/product"}],"wp:featuredmedia":[{"embeddable":true,"href":"https:\/\/galicianparts.com\/shop\/wp-json\/wp\/v2\/media\/92664"}],"wp:attachment":[{"href":"https:\/\/galicianparts.com\/shop\/wp-json\/wp\/v2\/media?parent=92661"}],"wp:term":[{"taxonomy":"product_cat","embeddable":true,"href":"https:\/\/galicianparts.com\/shop\/wp-json\/wp\/v2\/product_cat?post=92661"},{"taxonomy":"product_tag","embeddable":true,"href":"https:\/\/galicianparts.com\/shop\/wp-json\/wp\/v2\/product_tag?post=92661"}],"curies":[{"name":"wp","href":"https:\/\/api.w.org\/{rel}","templated":true}]}}