{"id":92685,"date":"2024-10-11T11:28:59","date_gmt":"2024-10-11T09:28:59","guid":{"rendered":"https:\/\/galicianparts.com\/shop\/producto\/7576722-buje-rueda-trasera-fiat-ducato-90-94-citroen-c25-peugeot-j5-original\/"},"modified":"2025-01-15T13:17:11","modified_gmt":"2025-01-15T11:17:11","slug":"7576722-buje-rueda-trasera-fiat-ducato-90-94-citroen-c25-peugeot-j5-original","status":"publish","type":"product","link":"https:\/\/galicianparts.com\/shop\/producto\/7576722-buje-rueda-trasera-fiat-ducato-90-94-citroen-c25-peugeot-j5-original\/","title":{"rendered":"7576722 Buje rueda trasera Fiat Ducato (90-94) Citro\u00ebn C25 \/Peugeot J5 ORIGINAL"},"content":{"rendered":"<p>Buje de las ruedas posteriores de:<br \/>\nLargo: 99 mm<br \/>\nDi\u00e1metro: 144 mm<br \/>\nDi\u00e1metro interior: 68 mm<br \/>\nDi\u00e1metro buje de rueda: 72 mm<\/p>\n<p>FIAT PROFESSIONAL &#8211; NB NUOVO DUCATO BZ R.90 (1990-1994) CON CAPACIDAD 10Q \/ CON CAPACIDAD 14Q<br \/>\nFIAT PROFESSIONAL &#8211; NA NUOVO DUCATO DS.R.90 (1990-1994) CON CAPACIDAD 10Q \/ CON CAPACIDAD 14Q<br \/>\nFIAT PROFESSIONAL &#8211; NC TALENTO R.90 (1990-1994)<br \/>\nCITROEN &#8211; C25 (1990-1994)<br \/>\nPEUGEOT &#8211; J5 (1990-1994)<\/p>\n<p>LA PIEZA ES NUEVA Y ORIGINAL.<\/p>\n","protected":false},"excerpt":{"rendered":"<p>Buje de las ruedas posteriores de: Largo: 99 mm Di\u00e1metro: 144 mm Di\u00e1metro interior: 68 mm Di\u00e1metro buje de rueda: 72 mm FIAT PROFESSIONAL &#8211; NB NUOVO DUCATO BZ R.90 (1990-1994) CON CAPACIDAD 10Q \/ CON CAPACIDAD 14Q FIAT PROFESSIONAL &#8211; NA NUOVO DUCATO DS.R.90 (1990-1994) CON CAPACIDAD 10Q \/ CON CAPACIDAD 14Q FIAT PROFESSIONAL [&hellip;]<\/p>\n","protected":false},"featured_media":92690,"template":"","meta":{"_seopress_robots_primary_cat":"","_seopress_titles_title":"","_seopress_titles_desc":"","_seopress_robots_index":""},"product_cat":[132,23,88,20,157,24,110],"product_tag":[],"class_list":{"0":"post-92685","1":"product","2":"type-product","3":"status-publish","4":"has-post-thumbnail","6":"product_cat-recambios-citroen-c25","7":"product_cat-recambios-citroen","8":"product_cat-recambios-fiat-ducato","9":"product_cat-recambios-fiat","10":"product_cat-recambios-peugeot-j5","11":"product_cat-recambios-peugeot","12":"product_cat-recambios-fiat-talento","14":"first","15":"outofstock","16":"taxable","17":"shipping-taxable","18":"purchasable","19":"product-type-simple"},"_links":{"self":[{"href":"https:\/\/galicianparts.com\/shop\/wp-json\/wp\/v2\/product\/92685"}],"collection":[{"href":"https:\/\/galicianparts.com\/shop\/wp-json\/wp\/v2\/product"}],"about":[{"href":"https:\/\/galicianparts.com\/shop\/wp-json\/wp\/v2\/types\/product"}],"wp:featuredmedia":[{"embeddable":true,"href":"https:\/\/galicianparts.com\/shop\/wp-json\/wp\/v2\/media\/92690"}],"wp:attachment":[{"href":"https:\/\/galicianparts.com\/shop\/wp-json\/wp\/v2\/media?parent=92685"}],"wp:term":[{"taxonomy":"product_cat","embeddable":true,"href":"https:\/\/galicianparts.com\/shop\/wp-json\/wp\/v2\/product_cat?post=92685"},{"taxonomy":"product_tag","embeddable":true,"href":"https:\/\/galicianparts.com\/shop\/wp-json\/wp\/v2\/product_tag?post=92685"}],"curies":[{"name":"wp","href":"https:\/\/api.w.org\/{rel}","templated":true}]}}