{"id":92716,"date":"2024-10-11T12:55:21","date_gmt":"2024-10-11T10:55:21","guid":{"rendered":"https:\/\/galicianparts.com\/shop\/producto\/82429294-filtro-gasolina-fiat-lancia-alfa-romeo-seat-citroen-peugeot-original\/"},"modified":"2025-11-24T20:59:56","modified_gmt":"2025-11-24T18:59:56","slug":"82429294-filtro-gasolina-fiat-lancia-alfa-romeo-seat-citroen-peugeot-original","status":"publish","type":"product","link":"https:\/\/galicianparts.com\/shop\/producto\/82429294-filtro-gasolina-fiat-lancia-alfa-romeo-seat-citroen-peugeot-original\/","title":{"rendered":"82429294 Filtro gasolina Fiat \/Lancia \/Alfa Romeo \/Seat \/Citro\u00ebn \/Peugeot ORIGINAL"},"content":{"rendered":"<p>Filtro de combustible de:<br \/>\nLargo: 107 mm<br \/>\nDi\u00e1metro: 44 mm<br \/>\nDi\u00e1metro entrada: 6 mm<br \/>\nDi\u00e1metro salida: 6 mm<\/p>\n<p>FIAT Cinquecento (170)<br \/>\n0.7, A\u00f1o 12.1991 &#8211; 01.1996, 704 ccm, 31 cv<br \/>\nFIAT Regata (138)<br \/>\n1.5 85, A\u00f1o 05.1985 &#8211; 12.1987, 1498 ccm, 79 cv<br \/>\n1.5 Super 85, A\u00f1o 09.1983 &#8211; 04.1985, 1498 ccm, 82 cv<br \/>\nFIAT 850 Coup\u00e9 (100)<br \/>\n0.9 Sport, A\u00f1o 02.1968 &#8211; 10.1972, 903 ccm, 52 cv<br \/>\nFIAT Ritmo I Hatchback (138)<br \/>\n1.6, A\u00f1o 01.1983 &#8211; 12.1987, 1585 ccm, 100 cv<br \/>\n1.6, A\u00f1o 05.1981 &#8211; 12.1987, 1585 ccm, 105 cv<br \/>\nFIAT 124 Sport Spider (124)<br \/>\n1500 Sport (BS), A\u00f1o 01.1966 &#8211; 12.1972, 1438 ccm, 90 cv<br \/>\n1600 Sport (BS), A\u00f1o 11.1969 &#8211; 08.1973, 1608 ccm, 112 cv<br \/>\n1600 Sport (BS1), A\u00f1o 11.1969 &#8211; 08.1973, 1608 ccm, 100 cv<br \/>\n1600 Sport (BS1), A\u00f1o 01.1969 &#8211; 12.1974, 1608 ccm, 110 cv<br \/>\n1800 Rally Abarth (CSA), A\u00f1o 09.1972 &#8211; 07.1975, 1756 ccm, 128 cv<br \/>\nFIAT 126 (126)<br \/>\n0.7, A\u00f1o 09.1987 &#8211; 06.1996, 704 ccm, 26 cv<br \/>\nFIAT 127 Hatchback (127)<br \/>\n0.9, A\u00f1o 06.1971 &#8211; 05.1983, 903 ccm, 40 cv<br \/>\n0.9 (127A), A\u00f1o 09.1971 &#8211; 12.1984, 903 ccm, 45 cv<br \/>\n1.0, A\u00f1o 04.1977 &#8211; 12.1986, 1049 ccm, 50 cv<br \/>\n1.0 Sport, A\u00f1o 07.1978 &#8211; 02.1982, 1049 ccm, 70 cv<br \/>\n1.3 Sport, A\u00f1o 12.1981 &#8211; 05.1983, 1301 ccm, 75 cv<br \/>\nFIAT 131 Berlina (131)<br \/>\n1.3 Mirafiori, A\u00f1o 10.1974 &#8211; 09.1981, 1297 ccm, 54 cv<br \/>\n1.3 Super Mirafiori, A\u00f1o 03.1978 &#8211; 12.1980, 1297 ccm, 78 cv<br \/>\n1.4 Mirafiori, A\u00f1o 11.1980 &#8211; 01.1984, 1367 ccm, 70 cv<br \/>\n1.4 Super Mirafiori, A\u00f1o 04.1981 &#8211; 12.1983, 1367 ccm, 75 cv<br \/>\n1.6, A\u00f1o 11.1976 &#8211; 12.1984, 1585 ccm, 85 cv<br \/>\n1.6 (131A1), A\u00f1o 10.1974 &#8211; 09.1981, 1585 ccm, 75 cv<br \/>\n1.6 Super, A\u00f1o 03.1978 &#8211; 01.1984, 1585 ccm, 97 cv<br \/>\n1.6 Super Mirafiori, A\u00f1o 03.1979 &#8211; 03.1982, 1585 ccm, 98 cv<br \/>\n2.0 Abarth Rally, A\u00f1o 01.1976 &#8211; 07.1980, 1995 ccm, 140 cv<br \/>\n2.0 Racing, A\u00f1o 06.1978 &#8211; 12.1981, 1995 ccm, 115 cv<br \/>\n2.0 Super, A\u00f1o 01.1981 &#8211; 12.1984, 1995 ccm, 113 cv<br \/>\nFIAT 131 Familiare \/ Panorama (131)<br \/>\n1.3 Mirafiori (131AF), A\u00f1o 03.1975 &#8211; 12.1978, 1297 ccm, 54 cv<br \/>\n1.3 Mirafiori, A\u00f1o 03.1975 &#8211; 03.1982, 1297 ccm, 65 cv<br \/>\n1.4 Mirafiori, A\u00f1o 11.1981 &#8211; 01.1984, 1367 ccm, 70 cv<br \/>\n1.6, A\u00f1o 11.1980 &#8211; 12.1984, 1585 ccm, 85 cv<br \/>\n1.6 CL, A\u00f1o 03.1975 &#8211; 12.1978, 1585 ccm, 75 cv<br \/>\n1.6 Super, A\u00f1o 12.1979 &#8211; 12.1981, 1585 ccm, 97 cv<br \/>\nFIAT Croma I Hatchback (154)<br \/>\n1.6, A\u00f1o 12.1985 &#8211; 12.1990, 1585 ccm, 83 cv<br \/>\n2.0 CHT, A\u00f1o 12.1985 &#8211; 02.1989, 1995 ccm, 90 cv<br \/>\nFIAT Argenta (132)<br \/>\n1.6, A\u00f1o 04.1981 &#8211; 12.1985, 1585 ccm, 98 cv<br \/>\n1.6 i.e, A\u00f1o 04.1981 &#8211; 12.1985, 1585 ccm, 90 cv<br \/>\nFIAT Panda I Hatchback (141)<br \/>\n800, A\u00f1o 02.1981 &#8211; 12.1985, 843 ccm, 34 cv<br \/>\n1.0, A\u00f1o 09.1982 &#8211; 08.1983, 965 ccm, 48 cv<br \/>\nFIAT Fiorino Furg\u00f3n (127)<br \/>\n1.0, A\u00f1o 01.1980 &#8211; 12.1987, 1049 ccm, 50 cv<br \/>\nFIAT Fiorino I Furg\u00f3n (147)<br \/>\n1.0, A\u00f1o 01.1980 &#8211; 12.1987, 1049 ccm, 50 cv<br \/>\nFIAT 500 Berlina<br \/>\n0.5 (110F), A\u00f1o 01.1965 &#8211; 12.1975, 499 ccm, 18 cv<br \/>\n0.5 (111A), A\u00f1o 06.1957 &#8211; 05.1961, 476 ccm, 15 cv<br \/>\n0.6, A\u00f1o 08.1968 &#8211; 01.1976, 594 ccm, 18 cv<br \/>\nFIAT Uno Hatchback (146)<br \/>\n1.1 55, A\u00f1o 01.1983 &#8211; 08.1989, 1116 ccm, 54 cv<br \/>\n1.3 70, A\u00f1o 01.1983 &#8211; 04.1985, 1302 ccm, 68 cv<br \/>\nFIAT 238-Serie Bus<br \/>\n1.4, A\u00f1o 09.1966 &#8211; 06.1976, 1440 ccm, 46 cv<br \/>\n1.4, A\u00f1o 10.1967 &#8211; 06.1982, 1440 ccm, 52 cv<br \/>\nFIAT 124 Berlina (124)<br \/>\n1400 Special, A\u00f1o 12.1968 &#8211; 12.1972, 1438 ccm, 70 cv<br \/>\n1400 Special (124A), A\u00f1o 01.1971 &#8211; 07.1975, 1438 ccm, 75 cv<br \/>\n1600 Special T (124A), A\u00f1o 01.1973 &#8211; 07.1975, 1592 ccm, 95 cv<br \/>\nFIAT 130 Berlina (130) (A\u00f1o 06.1969 &#8211; 03.1978)<br \/>\n3.2, A\u00f1o 12.1971 &#8211; 03.1978, 3235 ccm, 165 cv<br \/>\nFIAT 130 Coup\u00e9<br \/>\n3.2, A\u00f1o 10.1971 &#8211; 03.1978, 3235 ccm, 165 cv<br \/>\nFIAT 850 Spider<br \/>\n0.8, A\u00f1o 10.1965 &#8211; 10.1968, 843 ccm, 49 cv<br \/>\n0.9 Sport, A\u00f1o 03.1968 &#8211; 12.1972, 903 ccm, 52 cv<br \/>\nFIAT 127 Panorama (127)<br \/>\n1.0, A\u00f1o 01.1977 &#8211; 12.1986, 1049 ccm, 50 cv<br \/>\nFIAT 500 Familiar<br \/>\n0.5, A\u00f1o 01.1960 &#8211; 12.1966, 499 ccm, 15 cv<br \/>\nFIAT 600 Berlina<br \/>\n0.6, A\u00f1o 03.1955 &#8211; 05.1961, 629 ccm, 20 cv<br \/>\n0.8, A\u00f1o 10.1960 &#8211; 02.1971, 767 ccm, 23 cv<br \/>\nFIAT 850 Berlina<br \/>\n0.8, A\u00f1o 07.1964 &#8211; 10.1972, 843 ccm, 34 cv<br \/>\n0.8, A\u00f1o 07.1964 &#8211; 10.1972, 843 ccm, 37 cv<br \/>\n0.8 Special, A\u00f1o 03.1968 &#8211; 10.1972, 843 ccm, 48 cv<br \/>\nFIAT Ducato I Furg\u00f3n (280)<br \/>\n1.8, A\u00f1o 01.1982 &#8211; 10.1988, 1783 ccm, 67 cv<br \/>\n2.0, A\u00f1o 01.1982 &#8211; 08.1990, 1971 ccm, 79 cv<br \/>\nFIAT 132 (132_)<br \/>\n1.6, A\u00f1o 05.1977 &#8211; 09.1982, 1585 ccm, 88 cv<br \/>\n1.6, A\u00f1o 03.1977 &#8211; 12.1981, 1585 ccm, 90 cv<br \/>\n1.6, A\u00f1o 01.1976 &#8211; 12.1982, 1585 ccm, 98 cv<br \/>\n1.6, A\u00f1o 04.1972 &#8211; 01.1976, 1592 ccm, 98 cv<br \/>\n1.7 GLS, A\u00f1o 04.1974 &#8211; 12.1975, 1756 ccm, 107 cv<br \/>\n1.7 GLS, A\u00f1o 11.1975 &#8211; 01.1977, 1756 ccm, 112 cv<br \/>\n2.0, A\u00f1o 01.1976 &#8211; 06.1981, 1995 ccm, 113 cv<br \/>\n2.0 i.e., A\u00f1o 01.1980 &#8211; 12.1982, 1995 ccm, 122 cv<br \/>\nFIAT Ducato I Panorama (280)<br \/>\n1.8, A\u00f1o 07.1982 &#8211; 12.1988, 1796 ccm, 69 cv<br \/>\n2.0, A\u00f1o 07.1982 &#8211; 05.1985, 1971 ccm, 79 cv<br \/>\nFIAT Fiorino Pick-up (147)<br \/>\n1.0, A\u00f1o 06.1982 &#8211; 10.1987, 1049 ccm, 50 cv<br \/>\nFIAT 147 Hatchback<br \/>\n1.0, A\u00f1o 10.1976 &#8211; 12.1995, 1049 ccm, 50 cv<br \/>\nFIAT Nuova Campagnola<br \/>\n2.0, A\u00f1o 06.1974 &#8211; 10.1989, 1995 ccm, 80 cv<\/p>\n<p>LANCIA A 112 Hatchback<br \/>\n0.9 Junior (A112B\/2), A\u00f1o 03.1981 &#8211; 06.1986, 903 ccm, 40 cv<br \/>\n1.0 Abarth (A112B2\/5), A\u00f1o 03.1978 &#8211; 02.1984, 1050 ccm, 69 cv<br \/>\n1.0 LX (A112), A\u00f1o 03.1984 &#8211; 12.1986, 965 ccm, 48 cv<br \/>\nLANCIA Delta I (831)<br \/>\n1.3, A\u00f1o 09.1979 &#8211; 08.1992, 1301 ccm, 75 cv<br \/>\nLANCIA Trevi (828)<br \/>\n1.6, A\u00f1o 05.1980 &#8211; 01.1987, 1585 ccm, 100 cv<br \/>\n2.0 Volumex, A\u00f1o 08.1983 &#8211; 05.1985, 1995 ccm, 135 cv<br \/>\nLANCIA Prisma (831)<br \/>\n1.5 (831AB), A\u00f1o 09.1985 &#8211; 02.1992, 1498 ccm, 75 cv<br \/>\n1.5 (831AB), A\u00f1o 01.1983 &#8211; 04.1986, 1498 ccm, 86 cv<br \/>\nLANCIA Beta (828)<br \/>\n1.4 1300, A\u00f1o 12.1981 &#8211; 12.1984, 1367 ccm, 84 cv<br \/>\n1.6, A\u00f1o 04.1976 &#8211; 12.1984, 1585 ccm, 101 cv<br \/>\n2000 VX (828.BC), A\u00f1o 07.1983 &#8211; 12.1984, 1995 ccm, 135 cv<br \/>\nLANCIA Beta Montecarlo (137)<br \/>\n2.0 (137AS_), A\u00f1o 09.1975 &#8211; 05.1981, 1995 ccm, 120 cv<br \/>\nLANCIA Beta Spider (828)<br \/>\n1.6, A\u00f1o 05.1976 &#8211; 10.1986, 1585 ccm, 100 cv<br \/>\nLANCIA Beta Hatchback (828)<br \/>\n1.3, A\u00f1o 04.1976 &#8211; 07.1982, 1297 ccm, 83 cv<br \/>\n1.6, A\u00f1o 08.1973 &#8211; 07.1982, 1585 ccm, 101 cv<br \/>\n1.8, A\u00f1o 08.1973 &#8211; 07.1976, 1756 ccm, 110 cv<\/p>\n<p>ALFA ROMEO 33 Hatchback (905)<br \/>\n1.7 (905A2A), A\u00f1o 01.1986 &#8211; 12.1989, 1712 ccm, 129 cv<br \/>\n1.7 (905A3), A\u00f1o 01.1986 &#8211; 06.1990, 1712 ccm, 118 cv<br \/>\n1.7 i.e., A\u00f1o 09.1988 &#8211; 12.1989, 1712 ccm, 105 cv<br \/>\n1.7 QV, A\u00f1o 03.1988 &#8211; 12.1989, 1712 ccm, 114 cv<br \/>\nALFA ROMEO (115)<br \/>\n1600 (11507), A\u00f1o 03.1971 &#8211; 12.1979, 1570 ccm, 109 cv<br \/>\n1600 (11535), A\u00f1o 03.1976 &#8211; 12.1990, 1570 ccm, 103 cv<br \/>\n1600 (115620, 115621), A\u00f1o 01.1980 &#8211; 12.1989, 1570 ccm, 102 cv<br \/>\nALFA ROMEO 33 Hatchback (907A)<br \/>\n1.5 i.e (907A2B), A\u00f1o 01.1990 &#8211; 09.1994, 1490 ccm, 97 cv<br \/>\n1.5 i.e., A\u00f1o 07.1990 &#8211; 08.1991, 1490 ccm, 101 cv<br \/>\nALFA ROMEO 33 Sportwagon (905A)<br \/>\n1.5 (905A), A\u00f1o 09.1984 &#8211; 12.1986, 1490 ccm, 90 cv<br \/>\n1.5 (905A), A\u00f1o 09.1984 &#8211; 12.1987, 1490 ccm, 95 cv<br \/>\n1.5 (905A2N), A\u00f1o 12.1986 &#8211; 12.1989, 1490 ccm, 105 cv<br \/>\n1.5 (905A2U), A\u00f1o 12.1986 &#8211; 12.1989, 1490 ccm, 102 cv<br \/>\n1.5 4&#215;4 (905B1, 905A2S), A\u00f1o 09.1984 &#8211; 12.1987, 1490 ccm, 95 cv<br \/>\n1.7 i.e. 4&#215;4 (905A3G, 905B3F), A\u00f1o 09.1988 &#8211; 12.1989, 1712 ccm, 105 cv<\/p>\n<p>CITRO\u00cbN ZX Hatchback (N2)<br \/>\n1.1, A\u00f1o 03.1991 &#8211; 08.1993, 1124 ccm, 54 cv<br \/>\n1.1, A\u00f1o 03.1991 &#8211; 06.1997, 1124 ccm, 60 cv<br \/>\nCITRO\u00cbN LNA Hatchback<br \/>\n0.6, A\u00f1o 11.1976 &#8211; 07.1979, 602 ccm, 33 cv<br \/>\n0.6, A\u00f1o 07.1982 &#8211; 04.1985, 652 ccm, 34 cv<br \/>\n0.6, A\u00f1o 11.1978 &#8211; 07.1986, 652 ccm, 35 cv<br \/>\n1.0, A\u00f1o 07.1984 &#8211; 10.1986, 954 ccm, 45 cv<br \/>\n1.1, A\u00f1o 07.1982 &#8211; 04.1985, 1124 ccm, 50 cv<br \/>\nCITRO\u00cbN CX I Hatchback<br \/>\n2.0, A\u00f1o 09.1974 &#8211; 05.1979, 1985 ccm, 102 cv<br \/>\n2.2, A\u00f1o 06.1981 &#8211; 08.1985, 2165 ccm, 115 cv<br \/>\nCITRO\u00cbN Dyane Hatchback<br \/>\n4 (A79\/0 (AYA)), A\u00f1o 08.1967 &#8211; 03.1968, 425 ccm, 18 cv<br \/>\n4 (A79\/1 (AYA2)), A\u00f1o 04.1968 &#8211; 07.1975, 435 ccm, 23 cv<br \/>\n6 (M28 (AM2)), A\u00f1o 12.1968 &#8211; 10.1984, 602 ccm, 29 cv<br \/>\n6 (M28\/1 (AK2)), A\u00f1o 05.1972 &#8211; 12.1980, 602 ccm, 33 cv<br \/>\nCITRO\u00cbN AX Hatchback<br \/>\n1.0, A\u00f1o 09.1986 &#8211; 06.1992, 954 ccm, 44 cv<br \/>\n1.0, A\u00f1o 07.1986 &#8211; 12.1998, 954 ccm, 45 cv<br \/>\n1.0 E, A\u00f1o 12.1986 &#8211; 12.1988, 954 ccm, 41 cv<br \/>\n1.1, A\u00f1o 12.1986 &#8211; 04.1994, 1124 ccm, 54 cv<br \/>\n1.1, A\u00f1o 09.1986 &#8211; 12.1997, 1124 ccm, 60 cv<br \/>\n1.1 4&#215;4, A\u00f1o 06.1991 &#8211; 07.1992, 1124 ccm, 54 cv<br \/>\n11 Cat (ZA_), A\u00f1o 09.1988 &#8211; 12.1989, 1124 ccm, 54 cv<br \/>\n1.4, A\u00f1o 12.1986 &#8211; 12.1988, 1360 ccm, 60 cv<br \/>\n1.4, A\u00f1o 06.1988 &#8211; 12.1989, 1360 ccm, 67 cv<br \/>\n1.4, A\u00f1o 01.1988 &#8211; 12.1992, 1360 ccm, 84 cv<br \/>\n1.4, A\u00f1o 01.1988 &#8211; 12.1992, 1360 ccm, 85 cv<br \/>\n1.4 GT, A\u00f1o 01.1989 &#8211; 12.1991, 1360 ccm, 80 cv<br \/>\nCITRO\u00cbN BX Hatchback<br \/>\n1.4 E, A\u00f1o 04.1983 &#8211; 02.1993, 1360 ccm, 72 cv<br \/>\n1.6, A\u00f1o 09.1987 &#8211; 02.1993, 1580 ccm, 79 cv<br \/>\n1.6, A\u00f1o 07.1985 &#8211; 02.1993, 1580 ccm, 87 cv<br \/>\n1.6, A\u00f1o 10.1982 &#8211; 06.1988, 1580 ccm, 90 cv<br \/>\n1.6, A\u00f1o 10.1982 &#8211; 12.1992, 1580 ccm, 92 cv<br \/>\n1.6, A\u00f1o 02.1992 &#8211; 06.1994, 1580 ccm, 95 cv<br \/>\n1.6 E, A\u00f1o 05.1989 &#8211; 02.1993, 1580 ccm, 88 cv<br \/>\nCITRO\u00cbN BX Familiar<br \/>\n1.4, A\u00f1o 01.1989 &#8211; 12.1989, 1360 ccm, 64 cv<br \/>\n1.5, A\u00f1o 10.1987 &#8211; 05.1992, 1580 ccm, 80 cv<br \/>\n1.6, A\u00f1o 09.1988 &#8211; 12.1994, 1580 ccm, 72 cv<br \/>\n1.6, A\u00f1o 09.1988 &#8211; 12.1994, 1580 ccm, 75 cv<br \/>\n1.6, A\u00f1o 07.1985 &#8211; 12.1994, 1580 ccm, 87 cv<br \/>\n1.6, A\u00f1o 06.1985 &#8211; 06.1988, 1580 ccm, 90 cv<br \/>\n1.6, A\u00f1o 04.1983 &#8211; 01.1992, 1580 ccm, 92 cv<br \/>\nCITRO\u00cbN C15 Furgoneta<br \/>\n1.0, A\u00f1o 10.1984 &#8211; 12.1997, 954 ccm, 45 cv<br \/>\n1.4 E, A\u00f1o 05.1987 &#8211; 12.1996, 1360 ccm, 60 cv<br \/>\nCITRO\u00cbN Visa Hatchback<br \/>\n0.6, A\u00f1o 07.1982 &#8211; 03.1991, 652 ccm, 33 cv<br \/>\n0.6, A\u00f1o 09.1978 &#8211; 06.1988, 652 ccm, 34 cv<br \/>\n11 E, A\u00f1o 09.1978 &#8211; 06.1988, 1124 ccm, 48 cv<br \/>\n11 E, A\u00f1o 07.1982 &#8211; 03.1991, 1124 ccm, 50 cv<br \/>\n14, A\u00f1o 07.1984 &#8211; 03.1991, 1360 ccm, 60 cv<br \/>\n14 GT, A\u00f1o 03.1982 &#8211; 03.1987, 1360 ccm, 75 cv<br \/>\n14 GT, A\u00f1o 03.1982 &#8211; 03.1991, 1360 ccm, 79 cv<br \/>\nII Super X, A\u00f1o 07.1980 &#8211; 06.1982, 1219 ccm, 64 cv<br \/>\nCITRO\u00cbN GS Hatchback<br \/>\nBirotor, A\u00f1o 09.1973 &#8211; 10.1975, 995 ccm, 107 cv<br \/>\nCITRO\u00cbN Ami<br \/>\n10 1.0 Super (AM3), A\u00f1o 03.1973 &#8211; 12.1977, 1015 ccm, 54 cv<br \/>\n6 0.6 (M4 (AM), AMB), A\u00f1o 01.1963 &#8211; 05.1968, 602 ccm, 24 cv<br \/>\nCITRO\u00cbN Axel<br \/>\n1.1, A\u00f1o 01.1984 &#8211; 03.1991, 1129 ccm, 57 cv<br \/>\n1.1, A\u00f1o 01.1984 &#8211; 03.1991, 1299 ccm, 61 cv<br \/>\nCITRO\u00cbN Acadiane Furg\u00f3n<br \/>\n6, A\u00f1o 08.1978 &#8211; 10.1988, 602 ccm, 30 cv<br \/>\n6, A\u00f1o 08.1978 &#8211; 10.1988, 602 ccm, 31 cv<br \/>\nCITRO\u00cbN M\u00e9hari Cabrio<br \/>\n0.6, A\u00f1o 05.1968 &#8211; 10.1979, 602 ccm, 26 cv<br \/>\n0.6, A\u00f1o 10.1979 &#8211; 10.1987, 602 ccm, 29 cv<br \/>\n4&#215;4, A\u00f1o 10.1979 &#8211; 10.1987, 602 ccm, 29 cv<br \/>\nCITRO\u00cbN C35 Bus<br \/>\n2.0, A\u00f1o 11.1973 &#8211; 01.1994, 1985 ccm, 88 cv<br \/>\nCITRO\u00cbN C15 Familiar<br \/>\n1.4, A\u00f1o 05.1987 &#8211; 10.1992, 1360 ccm, 60 cv<\/p>\n<p>PEUGEOT 104 Hatchback<br \/>\n0.9, A\u00f1o 10.1979 &#8211; 10.1983, 954 ccm, 45 cv<br \/>\n0.9, A\u00f1o 10.1972 &#8211; 10.1979, 954 ccm, 46 cv<br \/>\n1.0, A\u00f1o 09.1983 &#8211; 06.1988, 954 ccm, 44 cv<br \/>\n1.1, A\u00f1o 08.1980 &#8211; 06.1988, 1124 ccm, 50 cv<br \/>\n1.1, A\u00f1o 07.1976 &#8211; 08.1982, 1124 ccm, 57 cv<br \/>\n1.1, A\u00f1o 09.1978 &#8211; 09.1979, 1124 ccm, 66 cv<br \/>\n1.2, A\u00f1o 08.1979 &#8211; 06.1983, 1219 ccm, 57 cv<br \/>\n1.4, A\u00f1o 08.1979 &#8211; 06.1983, 1360 ccm, 72 cv<br \/>\nPEUGEOT 104 Coup\u00e9<br \/>\n0.9, A\u00f1o 09.1973 &#8211; 10.1983, 954 ccm, 45 cv<br \/>\n1.1, A\u00f1o 08.1979 &#8211; 06.1988, 1124 ccm, 50 cv<br \/>\n1.1, A\u00f1o 08.1979 &#8211; 06.1983, 1124 ccm, 57 cv<br \/>\n1.1, A\u00f1o 09.1973 &#8211; 09.1979, 1124 ccm, 66 cv<br \/>\n1.1, A\u00f1o 08.1975 &#8211; 06.1980, 1124 ccm, 67 cv<br \/>\n1.4, A\u00f1o 08.1979 &#8211; 06.1984, 1360 ccm, 72 cv<br \/>\nPEUGEOT 204 Berlina<br \/>\n1.1, A\u00f1o 10.1965 &#8211; 07.1969, 1130 ccm, 53 cv<br \/>\n1.1, A\u00f1o 07.1969 &#8211; 07.1977, 1130 ccm, 55 cv<br \/>\n1.1, A\u00f1o 09.1975 &#8211; 07.1977, 1127 ccm, 58 cv<br \/>\nPEUGEOT 205 Cabrio<br \/>\n1.4 CJ Cat, A\u00f1o 01.1989 &#8211; 09.1993, 1361 ccm, 60 cv<br \/>\nPEUGEOT 304 Cabrio<br \/>\n1.3, A\u00f1o 03.1970 &#8211; 09.1973, 1290 ccm, 65 cv<br \/>\n1.3, A\u00f1o 09.1972 &#8211; 07.1976, 1290 ccm, 75 cv<br \/>\nPEUGEOT 305 II Berlina<br \/>\n1.5, A\u00f1o 09.1985 &#8211; 07.1990, 1472 ccm, 68 cv<br \/>\nPEUGEOT 405 I Familiar (15E)<br \/>\n1.4, A\u00f1o 05.1988 &#8211; 07.1992, 1360 ccm, 64 cv<br \/>\nPEUGEOT 504 Berlina<br \/>\n1.8, A\u00f1o 09.1979 &#8211; 08.1982, 1796 ccm, 75 cv<br \/>\n1.8, A\u00f1o 07.1968 &#8211; 02.1971, 1796 ccm, 82 cv<br \/>\n1.8, A\u00f1o 01.1971 &#8211; 06.1983, 1796 ccm, 79 cv<br \/>\n1.8 Injection, A\u00f1o 07.1968 &#8211; 02.1971, 1796 ccm, 97 cv<br \/>\n2.0, A\u00f1o 09.1979 &#8211; 08.1982, 1971 ccm, 94 cv<br \/>\n2.0 (A11, A13, MY1, MY3), A\u00f1o 03.1971 &#8211; 06.1986, 1971 ccm, 97 cv<br \/>\n2.0 TI, A\u00f1o 01.1971 &#8211; 06.1983, 1971 ccm, 106 cv<br \/>\nPEUGEOT 604 Berlina<br \/>\n2.7 SL, A\u00f1o 08.1977 &#8211; 05.1983, 2664 ccm, 136 cv<br \/>\nPEUGEOT 504 Pick-up<br \/>\n1.6, A\u00f1o 01.1980 &#8211; 06.1987, 1618 ccm, 63 cv<br \/>\n1.8, A\u00f1o 07.1987 &#8211; 12.1989, 1796 ccm, 72 cv<br \/>\n1.8, A\u00f1o 08.1981 &#8211; 10.1986, 1796 ccm, 75 cv<br \/>\nPEUGEOT J7 Furg\u00f3n<br \/>\n1.5, A\u00f1o 08.1968 &#8211; 07.1970, 1468 ccm, 83 cv<br \/>\nPEUGEOT J9 Furg\u00f3n<br \/>\n1.6, A\u00f1o 03.1980 &#8211; 06.1987, 1618 ccm, 60 cv<br \/>\n2.0, A\u00f1o 03.1980 &#8211; 06.1987, 1971 ccm, 78 cv<br \/>\nPEUGEOT 204 Familiar<br \/>\n1.1 Grand Luxe, A\u00f1o 05.1969 &#8211; 10.1977, 1130 ccm, 54 cv<br \/>\nPEUGEOT 204 Cabrio (A\u00f1o 01.1967 &#8211; 10.1970)<br \/>\n1.1, A\u00f1o 01.1967 &#8211; 05.1969, 1130 ccm, 53 cv<br \/>\n1.1, A\u00f1o 05.1969 &#8211; 10.1970, 1130 ccm, 54 cv<br \/>\nPEUGEOT 304 Berlina<br \/>\n1.3 GL, A\u00f1o 09.1972 &#8211; 10.1979, 1290 ccm, 65 cv<br \/>\n1.3 GT, A\u00f1o 10.1969 &#8211; 09.1975, 1290 ccm, 65 cv<br \/>\nPEUGEOT 304 Coup\u00e9<br \/>\n1.3, A\u00f1o 03.1970 &#8211; 09.1973, 1290 ccm, 65 cv<br \/>\n1.3, A\u00f1o 03.1972 &#8211; 04.1975, 1290 ccm, 75 cv<br \/>\nPEUGEOT 404 Berlina<br \/>\n1.6, A\u00f1o 04.1963 &#8211; 12.1971, 1618 ccm, 65 cv<br \/>\n1.6, A\u00f1o 11.1967 &#8211; 12.1971, 1618 ccm, 73 cv<br \/>\n1.6 GT, A\u00f1o 07.1971 &#8211; 12.1971, 1618 ccm, 68 cv<br \/>\nPEUGEOT 404 Cabrio<br \/>\n1.6, A\u00f1o 04.1963 &#8211; 12.1968, 1618 ccm, 80 cv<br \/>\nPEUGEOT 504 Familiar<br \/>\n1.8, A\u00f1o 04.1971 &#8211; 07.1986, 1796 ccm, 73 cv<br \/>\n2.0, A\u00f1o 04.1971 &#8211; 07.1986, 1971 ccm, 92 cv<br \/>\nPEUGEOT J5 Furg\u00f3n (280)<br \/>\n2.0, A\u00f1o 09.1987 &#8211; 08.1990, 1971 ccm, 75 cv<br \/>\nPEUGEOT 304 Familiar<br \/>\n1.1, A\u00f1o 10.1976 &#8211; 10.1980, 1127 ccm, 58 cv<br \/>\n1.3, A\u00f1o 09.1970 &#8211; 10.1980, 1290 ccm, 65 cv<br \/>\nPEUGEOT 504<br \/>\n2.0, A\u00f1o 10.1974 &#8211; 08.1982, 1971 ccm, 102 cv<br \/>\n2.0, A\u00f1o 08.1982 &#8211; 08.1984, 1971 ccm, 106 cv<br \/>\nPEUGEOT J9 Bus<br \/>\n2.0, A\u00f1o 03.1980 &#8211; 06.1987, 1971 ccm, 78 cv<\/p>\n<p>SEAT 850 Sed\u00e1n (100GD)<br \/>\n0.9, A\u00f1o 01.1966 &#8211; 12.1974, 843 ccm, 37 cv<br \/>\n0.9, A\u00f1o 01.1966 &#8211; 12.1974, 843 ccm, 48 cv<br \/>\n0.9, A\u00f1o 07.1970 &#8211; 10.1975, 903 ccm, 52 cv<br \/>\nSEAT 124<br \/>\n1.6 1430 Especial, A\u00f1o 01.1970 &#8211; 12.1976, 1592 ccm, 95 cv<br \/>\n1.2 D, A\u00f1o 01.1968 &#8211; 12.1976, 1197 ccm, 60 cv<\/p>\n<p>LA PIEZA ES NUEVA Y ORIGINAL.<\/p>\n","protected":false},"excerpt":{"rendered":"<p>Filtro de combustible de: Largo: 107 mm Di\u00e1metro: 44 mm Di\u00e1metro entrada: 6 mm Di\u00e1metro salida: 6 mm FIAT Cinquecento (170) 0.7, A\u00f1o 12.1991 &#8211; 01.1996, 704 ccm, 31 cv FIAT Regata (138) 1.5 85, A\u00f1o 05.1985 &#8211; 12.1987, 1498 ccm, 79 cv 1.5 Super 85, A\u00f1o 09.1983 &#8211; 04.1985, 1498 ccm, 82 cv FIAT [&hellip;]<\/p>\n","protected":false},"featured_media":92719,"template":"","meta":{"_seopress_robots_primary_cat":"","_seopress_titles_title":"","_seopress_titles_desc":"","_seopress_robots_index":""},"product_cat":[261,159,65,67,68,326,70,71,222,347,235,209,262,194,43,360,150,74,195,75,349,76,167,369,390,16,361,79,311,365,116,130,131,133,83,84,23,85,86,136,118,88,345,20,91,245,196,197,21,260,391,99,24,123,102,103,26,56,225,114,140,144],"product_tag":[],"class_list":{"0":"post-92716","1":"product","2":"type-product","3":"status-publish","4":"has-post-thumbnail","6":"product_cat-recambios-peugeot-104","7":"product_cat-recambios-seat-124","8":"product_cat-recambios-fiat-124","9":"product_cat-recambios-fiat-126","10":"product_cat-recambios-fiat-127","11":"product_cat-recambios-fiat-130","12":"product_cat-recambios-fiat-131","13":"product_cat-recambios-fiat-132","14":"product_cat-recambios-fiat-147","15":"product_cat-recambios-peugeot-204","16":"product_cat-recambios-peugeot-205","17":"product_cat-recambios-fiat-238","18":"product_cat-recambios-peugeot-304","19":"product_cat-recambios-peugeot-305","20":"product_cat-recambios-alfa-romeo-33","21":"product_cat-recambios-peugeot-404","22":"product_cat-recambios-peugeot-405","23":"product_cat-recambios-fiat-500","24":"product_cat-recambios-peugeot-504","25":"product_cat-recambios-fiat-600","26":"product_cat-recambios-peugeot-604","27":"product_cat-recambios-fiat-850","28":"product_cat-recambios-seat-850","29":"product_cat-recambios-lancia-a112","30":"product_cat-recambios-citroen-acadiane","31":"product_cat-recambios-alfa-romeo","32":"product_cat-recambios-citroen-ami","33":"product_cat-recambios-fiat-argenta","34":"product_cat-recambios-citroen-ax","35":"product_cat-recambios-citroen-axel","36":"product_cat-recambios-lancia-beta","37":"product_cat-recambios-citroen-bx","38":"product_cat-recambios-citroen-c15","39":"product_cat-recambios-citroen-c35","40":"product_cat-recambios-fiat-campagnola","41":"product_cat-recambios-fiat-cinquecento","42":"product_cat-recambios-citroen","43":"product_cat-recambios-fiat-coupe","44":"product_cat-recambios-fiat-croma","45":"product_cat-recambios-citroen-cx","46":"product_cat-recambios-lancia-delta","47":"product_cat-recambios-fiat-ducato","48":"product_cat-recambios-citroen-dyane","49":"product_cat-recambios-fiat","50":"product_cat-recambios-fiat-fiorino","51":"product_cat-recambios-citroen-gs","52":"product_cat-recambios-peugeot-j7","53":"product_cat-recambios-peugeot-j9","54":"product_cat-recambios-lancia","55":"product_cat-recambios-citroen-lna","56":"product_cat-recambios-citroen-mehari","57":"product_cat-recambios-fiat-panda","58":"product_cat-recambios-peugeot","59":"product_cat-recambios-lancia-prisma","60":"product_cat-recambios-fiat-regata","61":"product_cat-recambios-fiat-ritmo","62":"product_cat-recambios-seat","63":"product_cat-recambios-alfa-romeo-spider","64":"product_cat-recambios-lancia-trevi","65":"product_cat-recambios-fiat-uno","66":"product_cat-recambios-citroen-visa","67":"product_cat-recambios-citroen-zx","69":"first","70":"outofstock","71":"taxable","72":"shipping-taxable","73":"purchasable","74":"product-type-simple"},"_links":{"self":[{"href":"https:\/\/galicianparts.com\/shop\/wp-json\/wp\/v2\/product\/92716"}],"collection":[{"href":"https:\/\/galicianparts.com\/shop\/wp-json\/wp\/v2\/product"}],"about":[{"href":"https:\/\/galicianparts.com\/shop\/wp-json\/wp\/v2\/types\/product"}],"wp:featuredmedia":[{"embeddable":true,"href":"https:\/\/galicianparts.com\/shop\/wp-json\/wp\/v2\/media\/92719"}],"wp:attachment":[{"href":"https:\/\/galicianparts.com\/shop\/wp-json\/wp\/v2\/media?parent=92716"}],"wp:term":[{"taxonomy":"product_cat","embeddable":true,"href":"https:\/\/galicianparts.com\/shop\/wp-json\/wp\/v2\/product_cat?post=92716"},{"taxonomy":"product_tag","embeddable":true,"href":"https:\/\/galicianparts.com\/shop\/wp-json\/wp\/v2\/product_tag?post=92716"}],"curies":[{"name":"wp","href":"https:\/\/api.w.org\/{rel}","templated":true}]}}