{"id":92772,"date":"2024-10-14T13:05:56","date_gmt":"2024-10-14T11:05:56","guid":{"rendered":"https:\/\/galicianparts.com\/shop\/producto\/46406855-pack-2-silentblocks-amortiguador-trasero-fiat-lancia-alfa-seat-original\/"},"modified":"2024-12-04T12:30:18","modified_gmt":"2024-12-04T10:30:18","slug":"46406855-pack-2-silentblocks-amortiguador-trasero-fiat-lancia-alfa-seat-original","status":"publish","type":"product","link":"https:\/\/galicianparts.com\/shop\/producto\/46406855-pack-2-silentblocks-amortiguador-trasero-fiat-lancia-alfa-seat-original\/","title":{"rendered":"46406855 Pack 2 silentblocks amortiguador trasero Fiat \/Lancia \/Alfa \/Seat ORIGINAL"},"content":{"rendered":"<p>Juego, pack de dos silentblocks del soporte superior e inferior de los amortiguadores de la suspensi\u00f3n posterior de:<br \/>\nDi\u00e1metro exterior: 30 mm<br \/>\nDi\u00e1metro interior: 17 mm<br \/>\nAltura: 18,5 mm<\/p>\n<p>FIAT &#8211; MD 126 BIS (1987-1999)<br \/>\nFIAT 850 Coup\u00e9 (100)<br \/>\n0.9 Sport, A\u00f1o 02.1968 &#8211; 10.1972, 903 ccm, 52 cv<br \/>\nFIAT 124 Sport Spider (124)<br \/>\n1500 Sport (BS), A\u00f1o 01.1966 &#8211; 12.1972, 1438 ccm, 90 cv<br \/>\n1600 Sport (BS), A\u00f1o 11.1969 &#8211; 08.1973, 1608 ccm, 112 cv<br \/>\n1600 Sport (BS1), A\u00f1o 11.1969 &#8211; 08.1973, 1608 ccm, 100 cv<br \/>\n1600 Sport (BS1), A\u00f1o 01.1969 &#8211; 12.1974, 1608 ccm, 110 cv<br \/>\n1600 Sport (CS), A\u00f1o 01.1969 &#8211; 12.1974, 1608 ccm, 104 cv<br \/>\n1800 Rally Abarth (CSA), A\u00f1o 09.1972 &#8211; 07.1975, 1756 ccm, 128 cv<br \/>\n1.7 Sport, A\u00f1o 01.1973 &#8211; 07.1975, 1739 ccm, 112 cv<br \/>\n1800 Sport (CS1), A\u00f1o 01.1972 &#8211; 12.1977, 1756 ccm, 118 cv<br \/>\nFIAT 131 Berlina (131)<br \/>\n2.0 D, A\u00f1o 03.1978 &#8211; 03.1987, 1995 ccm, 60 cv<br \/>\n2.5 D, A\u00f1o 06.1978 &#8211; 02.1984, 2445 ccm, 72 cv<br \/>\nFIAT Panda I Hatchback (141)<br \/>\n1.0, A\u00f1o 01.1986 &#8211; 04.1992, 999 ccm, 44 cv<br \/>\n1.0, A\u00f1o 01.1985 &#8211; 12.1992, 999 ccm, 50 cv<br \/>\n1.0 4&#215;4, A\u00f1o 01.1986 &#8211; 07.1989, 999 ccm, 44 cv<br \/>\n1.0 4&#215;4, A\u00f1o 05.1986 &#8211; 12.1994, 999 ccm, 45 cv<br \/>\n1000 4&#215;4, A\u00f1o 01.1986 &#8211; 12.1992, 999 ccm, 50 cv<br \/>\n1000 i.e. Cat, A\u00f1o 10.1987 &#8211; 08.1998, 999 ccm, 45 cv<br \/>\n1.1, A\u00f1o 05.1991 &#8211; 12.1999, 1108 ccm, 50 cv<br \/>\n1.1, A\u00f1o 02.1995 &#8211; 09.2003, 1108 ccm, 54 cv<br \/>\n1.1 4&#215;4, A\u00f1o 02.1995 &#8211; 07.2004, 1108 ccm, 54 cv<br \/>\n1.1 Trekking 4&#215;4, A\u00f1o 10.1991 &#8211; 07.2004, 1108 ccm, 50 cv<br \/>\n1.3 D, A\u00f1o 04.1986 &#8211; 12.1992, 1302 ccm, 37 cv<br \/>\n0.65 , A\u00f1o 01.1982 &#8211; 07.2004, 652 ccm, 30 cv<br \/>\n750, A\u00f1o 01.1986 &#8211; 10.2003, 770 ccm, 34 cv<br \/>\n800, A\u00f1o 02.1981 &#8211; 12.1985, 843 ccm, 34 cv<br \/>\n0.9, A\u00f1o 04.1992 &#8211; 12.1996, 899 ccm, 40 cv<br \/>\n0.9, A\u00f1o 10.1980 &#8211; 06.1994, 903 ccm, 45 cv<br \/>\n1.0, A\u00f1o 09.1982 &#8211; 08.1983, 965 ccm, 48 cv<br \/>\n1.0 4&#215;4, A\u00f1o 09.1983 &#8211; 12.1986, 965 ccm, 48 cv<br \/>\nFIAT 238-Serie Bus<br \/>\n1.4, A\u00f1o 09.1966 &#8211; 06.1976, 1440 ccm, 46 cv<br \/>\n1.4, A\u00f1o 10.1967 &#8211; 06.1982, 1440 ccm, 52 cv<br \/>\nFIAT 124 Berlina (124)<br \/>\n1400 Special, A\u00f1o 12.1968 &#8211; 12.1972, 1438 ccm, 70 cv<br \/>\n1400 Special (124A), A\u00f1o 01.1971 &#8211; 07.1975, 1438 ccm, 75 cv<br \/>\n1600 Special T (124A), A\u00f1o 01.1973 &#8211; 07.1975, 1592 ccm, 95 cv<br \/>\nFIAT 124 Coup\u00e9 (124)<br \/>\n1.4 Sport, A\u00f1o 06.1967 &#8211; 10.1972, 1438 ccm, 90 cv<br \/>\n1.6, A\u00f1o 11.1971 &#8211; 10.1973, 1608 ccm, 100 cv<br \/>\n1.6, A\u00f1o 04.1970 &#8211; 10.1973, 1608 ccm, 110 cv<br \/>\n1.6 Sport, A\u00f1o 08.1972 &#8211; 12.1975, 1592 ccm, 104 cv<br \/>\n1600 Sport, A\u00f1o 08.1972 &#8211; 02.1976, 1592 ccm, 108 cv<br \/>\n1800 Sport, A\u00f1o 01.1973 &#8211; 02.1976, 1756 ccm, 112 cv<br \/>\n1.8 Sport, A\u00f1o 01.1973 &#8211; 02.1976, 1756 ccm, 118 cv<br \/>\nFIAT 850 Spider<br \/>\n0.8, A\u00f1o 10.1965 &#8211; 10.1968, 843 ccm, 49 cv<br \/>\n0.9 Sport, A\u00f1o 03.1968 &#8211; 12.1972, 903 ccm, 52 cv<br \/>\nFIAT 1000-Serie Berlina<br \/>\n1300 (116), A\u00f1o 11.1961 &#8211; 02.1967, 1286 ccm, 61 cv<br \/>\n1500, A\u00f1o 11.1964 &#8211; 10.1968, 1471 ccm, 75 cv<br \/>\n1500 (116), A\u00f1o 11.1961 &#8211; 03.1969, 1471 ccm, 67 cv<br \/>\nFIAT 125 Berlina (125)<br \/>\n1.6, A\u00f1o 07.1967 &#8211; 03.1974, 1608 ccm, 90 cv<br \/>\n1.6 (TA), A\u00f1o 10.1968 &#8211; 10.1973, 1608 ccm, 100 cv<br \/>\nFIAT 600 Berlina<br \/>\n0.8, A\u00f1o 10.1960 &#8211; 02.1971, 767 ccm, 23 cv<br \/>\nFIAT 850 Berlina<br \/>\n0.8, A\u00f1o 07.1964 &#8211; 10.1972, 843 ccm, 34 cv<br \/>\n0.8, A\u00f1o 07.1964 &#8211; 10.1972, 843 ccm, 37 cv<br \/>\n0.8 Special, A\u00f1o 03.1968 &#8211; 10.1972, 843 ccm, 48 cv<br \/>\nFIAT 1500-2300 Berlina<br \/>\n1.5 L, A\u00f1o 10.1963 &#8211; 12.1970, 1471 ccm, 75 cv<br \/>\n2.3, A\u00f1o 07.1962 &#8211; 03.1969, 2263 ccm, 102 cv<br \/>\nFIAT Nuova Campagnola<br \/>\n2.0, A\u00f1o 06.1974 &#8211; 10.1989, 1995 ccm, 80 cv<\/p>\n<p>LANCIA Y10 (156)<br \/>\n1.0 (156C), A\u00f1o 03.1985 &#8211; 07.1989, 1049 ccm, 56 cv<br \/>\n1.0 Fire, A\u00f1o 03.1985 &#8211; 06.1989, 999 ccm, 45 cv<br \/>\n1.0 Fire, A\u00f1o 06.1985 &#8211; 06.1991, 999 ccm, 44 cv<br \/>\n1.0 Fire A las 4 ruedas (156.AD), A\u00f1o 12.1986 &#8211; 02.1989, 999 ccm, 44 cv<br \/>\n1.0 Fire Catalytic-Conv (156AE), A\u00f1o 10.1987 &#8211; 02.1992, 999 ccm, 45 cv<br \/>\n1.0 Turbo, A\u00f1o 03.1985 &#8211; 02.1989, 1049 ccm, 84 cv<br \/>\n1.1 Fire A las 4 ruedas (156AG), A\u00f1o 01.1995 &#8211; 12.1995, 1108 ccm, 54 cv<br \/>\n1.1 i.e Fire (156AC), A\u00f1o 08.1989 &#8211; 06.1992, 1108 ccm, 57 cv<br \/>\n1.1 i.e Fire A las 4 ruedas (156AC), A\u00f1o 08.1989 &#8211; 06.1992, 1108 ccm, 57 cv<br \/>\n1.1 i.e. Fire, A\u00f1o 07.1989 &#8211; 09.1995, 1108 ccm, 50 cv<br \/>\n1.1 i.e. Fire Allrad, A\u00f1o 09.1992 &#8211; 12.1995, 1108 ccm, 50 cv<br \/>\n1.3 i.e. (156AF), A\u00f1o 02.1989 &#8211; 12.1995, 1297 ccm, 72 cv<\/p>\n<p>AUTOBIANCHI A111 Berlina<br \/>\n1.4, A\u00f1o 08.1969 &#8211; 11.1972, 1438 ccm, 70 cv<br \/>\nAUTOBIANCHI &#8211; Y10 (1988-1995)<\/p>\n<p>SEAT Marbella Hatchback (28)<br \/>\n0.8, A\u00f1o 08.1986 &#8211; 12.1993, 843 ccm, 34 cv<br \/>\n0.9, A\u00f1o 01.1987 &#8211; 12.1993, 903 ccm, 40 cv<br \/>\n0.9, A\u00f1o 07.1997 &#8211; 10.1998, 899 ccm, 44 cv<br \/>\n0.9 Cat, A\u00f1o 01.1990 &#8211; 11.1996, 903 ccm, 40 cv<br \/>\n0.9 Cat, A\u00f1o 11.1996 &#8211; 10.1998, 899 ccm, 41 cv<br \/>\nSEAT Terra Familiar (24)<br \/>\n0.9, A\u00f1o 02.1987 &#8211; 12.1996, 903 ccm, 40 cv<br \/>\n0.9 Cat, A\u00f1o 02.1992 &#8211; 12.1994, 903 ccm, 40 cv<br \/>\n1.3 D, A\u00f1o 03.1990 &#8211; 12.1994, 1272 ccm, 45 cv<br \/>\n1.4 D, A\u00f1o 10.1990 &#8211; 12.1995, 1398 ccm, 48 cv<br \/>\nSEAT Panda (141A)<br \/>\n0.9, A\u00f1o 10.1980 &#8211; 12.1986, 903 ccm, 42 cv<br \/>\nSEAT 124 Berlina<br \/>\n1.4 1430, A\u00f1o 01.1970 &#8211; 12.1976, 1438 ccm, 75 cv<br \/>\n1.6 1430 Especial, A\u00f1o 01.1970 &#8211; 12.1976, 1592 ccm, 95 cv<br \/>\n1.2 D, A\u00f1o 01.1968 &#8211; 12.1976, 1197 ccm, 60 cv<br \/>\n1.2 LS, A\u00f1o 01.1968 &#8211; 10.1980, 1197 ccm, 65 cv<br \/>\nSEAT 132 Sed\u00e1n (132A)<br \/>\n1.6, A\u00f1o 05.1973 &#8211; 12.1980, 1592 ccm, 98 cv<br \/>\n1.8, A\u00f1o 05.1973 &#8211; 12.1980, 1756 ccm, 105 cv<br \/>\n2.2 D, A\u00f1o 05.1979 &#8211; 12.1982, 2197 ccm, 60 cv<\/p>\n<p>LA PIEZA ES NUEVA Y ORIGINAL.<\/p>\n","protected":false},"excerpt":{"rendered":"<p>Juego, pack de dos silentblocks del soporte superior e inferior de los amortiguadores de la suspensi\u00f3n posterior de: Di\u00e1metro exterior: 30 mm Di\u00e1metro interior: 17 mm Altura: 18,5 mm FIAT &#8211; MD 126 BIS (1987-1999) FIAT 850 Coup\u00e9 (100) 0.9 Sport, A\u00f1o 02.1968 &#8211; 10.1972, 903 ccm, 52 cv FIAT 124 Sport Spider (124) 1500 [&hellip;]<\/p>\n","protected":false},"featured_media":92776,"template":"","meta":{"_seopress_robots_primary_cat":"","_seopress_titles_title":"","_seopress_titles_desc":"","_seopress_robots_index":""},"product_cat":[353,65,159,66,67,70,232,78,172,209,75,76,62,25,83,20,21,207,99,237,26,233,64,126],"product_tag":[],"class_list":{"0":"post-92772","1":"product","2":"type-product","3":"status-publish","4":"has-post-thumbnail","6":"product_cat-recambios-fiat-1000","7":"product_cat-recambios-fiat-124","8":"product_cat-recambios-seat-124","9":"product_cat-recambios-fiat-125","10":"product_cat-recambios-fiat-126","11":"product_cat-recambios-fiat-131","12":"product_cat-recambios-seat-132","13":"product_cat-recambios-fiat-1500","14":"product_cat-recambios-fiat-2300","15":"product_cat-recambios-fiat-238","16":"product_cat-recambios-fiat-600","17":"product_cat-recambios-fiat-850","18":"product_cat-recambios-autobianchi-a111","19":"product_cat-recambios-autobianchi","20":"product_cat-recambios-fiat-campagnola","21":"product_cat-recambios-fiat","22":"product_cat-recambios-lancia","23":"product_cat-recambios-seat-marbella","24":"product_cat-recambios-fiat-panda","25":"product_cat-recambios-seat-panda","26":"product_cat-recambios-seat","27":"product_cat-recambios-seat-terra","28":"product_cat-recambios-autobianchi-y10","29":"product_cat-recambios-lancia-y10","31":"first","32":"instock","33":"taxable","34":"shipping-taxable","35":"purchasable","36":"product-type-simple"},"_links":{"self":[{"href":"https:\/\/galicianparts.com\/shop\/wp-json\/wp\/v2\/product\/92772"}],"collection":[{"href":"https:\/\/galicianparts.com\/shop\/wp-json\/wp\/v2\/product"}],"about":[{"href":"https:\/\/galicianparts.com\/shop\/wp-json\/wp\/v2\/types\/product"}],"wp:featuredmedia":[{"embeddable":true,"href":"https:\/\/galicianparts.com\/shop\/wp-json\/wp\/v2\/media\/92776"}],"wp:attachment":[{"href":"https:\/\/galicianparts.com\/shop\/wp-json\/wp\/v2\/media?parent=92772"}],"wp:term":[{"taxonomy":"product_cat","embeddable":true,"href":"https:\/\/galicianparts.com\/shop\/wp-json\/wp\/v2\/product_cat?post=92772"},{"taxonomy":"product_tag","embeddable":true,"href":"https:\/\/galicianparts.com\/shop\/wp-json\/wp\/v2\/product_tag?post=92772"}],"curies":[{"name":"wp","href":"https:\/\/api.w.org\/{rel}","templated":true}]}}