{"id":92832,"date":"2024-10-15T10:30:30","date_gmt":"2024-10-15T08:30:30","guid":{"rendered":"https:\/\/galicianparts.com\/shop\/producto\/5996252-buje-rueda-trasera-fiat-ducato-90-94-citroen-c25-peugeot-j5-original\/"},"modified":"2024-11-25T12:02:25","modified_gmt":"2024-11-25T10:02:25","slug":"5996252-buje-rueda-trasera-fiat-ducato-90-94-citroen-c25-peugeot-j5-original","status":"publish","type":"product","link":"https:\/\/galicianparts.com\/shop\/producto\/5996252-buje-rueda-trasera-fiat-ducato-90-94-citroen-c25-peugeot-j5-original\/","title":{"rendered":"5996252 Buje rueda trasera Fiat Ducato (90-94) Citroen C25 \/Peugeot J5 ORIGINAL"},"content":{"rendered":"<p>5996261 Buje de las ruedas posteriores de:<br \/>\nLargo: 99 mm<br \/>\nDi\u00e1metro: 143,5 mm<br \/>\nDi\u00e1metro interior 1: 75 mm<br \/>\nDi\u00e1metro interior 2: 62 mm<br \/>\nDi\u00e1metro buje de rueda: 72 mm<\/p>\n<p>FIAT PROFESSIONAL &#8211; NB NUOVO DUCATO BZ R.90 (1990-1994) CON CAPACIDAD 18Q<br \/>\nFIAT PROFESSIONAL &#8211; NA NUOVO DUCATO DS.R.90 (1990-1994) CON CAPACIDAD 18Q<br \/>\nCITROEN &#8211; C25 (1990-1994)<br \/>\nPEUGEOT &#8211; J5 (1990-1994)<\/p>\n<p>LA PIEZA ES ORIGINAL.<\/p>\n","protected":false},"excerpt":{"rendered":"<p>5996261 Buje de las ruedas posteriores de: Largo: 99 mm Di\u00e1metro: 143,5 mm Di\u00e1metro interior 1: 75 mm Di\u00e1metro interior 2: 62 mm Di\u00e1metro buje de rueda: 72 mm FIAT PROFESSIONAL &#8211; NB NUOVO DUCATO BZ R.90 (1990-1994) CON CAPACIDAD 18Q FIAT PROFESSIONAL &#8211; NA NUOVO DUCATO DS.R.90 (1990-1994) CON CAPACIDAD 18Q CITROEN &#8211; C25 [&hellip;]<\/p>\n","protected":false},"featured_media":92835,"template":"","meta":{"_seopress_robots_primary_cat":"","_seopress_titles_title":"","_seopress_titles_desc":"","_seopress_robots_index":""},"product_cat":[132,23,88,20,157,24],"product_tag":[],"class_list":{"0":"post-92832","1":"product","2":"type-product","3":"status-publish","4":"has-post-thumbnail","6":"product_cat-recambios-citroen-c25","7":"product_cat-recambios-citroen","8":"product_cat-recambios-fiat-ducato","9":"product_cat-recambios-fiat","10":"product_cat-recambios-peugeot-j5","11":"product_cat-recambios-peugeot","13":"first","14":"outofstock","15":"taxable","16":"shipping-taxable","17":"purchasable","18":"product-type-simple"},"_links":{"self":[{"href":"https:\/\/galicianparts.com\/shop\/wp-json\/wp\/v2\/product\/92832"}],"collection":[{"href":"https:\/\/galicianparts.com\/shop\/wp-json\/wp\/v2\/product"}],"about":[{"href":"https:\/\/galicianparts.com\/shop\/wp-json\/wp\/v2\/types\/product"}],"wp:featuredmedia":[{"embeddable":true,"href":"https:\/\/galicianparts.com\/shop\/wp-json\/wp\/v2\/media\/92835"}],"wp:attachment":[{"href":"https:\/\/galicianparts.com\/shop\/wp-json\/wp\/v2\/media?parent=92832"}],"wp:term":[{"taxonomy":"product_cat","embeddable":true,"href":"https:\/\/galicianparts.com\/shop\/wp-json\/wp\/v2\/product_cat?post=92832"},{"taxonomy":"product_tag","embeddable":true,"href":"https:\/\/galicianparts.com\/shop\/wp-json\/wp\/v2\/product_tag?post=92832"}],"curies":[{"name":"wp","href":"https:\/\/api.w.org\/{rel}","templated":true}]}}