{"id":92930,"date":"2024-10-17T09:07:37","date_gmt":"2024-10-17T07:07:37","guid":{"rendered":"https:\/\/galicianparts.com\/shop\/producto\/7603330-latiguillo-freno-trasero-fiat-punto-gt-barchetta-punto-lancia-ypsilon-original\/"},"modified":"2025-09-22T20:53:55","modified_gmt":"2025-09-22T18:53:55","slug":"7603330-latiguillo-freno-trasero-fiat-punto-gt-barchetta-punto-lancia-ypsilon-original","status":"publish","type":"product","link":"https:\/\/galicianparts.com\/shop\/producto\/7603330-latiguillo-freno-trasero-fiat-punto-gt-barchetta-punto-lancia-ypsilon-original\/","title":{"rendered":"7603330 Latiguillo freno central Fiat Punto GT \/Barchetta \/P\u00fbnto \/Lancia Ypsilon ORIGINAL"},"content":{"rendered":"<p>Tubo de freno trasero de:<br \/>\nM\u00e9trica macho: 10\u00d71<br \/>\nM\u00e9trica hembra: 10\u00d71<br \/>\nLargo: 170 mm<\/p>\n<p>FIAT &#8211; PK BARCHETTA (1995-2004)<br \/>\nFIAT &#8211; 1F MULTIPLA (1998-2010)<br \/>\nFIAT &#8211; 1F MULTIPLA (1998-2010) ANTISKID \/ IZDA. \/ ELX<br \/>\nFIAT &#8211; 1F MULTIPLA (1998-2010) ANTISKID \/ SX MY 2002 \/ ELX MY 2002 \/ ACTIVE\u00a0FLP\u00a02004 \/ DYNAMIC\u00a0FLP\u00a02004 \/ ACTIVE\u00a0MT\u00a02006 \/ DYNAMIC\u00a0MY\u00a02006<br \/>\nFIAT &#8211; 1F MULTIPLA (1998-2010) CONTROL DIN\u00c1MICO DEL VEH\u00cdCULO<br \/>\nFIAT &#8211; NV PUNTO 55-60-75-90 (1993-1997)<br \/>\nFIAT &#8211; 1A PUNTO BZ. GAMMA &#8217;97 (1997-1999)<br \/>\nFIAT &#8211; PF PUNTO CABRIO (1994-1997)<br \/>\nFIAT &#8211; PF PUNTO CABRIO (1994-1997) ANTISKID<br \/>\nFIAT &#8211; 1C PUNTO CABRIO GAMMA&#8217;97 (1997-2000)<br \/>\nFIAT &#8211; NX PUNTO D-TD (1993-1997)<br \/>\nFIAT &#8211; NW PUNTO GT (1993-1997)<br \/>\nFIAT &#8211; 1B PUNTO TB.DS. GAMMA&#8217;97 (1997-1999)<br \/>\nFIAT &#8211; 1D UNO MONDO (1995-2010) 1242 SPI CF2 \/ 1697 DS EM08 \/ INDIA \/ PAKISTAN<br \/>\nLANCIA &#8211; SU Y (1995-2000)<br \/>\nLANCIA &#8211; TA Y FL.2000 (2000-2003)<br \/>\nLANCIA &#8211; TA Y FL.2000 (2000-2003) ANTISKID<\/p>\n<p>LA PIEZA ES NUEVA Y ORIGINAL.<\/p>\n","protected":false},"excerpt":{"rendered":"<p>Tubo de freno trasero de: M\u00e9trica macho: 10\u00d71 M\u00e9trica hembra: 10\u00d71 Largo: 170 mm FIAT &#8211; PK BARCHETTA (1995-2004) FIAT &#8211; 1F MULTIPLA (1998-2010) FIAT &#8211; 1F MULTIPLA (1998-2010) ANTISKID \/ IZDA. \/ ELX FIAT &#8211; 1F MULTIPLA (1998-2010) ANTISKID \/ SX MY 2002 \/ ELX MY 2002 \/ ACTIVE\u00a0FLP\u00a02004 \/ DYNAMIC\u00a0FLP\u00a02004 \/ ACTIVE\u00a0MT\u00a02006 \/ [&hellip;]<\/p>\n","protected":false},"featured_media":92934,"template":"","meta":{"_seopress_robots_primary_cat":"","_seopress_titles_title":"","_seopress_titles_desc":"","_seopress_robots_index":""},"product_cat":[80,20,21,96,101,114,127],"product_tag":[],"class_list":{"0":"post-92930","1":"product","2":"type-product","3":"status-publish","4":"has-post-thumbnail","6":"product_cat-recambios-fiat-barchetta","7":"product_cat-recambios-fiat","8":"product_cat-recambios-lancia","9":"product_cat-recambios-fiat-multipla","10":"product_cat-recambios-fiat-punto","11":"product_cat-recambios-fiat-uno","12":"product_cat-recambios-lancia-ypsilon","14":"first","15":"outofstock","16":"taxable","17":"shipping-taxable","18":"purchasable","19":"product-type-simple"},"_links":{"self":[{"href":"https:\/\/galicianparts.com\/shop\/wp-json\/wp\/v2\/product\/92930"}],"collection":[{"href":"https:\/\/galicianparts.com\/shop\/wp-json\/wp\/v2\/product"}],"about":[{"href":"https:\/\/galicianparts.com\/shop\/wp-json\/wp\/v2\/types\/product"}],"wp:featuredmedia":[{"embeddable":true,"href":"https:\/\/galicianparts.com\/shop\/wp-json\/wp\/v2\/media\/92934"}],"wp:attachment":[{"href":"https:\/\/galicianparts.com\/shop\/wp-json\/wp\/v2\/media?parent=92930"}],"wp:term":[{"taxonomy":"product_cat","embeddable":true,"href":"https:\/\/galicianparts.com\/shop\/wp-json\/wp\/v2\/product_cat?post=92930"},{"taxonomy":"product_tag","embeddable":true,"href":"https:\/\/galicianparts.com\/shop\/wp-json\/wp\/v2\/product_tag?post=92930"}],"curies":[{"name":"wp","href":"https:\/\/api.w.org\/{rel}","templated":true}]}}