{"id":92953,"date":"2024-10-17T09:59:53","date_gmt":"2024-10-17T07:59:53","guid":{"rendered":"https:\/\/galicianparts.com\/shop\/producto\/1318947080-amortiguador-trasero-fiat-ducato-94-02-citroen-jumper-peugeot-boxer-original\/"},"modified":"2024-10-17T10:06:40","modified_gmt":"2024-10-17T08:06:40","slug":"1318947080-amortiguador-trasero-fiat-ducato-94-02-citroen-jumper-peugeot-boxer-original","status":"publish","type":"product","link":"https:\/\/galicianparts.com\/shop\/producto\/1318947080-amortiguador-trasero-fiat-ducato-94-02-citroen-jumper-peugeot-boxer-original\/","title":{"rendered":"1318947080 Amortiguador trasero Fiat Ducato (94-02) Citro\u00ebn Jumper \/Peugeot Boxer ORIGINAL"},"content":{"rendered":"<p>Amortiguador de presi\u00f3n de gas de la suspensi\u00f3n trasera de:<br \/>\nDi\u00e1metro anclaje: 16 mm<\/p>\n<p>FIAT PROFESSIONAL &#8211; PD DUCATO &#8217;94 BENZINA (1994-2002) CON CAPACIDAD 10Q \/ (PANORAMA 4X2 \/ AMBULANCIA 4X2) \/ FURGON 4X2 \/ CAMIONETA 4X2 \/ COCHE VITRINA 4 X 2<br \/>\nFIAT PROFESSIONAL &#8211; PE DUCATO&#8217;94 DIESEL (1994-2002) CON CAPACIDAD 10Q \/ (PANORAMA 4X2 \/ AMBULANCIA 4X2) \/ FURGON 4X2 \/ CAMIONETA 4X2 \/ COCHE VITRINA 4 X 2<br \/>\nFIAT PROFESSIONAL &#8211; PE DUCATO&#8217;94 DIESEL (1994-2002) CON CAPACIDAD 10Q \/ (PANORAMA 4X4 \/ AMBULANCIA 4X4) \/ COCHE VITRINA 4 X 4<br \/>\nCITROEN &#8211; JUMPER (1994-2002)<br \/>\nPEUGEOT &#8211; BOXER (1994-2002)<\/p>\n<p>LA PIEZA ES NUEVA Y ORIGINAL.<\/p>\n","protected":false},"excerpt":{"rendered":"<p>Amortiguador de presi\u00f3n de gas de la suspensi\u00f3n trasera de: Di\u00e1metro anclaje: 16 mm FIAT PROFESSIONAL &#8211; PD DUCATO &#8217;94 BENZINA (1994-2002) CON CAPACIDAD 10Q \/ (PANORAMA 4X2 \/ AMBULANCIA 4X2) \/ FURGON 4X2 \/ CAMIONETA 4X2 \/ COCHE VITRINA 4 X 2 FIAT PROFESSIONAL &#8211; PE DUCATO&#8217;94 DIESEL (1994-2002) CON CAPACIDAD 10Q \/ (PANORAMA [&hellip;]<\/p>\n","protected":false},"featured_media":92957,"template":"","meta":{"_seopress_robots_primary_cat":"","_seopress_titles_title":"","_seopress_titles_desc":"","_seopress_robots_index":""},"product_cat":[155,23,88,20,137,24],"product_tag":[],"class_list":{"0":"post-92953","1":"product","2":"type-product","3":"status-publish","4":"has-post-thumbnail","6":"product_cat-recambios-peugeot-boxer","7":"product_cat-recambios-citroen","8":"product_cat-recambios-fiat-ducato","9":"product_cat-recambios-fiat","10":"product_cat-recambios-citroen-jumper","11":"product_cat-recambios-peugeot","13":"first","14":"instock","15":"taxable","16":"shipping-taxable","17":"purchasable","18":"product-type-simple"},"_links":{"self":[{"href":"https:\/\/galicianparts.com\/shop\/wp-json\/wp\/v2\/product\/92953"}],"collection":[{"href":"https:\/\/galicianparts.com\/shop\/wp-json\/wp\/v2\/product"}],"about":[{"href":"https:\/\/galicianparts.com\/shop\/wp-json\/wp\/v2\/types\/product"}],"wp:featuredmedia":[{"embeddable":true,"href":"https:\/\/galicianparts.com\/shop\/wp-json\/wp\/v2\/media\/92957"}],"wp:attachment":[{"href":"https:\/\/galicianparts.com\/shop\/wp-json\/wp\/v2\/media?parent=92953"}],"wp:term":[{"taxonomy":"product_cat","embeddable":true,"href":"https:\/\/galicianparts.com\/shop\/wp-json\/wp\/v2\/product_cat?post=92953"},{"taxonomy":"product_tag","embeddable":true,"href":"https:\/\/galicianparts.com\/shop\/wp-json\/wp\/v2\/product_tag?post=92953"}],"curies":[{"name":"wp","href":"https:\/\/api.w.org\/{rel}","templated":true}]}}