{"id":93049,"date":"2024-10-21T10:01:18","date_gmt":"2024-10-21T08:01:18","guid":{"rendered":"https:\/\/galicianparts.com\/shop\/producto\/1336869080-pegatina-presion-neumaticos-16-fiat-ducato-94-citroen-peugeot-original\/"},"modified":"2025-04-03T11:16:26","modified_gmt":"2025-04-03T09:16:26","slug":"1336869080-pegatina-presion-neumaticos-16-fiat-ducato-94-citroen-peugeot-original","status":"publish","type":"product","link":"https:\/\/galicianparts.com\/shop\/producto\/1336869080-pegatina-presion-neumaticos-16-fiat-ducato-94-citroen-peugeot-original\/","title":{"rendered":"1336869080 Pegatina presi\u00f3n neum\u00e1ticos 16\u00b4\u00b4 Fiat Ducato (94-&#8230;) Citro\u00ebn \/Peugeot ORIGINAL"},"content":{"rendered":"<p>Adhesivo de informaci\u00f3n de la presi\u00f3n de los neum\u00e1ticos de:<br \/>\nMedida neum\u00e1tico: 205\/75 &#8211; R16<\/p>\n<p>FIAT &#8211; DUCATO (1994-&#8230;)<br \/>\nCITROEN &#8211; JUMPER (1994-&#8230;)<br \/>\nPEUGEOT &#8211; BOXER (1994-&#8230;)<\/p>\n<p>LA PIEZA ES NUEVA Y ORIGINAL.<\/p>\n","protected":false},"excerpt":{"rendered":"<p>Adhesivo de informaci\u00f3n de la presi\u00f3n de los neum\u00e1ticos de: Medida neum\u00e1tico: 205\/75 &#8211; R16 FIAT &#8211; DUCATO (1994-&#8230;) CITROEN &#8211; JUMPER (1994-&#8230;) PEUGEOT &#8211; BOXER (1994-&#8230;) LA PIEZA ES NUEVA Y ORIGINAL.<\/p>\n","protected":false},"featured_media":93051,"template":"","meta":{"_seopress_robots_primary_cat":"","_seopress_titles_title":"","_seopress_titles_desc":"","_seopress_robots_index":""},"product_cat":[155,23,88,20,137,24],"product_tag":[],"class_list":{"0":"post-93049","1":"product","2":"type-product","3":"status-publish","4":"has-post-thumbnail","6":"product_cat-recambios-peugeot-boxer","7":"product_cat-recambios-citroen","8":"product_cat-recambios-fiat-ducato","9":"product_cat-recambios-fiat","10":"product_cat-recambios-citroen-jumper","11":"product_cat-recambios-peugeot","13":"first","14":"instock","15":"taxable","16":"shipping-taxable","17":"purchasable","18":"product-type-simple"},"_links":{"self":[{"href":"https:\/\/galicianparts.com\/shop\/wp-json\/wp\/v2\/product\/93049"}],"collection":[{"href":"https:\/\/galicianparts.com\/shop\/wp-json\/wp\/v2\/product"}],"about":[{"href":"https:\/\/galicianparts.com\/shop\/wp-json\/wp\/v2\/types\/product"}],"wp:featuredmedia":[{"embeddable":true,"href":"https:\/\/galicianparts.com\/shop\/wp-json\/wp\/v2\/media\/93051"}],"wp:attachment":[{"href":"https:\/\/galicianparts.com\/shop\/wp-json\/wp\/v2\/media?parent=93049"}],"wp:term":[{"taxonomy":"product_cat","embeddable":true,"href":"https:\/\/galicianparts.com\/shop\/wp-json\/wp\/v2\/product_cat?post=93049"},{"taxonomy":"product_tag","embeddable":true,"href":"https:\/\/galicianparts.com\/shop\/wp-json\/wp\/v2\/product_tag?post=93049"}],"curies":[{"name":"wp","href":"https:\/\/api.w.org\/{rel}","templated":true}]}}