{"id":93068,"date":"2024-10-22T09:32:28","date_gmt":"2024-10-22T07:32:28","guid":{"rendered":"https:\/\/galicianparts.com\/shop\/producto\/75491289-sensor-marcha-atras-cambio-fiat-ducato-82-90-citroen-cx-mehari-original\/"},"modified":"2026-03-03T19:17:10","modified_gmt":"2026-03-03T17:17:10","slug":"75491289-sensor-marcha-atras-cambio-fiat-ducato-82-90-citroen-cx-mehari-original","status":"publish","type":"product","link":"https:\/\/galicianparts.com\/shop\/producto\/75491289-sensor-marcha-atras-cambio-fiat-ducato-82-90-citroen-cx-mehari-original\/","title":{"rendered":"75491289 Sensor marcha atr\u00e1s cambio Fiat Ducato (82-90) Citro\u00ebn CX \/Mehari ORIGINAL"},"content":{"rendered":"<p>Electrov\u00e1lvula, interruptor del indicador de la marcha atr\u00e1s de la caja de cambios de:<br \/>\nM\u00e9trica: 12&#215;1<\/p>\n<p>FIAT Ducato I Furg\u00f3n (280)<br \/>\n1.8, A\u00f1o 01.1982 &#8211; 10.1988, 1783 ccm, 67 cv<br \/>\n1.9 D, A\u00f1o 01.1988 &#8211; 08.1990, 1929 ccm, 71 cv<br \/>\n1.9 TD, A\u00f1o 03.1989 &#8211; 08.1990, 1929 ccm, 82 cv<br \/>\n2.0, A\u00f1o 01.1982 &#8211; 08.1990, 1971 ccm, 79 cv<br \/>\nFIAT Ducato I (280)<br \/>\n1.9 D, A\u00f1o 02.1987 &#8211; 08.1990, 1929 ccm, 71 cv<br \/>\n1.9 TD, A\u00f1o 03.1989 &#8211; 08.1990, 1929 ccm, 82 cv<br \/>\n2.5 D, A\u00f1o 01.1986 &#8211; 08.1990, 2500 ccm, 75 cv<\/p>\n<p>CITRO\u00cbN CX I Hatchback<br \/>\n2.0, A\u00f1o 06.1979 &#8211; 08.1985, 1995 ccm, 106 cv<br \/>\n2500 D, A\u00f1o 02.1978 &#8211; 06.1982, 2499 ccm, 75 cv<br \/>\nCITRO\u00cbN M\u00e9hari Cabrio<br \/>\n0.6, A\u00f1o 05.1968 &#8211; 10.1979, 602 ccm, 26 cv<\/p>\n<p>LA PIEZA ES NUEVA Y ORIGINAL.<\/p>\n","protected":false},"excerpt":{"rendered":"<p>Electrov\u00e1lvula, interruptor del indicador de la marcha atr\u00e1s de la caja de cambios de: M\u00e9trica: 12&#215;1 FIAT Ducato I Furg\u00f3n (280) 1.8, A\u00f1o 01.1982 &#8211; 10.1988, 1783 ccm, 67 cv 1.9 D, A\u00f1o 01.1988 &#8211; 08.1990, 1929 ccm, 71 cv 1.9 TD, A\u00f1o 03.1989 &#8211; 08.1990, 1929 ccm, 82 cv 2.0, A\u00f1o 01.1982 &#8211; 08.1990, [&hellip;]<\/p>\n","protected":false},"featured_media":93071,"template":"","meta":{"_seopress_robots_primary_cat":"","_seopress_titles_title":"","_seopress_titles_desc":"","_seopress_robots_index":""},"product_cat":[23,136,88,20,391],"product_tag":[],"class_list":{"0":"post-93068","1":"product","2":"type-product","3":"status-publish","4":"has-post-thumbnail","6":"product_cat-recambios-citroen","7":"product_cat-recambios-citroen-cx","8":"product_cat-recambios-fiat-ducato","9":"product_cat-recambios-fiat","10":"product_cat-recambios-citroen-mehari","12":"first","13":"instock","14":"taxable","15":"shipping-taxable","16":"purchasable","17":"product-type-simple"},"_links":{"self":[{"href":"https:\/\/galicianparts.com\/shop\/wp-json\/wp\/v2\/product\/93068"}],"collection":[{"href":"https:\/\/galicianparts.com\/shop\/wp-json\/wp\/v2\/product"}],"about":[{"href":"https:\/\/galicianparts.com\/shop\/wp-json\/wp\/v2\/types\/product"}],"wp:featuredmedia":[{"embeddable":true,"href":"https:\/\/galicianparts.com\/shop\/wp-json\/wp\/v2\/media\/93071"}],"wp:attachment":[{"href":"https:\/\/galicianparts.com\/shop\/wp-json\/wp\/v2\/media?parent=93068"}],"wp:term":[{"taxonomy":"product_cat","embeddable":true,"href":"https:\/\/galicianparts.com\/shop\/wp-json\/wp\/v2\/product_cat?post=93068"},{"taxonomy":"product_tag","embeddable":true,"href":"https:\/\/galicianparts.com\/shop\/wp-json\/wp\/v2\/product_tag?post=93068"}],"curies":[{"name":"wp","href":"https:\/\/api.w.org\/{rel}","templated":true}]}}