{"id":93073,"date":"2024-10-22T09:48:48","date_gmt":"2024-10-22T07:48:48","guid":{"rendered":"https:\/\/galicianparts.com\/shop\/producto\/5934064-sensor-temperatura-ventilador-radiador-fiat-ritmo-ducato-seat-131-original\/"},"modified":"2024-12-16T12:59:17","modified_gmt":"2024-12-16T10:59:17","slug":"5934064-sensor-temperatura-ventilador-radiador-fiat-ritmo-ducato-seat-131-original","status":"publish","type":"product","link":"https:\/\/galicianparts.com\/shop\/producto\/5934064-sensor-temperatura-ventilador-radiador-fiat-ritmo-ducato-seat-131-original\/","title":{"rendered":"5934064 Sensor temperatura ventilador radiador Fiat Ritmo \/Ducato \/Seat 131 ORIGINAL"},"content":{"rendered":"<p>Electrov\u00e1lvula de la temperatura del refrigerante del radiador del motor de:<br \/>\nM\u00e9trica: 22<br \/>\nAncho de llave: 29 mm<\/p>\n<p>FIAT Ritmo I Hatchback (138)<br \/>\n1.7 Diesel, A\u00f1o 10.1979 &#8211; 09.1982, 1714 ccm, 55 cv<br \/>\nFIAT Argenta (132)<br \/>\n2.5 Di\u00e9sel, A\u00f1o 06.1981 &#8211; 11.1985, 2445 ccm, 72 cv<br \/>\n2.5 Turbodiesel, A\u00f1o 07.1983 &#8211; 08.1985, 2445 ccm, 90 cv<br \/>\nFIAT Ducato I (290)<br \/>\n1.9 D, A\u00f1o 07.1990 &#8211; 03.1994, 1929 ccm, 71 cv<br \/>\n1.9 TD, A\u00f1o 07.1990 &#8211; 03.1994, 1929 ccm, 82 cv<br \/>\n2.5 D, A\u00f1o 07.1990 &#8211; 03.1994, 2500 ccm, 75 cv<br \/>\n2.5 D 4&#215;4, A\u00f1o 07.1990 &#8211; 03.1994, 2500 ccm, 75 cv<br \/>\n2.5 TD, A\u00f1o 06.1990 &#8211; 05.1994, 2499 ccm, 95 cv<br \/>\n2.5 TD 4&#215;4, A\u00f1o 01.1991 &#8211; 03.1994, 2500 ccm, 95 cv<br \/>\n2.5 TD 4&#215;4, A\u00f1o 06.1990 &#8211; 05.1994, 2499 ccm, 95 cv<br \/>\nFIAT Ducato I (280)<br \/>\n1.9 D, A\u00f1o 01.1988 &#8211; 08.1990, 1929 ccm, 71 cv<br \/>\n1.9 TD, A\u00f1o 03.1989 &#8211; 08.1990, 1929 ccm, 82 cv<br \/>\n2.4 D, A\u00f1o 01.1982 &#8211; 08.1990, 2428 ccm, 72 cv<br \/>\n2.5 D, A\u00f1o 01.1982 &#8211; 08.1990, 2500 ccm, 75 cv<br \/>\nFIAT Ducato I Cami\u00f3n de plataforma\/Chasis (290)<br \/>\n1.9 D, A\u00f1o 06.1990 &#8211; 05.1994, 1929 ccm, 69 cv<br \/>\n1.9 TD, A\u00f1o 03.1989 &#8211; 03.1994, 1929 ccm, 82 cv<br \/>\n2.5 D, A\u00f1o 03.1989 &#8211; 03.1994, 2500 ccm, 75 cv<br \/>\n2.5 D 4&#215;4, A\u00f1o 07.1990 &#8211; 03.1994, 2500 ccm, 75 cv<br \/>\n2.5 TD, A\u00f1o 07.1990 &#8211; 03.1994, 2500 ccm, 95 cv<br \/>\n2.5 TD 4&#215;4, A\u00f1o 07.1990 &#8211; 03.1994, 2500 ccm, 95 cv<br \/>\nFIAT Nuova Campagnola<br \/>\n2.4 D, A\u00f1o 06.1974 &#8211; 10.1989, 2445 ccm, 72 cv<br \/>\nFIAT Talento Furg\u00f3n (290)<br \/>\n1.9 D, A\u00f1o 03.1989 &#8211; 03.1994, 1929 ccm, 71 cv<\/p>\n<p>SEAT 131 Sed\u00e1n<br \/>\n2.4 Di\u00e9sel, A\u00f1o 06.1978 &#8211; 12.1986, 2445 ccm, 72 cv<\/p>\n<p>CITRO\u00cbN C25 Bus<br \/>\n1.8, A\u00f1o 11.1981 &#8211; 01.1994, 1796 ccm, 68 cv<br \/>\n1.8 E, A\u00f1o 07.1987 &#8211; 02.1994, 1796 ccm, 69 cv<br \/>\n1.9 D, A\u00f1o 07.1987 &#8211; 02.1994, 1905 ccm, 69 cv<br \/>\n1.9 TD, A\u00f1o 04.1992 &#8211; 02.1994, 1930 ccm, 82 cv<br \/>\n2.0, A\u00f1o 02.1991 &#8211; 02.1994, 1971 ccm, 84 cv<br \/>\n2.0 E, A\u00f1o 09.1981 &#8211; 02.1994, 1971 ccm, 79 cv<br \/>\n2.5 D, A\u00f1o 10.1985 &#8211; 02.1994, 2498 ccm, 73 cv<br \/>\n2.5 D, A\u00f1o 11.1981 &#8211; 01.1994, 2498 ccm, 75 cv<br \/>\n2.5 D 4&#215;4, A\u00f1o 01.1987 &#8211; 02.1994, 2498 ccm, 73 cv<br \/>\n2.5 D Turbo, A\u00f1o 08.1987 &#8211; 02.1994, 2500 ccm, 95 cv<br \/>\n2.5 D Turbo 4&#215;4, A\u00f1o 08.1987 &#8211; 02.1994, 2500 ccm, 95 cv<br \/>\nCITRO\u00cbN C25 Furg\u00f3n<br \/>\n1.8, A\u00f1o 11.1981 &#8211; 01.1994, 1796 ccm, 68 cv<br \/>\n1.9 D 1400, A\u00f1o 01.1988 &#8211; 01.1994, 1905 ccm, 69 cv<br \/>\n2.0, A\u00f1o 11.1981 &#8211; 12.1986, 1971 ccm, 78 cv<br \/>\n2.0, A\u00f1o 02.1991 &#8211; 03.1994, 1971 ccm, 84 cv<br \/>\n2.0 E, A\u00f1o 09.1981 &#8211; 03.1994, 1971 ccm, 79 cv<br \/>\n2.5 D, A\u00f1o 11.1981 &#8211; 01.1994, 2498 ccm, 75 cv<br \/>\n2.5 D 4&#215;4, A\u00f1o 11.1983 &#8211; 12.1986, 2498 ccm, 75 cv<br \/>\n2.5 DT, A\u00f1o 08.1991 &#8211; 01.1994, 2498 ccm, 95 cv<br \/>\n2.5 DT 4&#215;4, A\u00f1o 08.1991 &#8211; 01.1994, 2498 ccm, 95 cv<br \/>\nCITRO\u00cbN C25 Cami\u00f3n de plataforma\/Chasis<br \/>\n1.9 DT, A\u00f1o 10.1991 &#8211; 01.1994, 1929 ccm, 82 cv<br \/>\n2.0, A\u00f1o 11.1981 &#8211; 12.1986, 1971 ccm, 78 cv<br \/>\n2.0, A\u00f1o 01.1987 &#8211; 03.1994, 1971 ccm, 84 cv<br \/>\n2.5 D, A\u00f1o 11.1983 &#8211; 01.1994, 2498 ccm, 75 cv<br \/>\n2.5 DT, A\u00f1o 01.1987 &#8211; 01.1994, 2498 ccm, 95 cv<\/p>\n<p>PEUGEOT J5 (290)<br \/>\n1.9 D, A\u00f1o 10.1990 &#8211; 02.1994, 1905 ccm, 70 cv<br \/>\n2.5 D, A\u00f1o 10.1990 &#8211; 02.1994, 2500 ccm, 73 cv<br \/>\n2.5 D 4&#215;4, A\u00f1o 10.1990 &#8211; 02.1994, 2500 ccm, 73 cv<br \/>\n2.5 TD, A\u00f1o 10.1990 &#8211; 02.1994, 2500 ccm, 95 cv<br \/>\n2.5 TD 4&#215;4, A\u00f1o 10.1990 &#8211; 02.1994, 2500 ccm, 95 cv<br \/>\nPEUGEOT J5 (280)<br \/>\n2.5 D, A\u00f1o 09.1981 &#8211; 09.1990, 2500 ccm, 73 cv<br \/>\n2.5 D 4&#215;4, A\u00f1o 09.1981 &#8211; 08.1990, 2498 ccm, 73 cv<br \/>\n2.5 DT, A\u00f1o 09.1981 &#8211; 08.1990, 2498 ccm, 95 cv<\/p>\n<p>LA PIEZA ES NUEVA Y ORIGINAL.<\/p>\n","protected":false},"excerpt":{"rendered":"<p>Electrov\u00e1lvula de la temperatura del refrigerante del radiador del motor de: M\u00e9trica: 22 Ancho de llave: 29 mm FIAT Ritmo I Hatchback (138) 1.7 Diesel, A\u00f1o 10.1979 &#8211; 09.1982, 1714 ccm, 55 cv FIAT Argenta (132) 2.5 Di\u00e9sel, A\u00f1o 06.1981 &#8211; 11.1985, 2445 ccm, 72 cv 2.5 Turbodiesel, A\u00f1o 07.1983 &#8211; 08.1985, 2445 ccm, 90 [&hellip;]<\/p>\n","protected":false},"featured_media":93075,"template":"","meta":{"_seopress_robots_primary_cat":"","_seopress_titles_title":"","_seopress_titles_desc":"","_seopress_robots_index":""},"product_cat":[199,79,132,83,23,88,20,157,24,103,26,110],"product_tag":[],"class_list":{"0":"post-93073","1":"product","2":"type-product","3":"status-publish","4":"has-post-thumbnail","6":"product_cat-recambios-seat-131","7":"product_cat-recambios-fiat-argenta","8":"product_cat-recambios-citroen-c25","9":"product_cat-recambios-fiat-campagnola","10":"product_cat-recambios-citroen","11":"product_cat-recambios-fiat-ducato","12":"product_cat-recambios-fiat","13":"product_cat-recambios-peugeot-j5","14":"product_cat-recambios-peugeot","15":"product_cat-recambios-fiat-ritmo","16":"product_cat-recambios-seat","17":"product_cat-recambios-fiat-talento","19":"first","20":"outofstock","21":"taxable","22":"shipping-taxable","23":"purchasable","24":"product-type-simple"},"_links":{"self":[{"href":"https:\/\/galicianparts.com\/shop\/wp-json\/wp\/v2\/product\/93073"}],"collection":[{"href":"https:\/\/galicianparts.com\/shop\/wp-json\/wp\/v2\/product"}],"about":[{"href":"https:\/\/galicianparts.com\/shop\/wp-json\/wp\/v2\/types\/product"}],"wp:featuredmedia":[{"embeddable":true,"href":"https:\/\/galicianparts.com\/shop\/wp-json\/wp\/v2\/media\/93075"}],"wp:attachment":[{"href":"https:\/\/galicianparts.com\/shop\/wp-json\/wp\/v2\/media?parent=93073"}],"wp:term":[{"taxonomy":"product_cat","embeddable":true,"href":"https:\/\/galicianparts.com\/shop\/wp-json\/wp\/v2\/product_cat?post=93073"},{"taxonomy":"product_tag","embeddable":true,"href":"https:\/\/galicianparts.com\/shop\/wp-json\/wp\/v2\/product_tag?post=93073"}],"curies":[{"name":"wp","href":"https:\/\/api.w.org\/{rel}","templated":true}]}}