{"id":93111,"date":"2024-10-22T12:18:18","date_gmt":"2024-10-22T10:18:18","guid":{"rendered":"https:\/\/galicianparts.com\/shop\/producto\/5959962-ventilador-calefaccion-fiat-uno-45-mk1-nuevo-original-gate\/"},"modified":"2025-07-03T14:23:56","modified_gmt":"2025-07-03T12:23:56","slug":"5959962-ventilador-calefaccion-fiat-uno-45-mk1-nuevo-original-gate","status":"publish","type":"product","link":"https:\/\/galicianparts.com\/shop\/producto\/5959962-ventilador-calefaccion-fiat-uno-45-mk1-nuevo-original-gate\/","title":{"rendered":"5959962 Ventilador calefacci\u00f3n Fiat Uno 45 MK1 NUEVO ORIGINAL GATE"},"content":{"rendered":"<p>Motor el\u00e9ctrico de la calefacci\u00f3n de:<br \/>\nVoltaje: 12V<br \/>\nVelocidades: 1<br \/>\nDi\u00e1metro: 180 mm<\/p>\n<p>FIAT &#8211; UNO 45 (1983-1989)<\/p>\n<p>LA PIEZA ES NUEVA Y ORIGINAL GATE.<\/p>\n","protected":false},"excerpt":{"rendered":"<p>Motor el\u00e9ctrico de la calefacci\u00f3n de: Voltaje: 12V Velocidades: 1 Di\u00e1metro: 180 mm FIAT &#8211; UNO 45 (1983-1989) LA PIEZA ES NUEVA Y ORIGINAL GATE.<\/p>\n","protected":false},"featured_media":93114,"template":"","meta":{"_seopress_robots_primary_cat":"","_seopress_titles_title":"","_seopress_titles_desc":"","_seopress_robots_index":""},"product_cat":[20,114],"product_tag":[],"class_list":{"0":"post-93111","1":"product","2":"type-product","3":"status-publish","4":"has-post-thumbnail","6":"product_cat-recambios-fiat","7":"product_cat-recambios-fiat-uno","9":"first","10":"outofstock","11":"taxable","12":"shipping-taxable","13":"purchasable","14":"product-type-simple"},"_links":{"self":[{"href":"https:\/\/galicianparts.com\/shop\/wp-json\/wp\/v2\/product\/93111"}],"collection":[{"href":"https:\/\/galicianparts.com\/shop\/wp-json\/wp\/v2\/product"}],"about":[{"href":"https:\/\/galicianparts.com\/shop\/wp-json\/wp\/v2\/types\/product"}],"wp:featuredmedia":[{"embeddable":true,"href":"https:\/\/galicianparts.com\/shop\/wp-json\/wp\/v2\/media\/93114"}],"wp:attachment":[{"href":"https:\/\/galicianparts.com\/shop\/wp-json\/wp\/v2\/media?parent=93111"}],"wp:term":[{"taxonomy":"product_cat","embeddable":true,"href":"https:\/\/galicianparts.com\/shop\/wp-json\/wp\/v2\/product_cat?post=93111"},{"taxonomy":"product_tag","embeddable":true,"href":"https:\/\/galicianparts.com\/shop\/wp-json\/wp\/v2\/product_tag?post=93111"}],"curies":[{"name":"wp","href":"https:\/\/api.w.org\/{rel}","templated":true}]}}