{"id":93129,"date":"2024-10-22T13:08:59","date_gmt":"2024-10-22T11:08:59","guid":{"rendered":"https:\/\/galicianparts.com\/shop\/producto\/7903070005-chaveta-arbol-levas-y-ciguenal-fiat-ducato-scudo-lancia-citroen-peugeot-original\/"},"modified":"2026-02-11T14:40:10","modified_gmt":"2026-02-11T12:40:10","slug":"7903070005-chaveta-arbol-levas-y-ciguenal-fiat-ducato-scudo-lancia-citroen-peugeot-original","status":"publish","type":"product","link":"https:\/\/galicianparts.com\/shop\/producto\/7903070005-chaveta-arbol-levas-y-ciguenal-fiat-ducato-scudo-lancia-citroen-peugeot-original\/","title":{"rendered":"7903070005 Chaveta \u00e1rbol levas y cig\u00fce\u00f1al Fiat Ducato \/Scudo \/Lancia \/Citroen \/Peugeot ORIGINAL"},"content":{"rendered":"<p>Chaveta del \u00e1rbol de levas y del cig\u00fce\u00f1al de:<br \/>\nLargo: 13 mm<br \/>\nAlto: 7 mm<br \/>\nEspesor: 6 mm<\/p>\n<p>FIAT &#8211; 2F NUOVO ULYSSE (2001-2010) 2000 BZ 16V<br \/>\nFIAT &#8211; 2F NUOVO ULYSSE (2001-2010) 2000 JTD 16V \/ 2000 JTD 16 V CON INSTALACION FAP \/ 2000\u00a0JTD\u00a016V\u00a0EURO\u00a04 \/ 2000\u00a0JTD\u00a016V\u00a0136\u00a0CV\/100KW\u00a0C.M.<br \/>\nFIAT &#8211; 2F NUOVO ULYSSE (2001-2010) 2200 JTD 16V<br \/>\nFIAT &#8211; 2F NUOVO ULYSSE (2001-2010) 3000 BZ V6<br \/>\nFIAT &#8211; 2F NUOVO ULYSSE (2001-2010) 2200 UNIJET TURBO DIESEL 16V EURO04 C.M. \/ 2200 UNIJET TURBO DIESEL 16V EUR04 AUTOM \/ 2200 JTD 16V EURO4 AUTOMATIC TRANSMISSIO<br \/>\nFIAT &#8211; PG ULYSSE (1994-2002) 2000 IE \/ 2000 IE TB<br \/>\nFIAT &#8211; PG ULYSSE (1994-2002) 1905 T.D.EM.08 \/ 1905 T.D.USA 87 \/ 1905 T.D. CEE FASE 2<br \/>\nFIAT &#8211; PG ULYSSE (1994-2002) 1750 I.E. CEE FASE 2<br \/>\nFIAT &#8211; PG ULYSSE (1994-2002) 2000 I.E. CF2 16V<br \/>\nFIAT &#8211; PG ULYSSE (1994-2002) 2000 BZ 16V CEE F3<br \/>\nFIAT &#8211; PG ULYSSE (1994-2002) 2000 JTD 16V CF3<br \/>\nFIAT &#8211; PG ULYSSE (1994-2002) 2000 JTD 8V CF2<br \/>\nLANCIA &#8211; SK \u00abZ\u00bb (1994-2002) 2000 I.E. TB.<br \/>\nLANCIA &#8211; SK \u00abZ\u00bb (1994-2002) 2000 JTD 8V CF2<br \/>\nLANCIA &#8211; SK \u00abZ\u00bb (1994-2002) 2000 BZ 16V CEE F3<br \/>\nLANCIA &#8211; SK \u00abZ\u00bb (1994-2002) 2000 JTD 16V CF3<br \/>\nLANCIA &#8211; TC PHEDRA (2001-2010) 2000 BZ 16V<br \/>\nLANCIA &#8211; TC PHEDRA (2001-2010) 2000 JTD 16V \/ 2000 JTD 16V CON INSTALACI\u00d3N FAP \/ 2000\u00a0JTD\u00a016V\u00a0EURO\u00a04 \/ 2000 JTD 16V 136 HP C.M.<br \/>\nLANCIA &#8211; TC PHEDRA (2001-2010) 2200 JTD 16V<br \/>\nLANCIA &#8211; TC PHEDRA (2001-2010) 3000 BZ V6<br \/>\nLANCIA &#8211; TC PHEDRA (2001-2010) 2200 UNIJET TURBO DIESEL 16V EURO04 C.M. \/ 2200 UNIJET TURBO DIESEL 16V EUR04 AUTOM \/ 2200 JTD 16V EURO4 AUTOMATIC TRANSMISSIO<br \/>\nLANCIA &#8211; SZ THEMA R.88 (1988-1992) 2850 6V<br \/>\nFIAT PROFESSIONAL &#8211; PD DUCATO &#8217;94 BENZINA (1994-2002)<br \/>\nFIAT PROFESSIONAL &#8211; ND DUCATO 4X4 R.90 (1990-1994) 2000 BENZINA<br \/>\nFIAT PROFESSIONAL &#8211; 2E DUCATO RESTYL. (2001-2006) 2000 BZ MPI CF3 \/ 2000 GASOLINA MPI CF3 DECAT.<br \/>\nFIAT PROFESSIONAL &#8211; 2E DUCATO RESTYL. (2001-2006) 2000 JTD DW 10<br \/>\nFIAT PROFESSIONAL &#8211; PE DUCATO&#8217;94 DIESEL (1994-2002) 2000 JTD EGR<br \/>\nFIAT PROFESSIONAL &#8211; NB NUOVO DUCATO BZ R.90 (1990-1994)<br \/>\nFIAT PROFESSIONAL &#8211; 3H NUOVO SCUDO (2007-&#8230;.) 2000\u00a0JTD\u00a0120\u00a0CV\/88KW\u00a0E4 \/ 2000\u00a0JTD\u00a0140\u00a0CV\/103KW\u00a0E4 \/ 2000\u00a0JTD\u00a0120CV\u00a0\/\u00a088KW\u00a0FAP\u00a0E4<br \/>\nFIAT PROFESSIONAL &#8211; PL SCUDO (1995-2004) 1905 DS \/ 1905 TURBO DS EM.09 \/ 1905 TURBO DS CEE FASE 2<br \/>\nFIAT PROFESSIONAL &#8211; PL SCUDO (1995-2004) 1867 DS CF2 \/ 1867 DS CF3<br \/>\nFIAT PROFESSIONAL &#8211; PL SCUDO (1995-2004) 2000 JTD 110CV 8V CF2 \/ 2000 JTD 95CV 8V CF2 \/ 2000 JTD 110CV 8V CF3 \/ 2000 JTD 95CV 8V CF3<br \/>\nFIAT PROFESSIONAL &#8211; PL SCUDO (1995-2004) 2000 BZ 16V CEE F3<br \/>\nFIAT PROFESSIONAL &#8211; PL SCUDO (1995-2004) 2000 JTD 110CV 16V CF3<br \/>\nFIAT PROFESSIONAL &#8211; 2X SCUDO FL.2004 (2004-2006) 1867 DS CF3<br \/>\nFIAT PROFESSIONAL &#8211; 2X SCUDO FL.2004 (2004-2006) 2000 JTD 110CV 8V CF3 \/ 2000 JTD 95CV 8V CF3<br \/>\nFIAT PROFESSIONAL &#8211; 2X SCUDO FL.2004 (2004-2006) 2000 JTD 110CV 16V CF3<br \/>\nFIAT PROFESSIONAL &#8211; NC TALENTO R.90 (1990-1994) GASOLINA<br \/>\nCITROEN &#8211; JUMPY (1995-&#8230;)<br \/>\nCITROEN &#8211; JUMPER (1994-2002)<br \/>\nCITROEN &#8211; C25 SEGUNDA SERIE<br \/>\nPEUGEOT &#8211; EXPERT (1995-&#8230;)<br \/>\nPEUGEOT &#8211; BOXER (1994-2002)<br \/>\nPEUGEOT &#8211; J5 SEGUNDA SERIE<br \/>\nCITROEN \u2013 EVASION (1995-2006)<br \/>\nPEUGEOT \u2013 806 (1995-2006)<\/p>\n<p>LA PIEZA ES NUEVA Y ORIGINAL.<\/p>\n","protected":false},"excerpt":{"rendered":"<p>Chaveta del \u00e1rbol de levas y del cig\u00fce\u00f1al de: Largo: 13 mm Alto: 7 mm Espesor: 6 mm FIAT &#8211; 2F NUOVO ULYSSE (2001-2010) 2000 BZ 16V FIAT &#8211; 2F NUOVO ULYSSE (2001-2010) 2000 JTD 16V \/ 2000 JTD 16 V CON INSTALACION FAP \/ 2000\u00a0JTD\u00a016V\u00a0EURO\u00a04 \/ 2000\u00a0JTD\u00a016V\u00a0136\u00a0CV\/100KW\u00a0C.M. FIAT &#8211; 2F NUOVO ULYSSE (2001-2010) 2200 [&hellip;]<\/p>\n","protected":false},"featured_media":93132,"template":"","meta":{"_seopress_robots_primary_cat":"","_seopress_titles_title":"","_seopress_titles_desc":"","_seopress_robots_index":""},"product_cat":[189,155,132,23,88,188,156,20,157,137,138,21,24,122,104,110,124,113,128],"product_tag":[],"class_list":{"0":"post-93129","1":"product","2":"type-product","3":"status-publish","4":"has-post-thumbnail","6":"product_cat-recambios-peugeot-806","7":"product_cat-recambios-peugeot-boxer","8":"product_cat-recambios-citroen-c25","9":"product_cat-recambios-citroen","10":"product_cat-recambios-fiat-ducato","11":"product_cat-recambios-citroen-evasion","12":"product_cat-recambios-peugeot-expert","13":"product_cat-recambios-fiat","14":"product_cat-recambios-peugeot-j5","15":"product_cat-recambios-citroen-jumper","16":"product_cat-recambios-citroen-jumpy","17":"product_cat-recambios-lancia","18":"product_cat-recambios-peugeot","19":"product_cat-recambios-lancia-phedra","20":"product_cat-recambios-fiat-scudo","21":"product_cat-recambios-fiat-talento","22":"product_cat-recambios-lancia-thema","23":"product_cat-recambios-fiat-ulysse","24":"product_cat-recambios-lancia-z","26":"first","27":"instock","28":"taxable","29":"shipping-taxable","30":"purchasable","31":"product-type-simple"},"_links":{"self":[{"href":"https:\/\/galicianparts.com\/shop\/wp-json\/wp\/v2\/product\/93129"}],"collection":[{"href":"https:\/\/galicianparts.com\/shop\/wp-json\/wp\/v2\/product"}],"about":[{"href":"https:\/\/galicianparts.com\/shop\/wp-json\/wp\/v2\/types\/product"}],"wp:featuredmedia":[{"embeddable":true,"href":"https:\/\/galicianparts.com\/shop\/wp-json\/wp\/v2\/media\/93132"}],"wp:attachment":[{"href":"https:\/\/galicianparts.com\/shop\/wp-json\/wp\/v2\/media?parent=93129"}],"wp:term":[{"taxonomy":"product_cat","embeddable":true,"href":"https:\/\/galicianparts.com\/shop\/wp-json\/wp\/v2\/product_cat?post=93129"},{"taxonomy":"product_tag","embeddable":true,"href":"https:\/\/galicianparts.com\/shop\/wp-json\/wp\/v2\/product_tag?post=93129"}],"curies":[{"name":"wp","href":"https:\/\/api.w.org\/{rel}","templated":true}]}}