{"id":93160,"date":"2024-10-23T09:41:25","date_gmt":"2024-10-23T07:41:25","guid":{"rendered":"https:\/\/galicianparts.com\/shop\/producto\/10305171-tapon-carter-m22x15-fiat-croma-2-5-diesel-1990-1996-nuevo-original\/"},"modified":"2026-01-05T19:22:26","modified_gmt":"2026-01-05T17:22:26","slug":"10305171-tapon-carter-m22x15-fiat-croma-2-5-diesel-1990-1996-nuevo-original","status":"publish","type":"product","link":"https:\/\/galicianparts.com\/shop\/producto\/10305171-tapon-carter-m22x15-fiat-croma-2-5-diesel-1990-1996-nuevo-original\/","title":{"rendered":"10305171 Tap\u00f3n c\u00e1rter M22x1,5 Fiat Croma 2.5 Di\u00e9sel (1990-1996) NUEVO ORIGINAL"},"content":{"rendered":"<p>Tornillo de vaciado del aceite del motor de:<br \/>\nM\u00e9trica: 22&#215;1,5<br \/>\nLargo: 21 mm<\/p>\n<p>FIAT &#8211; MJ CROMA TURBO DS FL.90 (1990-1996) 2500 (8144.97) \/ 2500 (8144.97S)<\/p>\n<p>LA PIEZA ES NUEVA Y ORIGINAL.<\/p>\n","protected":false},"excerpt":{"rendered":"<p>Tornillo de vaciado del aceite del motor de: M\u00e9trica: 22&#215;1,5 Largo: 21 mm FIAT &#8211; MJ CROMA TURBO DS FL.90 (1990-1996) 2500 (8144.97) \/ 2500 (8144.97S) LA PIEZA ES NUEVA Y ORIGINAL.<\/p>\n","protected":false},"featured_media":93165,"template":"","meta":{"_seopress_robots_primary_cat":"","_seopress_titles_title":"","_seopress_titles_desc":"","_seopress_robots_index":""},"product_cat":[86,20],"product_tag":[],"class_list":{"0":"post-93160","1":"product","2":"type-product","3":"status-publish","4":"has-post-thumbnail","6":"product_cat-recambios-fiat-croma","7":"product_cat-recambios-fiat","9":"first","10":"instock","11":"taxable","12":"shipping-taxable","13":"purchasable","14":"product-type-simple"},"_links":{"self":[{"href":"https:\/\/galicianparts.com\/shop\/wp-json\/wp\/v2\/product\/93160"}],"collection":[{"href":"https:\/\/galicianparts.com\/shop\/wp-json\/wp\/v2\/product"}],"about":[{"href":"https:\/\/galicianparts.com\/shop\/wp-json\/wp\/v2\/types\/product"}],"wp:featuredmedia":[{"embeddable":true,"href":"https:\/\/galicianparts.com\/shop\/wp-json\/wp\/v2\/media\/93165"}],"wp:attachment":[{"href":"https:\/\/galicianparts.com\/shop\/wp-json\/wp\/v2\/media?parent=93160"}],"wp:term":[{"taxonomy":"product_cat","embeddable":true,"href":"https:\/\/galicianparts.com\/shop\/wp-json\/wp\/v2\/product_cat?post=93160"},{"taxonomy":"product_tag","embeddable":true,"href":"https:\/\/galicianparts.com\/shop\/wp-json\/wp\/v2\/product_tag?post=93160"}],"curies":[{"name":"wp","href":"https:\/\/api.w.org\/{rel}","templated":true}]}}