{"id":93173,"date":"2024-10-23T10:25:01","date_gmt":"2024-10-23T08:25:01","guid":{"rendered":"https:\/\/galicianparts.com\/shop\/producto\/82415465-pack-2-casquillos-palanca-cambio-lancia-delta-evo-thema-fiat-panda-original\/"},"modified":"2024-12-18T13:25:05","modified_gmt":"2024-12-18T11:25:05","slug":"82415465-pack-2-casquillos-palanca-cambio-lancia-delta-evo-thema-fiat-panda-original","status":"publish","type":"product","link":"https:\/\/galicianparts.com\/shop\/producto\/82415465-pack-2-casquillos-palanca-cambio-lancia-delta-evo-thema-fiat-panda-original\/","title":{"rendered":"82415465 Pack 2 casquillos palanca cambio Lancia Delta Evo \/Thema \/Fiat Panda ORIGINAL"},"content":{"rendered":"<p>Juego, set de dos casquillos de pl\u00e1stico de la barra del varillaje de:<br \/>\nDi\u00e1metro interior: 10 mm<br \/>\nDi\u00e1metro exterior: 13 mm<br \/>\nDi\u00e1metro plato: 22 mm<br \/>\nLargo: 10 mm<\/p>\n<p>FIAT &#8211; MZ CROMA CHT FL.90 (1990-1992)<br \/>\nFIAT &#8211; MY CROMA IE-IE TB. FL.90 (1990-1996)<br \/>\nFIAT &#8211; MJ CROMA TURBO DS FL.90 (1990-1996) 1930 (154C6.000) \/ 2500 (8144.97) \/ 2500 (8144.97S)<br \/>\nFIAT &#8211; XR MILLE (1994-1995) 1697 DS<br \/>\nFIAT &#8211; 1T PANDA 4X4 MAQ 91 (1991-2003) 1000 CARB. \/ 1000 SPI USA 83<br \/>\nFIAT &#8211; 2R PANDA 4X4 R\/86 (1985-1991)<br \/>\nFIAT &#8211; MU UNO DIESEL R\/89 (1989-1995) CONDUCCION\u00a0A DERECHA<br \/>\nFIAT &#8211; 1D UNO MONDO (1995-2010) CONDUCCION\u00a0A DERECHA \/ 1000 CARB.<br \/>\nFIAT &#8211; 1D UNO MONDO (1995-2010) CONDUCCION\u00a0A DERECHA \/ 1697 DS EM08<br \/>\nFIAT &#8211; MS UNO R\/89 (1989-1995) CONDUCCION\u00a0A DERECHA \/ CAMBIO AUTOMATICO \/ 1116 \/ 1116 TREND<br \/>\nFIAT &#8211; MS UNO R\/89 (1989-1995) CONDUCCION\u00a0A DERECHA \/ 1370 SPI \/ 1370 SPI USA&#8217;83 \/ 1500 SPI USA&#8217;83<br \/>\nFIAT &#8211; MR UNO R\/89 (1989-1995) CONDUCCION\u00a0A DERECHA \/ 903 \/ 1000 \/ 1108 \/ 1000 DAV.<br \/>\nFIAT &#8211; MR UNO R\/89 (1989-1995) CONDUCCION\u00a0A DERECHA \/ 1000 USA&#8217;83 \/ 1108 USA&#8217;83 (51CV) \/ 1100 USA&#8217;83 (49CV)<br \/>\nFIAT &#8211; MT UNO TURBO R\/89 (1989-1993) CONDUCCION\u00a0A DERECHA<br \/>\nLANCIA &#8211; SA DELTA EVOLUZIONE (1991-1994)<br \/>\nLANCIA &#8211; TB DELTA R.86 (1986-1992) 1100 CARB \/ 1300 CARB \/ 1500 CARB<br \/>\nLANCIA &#8211; TB DELTA R.86 (1986-1992) 1600 MPI \/ 1600 SPI USA 83 \/ 1930 TB\/DS<br \/>\nLANCIA &#8211; TB DELTA R.86 HF TURBO (1986-1992) 1600 MPI TB \/ 1600 MPI TB USA 83<br \/>\nLANCIA &#8211; SZ THEMA BZ\/DS R.88 (1988-1992)<br \/>\nFIAT PROFESSIONAL &#8211; 2M FIORINO (1991-1993) CONDUCCION\u00a0A DERECHA \/ 1116 CARB \/ 1300 CARB<br \/>\nFIAT PROFESSIONAL &#8211; 2M FIORINO (1991-1993) CONDUCCION\u00a0A DERECHA \/ 1300 DS \/ 1697 DS (149 B3) \/ 1697 DS (146 B2) \/ 1697 DS USA &#8217;83<br \/>\nFIAT PROFESSIONAL &#8211; 2N FIORINO RL (1993-2000) 1372 SPI C.F.2 \/ CONDUCCION\u00a0A DERECHA<br \/>\nFIAT PROFESSIONAL &#8211; 2N FIORINO RL (1993-2000) CONDUCCION\u00a0A DERECHA \/ 1301 CARB.<br \/>\nFIAT PROFESSIONAL &#8211; 2N FIORINO RL (1993-2000) CONDUCCION\u00a0A DERECHA \/ 1697 DS \/ 1697 TB\/DS<br \/>\nFIAT PROFESSIONAL &#8211; 2N FIORINO RL (1993-2000) CONDUCCION A\u00a0IZQUIERDA \/ 1372 SPI \/ 1580 SPI \/ 1372 SPI C.F.2 \/ 1580 SPI C.F.2 \/ 1697 DS<br \/>\nFIAT PROFESSIONAL &#8211; 2N FIORINO RL (1993-2000) CONDUCCION\u00a0A DERECHA \/ 1372 SPI C.F.2 \/ 1697 DS<\/p>\n<p>LA PIEZA ES NUEVA Y ORIGINAL.<\/p>\n","protected":false},"excerpt":{"rendered":"<p>Juego, set de dos casquillos de pl\u00e1stico de la barra del varillaje de: Di\u00e1metro interior: 10 mm Di\u00e1metro exterior: 13 mm Di\u00e1metro plato: 22 mm Largo: 10 mm FIAT &#8211; MZ CROMA CHT FL.90 (1990-1992) FIAT &#8211; MY CROMA IE-IE TB. FL.90 (1990-1996) FIAT &#8211; MJ CROMA TURBO DS FL.90 (1990-1996) 1930 (154C6.000) \/ 2500 [&hellip;]<\/p>\n","protected":false},"featured_media":93178,"template":"","meta":{"_seopress_robots_primary_cat":"","_seopress_titles_title":"","_seopress_titles_desc":"","_seopress_robots_index":""},"product_cat":[86,118,89,90,20,91,21,99,124,114],"product_tag":[],"class_list":{"0":"post-93173","1":"product","2":"type-product","3":"status-publish","4":"has-post-thumbnail","6":"product_cat-recambios-fiat-croma","7":"product_cat-recambios-lancia-delta","8":"product_cat-recambios-fiat-duna","9":"product_cat-recambios-fiat-elba","10":"product_cat-recambios-fiat","11":"product_cat-recambios-fiat-fiorino","12":"product_cat-recambios-lancia","13":"product_cat-recambios-fiat-panda","14":"product_cat-recambios-lancia-thema","15":"product_cat-recambios-fiat-uno","17":"first","18":"outofstock","19":"taxable","20":"shipping-taxable","21":"purchasable","22":"product-type-simple"},"_links":{"self":[{"href":"https:\/\/galicianparts.com\/shop\/wp-json\/wp\/v2\/product\/93173"}],"collection":[{"href":"https:\/\/galicianparts.com\/shop\/wp-json\/wp\/v2\/product"}],"about":[{"href":"https:\/\/galicianparts.com\/shop\/wp-json\/wp\/v2\/types\/product"}],"wp:featuredmedia":[{"embeddable":true,"href":"https:\/\/galicianparts.com\/shop\/wp-json\/wp\/v2\/media\/93178"}],"wp:attachment":[{"href":"https:\/\/galicianparts.com\/shop\/wp-json\/wp\/v2\/media?parent=93173"}],"wp:term":[{"taxonomy":"product_cat","embeddable":true,"href":"https:\/\/galicianparts.com\/shop\/wp-json\/wp\/v2\/product_cat?post=93173"},{"taxonomy":"product_tag","embeddable":true,"href":"https:\/\/galicianparts.com\/shop\/wp-json\/wp\/v2\/product_tag?post=93173"}],"curies":[{"name":"wp","href":"https:\/\/api.w.org\/{rel}","templated":true}]}}