{"id":93206,"date":"2024-10-23T12:45:06","date_gmt":"2024-10-23T10:45:06","guid":{"rendered":"https:\/\/galicianparts.com\/shop\/producto\/11616924-set-2-tornillos-m12-fiat-punto-ducato-alfa-33-lancia-ypsilon-original\/"},"modified":"2024-10-23T12:49:16","modified_gmt":"2024-10-23T10:49:16","slug":"11616924-set-2-tornillos-m12-fiat-punto-ducato-alfa-33-lancia-ypsilon-original","status":"publish","type":"product","link":"https:\/\/galicianparts.com\/shop\/producto\/11616924-set-2-tornillos-m12-fiat-punto-ducato-alfa-33-lancia-ypsilon-original\/","title":{"rendered":"11616924 Set 2 tornillos M12 Fiat Punto \/Ducato \/Alfa 33 \/Lancia Ypsilon ORIGINAL"},"content":{"rendered":"<p>Juego, pack de dos tornillos del soporte del taco de motor, r\u00f3tulas de suspensi\u00f3n, soporte barra estabilizadora, asiento, etc&#8230; de:<br \/>\nM\u00e9trica: 12<br \/>\nLargo total: 38 mm<\/p>\n<p>FIAT &#8211; 2S IDEA (2003-2008)  1300\u00a016V\u00a0MJTD\u00a0CF4\u00a070CV\/51KW \/ 1300\u00a016V\u00a0MJTD\u00a0CF4\u00a090CV\/66KW<br \/>\nFIAT &#8211; 4D IDEA (2008-2012) 1100-1199 CC \/ DI\u00c9SEL \/ 1200-1299 CC \/ LIM.CEE FASE 4 \/ 1200-1299 CC \/ LIM.CEE FASE 5 \/ 16 V\u00c1LVULAS \/ 8 V\u00c1LVULAS \/<br \/>\nFIAT &#8211; 1P PUNTO DS (1999-2003)<br \/>\nFIAT &#8211; 2U PUNTO FL.&#8217;03 (2003-2010) 1.8 16V CF4<br \/>\nFIAT &#8211; 2U PUNTO FL.&#8217;03 (2003-2010) 1250\u00a0MJTD\u00a070CV\/51KW<br \/>\nFIAT &#8211; 2U PUNTO FL.&#8217;03 (2003-2010) 1910 JTD 85CV\/63 KW<br \/>\nFIAT &#8211; 1E SEICENTO (1998-2010) AIRE ACONDICIONADO \/ 1108 SPI \/ 1108 MPI<br \/>\nFIAT &#8211; 1D UNO MONDO (1995-2010) AIRE ACONDICIONADO \/ 1242 SPI CF2<br \/>\nALFA ROMEO &#8211; W5 33 CARB.\/DS (1990-1994) 1.2 CARB \/ 1.3 CARB \/ 1.5 CARB<br \/>\nALFA ROMEO &#8211; W6 33 I.E. 8\/16 VALV. (1990-1994) 1.3 8V USA&#8217;83 \/ 1.5 8V \/ 1.5 8V USA&#8217;83 \/ 1.5 8V USA&#8217;83 \/ 1.7 8V \/ 1.7 8V USA&#8217;83 \/ 1.7 8V USA&#8217;83<br \/>\nALFA ROMEO &#8211; W6 33 I.E. 8\/16 VALV. (1990-1994) 1.7 16V-ECE 04 \/ 1.7 16V-USA 83<br \/>\nALFA ROMEO &#8211; W6 33 I.E. 8\/16 VALV. (1990-1994)<br \/>\nLANCIA &#8211; TG MUSA (2004-2007) 1300\u00a016V\u00a0MJTD\u00a0CF4\u00a070CV\/51KW \/ 1300\u00a016V\u00a0MJTD\u00a0CF4\u00a090CV\/66KW<br \/>\nLANCIA &#8211; TJ MUSA (2007-2011) (1200-1299 CC) \/ LIM.CEE FASE 4 \/ (1200-1299 CC) \/ LIM.CEE FASE 5 \/ (1100-1199 CC) \/ DI\u00c9SEL \/ 16 V\u00c1LVULAS \/ 8 V\u00c1LVULAS<br \/>\nLANCIA &#8211; TE YPSILON (2003-2009) 1300\u00a016V\u00a0MJTD\u00a0CF4\u00a070CV\/51KW \/ 1300\u00a016V\u00a0MJTD\u00a0CF4\u00a090CV\/66KW \/ 1300 16V MJTD CF4 75CV\/55KW \/ 1300 16V MJTD CF4 105CV\/77KW<br \/>\nLANCIA &#8211; TI YPSILON (2009-2011) 90 CV. \/ 105 CV. \/ DI\u00c9SEL \/ 75 CV.<br \/>\nFIAT PROFESSIONAL &#8211; 1W DOBLO (2000-2004) 1242 MPI 8V CF3<br \/>\nFIAT PROFESSIONAL &#8211; 1W DOBLO (2000-2004) 1.9 DS CF3 \/ 1910 JTD CF3 \/ 1910 JTD CF3 105 CV<br \/>\nFIAT PROFESSIONAL &#8211; 2W DOBLO MY. 2004 (2004-2005) 1250\u00a0MJTD\u00a051KW<br \/>\nFIAT PROFESSIONAL &#8211; 2W DOBLO MY. 2004 (2004-2005) 1.9\u00a0DS\u00a0ASP\u00a0CF3 \/ 1.9 JTD CF3 105HP<br \/>\nFIAT PROFESSIONAL &#8211; 3C DOBLO REST. 2005 (2005-&#8230;.) 1910\u00a0JTD\u00a08V\u00a0CF4\u00a0105CV\/77KW \/ 1910\u00a0JTD\u00a08V\u00a0CF4\u00a0100CV\/74KW \/ 1910\u00a0JTD\u00a08V\u00a0CF4\u00a0120CV\/88KW<br \/>\nFIAT PROFESSIONAL &#8211; PD DUCATO &#8217;94 BENZINA (1994-2002)<br \/>\nFIAT PROFESSIONAL &#8211; 2E DUCATO RESTYL. (2001-2006) 2000 BZ MPI CF3 \/ 2000 GASOLINA MPI CF3 DECAT.<br \/>\nFIAT PROFESSIONAL &#8211; 2E DUCATO RESTYL. (2001-2006) 2000 JTD DW 10 \/ 2300\u00a0JTD \/ 2300\u00a0JTD\u00a0EGR \/ 2800 JTD \/ 2800 JTD EGR \/ 2800\u00a0JTD\u00a0CGV \/ 2800 TD \/ 2800 TD EGR<br \/>\nFIAT PROFESSIONAL &#8211; 3T DUCATO RUSSIA 2008 (2008-2011) 2300\u00a0JTD \/ 2300\u00a0JTD\u00a0EGR<br \/>\nFIAT PROFESSIONAL &#8211; PE DUCATO&#8217;94 DIESEL (1994-2002)<br \/>\nFIAT PROFESSIONAL &#8211; 2J NUOVO DUCATO 2006 (2006-2014) 100 CV. \/ F1A \/ 120 CV \/ 130\u00a0CV.<br \/>\nFIAT PROFESSIONAL &#8211; 2J NUOVO DUCATO 2006 (2006-2014) GASOLINA \/ METANO \/ 150 CV. COMERCIALES \/ 150 CV. COMERCIALES \/ DI\u00c9SEL \/ 140 CV.<br \/>\nFIAT PROFESSIONAL &#8211; 2J NUOVO DUCATO 2006 (2006-2014) PUMA \/ 120 CV \/ 130\u00a0CV.<br \/>\nFIAT PROFESSIONAL &#8211; 2J NUOVO DUCATO 2006 (2006-2014) ACRISTALADO PANORAMA \/ CORTA 2950 MM \/ ACRISTALADO PANORAMA \/ MEDIA 3450 MM.<br \/>\nFIAT PROFESSIONAL &#8211; 4X NUOVO DUCATO MY 2011 (2011-2014)<br \/>\nFIAT PROFESSIONAL &#8211; 4X NUOVO DUCATO MY 2011 (2011-2014) ACRISTALADO PANORAMA<br \/>\nFIAT PROFESSIONAL &#8211; 4Y NUOVO DUCATO MY 2014 (2014-&#8230;.) LIM.CEE FASE 5<br \/>\nFIAT PROFESSIONAL &#8211; 4Y NUOVO DUCATO MY 2014 (2014-&#8230;.) ACRISTALADO PANORAMA<br \/>\nCITROEN &#8211; JUMPER (1994-&#8230;)<br \/>\nPEUGEOT &#8211; BOXER (1994-&#8230;)<\/p>\n<p>LA PIEZA ES NUEVA Y ORIGINAL.<\/p>\n","protected":false},"excerpt":{"rendered":"<p>Juego, pack de dos tornillos del soporte del taco de motor, r\u00f3tulas de suspensi\u00f3n, soporte barra estabilizadora, asiento, etc&#8230; de: M\u00e9trica: 12 Largo total: 38 mm FIAT &#8211; 2S IDEA (2003-2008) 1300\u00a016V\u00a0MJTD\u00a0CF4\u00a070CV\/51KW \/ 1300\u00a016V\u00a0MJTD\u00a0CF4\u00a090CV\/66KW FIAT &#8211; 4D IDEA (2008-2012) 1100-1199 CC \/ DI\u00c9SEL \/ 1200-1299 CC \/ LIM.CEE FASE 4 \/ 1200-1299 CC \/ LIM.CEE [&hellip;]<\/p>\n","protected":false},"featured_media":93208,"template":"","meta":{"_seopress_robots_primary_cat":"","_seopress_titles_title":"","_seopress_titles_desc":"","_seopress_robots_index":""},"product_cat":[43,16,155,23,87,88,20,93,137,21,121,24,101,106,114,127],"product_tag":[],"class_list":{"0":"post-93206","1":"product","2":"type-product","3":"status-publish","4":"has-post-thumbnail","6":"product_cat-recambios-alfa-romeo-33","7":"product_cat-recambios-alfa-romeo","8":"product_cat-recambios-peugeot-boxer","9":"product_cat-recambios-citroen","10":"product_cat-recambios-fiat-doblo","11":"product_cat-recambios-fiat-ducato","12":"product_cat-recambios-fiat","13":"product_cat-recambios-fiat-idea","14":"product_cat-recambios-citroen-jumper","15":"product_cat-recambios-lancia","16":"product_cat-recambios-lancia-musa","17":"product_cat-recambios-peugeot","18":"product_cat-recambios-fiat-punto","19":"product_cat-recambios-fiat-seicento","20":"product_cat-recambios-fiat-uno","21":"product_cat-recambios-lancia-ypsilon","23":"first","24":"instock","25":"taxable","26":"shipping-taxable","27":"purchasable","28":"product-type-simple"},"_links":{"self":[{"href":"https:\/\/galicianparts.com\/shop\/wp-json\/wp\/v2\/product\/93206"}],"collection":[{"href":"https:\/\/galicianparts.com\/shop\/wp-json\/wp\/v2\/product"}],"about":[{"href":"https:\/\/galicianparts.com\/shop\/wp-json\/wp\/v2\/types\/product"}],"wp:featuredmedia":[{"embeddable":true,"href":"https:\/\/galicianparts.com\/shop\/wp-json\/wp\/v2\/media\/93208"}],"wp:attachment":[{"href":"https:\/\/galicianparts.com\/shop\/wp-json\/wp\/v2\/media?parent=93206"}],"wp:term":[{"taxonomy":"product_cat","embeddable":true,"href":"https:\/\/galicianparts.com\/shop\/wp-json\/wp\/v2\/product_cat?post=93206"},{"taxonomy":"product_tag","embeddable":true,"href":"https:\/\/galicianparts.com\/shop\/wp-json\/wp\/v2\/product_tag?post=93206"}],"curies":[{"name":"wp","href":"https:\/\/api.w.org\/{rel}","templated":true}]}}