{"id":93274,"date":"2024-10-29T10:16:14","date_gmt":"2024-10-29T08:16:14","guid":{"rendered":"https:\/\/galicianparts.com\/shop\/producto\/9938173-rotor-distribuidor-encendido-fiat-uno-turbo-ritmo-lancia-delta-i-dedra-y10-original\/"},"modified":"2025-01-26T18:00:54","modified_gmt":"2025-01-26T16:00:54","slug":"9938173-rotor-distribuidor-encendido-fiat-uno-turbo-ritmo-lancia-delta-i-dedra-y10-original","status":"publish","type":"product","link":"https:\/\/galicianparts.com\/shop\/producto\/9938173-rotor-distribuidor-encendido-fiat-uno-turbo-ritmo-lancia-delta-i-dedra-y10-original\/","title":{"rendered":"9938173 Rotor distribuidor encendido Fiat Uno Turbo \/Ritmo \/Lancia Delta I \/Dedra \/Y10 ORIGINAL"},"content":{"rendered":"<p>Pipa del delco MAGNETI MARELLI de:<\/p>\n<p>FIAT Regata Berlina (138)<br \/>\n1.6 Super 100, A\u00f1o 10.1983 &#8211; 12.1990, 1585 ccm, 101 cv<br \/>\n1.3 70, A\u00f1o 09.1983 &#8211; 07.1989, 1301 ccm, 65 cv<br \/>\n1.3 70, A\u00f1o 09.1983 &#8211; 07.1986, 1301 ccm, 68 cv<br \/>\n1.6 85, A\u00f1o 10.1983 &#8211; 06.1990, 1585 ccm, 82 cv<br \/>\n1.5 Super 85, A\u00f1o 09.1983 &#8211; 04.1985, 1498 ccm, 82 cv<br \/>\nFIAT Regata Weekend<br \/>\n75 1.5(138 B3.048, 138 C2.048, 138 C3.048, 149 C1.000), A\u00f1o 09.1984 &#8211; 07.1989, 1498 ccm, 75 cv<br \/>\n85 1.5, A\u00f1o 01.1984 &#8211; 04.1989, 1498 ccm, 82 cv<br \/>\nFIAT Ritmo I Cabrio<br \/>\n1.5 80, A\u00f1o 03.1983 &#8211; 12.1986, 1498 ccm, 82 cv<br \/>\n1.5 80, A\u00f1o 01.1980 &#8211; 07.1989, 1498 ccm, 86 cv<br \/>\nFIAT Ritmo I Hatchback (138)<br \/>\n1.1, A\u00f1o 10.1982 &#8211; 12.1987, 1116 ccm, 55 cv<br \/>\n1.1, A\u00f1o 04.1985 &#8211; 12.1987, 1116 ccm, 58 cv<br \/>\n1.5, A\u00f1o 01.1978 &#8211; 12.1988, 1498 ccm, 75 cv<br \/>\n1.5, A\u00f1o 01.1983 &#8211; 12.1987, 1498 ccm, 82 cv<br \/>\n1.5, A\u00f1o 01.1981 &#8211; 05.1987, 1498 ccm, 85 cv<br \/>\n1.6, A\u00f1o 01.1983 &#8211; 12.1987, 1585 ccm, 100 cv<br \/>\nABARTH Ritmo (138A_)<br \/>\n130 TC 2.0 (138.A_), A\u00f1o 04.1983 &#8211; 12.1987, 1995 ccm, 130 cv<br \/>\nFIAT Croma I Hatchback (154)<br \/>\n1.6, A\u00f1o 12.1985 &#8211; 12.1990, 1585 ccm, 83 cv<br \/>\n2.0 CHT, A\u00f1o 12.1985 &#8211; 03.1989, 1995 ccm, 90 cv<br \/>\n2.0 i.e. Turbo, A\u00f1o 12.1985 &#8211; 06.1990, 1995 ccm, 155 cv<br \/>\nFIAT Tempra (159)<br \/>\n1.6 (159.AD), A\u00f1o 03.1990 &#8211; 04.1994, 1581 ccm, 86 cv<br \/>\n1.6 (159AS, 159AT), A\u00f1o 04.1990 &#8211; 07.1996, 1581 ccm, 69 cv<br \/>\n1.6 i.e., A\u00f1o 06.1990 &#8211; 07.1992, 1581 ccm, 78 cv<br \/>\n1.6 i.e., A\u00f1o 06.1992 &#8211; 08.1996, 1581 ccm, 75 cv<br \/>\nFIAT Tipo Hatchback (160)<br \/>\n1.4, A\u00f1o 07.1987 &#8211; 12.1989, 1372 ccm, 71 cv<br \/>\n1.4 i.e., A\u00f1o 05.1989 &#8211; 04.1995, 1372 ccm, 78 cv<br \/>\n1.4 i.e., A\u00f1o 05.1989 &#8211; 04.1995, 1372 ccm, 70 cv<br \/>\n1.6, A\u00f1o 01.1988 &#8211; 10.1991, 1581 ccm, 83 cv<br \/>\n1.6 i.e., A\u00f1o 02.1988 &#8211; 05.1991, 1595 ccm, 90 cv<br \/>\n1.6 i.e., A\u00f1o 07.1990 &#8211; 01.1993, 1581 ccm, 78 cv<br \/>\n1.6 SX DGT, A\u00f1o 05.1989 &#8211; 10.1995, 1581 ccm, 90 cv<br \/>\nFIAT Fiorino II Furg\u00f3n (146)<br \/>\n75 i.e. 1.5, A\u00f1o 05.1988 &#8211; 12.1993, 1498 ccm, 75 cv<br \/>\nFIAT Uno Hatchback (146)<br \/>\n1.3 Turbo i.e., A\u00f1o 01.1987 &#8211; 12.1987, 1301 ccm, 99 cv<br \/>\n1.3 Turbo i.e., A\u00f1o 09.1989 &#8211; 03.1991, 1301 ccm, 101 cv<br \/>\n1.3 Turbo i.e., A\u00f1o 04.1985 &#8211; 08.1989, 1301 ccm, 105 cv<br \/>\n1.4 Turbo i.e., A\u00f1o 09.1989 &#8211; 09.1993, 1372 ccm, 112 cv<br \/>\n1.4 Turbo i.e., A\u00f1o 12.1989 &#8211; 12.1996, 1372 ccm, 118 cv<br \/>\n45 0.9, A\u00f1o 03.1983 &#8211; 09.1992, 903 ccm, 45 cv<br \/>\n1.4 i.e. 70, A\u00f1o 09.1989 &#8211; 07.1996, 1372 ccm, 70 cv<br \/>\n75 i.e. 1.5, A\u00f1o 10.1985 &#8211; 12.1993, 1498 ccm, 75 cv<\/p>\n<p>LANCIA Dedra Berlina (835)<br \/>\n1.6 i.e., A\u00f1o 08.1989 &#8211; 06.1994, 1581 ccm, 90 cv<br \/>\n1.6 i.e., A\u00f1o 08.1989 &#8211; 03.1993, 1581 ccm, 78 cv<br \/>\nLANCIA Delta I (831)<br \/>\n1.5, A\u00f1o 09.1979 &#8211; 12.1992, 1498 ccm, 86 cv<br \/>\n1.6 GT (831AB.06), A\u00f1o 11.1982 &#8211; 04.1986, 1585 ccm, 105 cv<br \/>\n1.6 HF Turbo (831AB.0), A\u00f1o 10.1983 &#8211; 12.1986, 1585 ccm, 131 cv<br \/>\nLANCIA Thema (834)<br \/>\n2.0 16V, A\u00f1o 08.1992 &#8211; 12.1993, 1995 ccm, 152 cv<br \/>\n2.0 i.e, A\u00f1o 09.1988 &#8211; 05.1992, 1995 ccm, 117 cv<br \/>\n2000 i.e. (834AB), A\u00f1o 03.1986 &#8211; 09.1988, 1995 ccm, 113 cv<br \/>\n2.0 i.e., A\u00f1o 11.1984 &#8211; 09.1988, 1995 ccm, 120 cv<br \/>\n2.0 i.e., A\u00f1o 09.1987 &#8211; 05.1992, 1995 ccm, 115 cv<br \/>\n2.0 i.e. 16V, A\u00f1o 03.1989 &#8211; 05.1992, 1995 ccm, 141 cv<br \/>\n2.0 i.e. Turbo, A\u00f1o 11.1984 &#8211; 12.1989, 1995 ccm, 166 cv<br \/>\n2.0 i.e.Turbo, A\u00f1o 07.1986 &#8211; 05.1990, 1995 ccm, 150 cv<br \/>\nLANCIA Prisma (831)<br \/>\n1.5 (831AB), A\u00f1o 09.1985 &#8211; 02.1992, 1498 ccm, 75 cv<br \/>\n1.5 (831AB), A\u00f1o 05.1986 &#8211; 07.1989, 1498 ccm, 80 cv<br \/>\n1.5 (831AB), A\u00f1o 01.1983 &#8211; 04.1986, 1498 ccm, 86 cv<br \/>\n1.6 (831AB), A\u00f1o 08.1986 &#8211; 02.1992, 1585 ccm, 99 cv<br \/>\n1.6 (831AB), A\u00f1o 01.1983 &#8211; 04.1986, 1585 ccm, 105 cv<br \/>\nLANCIA Y10 (156)<br \/>\n1.0 (156C), A\u00f1o 03.1985 &#8211; 07.1989, 1049 ccm, 56 cv<br \/>\n1.0 Turbo, A\u00f1o 03.1985 &#8211; 03.1989, 1049 ccm, 84 cv<br \/>\n1.3 i.e. (156AB), A\u00f1o 11.1987 &#8211; 05.1993, 1301 ccm, 76 cv<br \/>\n1.3 i.e. (156AF), A\u00f1o 03.1989 &#8211; 12.1995, 1297 ccm, 72 cv<\/p>\n<p>AUTOBIANCHI Y10 Hatchback<br \/>\n1.3 i.e. GT, A\u00f1o 06.1989 &#8211; 10.1995, 1301 ccm, 78 cv<\/p>\n<p>ALFA ROMEO 164 (164)<br \/>\n2.0 Turbo (164A2B), A\u00f1o 10.1987 &#8211; 09.1998, 1995 ccm, 174 cv<br \/>\n2.0 Turbo (164A2B), A\u00f1o 02.1988 &#8211; 10.1992, 1995 ccm, 175 cv<\/p>\n<p>LA PIEZA ES NUEVA Y ORIGINAL MAGNETI MARELLI.<\/p>\n","protected":false},"excerpt":{"rendered":"<p>Pipa del delco MAGNETI MARELLI de: FIAT Regata Berlina (138) 1.6 Super 100, A\u00f1o 10.1983 &#8211; 12.1990, 1585 ccm, 101 cv 1.3 70, A\u00f1o 09.1983 &#8211; 07.1989, 1301 ccm, 65 cv 1.3 70, A\u00f1o 09.1983 &#8211; 07.1986, 1301 ccm, 68 cv 1.6 85, A\u00f1o 10.1983 &#8211; 06.1990, 1585 ccm, 82 cv 1.5 Super 85, A\u00f1o [&hellip;]<\/p>\n","protected":false},"featured_media":93278,"template":"","meta":{"_seopress_robots_primary_cat":"","_seopress_titles_title":"","_seopress_titles_desc":"","_seopress_robots_index":""},"product_cat":[54,16,25,86,117,118,20,91,21,123,102,103,124,112,114,64,126],"product_tag":[],"class_list":{"0":"post-93274","1":"product","2":"type-product","3":"status-publish","4":"has-post-thumbnail","6":"product_cat-recambios-alfa-romeo-164","7":"product_cat-recambios-alfa-romeo","8":"product_cat-recambios-autobianchi","9":"product_cat-recambios-fiat-croma","10":"product_cat-recambios-lancia-dedra","11":"product_cat-recambios-lancia-delta","12":"product_cat-recambios-fiat","13":"product_cat-recambios-fiat-fiorino","14":"product_cat-recambios-lancia","15":"product_cat-recambios-lancia-prisma","16":"product_cat-recambios-fiat-regata","17":"product_cat-recambios-fiat-ritmo","18":"product_cat-recambios-lancia-thema","19":"product_cat-recambios-fiat-tipo","20":"product_cat-recambios-fiat-uno","21":"product_cat-recambios-autobianchi-y10","22":"product_cat-recambios-lancia-y10","24":"first","25":"outofstock","26":"taxable","27":"shipping-taxable","28":"purchasable","29":"product-type-simple"},"_links":{"self":[{"href":"https:\/\/galicianparts.com\/shop\/wp-json\/wp\/v2\/product\/93274"}],"collection":[{"href":"https:\/\/galicianparts.com\/shop\/wp-json\/wp\/v2\/product"}],"about":[{"href":"https:\/\/galicianparts.com\/shop\/wp-json\/wp\/v2\/types\/product"}],"wp:featuredmedia":[{"embeddable":true,"href":"https:\/\/galicianparts.com\/shop\/wp-json\/wp\/v2\/media\/93278"}],"wp:attachment":[{"href":"https:\/\/galicianparts.com\/shop\/wp-json\/wp\/v2\/media?parent=93274"}],"wp:term":[{"taxonomy":"product_cat","embeddable":true,"href":"https:\/\/galicianparts.com\/shop\/wp-json\/wp\/v2\/product_cat?post=93274"},{"taxonomy":"product_tag","embeddable":true,"href":"https:\/\/galicianparts.com\/shop\/wp-json\/wp\/v2\/product_tag?post=93274"}],"curies":[{"name":"wp","href":"https:\/\/api.w.org\/{rel}","templated":true}]}}