{"id":93328,"date":"2024-10-30T09:56:48","date_gmt":"2024-10-30T07:56:48","guid":{"rendered":"https:\/\/galicianparts.com\/shop\/producto\/7551995-rodamiento-eje-columna-direccion-fiat-punto-gt-panda-uno-lancia-dedra-y10-original\/"},"modified":"2025-04-22T20:53:05","modified_gmt":"2025-04-22T18:53:05","slug":"7551995-rodamiento-eje-columna-direccion-fiat-punto-gt-panda-uno-lancia-dedra-y10-original","status":"publish","type":"product","link":"https:\/\/galicianparts.com\/shop\/producto\/7551995-rodamiento-eje-columna-direccion-fiat-punto-gt-panda-uno-lancia-dedra-y10-original\/","title":{"rendered":"7551995 Rodamiento eje columna direcci\u00f3n Fiat Punto GT \/Panda \/Uno \/Lancia Dedra \/Y10 ORIGINAL"},"content":{"rendered":"<p>Casquillo superior del eje de la columna de direcci\u00f3n de:<br \/>\nFIAT Cinquecento (170)<br \/>\n0.7, A\u00f1o 12.1991 &#8211; 01.1996, 704 ccm, 31 cv<br \/>\n0.7 i, A\u00f1o 07.1994 &#8211; 01.1998, 704 ccm, 30 cv<br \/>\n0.9, A\u00f1o 07.1991 &#8211; 12.1993, 903 ccm, 41 cv<br \/>\n0.9 i.e. (170AC), A\u00f1o 07.1991 &#8211; 09.1994, 903 ccm, 41 cv<br \/>\n0.9 i.e. S, A\u00f1o 07.1991 &#8211; 07.1999, 899 ccm, 40 cv<br \/>\n1.1 Sporting, A\u00f1o 10.1994 &#8211; 01.1998, 1108 ccm, 54 cv<br \/>\nFIAT Regata (138)<br \/>\n1.6 Super 100, A\u00f1o 10.1983 &#8211; 07.1989, 1585 ccm, 95 cv<br \/>\n1.6 Super 100, A\u00f1o 10.1983 &#8211; 12.1990, 1585 ccm, 101 cv<br \/>\n1.7 Di\u00e9sel 60, A\u00f1o 09.1983 &#8211; 12.1986, 1714 ccm, 58 cv<br \/>\n1.7 Di\u00e9sel 60, A\u00f1o 05.1985 &#8211; 03.1989, 1698 ccm, 60 cv<br \/>\n1.9 Di\u00e9sel 65, A\u00f1o 04.1984 &#8211; 07.1989, 1929 ccm, 65 cv<br \/>\n1.3 70, A\u00f1o 09.1983 &#8211; 07.1989, 1301 ccm, 65 cv<br \/>\n1.3 70, A\u00f1o 09.1983 &#8211; 07.1986, 1301 ccm, 68 cv<br \/>\n1.5 75, A\u00f1o 12.1983 &#8211; 07.1989, 1498 ccm, 75 cv<br \/>\n1.9 Turbodi\u00e9sel 80, A\u00f1o 05.1986 &#8211; 07.1989, 1929 ccm, 80 cv<br \/>\n1.5 85, A\u00f1o 05.1985 &#8211; 12.1987, 1498 ccm, 79 cv<br \/>\n1.6 85, A\u00f1o 10.1983 &#8211; 06.1990, 1585 ccm, 82 cv<br \/>\n1.5 Super 85, A\u00f1o 09.1983 &#8211; 04.1985, 1498 ccm, 82 cv<br \/>\n1.6 i.e. 90, A\u00f1o 01.1987 &#8211; 07.1989, 1595 ccm, 90 cv<br \/>\nFIAT Ritmo I Cabrio<br \/>\n50 1.3, A\u00f1o 10.1985 &#8211; 12.1987, 1302 ccm, 68 cv<br \/>\n1.5 80, A\u00f1o 03.1983 &#8211; 12.1986, 1498 ccm, 82 cv<br \/>\nFIAT Ritmo I Hatchback (138)<br \/>\n1.1, A\u00f1o 04.1985 &#8211; 12.1987, 1116 ccm, 58 cv<br \/>\n1.5, A\u00f1o 08.1985 &#8211; 05.1987, 1498 ccm, 79 cv<br \/>\n1.7 Diesel, A\u00f1o 05.1985 &#8211; 12.1987, 1698 ccm, 60 cv<br \/>\n1.9 TD, A\u00f1o 12.1985 &#8211; 12.1987, 1929 ccm, 80 cv<br \/>\nFIAT Tempra Berlina (159)<br \/>\n1.4 i.e. (159.AA), A\u00f1o 03.1991 &#8211; 08.1996, 1372 ccm, 78 cv<br \/>\n1.4 i.e., A\u00f1o 04.1990 &#8211; 08.1996, 1372 ccm, 69 cv<br \/>\n1.6 (159.AD), A\u00f1o 03.1990 &#8211; 04.1994, 1581 ccm, 86 cv<br \/>\n1.6 i.e., A\u00f1o 06.1990 &#8211; 07.1992, 1581 ccm, 78 cv<br \/>\n1.6 i.e., A\u00f1o 06.1994 &#8211; 08.1996, 1581 ccm, 87 cv<br \/>\n1.6 i.e., A\u00f1o 06.1994 &#8211; 08.1996, 1581 ccm, 90 cv<br \/>\n1.6 i.e., A\u00f1o 06.1992 &#8211; 08.1996, 1581 ccm, 75 cv<br \/>\n1.8 i.e., A\u00f1o 03.1992 &#8211; 08.1996, 1756 ccm, 105 cv<br \/>\n1.8 i.e., A\u00f1o 03.1990 &#8211; 08.1996, 1756 ccm, 110 cv<br \/>\n1.8 i.e., A\u00f1o 09.1993 &#8211; 08.1996, 1756 ccm, 103 cv<br \/>\n1.8 i.e., A\u00f1o 09.1993 &#8211; 08.1996, 1756 ccm, 90 cv<br \/>\n1.8 i.e., A\u00f1o 10.1994 &#8211; 08.1996, 1756 ccm, 101 cv<br \/>\n1.9 D, A\u00f1o 07.1991 &#8211; 08.1996, 1929 ccm, 65 cv<br \/>\n1.9 TD, A\u00f1o 07.1992 &#8211; 08.1996, 1929 ccm, 80 cv<br \/>\n1.9 TD, A\u00f1o 05.1990 &#8211; 08.1996, 1929 ccm, 90 cv<br \/>\n2.0 i.e. (159.AP), A\u00f1o 10.1990 &#8211; 09.1996, 1995 ccm, 113 cv<br \/>\nFIAT Tempra S.W. (159)<br \/>\n1.4 i.e., A\u00f1o 03.1991 &#8211; 08.1996, 1372 ccm, 78 cv<br \/>\n1.4 i.e., A\u00f1o 10.1992 &#8211; 08.1996, 1372 ccm, 69 cv<br \/>\n1.6, A\u00f1o 12.1990 &#8211; 04.1993, 1581 ccm, 86 cv<br \/>\n1.6 i.e., A\u00f1o 10.1990 &#8211; 08.1996, 1581 ccm, 78 cv<br \/>\n1.6 i.e., A\u00f1o 06.1994 &#8211; 08.1996, 1581 ccm, 90 cv<br \/>\n1.6 i.e., A\u00f1o 10.1992 &#8211; 08.1996, 1581 ccm, 75 cv<br \/>\n1.8 i.e. (159.AM), A\u00f1o 03.1990 &#8211; 08.1996, 1756 ccm, 110 cv<br \/>\n1.8 i.e., A\u00f1o 03.1992 &#8211; 12.1993, 1756 ccm, 105 cv<br \/>\n1.8 i.e., A\u00f1o 09.1993 &#8211; 08.1996, 1756 ccm, 103 cv<br \/>\n1.8 i.e., A\u00f1o 09.1993 &#8211; 08.1996, 1756 ccm, 90 cv<br \/>\n1.8 i.e., A\u00f1o 10.1994 &#8211; 08.1996, 1756 ccm, 101 cv<br \/>\n1.9 D, A\u00f1o 07.1991 &#8211; 08.1996, 1929 ccm, 65 cv<br \/>\n1.9 TD, A\u00f1o 07.1991 &#8211; 03.1995, 1929 ccm, 90 cv<br \/>\n1.9 TD, A\u00f1o 03.1992 &#8211; 06.1993, 1929 ccm, 80 cv<br \/>\n2.0 i.e., A\u00f1o 01.1991 &#8211; 03.1995, 1995 ccm, 113 cv<br \/>\n2.0 i.e. 4&#215;4, A\u00f1o 03.1992 &#8211; 03.1995, 1995 ccm, 113 cv<br \/>\nFIAT Panda I Hatchback (141)<br \/>\n1.0, A\u00f1o 01.1986 &#8211; 04.1992, 999 ccm, 44 cv<br \/>\n1.0, A\u00f1o 01.1985 &#8211; 12.1992, 999 ccm, 50 cv<br \/>\n1.0 4&#215;4, A\u00f1o 01.1986 &#8211; 07.1989, 999 ccm, 44 cv<br \/>\n1.0 4&#215;4, A\u00f1o 05.1986 &#8211; 12.1994, 999 ccm, 45 cv<br \/>\n1000 4&#215;4, A\u00f1o 01.1986 &#8211; 12.1992, 999 ccm, 50 cv<br \/>\n1000 i.e. Cat, A\u00f1o 10.1987 &#8211; 08.1998, 999 ccm, 45 cv<br \/>\n1.1, A\u00f1o 05.1991 &#8211; 12.1999, 1108 ccm, 50 cv<br \/>\n1.1 4&#215;4, A\u00f1o 03.1995 &#8211; 07.2004, 1108 ccm, 54 cv<br \/>\n1.3 D, A\u00f1o 04.1986 &#8211; 12.1992, 1302 ccm, 37 cv<br \/>\n750, A\u00f1o 01.1986 &#8211; 10.2003, 770 ccm, 34 cv<br \/>\n0.9, A\u00f1o 04.1992 &#8211; 12.1996, 899 ccm, 40 cv<br \/>\n0.9, A\u00f1o 10.1980 &#8211; 06.1994, 903 ccm, 45 cv<br \/>\nFIAT Tipo Hatchback (160)<br \/>\n1.1, A\u00f1o 01.1988 &#8211; 10.1991, 1108 ccm, 56 cv<br \/>\n1.4, A\u00f1o 07.1987 &#8211; 12.1989, 1372 ccm, 71 cv<br \/>\n1.4 i.e., A\u00f1o 05.1989 &#8211; 04.1995, 1372 ccm, 78 cv<br \/>\n1.4 i.e., A\u00f1o 05.1989 &#8211; 04.1995, 1372 ccm, 70 cv<br \/>\n1.6, A\u00f1o 01.1988 &#8211; 10.1991, 1581 ccm, 83 cv<br \/>\n1.6 i.e., A\u00f1o 03.1988 &#8211; 05.1991, 1595 ccm, 90 cv<br \/>\n1.6 i.e., A\u00f1o 10.1992 &#8211; 04.1995, 1581 ccm, 75 cv<br \/>\n1.6 i.e., A\u00f1o 07.1990 &#8211; 01.1993, 1581 ccm, 78 cv<br \/>\n1.7 D, A\u00f1o 01.1988 &#8211; 10.1994, 1697 ccm, 58 cv<br \/>\n1.7 D, A\u00f1o 01.1988 &#8211; 10.1995, 1697 ccm, 61 cv<br \/>\n1.8 i.e, A\u00f1o 03.1993 &#8211; 04.1995, 1756 ccm, 97 cv<br \/>\n1.8 i.e., A\u00f1o 09.1993 &#8211; 04.1995, 1756 ccm, 90 cv<br \/>\n1.8 i.e., A\u00f1o 10.1990 &#8211; 06.1993, 1756 ccm, 110 cv<br \/>\n1.8 i.e., A\u00f1o 10.1990 &#8211; 06.1993, 1756 ccm, 105 cv<br \/>\n1.8 i.e., A\u00f1o 04.1993 &#8211; 04.1995, 1756 ccm, 103 cv<br \/>\n1.8 i.e., A\u00f1o 10.1994 &#8211; 10.1995, 1756 ccm, 101 cv<br \/>\n1.8 i.e.16V Sport, A\u00f1o 11.1989 &#8211; 06.1992, 1756 ccm, 136 cv<br \/>\n1.9 D, A\u00f1o 07.1991 &#8211; 08.1995, 1929 ccm, 65 cv<br \/>\n1.9 TD, A\u00f1o 03.1992 &#8211; 06.1993, 1929 ccm, 80 cv<br \/>\n1.9 TD, A\u00f1o 09.1990 &#8211; 04.1995, 1929 ccm, 90 cv<br \/>\n2.0 16V, A\u00f1o 07.1991 &#8211; 04.1995, 1995 ccm, 146 cv<br \/>\n2.0 i.e. (160.AJ, 1607571), A\u00f1o 06.1990 &#8211; 03.1992, 1995 ccm, 109 cv<br \/>\n2.0 i.e., A\u00f1o 03.1990 &#8211; 04.1995, 1995 ccm, 113 cv<br \/>\n2.0 i.e. 16V Sport, A\u00f1o 03.1993 &#8211; 04.1995, 1995 ccm, 139 cv<br \/>\nFIAT Fiorino II Furg\u00f3n (146)<br \/>\n60 1.1, A\u00f1o 05.1988 &#8211; 12.1993, 1116 ccm, 54 cv<br \/>\n60 1.7 D, A\u00f1o 05.1988 &#8211; 10.1996, 1697 ccm, 57 cv<br \/>\n60 1.7 D, A\u00f1o 05.1988 &#8211; 05.2000, 1698 ccm, 60 cv<br \/>\n65 1.7 TD, A\u00f1o 01.1997 &#8211; 05.2001, 1698 ccm, 63 cv<br \/>\n70 1.3, A\u00f1o 01.1988 &#8211; 12.1994, 1301 ccm, 67 cv<br \/>\n70 i.e. 1.4, A\u00f1o 05.1994 &#8211; 05.2001, 1372 ccm, 67 cv<br \/>\n75 i.e. 1.5, A\u00f1o 05.1988 &#8211; 12.1993, 1498 ccm, 75 cv<br \/>\n75 i.e. 1.6, A\u00f1o 10.1993 &#8211; 05.2001, 1581 ccm, 75 cv<br \/>\nFIAT Fiorino I Furg\u00f3n (147)<br \/>\n1.1 60, A\u00f1o 11.1986 &#8211; 04.1988, 1116 ccm, 55 cv<br \/>\n1.3, A\u00f1o 12.1987 &#8211; 08.1993, 1301 ccm, 67 cv<br \/>\n1.3 D, A\u00f1o 03.1982 &#8211; 01.1988, 1288 ccm, 45 cv<br \/>\nFIAT Punto I Hatchback (176)<br \/>\n1.2 16V, A\u00f1o 04.1997 &#8211; 09.1999, 1242 ccm, 86 cv<br \/>\n1.4 GT Turbo (176AD_), A\u00f1o 10.1993 &#8211; 03.1997, 1372 ccm, 133 cv<br \/>\n1.4 GT Turbo (176AS_), A\u00f1o 09.1996 &#8211; 07.1999, 1372 ccm, 131 cv<br \/>\n1.6, A\u00f1o 01.1994 &#8211; 04.1997, 1581 ccm, 88 cv<br \/>\n1.7 D, A\u00f1o 04.1994 &#8211; 09.1997, 1698 ccm, 57 cv<br \/>\n1.7 TD, A\u00f1o 01.1994 &#8211; 09.1999, 1698 ccm, 69 cv<br \/>\n1.7 TD, A\u00f1o 01.1994 &#8211; 09.1999, 1698 ccm, 71 cv<br \/>\n1.7 TD (176AT), A\u00f1o 09.1996 &#8211; 09.1999, 1698 ccm, 63 cv<br \/>\n1.1 55, A\u00f1o 09.1993 &#8211; 09.1999, 1108 ccm, 54 cv<br \/>\n1.2 60, A\u00f1o 01.1994 &#8211; 09.1999, 1242 ccm, 58 cv<br \/>\n60 1.2 (176AP, 176AR, 176AQ, 176BB), A\u00f1o 09.1993 &#8211; 09.1999, 1242 ccm, 60 cv<br \/>\n1.2 75, A\u00f1o 10.1993 &#8211; 09.1999, 1242 ccm, 73 cv<br \/>\nFIAT Punto I Cabrio (176)<br \/>\n1.2 60, A\u00f1o 04.1994 &#8211; 06.2000, 1242 ccm, 58 cv<br \/>\n60 1.2 (176AR_, 176BR_), A\u00f1o 05.1995 &#8211; 06.2000, 1242 ccm, 60 cv<br \/>\n1.2 16V 85, A\u00f1o 04.1997 &#8211; 06.2000, 1242 ccm, 86 cv<br \/>\n1.6 90, A\u00f1o 04.1994 &#8211; 04.1997, 1581 ccm, 88 cv<br \/>\nFIAT Uno Hatchback (146)<br \/>\n1.3 Super di\u00e9sel, A\u00f1o 06.1983 &#8211; 03.1992, 1302 ccm, 45 cv<br \/>\n1.3 Turbo i.e., A\u00f1o 01.1987 &#8211; 12.1987, 1301 ccm, 99 cv<br \/>\n1.3 Turbo i.e., A\u00f1o 09.1989 &#8211; 03.1991, 1301 ccm, 101 cv<br \/>\n1.3 Turbo i.e., A\u00f1o 04.1985 &#8211; 08.1989, 1301 ccm, 105 cv<br \/>\n1.4 Turbo i.e., A\u00f1o 09.1989 &#8211; 09.1993, 1372 ccm, 112 cv<br \/>\n1.4 Turbo i.e., A\u00f1o 12.1989 &#8211; 12.1996, 1372 ccm, 118 cv<br \/>\n1.6, A\u00f1o 12.1989 &#8211; 04.1993, 1581 ccm, 88 cv<br \/>\n1.6 R, A\u00f1o 05.1993 &#8211; 12.1995, 1581 ccm, 90 cv<br \/>\n1.9 D, A\u00f1o 09.1989 &#8211; 03.1994, 1929 ccm, 60 cv<br \/>\n45 0.9, A\u00f1o 03.1983 &#8211; 09.1992, 903 ccm, 45 cv<br \/>\n1.0 45, A\u00f1o 06.1986 &#8211; 12.1993, 999 ccm, 44 cv<br \/>\n45 i.e. 1.0 (146E, 146A), A\u00f1o 10.1984 &#8211; 10.1995, 999 ccm, 45 cv<br \/>\n1.1 50, A\u00f1o 01.1986 &#8211; 12.1989, 1116 ccm, 50 cv<br \/>\n1.1 50, A\u00f1o 01.1990 &#8211; 12.1993, 1108 ccm, 50 cv<br \/>\n1.1 i.e. 50, A\u00f1o 06.1992 &#8211; 12.1993, 1116 ccm, 49 cv<br \/>\n1.1 55, A\u00f1o 01.1983 &#8211; 08.1989, 1116 ccm, 54 cv<br \/>\n1.1 60, A\u00f1o 04.1989 &#8211; 12.1992, 1108 ccm, 57 cv<br \/>\n1.1 60, A\u00f1o 05.1985 &#8211; 08.1989, 1116 ccm, 58 cv<br \/>\n1.7 Di\u00e9sel 60, A\u00f1o 07.1986 &#8211; 08.1989, 1698 ccm, 60 cv<br \/>\n60 Diesel 1.7 (146E), A\u00f1o 09.1989 &#8211; 12.1993, 1698 ccm, 57 cv<br \/>\n1.3 70, A\u00f1o 05.1985 &#8211; 08.1989, 1302 ccm, 65 cv<br \/>\n1.3 70, A\u00f1o 01.1983 &#8211; 04.1985, 1302 ccm, 68 cv<br \/>\n1.4 i.e. 70, A\u00f1o 09.1989 &#8211; 07.1996, 1372 ccm, 70 cv<br \/>\n1.4 i.e. 70, A\u00f1o 09.1989 &#8211; 12.1993, 1372 ccm, 72 cv<br \/>\n1.4 S 70, A\u00f1o 10.1988 &#8211; 06.2006, 1372 ccm, 71 cv<br \/>\n1.4 TD 70, A\u00f1o 10.1986 &#8211; 10.1990, 1367 ccm, 71 cv<br \/>\n75 i.e. 1.5, A\u00f1o 10.1985 &#8211; 12.1993, 1498 ccm, 75 cv<br \/>\nFIAT Duna (146)<br \/>\n1.7 DS, A\u00f1o 01.1987 &#8211; 12.1991, 1698 ccm, 60 cv<br \/>\n60 1.1, A\u00f1o 01.1987 &#8211; 12.1991, 1116 ccm, 58 cv<br \/>\n70 1.3, A\u00f1o 01.1987 &#8211; 12.1991, 1301 ccm, 67 cv<br \/>\nFIAT Fiorino II Pick-up (146)<br \/>\n1.3, A\u00f1o 01.1988 &#8211; 12.1994, 1301 ccm, 67 cv<br \/>\n1.4, A\u00f1o 05.1994 &#8211; 05.2001, 1372 ccm, 67 cv<br \/>\n1.6, A\u00f1o 01.1994 &#8211; 05.2001, 1581 ccm, 75 cv<br \/>\n1.7 D, A\u00f1o 10.1993 &#8211; 10.1999, 1697 ccm, 57 cv<br \/>\n1.7 D, A\u00f1o 05.1988 &#8211; 10.1999, 1698 ccm, 60 cv<br \/>\n1.7 TD, A\u00f1o 01.1997 &#8211; 05.2001, 1698 ccm, 63 cv<br \/>\nFIAT Elba Familiar<br \/>\n1.3, A\u00f1o 04.1986 &#8211; 12.1993, 1297 ccm, 58 cv<br \/>\n1.5, A\u00f1o 01.1992 &#8211; 12.1996, 1498 ccm, 67 cv<br \/>\n1.7 D, A\u00f1o 04.1989 &#8211; 12.1996, 1698 ccm, 58 cv<\/p>\n<p>LANCIA Dedra Berlina (835)<br \/>\n1.6 16V, A\u00f1o 01.1996 &#8211; 07.1999, 1581 ccm, 103 cv<br \/>\n1.6 i.e., A\u00f1o 08.1989 &#8211; 06.1994, 1581 ccm, 90 cv<br \/>\n1.6 i.e., A\u00f1o 08.1989 &#8211; 03.1993, 1581 ccm, 78 cv<br \/>\n1.6 i.e., A\u00f1o 04.1993 &#8211; 07.1999, 1581 ccm, 75 cv<br \/>\n1.6 LE Cat (835EB), A\u00f1o 07.1994 &#8211; 07.1999, 1581 ccm, 90 cv<br \/>\n1.8 16V LE, A\u00f1o 03.1996 &#8211; 07.1999, 1747 ccm, 113 cv<br \/>\n1.8 GT 16V, A\u00f1o 03.1996 &#8211; 07.1999, 1747 ccm, 131 cv<br \/>\n1.8 i.e., A\u00f1o 09.1989 &#8211; 06.1994, 1756 ccm, 109 cv<br \/>\n1.8 i.e., A\u00f1o 08.1993 &#8211; 07.1999, 1756 ccm, 90 cv<br \/>\n1.8 i.e., A\u00f1o 09.1989 &#8211; 07.1999, 1756 ccm, 105 cv<br \/>\n1.8 i.e., A\u00f1o 07.1994 &#8211; 07.1999, 1756 ccm, 101 cv<br \/>\n1.9 TDS, A\u00f1o 04.1989 &#8211; 07.1999, 1929 ccm, 90 cv<br \/>\n2.0 16V, A\u00f1o 07.1994 &#8211; 07.1999, 1995 ccm, 139 cv<br \/>\n2.0 HF Integrale, A\u00f1o 11.1990 &#8211; 07.1994, 1995 ccm, 169 cv<br \/>\n2.0 i.e., A\u00f1o 09.1989 &#8211; 07.1992, 1995 ccm, 117 cv<br \/>\n2.0 i.e., A\u00f1o 09.1989 &#8211; 07.1999, 1995 ccm, 113 cv<br \/>\n2.0 i.e. Turbo, A\u00f1o 04.1991 &#8211; 07.1999, 1995 ccm, 162 cv<br \/>\n2.0 i.e. Turbo Integrale (835AO), A\u00f1o 04.1990 &#8211; 08.1991, 1995 ccm, 165 cv<br \/>\n2.0 Turbo, A\u00f1o 11.1990 &#8211; 06.1994, 1995 ccm, 177 cv<br \/>\nLANCIA Dedra Familiar (835)<br \/>\n1.9 TDS, A\u00f1o 07.1994 &#8211; 07.1999, 1929 ccm, 90 cv<br \/>\nLANCIA Y10 (156)<br \/>\n1.0 (156C), A\u00f1o 03.1985 &#8211; 07.1989, 1049 ccm, 56 cv<br \/>\n1.0 Fire, A\u00f1o 03.1985 &#8211; 06.1989, 999 ccm, 45 cv<br \/>\n1.0 Fire (156AA, 156AD), A\u00f1o 03.1985 &#8211; 03.1990, 999 ccm, 50 cv<br \/>\n1.0 Fire, A\u00f1o 06.1985 &#8211; 06.1991, 999 ccm, 44 cv<br \/>\n1.0 Fire A las 4 ruedas (156.AD), A\u00f1o 12.1986 &#8211; 03.1989, 999 ccm, 44 cv<br \/>\n1.0 Fire A las 4 ruedas (156AA), A\u00f1o 12.1987 &#8211; 03.1990, 999 ccm, 50 cv<br \/>\n1.0 Fire Allrad, A\u00f1o 12.1987 &#8211; 03.1992, 999 ccm, 45 cv<br \/>\n1.0 Fire Catalytic-Conv (156AE), A\u00f1o 10.1987 &#8211; 03.1992, 999 ccm, 45 cv<br \/>\n1.0 Turbo, A\u00f1o 03.1985 &#8211; 03.1989, 1049 ccm, 84 cv<br \/>\n1.1 Fire (156AG), A\u00f1o 01.1995 &#8211; 12.1995, 1108 ccm, 54 cv<br \/>\n1.1 Fire A las 4 ruedas (156AG), A\u00f1o 01.1995 &#8211; 12.1995, 1108 ccm, 54 cv<br \/>\n1.1 i.e Fire (156AC), A\u00f1o 08.1989 &#8211; 06.1992, 1108 ccm, 57 cv<br \/>\n1.1 i.e Fire A las 4 ruedas (156AC), A\u00f1o 08.1989 &#8211; 06.1992, 1108 ccm, 57 cv<br \/>\n1.1 i.e. Fire, A\u00f1o 07.1989 &#8211; 09.1995, 1108 ccm, 50 cv<br \/>\n1.1 i.e. Fire Allrad, A\u00f1o 09.1992 &#8211; 12.1995, 1108 ccm, 50 cv<br \/>\n1.3 i.e. (156AB), A\u00f1o 11.1987 &#8211; 05.1993, 1301 ccm, 76 cv<br \/>\n1.3 i.e. (156AF), A\u00f1o 03.1989 &#8211; 12.1995, 1297 ccm, 72 cv<\/p>\n<p>AUTOBIANCHI &#8211; Y10<\/p>\n<p>LA PIEZA ES NUEVA Y ORIGINAL.<\/p>\n","protected":false},"excerpt":{"rendered":"<p>Casquillo superior del eje de la columna de direcci\u00f3n de: FIAT Cinquecento (170) 0.7, A\u00f1o 12.1991 &#8211; 01.1996, 704 ccm, 31 cv 0.7 i, A\u00f1o 07.1994 &#8211; 01.1998, 704 ccm, 30 cv 0.9, A\u00f1o 07.1991 &#8211; 12.1993, 903 ccm, 41 cv 0.9 i.e. (170AC), A\u00f1o 07.1991 &#8211; 09.1994, 903 ccm, 41 cv 0.9 i.e. S, [&hellip;]<\/p>\n","protected":false},"featured_media":93331,"template":"","meta":{"_seopress_robots_primary_cat":"","_seopress_titles_title":"","_seopress_titles_desc":"","_seopress_robots_index":""},"product_cat":[25,84,117,89,90,20,91,21,99,101,102,103,112,114,126,64],"product_tag":[],"class_list":{"0":"post-93328","1":"product","2":"type-product","3":"status-publish","4":"has-post-thumbnail","6":"product_cat-recambios-autobianchi","7":"product_cat-recambios-fiat-cinquecento","8":"product_cat-recambios-lancia-dedra","9":"product_cat-recambios-fiat-duna","10":"product_cat-recambios-fiat-elba","11":"product_cat-recambios-fiat","12":"product_cat-recambios-fiat-fiorino","13":"product_cat-recambios-lancia","14":"product_cat-recambios-fiat-panda","15":"product_cat-recambios-fiat-punto","16":"product_cat-recambios-fiat-regata","17":"product_cat-recambios-fiat-ritmo","18":"product_cat-recambios-fiat-tipo","19":"product_cat-recambios-fiat-uno","20":"product_cat-recambios-lancia-y10","21":"product_cat-recambios-autobianchi-y10","23":"first","24":"outofstock","25":"taxable","26":"shipping-taxable","27":"purchasable","28":"product-type-simple"},"_links":{"self":[{"href":"https:\/\/galicianparts.com\/shop\/wp-json\/wp\/v2\/product\/93328"}],"collection":[{"href":"https:\/\/galicianparts.com\/shop\/wp-json\/wp\/v2\/product"}],"about":[{"href":"https:\/\/galicianparts.com\/shop\/wp-json\/wp\/v2\/types\/product"}],"wp:featuredmedia":[{"embeddable":true,"href":"https:\/\/galicianparts.com\/shop\/wp-json\/wp\/v2\/media\/93331"}],"wp:attachment":[{"href":"https:\/\/galicianparts.com\/shop\/wp-json\/wp\/v2\/media?parent=93328"}],"wp:term":[{"taxonomy":"product_cat","embeddable":true,"href":"https:\/\/galicianparts.com\/shop\/wp-json\/wp\/v2\/product_cat?post=93328"},{"taxonomy":"product_tag","embeddable":true,"href":"https:\/\/galicianparts.com\/shop\/wp-json\/wp\/v2\/product_tag?post=93328"}],"curies":[{"name":"wp","href":"https:\/\/api.w.org\/{rel}","templated":true}]}}