{"id":9333,"date":"2020-11-27T18:42:34","date_gmt":"2020-11-27T16:42:34","guid":{"rendered":"https:\/\/galicianparts.com\/shop\/producto\/5974539-emblema-trasero-fiat-uno-45-s-nuevo-original\/"},"modified":"2025-07-29T14:00:54","modified_gmt":"2025-07-29T12:00:54","slug":"5974539-emblema-trasero-fiat-uno-45-s-nuevo-original","status":"publish","type":"product","link":"https:\/\/galicianparts.com\/shop\/producto\/5974539-emblema-trasero-fiat-uno-45-s-nuevo-original\/","title":{"rendered":"5974539 Emblema pl\u00e1stico port\u00f3n trasero Fiat Uno 45 S NUEVO"},"content":{"rendered":"<p>Insignia de pl\u00e1stico del port\u00f3n del maletero de:<br \/>\nLargo: 150 mm<br \/>\nAlto: 35 mm<\/p>\n<p>FIAT &#8211; UNO 45 S<\/p>\n<p>LA PIEZA ES NUEVA<\/p>\n","protected":false},"excerpt":{"rendered":"<p>Insignia de pl\u00e1stico del port\u00f3n del maletero de: Largo: 150 mm Alto: 35 mm FIAT &#8211; UNO 45 S LA PIEZA ES NUEVA<\/p>\n","protected":false},"featured_media":77542,"template":"","meta":{"_seopress_robots_primary_cat":"","_seopress_titles_title":"","_seopress_titles_desc":"","_seopress_robots_index":""},"product_cat":[20,114],"product_tag":[],"class_list":{"0":"post-9333","1":"product","2":"type-product","3":"status-publish","4":"has-post-thumbnail","6":"product_cat-recambios-fiat","7":"product_cat-recambios-fiat-uno","9":"first","10":"instock","11":"taxable","12":"shipping-taxable","13":"purchasable","14":"product-type-simple"},"_links":{"self":[{"href":"https:\/\/galicianparts.com\/shop\/wp-json\/wp\/v2\/product\/9333"}],"collection":[{"href":"https:\/\/galicianparts.com\/shop\/wp-json\/wp\/v2\/product"}],"about":[{"href":"https:\/\/galicianparts.com\/shop\/wp-json\/wp\/v2\/types\/product"}],"wp:featuredmedia":[{"embeddable":true,"href":"https:\/\/galicianparts.com\/shop\/wp-json\/wp\/v2\/media\/77542"}],"wp:attachment":[{"href":"https:\/\/galicianparts.com\/shop\/wp-json\/wp\/v2\/media?parent=9333"}],"wp:term":[{"taxonomy":"product_cat","embeddable":true,"href":"https:\/\/galicianparts.com\/shop\/wp-json\/wp\/v2\/product_cat?post=9333"},{"taxonomy":"product_tag","embeddable":true,"href":"https:\/\/galicianparts.com\/shop\/wp-json\/wp\/v2\/product_tag?post=9333"}],"curies":[{"name":"wp","href":"https:\/\/api.w.org\/{rel}","templated":true}]}}