{"id":93334,"date":"2024-10-30T10:14:09","date_gmt":"2024-10-30T08:14:09","guid":{"rendered":"https:\/\/galicianparts.com\/shop\/producto\/60521190-pack-2-arandelas-dumper-transmision-alfa-romeo-75-rz-sz-nueva-original\/"},"modified":"2025-03-14T11:54:17","modified_gmt":"2025-03-14T09:54:17","slug":"60521190-pack-2-arandelas-dumper-transmision-alfa-romeo-75-rz-sz-nueva-original","status":"publish","type":"product","link":"https:\/\/galicianparts.com\/shop\/producto\/60521190-pack-2-arandelas-dumper-transmision-alfa-romeo-75-rz-sz-nueva-original\/","title":{"rendered":"60521190 Pack 2 arandelas dumper transmisi\u00f3n Alfa Romeo 75 \/RZ \/SZ NUEVA ORIGINAL"},"content":{"rendered":"<p>Juego, set de dos arandelas del d\u00e1mper central de la transmisi\u00f3n de:<br \/>\nDi\u00e1metro interior: 16 mm<br \/>\nDi\u00e1metro exterior: 22 mm<br \/>\nEspesor: 1 mm<\/p>\n<p>ALFA ROMEO &#8211; R3 \u00abR.Z.\u00bb (1992-1993)<br \/>\nALFA ROMEO &#8211; M9 \u00abS.Z.\u00bb (1989-1991)<br \/>\nALFA ROMEO &#8211; U3 75 BZ 4 CILINDRI (1988-1992) 1600 CARB. \/ 1800 CARB. \/ 1600 IE.ML4.1 \/ 1600 IE.ML4.1 USA&#8217;83 \/ 1800 IE \/ 1800 IE.ML4.1 \/ 1800 IE.ML4.1 USA 83<br \/>\nALFA ROMEO &#8211; U3 75 BZ 4 CILINDRI (1988-1992) 2000 TWIN SPARK \/ 2000 TWIN SPARK USA 83<br \/>\nALFA ROMEO &#8211; U4 75 BZ 6 CILINDRI E TD (1988-1992) 2.0 TD<br \/>\nALFA ROMEO &#8211; U4 75 BZ 6 CILINDRI E TD (1988-1992) 2.5 V6 C.A. \/ 3.0 V6 \/ 3.0 V6 USA&#8217;83 \/ 3.0 V6 &#8216;POTENZIATO&#8217; USA 83 \/ 2.4 TD<\/p>\n<p>LA PIEZA ES NUEVA Y ORIGINAL.<\/p>\n","protected":false},"excerpt":{"rendered":"<p>Juego, set de dos arandelas del d\u00e1mper central de la transmisi\u00f3n de: Di\u00e1metro interior: 16 mm Di\u00e1metro exterior: 22 mm Espesor: 1 mm ALFA ROMEO &#8211; R3 \u00abR.Z.\u00bb (1992-1993) ALFA ROMEO &#8211; M9 \u00abS.Z.\u00bb (1989-1991) ALFA ROMEO &#8211; U3 75 BZ 4 CILINDRI (1988-1992) 1600 CARB. \/ 1800 CARB. \/ 1600 IE.ML4.1 \/ 1600 IE.ML4.1 [&hellip;]<\/p>\n","protected":false},"featured_media":93336,"template":"","meta":{"_seopress_robots_primary_cat":"","_seopress_titles_title":"","_seopress_titles_desc":"","_seopress_robots_index":""},"product_cat":[58,16,238,239],"product_tag":[],"class_list":{"0":"post-93334","1":"product","2":"type-product","3":"status-publish","4":"has-post-thumbnail","6":"product_cat-recambios-alfa-romeo-75","7":"product_cat-recambios-alfa-romeo","8":"product_cat-recambios-alfa-romeo-rz","9":"product_cat-recambios-alfa-romeo-sz","11":"first","12":"instock","13":"taxable","14":"shipping-taxable","15":"purchasable","16":"product-type-simple"},"_links":{"self":[{"href":"https:\/\/galicianparts.com\/shop\/wp-json\/wp\/v2\/product\/93334"}],"collection":[{"href":"https:\/\/galicianparts.com\/shop\/wp-json\/wp\/v2\/product"}],"about":[{"href":"https:\/\/galicianparts.com\/shop\/wp-json\/wp\/v2\/types\/product"}],"wp:featuredmedia":[{"embeddable":true,"href":"https:\/\/galicianparts.com\/shop\/wp-json\/wp\/v2\/media\/93336"}],"wp:attachment":[{"href":"https:\/\/galicianparts.com\/shop\/wp-json\/wp\/v2\/media?parent=93334"}],"wp:term":[{"taxonomy":"product_cat","embeddable":true,"href":"https:\/\/galicianparts.com\/shop\/wp-json\/wp\/v2\/product_cat?post=93334"},{"taxonomy":"product_tag","embeddable":true,"href":"https:\/\/galicianparts.com\/shop\/wp-json\/wp\/v2\/product_tag?post=93334"}],"curies":[{"name":"wp","href":"https:\/\/api.w.org\/{rel}","templated":true}]}}